{"id":294,"date":"2025-07-13T15:15:44","date_gmt":"2025-07-13T15:15:44","guid":{"rendered":"https:\/\/intimusdream.com\/?page_id=294"},"modified":"2025-07-13T15:18:54","modified_gmt":"2025-07-13T15:18:54","slug":"formasdepagamento","status":"publish","type":"page","link":"https:\/\/intimusdream.com\/index.php\/formasdepagamento\/","title":{"rendered":"Formas de pagamento"},"content":{"rendered":"\t\t<div data-elementor-type=\"wp-page\" data-elementor-id=\"294\" class=\"elementor elementor-294\" data-elementor-post-type=\"page\">\n\t\t\t\t<div class=\"elementor-element elementor-element-19092ff e-flex e-con-boxed e-con e-parent\" data-id=\"19092ff\" data-element_type=\"container\" data-e-type=\"container\" data-settings=\"{&quot;background_background&quot;:&quot;classic&quot;}\">\n\t\t\t\t\t<div class=\"e-con-inner\">\n\t\t\t\t<div class=\"elementor-element elementor-element-b493a1d elementor-widget elementor-widget-heading\" data-id=\"b493a1d\" data-element_type=\"widget\" data-e-type=\"widget\" data-widget_type=\"heading.default\">\n\t\t\t\t<div class=\"elementor-widget-container\">\n\t\t\t\t\t<h2 class=\"elementor-heading-title elementor-size-default\">Formas de Pagamento<\/h2>\t\t\t\t<\/div>\n\t\t\t\t<\/div>\n\t\t\t\t\t<\/div>\n\t\t\t\t<\/div>\n\t\t<div class=\"elementor-element elementor-element-b43c221 e-flex e-con-boxed e-con e-parent\" data-id=\"b43c221\" data-element_type=\"container\" data-e-type=\"container\">\n\t\t\t\t\t<div class=\"e-con-inner\">\n\t\t\t\t<div class=\"elementor-element elementor-element-c3b98ae elementor-widget elementor-widget-text-editor\" data-id=\"c3b98ae\" data-element_type=\"widget\" data-e-type=\"widget\" data-widget_type=\"text-editor.default\">\n\t\t\t\t<div class=\"elementor-widget-container\">\n\t\t\t\t\t\t\t\t\t<p><strong>MB WAY<\/strong><\/p><p>Permite pagamentos instant\u00e2neos atrav\u00e9s do telem\u00f3vel, usando a aplica\u00e7\u00e3o MB WAY. \u00c9 pr\u00e1tico, r\u00e1pido e seguro, sendo cada vez mais utilizado pelos consumidores portugueses.<\/p><p class=\"my-0\"><strong>Cart\u00e3o de Cr\u00e9dito\/D\u00e9bito<\/strong><\/p><p class=\"my-0\">Aceita\u00e7\u00e3o de cart\u00f5es Visa, MasterCard e outros. O pagamento \u00e9 processado de forma imediata e segura, geralmente com autentica\u00e7\u00e3o refor\u00e7ada (3D Secure), garantindo prote\u00e7\u00e3o adicional ao cliente.<\/p><p class=\"my-0\"><strong>PayPal<\/strong><\/p><p class=\"my-0\">Plataforma internacional que permite pagar apenas com o e-mail associado \u00e0 conta PayPal. Oferece prote\u00e7\u00e3o adicional ao comprador e \u00e9 amplamente reconhecida pela sua seguran\u00e7a.<\/p><p class=\"my-0\"><strong>Transfer\u00eancia Banc\u00e1ria<\/strong><\/p><p class=\"my-0\">O cliente transfere o valor diretamente para o IBAN fornecido pela loja. Embora seja um m\u00e9todo seguro, pode demorar mais tempo a ser processado, pois depende da confirma\u00e7\u00e3o banc\u00e1ria.<\/p><p>\u00a0<\/p>\t\t\t\t\t\t\t\t<\/div>\n\t\t\t\t<\/div>\n\t\t\t\t\t<\/div>\n\t\t\t\t<\/div>\n\t\t\t\t<\/div>\n\t\t","protected":false},"excerpt":{"rendered":"<p>Formas de Pagamento MB WAY Permite pagamentos instant\u00e2neos atrav\u00e9s do telem\u00f3vel, usando a aplica\u00e7\u00e3o MB WAY. \u00c9 pr\u00e1tico, r\u00e1pido e [&hellip;]<\/p>\n","protected":false},"author":1,"featured_media":0,"parent":0,"menu_order":0,"comment_status":"closed","ping_status":"closed","template":"","meta":{"site-sidebar-layout":"no-sidebar","site-content-layout":"","ast-site-content-layout":"full-width-container","site-content-style":"default","site-sidebar-style":"default","ast-global-header-display":"","ast-banner-title-visibility":"","ast-main-header-display":"","ast-hfb-above-header-display":"","ast-hfb-below-header-display":"","ast-hfb-mobile-header-display":"","site-post-title":"disabled","ast-breadcrumbs-content":"","ast-featured-img":"disabled","footer-sml-layout":"","theme-transparent-header-meta":"","adv-header-id-meta":"","stick-header-meta":"","header-above-stick-meta":"","header-main-stick-meta":"","header-below-stick-meta":"","astra-migrate-meta-layouts":"default","ast-page-background-enabled":"default","ast-page-background-meta":{"desktop":{"background-color":"var(--ast-global-color-5)","background-image":"","background-repeat":"repeat","background-position":"center center","background-size":"auto","background-attachment":"scroll","background-type":"","background-media":"","overlay-type":"","overlay-color":"","overlay-opacity":"","overlay-gradient":""},"tablet":{"background-color":"","background-image":"","background-repeat":"repeat","background-position":"center center","background-size":"auto","background-attachment":"scroll","background-type":"","background-media":"","overlay-type":"","overlay-color":"","overlay-opacity":"","overlay-gradient":""},"mobile":{"background-color":"","background-image":"","background-repeat":"repeat","background-position":"center center","background-size":"auto","background-attachment":"scroll","background-type":"","background-media":"","overlay-type":"","overlay-color":"","overlay-opacity":"","overlay-gradient":""}},"ast-content-background-meta":{"desktop":{"background-color":"var(--ast-global-color-4)","background-image":"","background-repeat":"repeat","background-position":"center center","background-size":"auto","background-attachment":"scroll","background-type":"","background-media":"","overlay-type":"","overlay-color":"","overlay-opacity":"","overlay-gradient":""},"tablet":{"background-color":"var(--ast-global-color-4)","background-image":"","background-repeat":"repeat","background-position":"center center","background-size":"auto","background-attachment":"scroll","background-type":"","background-media":"","overlay-type":"","overlay-color":"","overlay-opacity":"","overlay-gradient":""},"mobile":{"background-color":"var(--ast-global-color-4)","background-image":"","background-repeat":"repeat","background-position":"center center","background-size":"auto","background-attachment":"scroll","background-type":"","background-media":"","overlay-type":"","overlay-color":"","overlay-opacity":"","overlay-gradient":""}},"footnotes":""},"class_list":["post-294","page","type-page","status-publish","hentry"],"_links":{"self":[{"href":"https:\/\/intimusdream.com\/index.php\/wp-json\/wp\/v2\/pages\/294","targetHints":{"allow":["GET"]}}],"collection":[{"href":"https:\/\/intimusdream.com\/index.php\/wp-json\/wp\/v2\/pages"}],"about":[{"href":"https:\/\/intimusdream.com\/index.php\/wp-json\/wp\/v2\/types\/page"}],"author":[{"embeddable":true,"href":"https:\/\/intimusdream.com\/index.php\/wp-json\/wp\/v2\/users\/1"}],"replies":[{"embeddable":true,"href":"https:\/\/intimusdream.com\/index.php\/wp-json\/wp\/v2\/comments?post=294"}],"version-history":[{"count":5,"href":"https:\/\/intimusdream.com\/index.php\/wp-json\/wp\/v2\/pages\/294\/revisions"}],"predecessor-version":[{"id":299,"href":"https:\/\/intimusdream.com\/index.php\/wp-json\/wp\/v2\/pages\/294\/revisions\/299"}],"wp:attachment":[{"href":"https:\/\/intimusdream.com\/index.php\/wp-json\/wp\/v2\/media?parent=294"}],"curies":[{"name":"wp","href":"https:\/\/api.w.org\/{rel}","templated":true}]}}