{"id":13696,"date":"2025-07-15T19:25:11","date_gmt":"2025-07-15T19:25:11","guid":{"rendered":"https:\/\/intimusdream.com\/index.php\/produto\/aqua-travel-lubrificante-a-base-de-agua-sabor-pirulito-6-ml\/"},"modified":"2026-01-09T15:08:58","modified_gmt":"2026-01-09T15:08:58","slug":"aqua-travel-lubrificante-a-base-de-agua-sabor-pirulito-6-ml","status":"publish","type":"product","link":"https:\/\/intimusdream.com\/index.php\/produto\/aqua-travel-lubrificante-a-base-de-agua-sabor-pirulito-6-ml\/","title":{"rendered":"AQUA TRAVEL &#8211; LUBRIFICANTE \u00c0 BASE DE \u00c1GUA SABOR PIRULITO 6 ML"},"content":{"rendered":"<p>Todos sabemos que viajar \u00e9 a melhor forma de se perder e de se reencontrar ao mesmo tempo e que existem demasiadas aventuras por a\u00ed \u00e0 espera de serem vividas. Mas, viajar, n\u00e3o para fugir da vida, mas para que a vida n\u00e3o fuja, porque \u00e9 a \u00fanica coisa que podemos comprar na vida mas ao mesmo tempo, nos tornar mais ricos&#8230;<\/p>\n<p>Como adoramos viajar, sabemos o que \u00e9 preciso para torn\u00e1-lo inesquec\u00edvel e <strong>a Aqua Travel<\/strong> com a sua gama de lubrificantes \u00e0 base de \u00e1gua e sabor explosivo, ser\u00e1 a partir de agora o seu companheiro ideal, pelo seu sabor delicioso, lubrifica\u00e7\u00e3o duradoura, limpeza f\u00e1cil e o tamanho compacto se tornar\u00e1 indispens\u00e1vel na sua mala de viagem!<\/p>\n<ul>\n<li>Lubrificante \u00e0 base de \u00e1gua<\/li>\n<li>Sabor delicioso e intenso de pirulito<\/li>\n<li>Lubrifica\u00e7\u00e3o de longa dura\u00e7\u00e3o<\/li>\n<li>F\u00e1cil de limpar<\/li>\n<li>Ideal para sexo oral<\/li>\n<li>Compat\u00edvel com preservativos de l\u00e1tex<\/li>\n<li>Formato de viagem: 6 ml<\/li>\n<\/ul>\n<p>Encha a sua vida de momentos maravilhosos e permita que <strong>a Aqua Travel<\/strong> o acompanhe na sua viagem!<\/p>\n","protected":false},"excerpt":{"rendered":"<p>https:\/\/store.dreamlove.es\/productos\/imagenes\/img_116790_837da61c8af5907ddd1489aaefb1f909_1.png<\/p>\n","protected":false},"featured_media":13695,"comment_status":"open","ping_status":"closed","template":"","meta":{"site-sidebar-layout":"default","site-content-layout":"","ast-site-content-layout":"default","site-content-style":"default","site-sidebar-style":"default","ast-global-header-display":"","ast-banner-title-visibility":"","ast-main-header-display":"","ast-hfb-above-header-display":"","ast-hfb-below-header-display":"","ast-hfb-mobile-header-display":"","site-post-title":"","ast-breadcrumbs-content":"","ast-featured-img":"","footer-sml-layout":"","theme-transparent-header-meta":"default","adv-header-id-meta":"","stick-header-meta":"","header-above-stick-meta":"","header-main-stick-meta":"","header-below-stick-meta":"","astra-migrate-meta-layouts":"set","ast-page-background-enabled":"default","ast-page-background-meta":{"desktop":{"background-color":"var(--ast-global-color-5)","background-image":"","background-repeat":"repeat","background-position":"center center","background-size":"auto","background-attachment":"scroll","background-type":"","background-media":"","overlay-type":"","overlay-color":"","overlay-opacity":"","overlay-gradient":""},"tablet":{"background-color":"","background-image":"","background-repeat":"repeat","background-position":"center center","background-size":"auto","background-attachment":"scroll","background-type":"","background-media":"","overlay-type":"","overlay-color":"","overlay-opacity":"","overlay-gradient":""},"mobile":{"background-color":"","background-image":"","background-repeat":"repeat","background-position":"center center","background-size":"auto","background-attachment":"scroll","background-type":"","background-media":"","overlay-type":"","overlay-color":"","overlay-opacity":"","overlay-gradient":""}},"ast-content-background-meta":{"desktop":{"background-color":"var(--ast-global-color-4)","background-image":"","background-repeat":"repeat","background-position":"center center","background-size":"auto","background-attachment":"scroll","background-type":"","background-media":"","overlay-type":"","overlay-color":"","overlay-opacity":"","overlay-gradient":""},"tablet":{"background-color":"var(--ast-global-color-4)","background-image":"","background-repeat":"repeat","background-position":"center center","background-size":"auto","background-attachment":"scroll","background-type":"","background-media":"","overlay-type":"","overlay-color":"","overlay-opacity":"","overlay-gradient":""},"mobile":{"background-color":"var(--ast-global-color-4)","background-image":"","background-repeat":"repeat","background-position":"center center","background-size":"auto","background-attachment":"scroll","background-type":"","background-media":"","overlay-type":"","overlay-color":"","overlay-opacity":"","overlay-gradient":""}}},"product_brand":[54],"product_cat":[345,352],"product_tag":[],"class_list":{"0":"post-13696","1":"product","2":"type-product","3":"status-publish","4":"has-post-thumbnail","6":"product_brand-aqua-travel","7":"product_cat-drogaria","8":"product_cat-lubrificantes","9":"desktop-align-left","10":"tablet-align-left","11":"mobile-align-left","13":"first","14":"instock","15":"shipping-taxable","16":"purchasable","17":"product-type-simple"},"_links":{"self":[{"href":"https:\/\/intimusdream.com\/index.php\/wp-json\/wp\/v2\/product\/13696","targetHints":{"allow":["GET"]}}],"collection":[{"href":"https:\/\/intimusdream.com\/index.php\/wp-json\/wp\/v2\/product"}],"about":[{"href":"https:\/\/intimusdream.com\/index.php\/wp-json\/wp\/v2\/types\/product"}],"replies":[{"embeddable":true,"href":"https:\/\/intimusdream.com\/index.php\/wp-json\/wp\/v2\/comments?post=13696"}],"wp:featuredmedia":[{"embeddable":true,"href":"https:\/\/intimusdream.com\/index.php\/wp-json\/wp\/v2\/media\/13695"}],"wp:attachment":[{"href":"https:\/\/intimusdream.com\/index.php\/wp-json\/wp\/v2\/media?parent=13696"}],"wp:term":[{"taxonomy":"product_brand","embeddable":true,"href":"https:\/\/intimusdream.com\/index.php\/wp-json\/wp\/v2\/product_brand?post=13696"},{"taxonomy":"product_cat","embeddable":true,"href":"https:\/\/intimusdream.com\/index.php\/wp-json\/wp\/v2\/product_cat?post=13696"},{"taxonomy":"product_tag","embeddable":true,"href":"https:\/\/intimusdream.com\/index.php\/wp-json\/wp\/v2\/product_tag?post=13696"}],"curies":[{"name":"wp","href":"https:\/\/api.w.org\/{rel}","templated":true}]}}