{"id":13796,"date":"2025-07-15T19:28:03","date_gmt":"2025-07-15T19:28:03","guid":{"rendered":"https:\/\/intimusdream.com\/index.php\/produto\/bruma-balsamo-intensificador-sabor-melancia-15-ml\/"},"modified":"2026-01-09T15:08:46","modified_gmt":"2026-01-09T15:08:46","slug":"bruma-balsamo-intensificador-sabor-melancia-15-ml","status":"publish","type":"product","link":"https:\/\/intimusdream.com\/index.php\/produto\/bruma-balsamo-intensificador-sabor-melancia-15-ml\/","title":{"rendered":"BRUMA &#8211; B\u00c1LSAMO INTENSIFICADOR SABOR MELANCIA 15 ML"},"content":{"rendered":"<p>O gel estimulante sabor melancia da marca <strong>BRUMA<\/strong> \u00e9 um gel \u00edntimo pensado para te ajudar a entrar no clima e aproveitar ao m\u00e1ximo seus momentos \u00edntimos. Este produto foi pensado para estimular o seu corpo, preparando-o para brincar sozinho ou acompanhado, tornando cada experi\u00eancia mais intensa e agrad\u00e1vel.<\/p>\n<p>&nbsp;<\/p>\n<p><u><strong>CARACTER\u00cdSTICAS DO GEL ESTIMULANTE SABOR MELANCIA BRUMA:<\/strong><\/u><\/p>\n<ul>\n<li><strong>Gel estimulante:<\/strong> Especialmente formulado para aumentar a sensibilidade e despertar os sentidos, este gel oferece-lhe uma experi\u00eancia de estimula\u00e7\u00e3o \u00fanica que desperta o desejo e a paix\u00e3o.<\/li>\n<li><strong>Gel \u00edntimo para entrar no clima:<\/strong> Perfeito para aqueles momentos em que voc\u00ea quer se preparar para se divertir ao m\u00e1ximo, o gel <strong>BRUMA<\/strong> ajuda voc\u00ea a entrar. Voc\u00ea estar\u00e1 no clima certo para brincadeiras \u00edntimas.<\/li>\n<li><strong>Estimule o seu corpo para se preparar para brincar, sozinho ou acompanhado:<\/strong> Ideal tanto para casais como para uso solo, este gel estimulante intensifica a experi\u00eancia \u00edntima, aumentando o prazer e a conex\u00e3o.<\/li>\n<li><strong><strong>Sabor Melancia<\/strong> :<\/strong> O delicioso sabor de melancia acrescenta um toque de do\u00e7ura aos seus momentos \u00edntimos, tornando o uso do gel uma experi\u00eancia ainda mais agrad\u00e1vel.<\/li>\n<li><strong><strong>Formato 15 ml &#8211; Viagem: Tamanho compat\u00edvel<\/strong> :<\/strong> Com um recipiente compacto de 15 ml, \u00e9 perfeito para levar para qualquer lugar. Seu tamanho de viagem permite que voc\u00ea aproveite seus benef\u00edcios a qualquer hora e em qualquer lugar, sem se preocupar com espa\u00e7o.<\/li>\n<li><strong><strong>Dispensador \u00e0 prova de gotejamento<\/strong> :<\/strong> Equipado com dispensador \u00e0 prova de gotejamento, garante que voc\u00ea obtenha a quantidade perfeita sem desperd\u00edcio, mantendo a higiene e a comodidade de uso.<\/li>\n<li><strong><strong>Quantidade perfeita e medida para uma aplica\u00e7\u00e3o<\/strong> :<\/strong> Cada aplica\u00e7\u00e3o \u00e9 perfeitamente dosada para garantir a quantidade certa para cada uso, facilitando uma experi\u00eancia descomplicada.<\/li>\n<li><strong><strong>F\u00f3rmula ultradeslizante<\/strong> :<\/strong> Sua f\u00f3rmula foi desenvolvida para oferecer uma textura ultradeslizante que facilita sua aplica\u00e7\u00e3o e melhora a sensa\u00e7\u00e3o durante o uso.<\/li>\n<li><strong><strong>Aplica\u00e7\u00e3o suave e duradoura<\/strong> :<\/strong> Projetado para ser suave para a pele, o gel <strong>BRUMA<\/strong> aplica-se facilmente e oferece longa dura\u00e7\u00e3o;n prolongada, garantindo que as sensa\u00e7\u00f5es sejam mantidas por mais tempo sem a necessidade de reaplica\u00e7\u00f5es constantes.<\/li>\n<\/ul>\n<p>O gel estimulante com sabor de melancia <strong>da BRUMA<\/strong> \u00e9 o complemento perfeito para quem busca dar um toque extra de excita\u00e7\u00e3o e prazer aos seus momentos \u00edntimos. Com sua f\u00f3rmula inovadora e caracter\u00edsticas pr\u00e1ticas, promete transformar cada uso em uma experi\u00eancia \u00fanica e profundamente satisfat\u00f3ria.<\/p>\n<p><strong>\u00a0<\/strong><\/p>\n<p><strong><u><strong>BRUMA<\/strong><\/u><\/strong><\/p>\n<p><strong>BRUMA<\/strong> \u00e9 uma marca l\u00edder no mundo dos produtos para adultos, reconhecida pelo seu compromisso com a qualidade e a satisfa\u00e7\u00e3o do cliente. Especializada na cria\u00e7\u00e3o de produtos concebidos para aumentar a intimidade e o prazer nas experi\u00eancias adultas, <strong>a BRUMA<\/strong> tornou-se reconhecida pelo seu foco na inova\u00e7\u00e3o e excel\u00eancia.<\/p>\n<p>O gel ultra deslizante da <strong>BRUMA<\/strong> incorpora a dedica\u00e7\u00e3o da marca em fornecer solu\u00e7\u00f5es \u00edntimas superiores. Este gel \u00e9 cuidadosamente formulado para proporcionar uma lubrifica\u00e7\u00e3o excepcionalmente suave e duradoura, aumentando o conforto e a conex\u00e3o nos momentos mais \u00edntimos.<\/p>\n<p>Com <strong>BRUMA<\/strong> , voc\u00ea pode ter certeza de que est\u00e1 escolhendo produtos de alta qualidade, projetados para melhorar seu bem-estar \u00edntimo. Quer esteja a explorar aventuras individuais ou partilhadas, o gel ultra-derrapante da <strong>BRUMA<\/strong> proporciona-lhe uma experi\u00eancia \u00fanica de deslizamento e suavidade que lhe permite desfrutar ao m\u00e1ximo dos seus momentos sensuais.<\/p>\n","protected":false},"excerpt":{"rendered":"<p>https:\/\/store.dreamlove.es\/productos\/imagenes\/img_181322_49fd71888b8c705505633e9acfeb0532_1.png|https:\/\/store.dreamlove.es\/productos\/imagenes\/img_178599_89f7f16aeac29e36d13901f9ce86ef34_1.jpg|https:\/\/store.dreamlove.es\/productos\/imagenes\/img_178598_60751e5eecc04f998cdb24bfac1dc678_1.jpg|https:\/\/store.dreamlove.es\/productos\/imagenes\/img_178601_3f94628734e62fa7dfc38c551c96cfbd_1.jpg|https:\/\/store.dreamlove.es\/productos\/imagenes\/img_178597_4b6e1eaea58b955bbf7b55cf06044b16_1.jpg|https:\/\/store.dreamlove.es\/productos\/imagenes\/img_178600_c14354f2065b9426c1f653f86559811a_1.jpg|https:\/\/store.dreamlove.es\/productos\/imagenes\/img_181323_b72d7ddc4f2d2cdce1ad4e03a5384c5d_1.png<\/p>\n","protected":false},"featured_media":13795,"comment_status":"open","ping_status":"closed","template":"","meta":{"site-sidebar-layout":"default","site-content-layout":"","ast-site-content-layout":"default","site-content-style":"default","site-sidebar-style":"default","ast-global-header-display":"","ast-banner-title-visibility":"","ast-main-header-display":"","ast-hfb-above-header-display":"","ast-hfb-below-header-display":"","ast-hfb-mobile-header-display":"","site-post-title":"","ast-breadcrumbs-content":"","ast-featured-img":"","footer-sml-layout":"","theme-transparent-header-meta":"default","adv-header-id-meta":"","stick-header-meta":"","header-above-stick-meta":"","header-main-stick-meta":"","header-below-stick-meta":"","astra-migrate-meta-layouts":"set","ast-page-background-enabled":"default","ast-page-background-meta":{"desktop":{"background-color":"var(--ast-global-color-5)","background-image":"","background-repeat":"repeat","background-position":"center center","background-size":"auto","background-attachment":"scroll","background-type":"","background-media":"","overlay-type":"","overlay-color":"","overlay-opacity":"","overlay-gradient":""},"tablet":{"background-color":"","background-image":"","background-repeat":"repeat","background-position":"center center","background-size":"auto","background-attachment":"scroll","background-type":"","background-media":"","overlay-type":"","overlay-color":"","overlay-opacity":"","overlay-gradient":""},"mobile":{"background-color":"","background-image":"","background-repeat":"repeat","background-position":"center center","background-size":"auto","background-attachment":"scroll","background-type":"","background-media":"","overlay-type":"","overlay-color":"","overlay-opacity":"","overlay-gradient":""}},"ast-content-background-meta":{"desktop":{"background-color":"var(--ast-global-color-4)","background-image":"","background-repeat":"repeat","background-position":"center center","background-size":"auto","background-attachment":"scroll","background-type":"","background-media":"","overlay-type":"","overlay-color":"","overlay-opacity":"","overlay-gradient":""},"tablet":{"background-color":"var(--ast-global-color-4)","background-image":"","background-repeat":"repeat","background-position":"center center","background-size":"auto","background-attachment":"scroll","background-type":"","background-media":"","overlay-type":"","overlay-color":"","overlay-opacity":"","overlay-gradient":""},"mobile":{"background-color":"var(--ast-global-color-4)","background-image":"","background-repeat":"repeat","background-position":"center center","background-size":"auto","background-attachment":"scroll","background-type":"","background-media":"","overlay-type":"","overlay-color":"","overlay-opacity":"","overlay-gradient":""}}},"product_brand":[61],"product_cat":[345,354,419],"product_tag":[],"class_list":{"0":"post-13796","1":"product","2":"type-product","3":"status-publish","4":"has-post-thumbnail","6":"product_brand-bruma","7":"product_cat-drogaria","8":"product_cat-estimulantes-para-mulheres","9":"product_cat-outlet","10":"desktop-align-left","11":"tablet-align-left","12":"mobile-align-left","14":"first","15":"instock","16":"shipping-taxable","17":"purchasable","18":"product-type-simple"},"_links":{"self":[{"href":"https:\/\/intimusdream.com\/index.php\/wp-json\/wp\/v2\/product\/13796","targetHints":{"allow":["GET"]}}],"collection":[{"href":"https:\/\/intimusdream.com\/index.php\/wp-json\/wp\/v2\/product"}],"about":[{"href":"https:\/\/intimusdream.com\/index.php\/wp-json\/wp\/v2\/types\/product"}],"replies":[{"embeddable":true,"href":"https:\/\/intimusdream.com\/index.php\/wp-json\/wp\/v2\/comments?post=13796"}],"wp:featuredmedia":[{"embeddable":true,"href":"https:\/\/intimusdream.com\/index.php\/wp-json\/wp\/v2\/media\/13795"}],"wp:attachment":[{"href":"https:\/\/intimusdream.com\/index.php\/wp-json\/wp\/v2\/media?parent=13796"}],"wp:term":[{"taxonomy":"product_brand","embeddable":true,"href":"https:\/\/intimusdream.com\/index.php\/wp-json\/wp\/v2\/product_brand?post=13796"},{"taxonomy":"product_cat","embeddable":true,"href":"https:\/\/intimusdream.com\/index.php\/wp-json\/wp\/v2\/product_cat?post=13796"},{"taxonomy":"product_tag","embeddable":true,"href":"https:\/\/intimusdream.com\/index.php\/wp-json\/wp\/v2\/product_tag?post=13796"}],"curies":[{"name":"wp","href":"https:\/\/api.w.org\/{rel}","templated":true}]}}