{"id":13896,"date":"2025-07-15T19:30:00","date_gmt":"2025-07-15T19:30:00","guid":{"rendered":"https:\/\/intimusdream.com\/index.php\/produto\/durex-gel-orgasmico-lubrificante-10-ml\/"},"modified":"2026-01-09T15:08:36","modified_gmt":"2026-01-09T15:08:36","slug":"durex-gel-orgasmico-lubrificante-10-ml","status":"publish","type":"product","link":"https:\/\/intimusdream.com\/index.php\/produto\/durex-gel-orgasmico-lubrificante-10-ml\/","title":{"rendered":"DUREX &#8211; GEL ORG\u00c1SMICO LUBRIFICANTE 10 ML"},"content":{"rendered":"<p>O Gel Org\u00e1smico Intenso foi desenvolvido para aumentar o fluxo sangu\u00edneo na regi\u00e3o do clit\u00f3ris criando uma sensa\u00e7\u00e3o agrad\u00e1vel e eletrizante. Cont\u00e9m multissens\u00edveis para aumentar a sensibilidade do clit\u00f3ris; aplique durante os jogos preliminares para intensificar as sensa\u00e7\u00f5es.<\/p>\n<p> Comece a noite com uma massagem er\u00f3tica e dedique mais tempo \u00e0 explora\u00e7\u00e3o das suas zonas \u00edntimas com o Gel Org\u00e1smico Intenso.<\/p>\n<p> Projetado para que ela possa desfrutar de uma experi\u00eancia sensual e satisfat\u00f3ria; Este lubrificante leve e macio \u00e9 aplicado para aumentar a sensibilidade do clit\u00f3ris. Continue com nosso preservativo prazer org\u00e1smico intenso.<\/p>\n<ul>\n<li> M\u00e1xima sensibilidade e estimula\u00e7\u00e3o para ter mais e melhores orgasmos.<\/li>\n<li> 1 dose = 2-3 gotas.<\/li>\n<li> 10ml<\/li>\n<\/ul>\n<p> Modo de aplica\u00e7\u00e3o:<\/p>\n<ul>\n<li> Retire o tamp\u00e3o, pressione e aplique 2-3 gotas onde desejar.<\/li>\n<\/ul>\n","protected":false},"excerpt":{"rendered":"<p>https:\/\/store.dreamlove.es\/productos\/imagenes\/img_150733_3192f55b1c95c275693895e98889ac16_1.png|https:\/\/store.dreamlove.es\/productos\/imagenes\/img_134963_57d2d4e744de8d8d74d43b6c348d8185_1.jpg<\/p>\n","protected":false},"featured_media":13895,"comment_status":"open","ping_status":"closed","template":"","meta":{"site-sidebar-layout":"default","site-content-layout":"","ast-site-content-layout":"","site-content-style":"default","site-sidebar-style":"default","ast-global-header-display":"","ast-banner-title-visibility":"","ast-main-header-display":"","ast-hfb-above-header-display":"","ast-hfb-below-header-display":"","ast-hfb-mobile-header-display":"","site-post-title":"","ast-breadcrumbs-content":"","ast-featured-img":"","footer-sml-layout":"","theme-transparent-header-meta":"","adv-header-id-meta":"","stick-header-meta":"","header-above-stick-meta":"","header-main-stick-meta":"","header-below-stick-meta":"","astra-migrate-meta-layouts":"default","ast-page-background-enabled":"default","ast-page-background-meta":{"desktop":{"background-color":"var(--ast-global-color-5)","background-image":"","background-repeat":"repeat","background-position":"center center","background-size":"auto","background-attachment":"scroll","background-type":"","background-media":"","overlay-type":"","overlay-color":"","overlay-opacity":"","overlay-gradient":""},"tablet":{"background-color":"","background-image":"","background-repeat":"repeat","background-position":"center center","background-size":"auto","background-attachment":"scroll","background-type":"","background-media":"","overlay-type":"","overlay-color":"","overlay-opacity":"","overlay-gradient":""},"mobile":{"background-color":"","background-image":"","background-repeat":"repeat","background-position":"center center","background-size":"auto","background-attachment":"scroll","background-type":"","background-media":"","overlay-type":"","overlay-color":"","overlay-opacity":"","overlay-gradient":""}},"ast-content-background-meta":{"desktop":{"background-color":"var(--ast-global-color-4)","background-image":"","background-repeat":"repeat","background-position":"center center","background-size":"auto","background-attachment":"scroll","background-type":"","background-media":"","overlay-type":"","overlay-color":"","overlay-opacity":"","overlay-gradient":""},"tablet":{"background-color":"var(--ast-global-color-4)","background-image":"","background-repeat":"repeat","background-position":"center center","background-size":"auto","background-attachment":"scroll","background-type":"","background-media":"","overlay-type":"","overlay-color":"","overlay-opacity":"","overlay-gradient":""},"mobile":{"background-color":"var(--ast-global-color-4)","background-image":"","background-repeat":"repeat","background-position":"center center","background-size":"auto","background-attachment":"scroll","background-type":"","background-media":"","overlay-type":"","overlay-color":"","overlay-opacity":"","overlay-gradient":""}}},"product_brand":[65],"product_cat":[345,354,419],"product_tag":[],"class_list":{"0":"post-13896","1":"product","2":"type-product","3":"status-publish","4":"has-post-thumbnail","6":"product_brand-durex-lubes","7":"product_cat-drogaria","8":"product_cat-estimulantes-para-mulheres","9":"product_cat-outlet","10":"desktop-align-left","11":"tablet-align-left","12":"mobile-align-left","14":"first","15":"instock","16":"shipping-taxable","17":"purchasable","18":"product-type-simple"},"_links":{"self":[{"href":"https:\/\/intimusdream.com\/index.php\/wp-json\/wp\/v2\/product\/13896","targetHints":{"allow":["GET"]}}],"collection":[{"href":"https:\/\/intimusdream.com\/index.php\/wp-json\/wp\/v2\/product"}],"about":[{"href":"https:\/\/intimusdream.com\/index.php\/wp-json\/wp\/v2\/types\/product"}],"replies":[{"embeddable":true,"href":"https:\/\/intimusdream.com\/index.php\/wp-json\/wp\/v2\/comments?post=13896"}],"wp:featuredmedia":[{"embeddable":true,"href":"https:\/\/intimusdream.com\/index.php\/wp-json\/wp\/v2\/media\/13895"}],"wp:attachment":[{"href":"https:\/\/intimusdream.com\/index.php\/wp-json\/wp\/v2\/media?parent=13896"}],"wp:term":[{"taxonomy":"product_brand","embeddable":true,"href":"https:\/\/intimusdream.com\/index.php\/wp-json\/wp\/v2\/product_brand?post=13896"},{"taxonomy":"product_cat","embeddable":true,"href":"https:\/\/intimusdream.com\/index.php\/wp-json\/wp\/v2\/product_cat?post=13896"},{"taxonomy":"product_tag","embeddable":true,"href":"https:\/\/intimusdream.com\/index.php\/wp-json\/wp\/v2\/product_tag?post=13896"}],"curies":[{"name":"wp","href":"https:\/\/api.w.org\/{rel}","templated":true}]}}