{"id":14016,"date":"2025-07-15T19:30:38","date_gmt":"2025-07-15T19:30:38","guid":{"rendered":"https:\/\/intimusdream.com\/index.php\/produto\/eros-lube-brinquedo-100-ml\/"},"modified":"2026-01-09T15:06:45","modified_gmt":"2026-01-09T15:06:45","slug":"eros-lube-brinquedo-100-ml","status":"publish","type":"product","link":"https:\/\/intimusdream.com\/index.php\/produto\/eros-lube-brinquedo-100-ml\/","title":{"rendered":"EROS &#8211; LUBE BRINQUEDO 100 ML"},"content":{"rendered":"<p>Apresentando Eros lube Toy Lubricant 100 ml, o melhor lubrificante 2 em 1 para todas as suas necessidades \u00edntimas! Este lubrificante de qualidade premium foi especialmente formulado para fornecer a combina\u00e7\u00e3o perfeita de suavidade e deslizamento para uma experi\u00eancia sexual aprimorada.<\/p>\n<p> Esteja voc\u00ea jogando sozinho ou com um parceiro, Eros lube Toy Lubricant 100 ml foi projetado para proporcionar o m\u00e1ximo prazer e conforto. A f\u00f3rmula \u00e0 base de \u00e1gua n\u00e3o \u00e9 pegajosa, n\u00e3o oleosa e de longa dura\u00e7\u00e3o, para que voc\u00ea possa desfrutar de prazer ininterrupto pelo tempo que desejar.<\/p>\n<p> O que torna Eros lube Toy Lubricant 100 ml verdadeiramente \u00fanico \u00e9 a sua formula\u00e7\u00e3o 2 em 1. Este lubrificante vers\u00e1til \u00e9 seguro para uso com todos os tipos de brinquedos sexuais, incluindo silicone, l\u00e1tex e vidro, e tamb\u00e9m pode ser usado para lubrifica\u00e7\u00e3o pessoal. Sua f\u00f3rmula suave \u00e9 hipoalerg\u00eanica e livre de produtos qu\u00edmicos nocivos, tornando-a adequada at\u00e9 para as peles mais sens\u00edveis.<\/p>\n<p> O conveniente tamanho de 100 ml torna o Lubrificante para Brinquedos Eros lube f\u00e1cil de usar e armazenar. A sua embalagem discreta permite-lhe lev\u00e1-lo consigo para onde quer que v\u00e1, estando sempre preparado para momentos espont\u00e2neos de prazer.<\/p>\n<p> Experimente o m\u00e1ximo em prazer sensual com Eros lube Toy Lubricant 100 ml &#8211; o lubrificante 2 em 1 perfeito para todas as suas necessidades \u00edntimas!<\/p>\n","protected":false},"excerpt":{"rendered":"<p>https:\/\/store.dreamlove.es\/productos\/imagenes\/img_141091_3ce1c6ce55ac2184c9426e9e49bd3a8e_1.jpg<\/p>\n","protected":false},"featured_media":14015,"comment_status":"open","ping_status":"closed","template":"","meta":{"site-sidebar-layout":"default","site-content-layout":"","ast-site-content-layout":"","site-content-style":"default","site-sidebar-style":"default","ast-global-header-display":"","ast-banner-title-visibility":"","ast-main-header-display":"","ast-hfb-above-header-display":"","ast-hfb-below-header-display":"","ast-hfb-mobile-header-display":"","site-post-title":"","ast-breadcrumbs-content":"","ast-featured-img":"","footer-sml-layout":"","theme-transparent-header-meta":"","adv-header-id-meta":"","stick-header-meta":"","header-above-stick-meta":"","header-main-stick-meta":"","header-below-stick-meta":"","astra-migrate-meta-layouts":"default","ast-page-background-enabled":"default","ast-page-background-meta":{"desktop":{"background-color":"var(--ast-global-color-5)","background-image":"","background-repeat":"repeat","background-position":"center center","background-size":"auto","background-attachment":"scroll","background-type":"","background-media":"","overlay-type":"","overlay-color":"","overlay-opacity":"","overlay-gradient":""},"tablet":{"background-color":"","background-image":"","background-repeat":"repeat","background-position":"center center","background-size":"auto","background-attachment":"scroll","background-type":"","background-media":"","overlay-type":"","overlay-color":"","overlay-opacity":"","overlay-gradient":""},"mobile":{"background-color":"","background-image":"","background-repeat":"repeat","background-position":"center center","background-size":"auto","background-attachment":"scroll","background-type":"","background-media":"","overlay-type":"","overlay-color":"","overlay-opacity":"","overlay-gradient":""}},"ast-content-background-meta":{"desktop":{"background-color":"var(--ast-global-color-4)","background-image":"","background-repeat":"repeat","background-position":"center center","background-size":"auto","background-attachment":"scroll","background-type":"","background-media":"","overlay-type":"","overlay-color":"","overlay-opacity":"","overlay-gradient":""},"tablet":{"background-color":"var(--ast-global-color-4)","background-image":"","background-repeat":"repeat","background-position":"center center","background-size":"auto","background-attachment":"scroll","background-type":"","background-media":"","overlay-type":"","overlay-color":"","overlay-opacity":"","overlay-gradient":""},"mobile":{"background-color":"var(--ast-global-color-4)","background-image":"","background-repeat":"repeat","background-position":"center center","background-size":"auto","background-attachment":"scroll","background-type":"","background-media":"","overlay-type":"","overlay-color":"","overlay-opacity":"","overlay-gradient":""}}},"product_brand":[70],"product_cat":[345,352],"product_tag":[],"class_list":{"0":"post-14016","1":"product","2":"type-product","3":"status-publish","4":"has-post-thumbnail","6":"product_brand-eros","7":"product_cat-drogaria","8":"product_cat-lubrificantes","9":"desktop-align-left","10":"tablet-align-left","11":"mobile-align-left","13":"first","14":"instock","15":"shipping-taxable","16":"purchasable","17":"product-type-simple"},"_links":{"self":[{"href":"https:\/\/intimusdream.com\/index.php\/wp-json\/wp\/v2\/product\/14016","targetHints":{"allow":["GET"]}}],"collection":[{"href":"https:\/\/intimusdream.com\/index.php\/wp-json\/wp\/v2\/product"}],"about":[{"href":"https:\/\/intimusdream.com\/index.php\/wp-json\/wp\/v2\/types\/product"}],"replies":[{"embeddable":true,"href":"https:\/\/intimusdream.com\/index.php\/wp-json\/wp\/v2\/comments?post=14016"}],"wp:featuredmedia":[{"embeddable":true,"href":"https:\/\/intimusdream.com\/index.php\/wp-json\/wp\/v2\/media\/14015"}],"wp:attachment":[{"href":"https:\/\/intimusdream.com\/index.php\/wp-json\/wp\/v2\/media?parent=14016"}],"wp:term":[{"taxonomy":"product_brand","embeddable":true,"href":"https:\/\/intimusdream.com\/index.php\/wp-json\/wp\/v2\/product_brand?post=14016"},{"taxonomy":"product_cat","embeddable":true,"href":"https:\/\/intimusdream.com\/index.php\/wp-json\/wp\/v2\/product_cat?post=14016"},{"taxonomy":"product_tag","embeddable":true,"href":"https:\/\/intimusdream.com\/index.php\/wp-json\/wp\/v2\/product_tag?post=14016"}],"curies":[{"name":"wp","href":"https:\/\/api.w.org\/{rel}","templated":true}]}}