{"id":14252,"date":"2025-07-15T19:32:18","date_gmt":"2025-07-15T19:32:18","guid":{"rendered":"https:\/\/intimusdream.com\/index.php\/produto\/eros-art-oleo-de-massagem-tantrica-natural-e-afrodisiaco-neutro-100-ml\/"},"modified":"2026-01-09T15:07:56","modified_gmt":"2026-01-09T15:07:56","slug":"eros-art-oleo-de-massagem-tantrica-natural-e-afrodisiaco-neutro-100-ml","status":"publish","type":"product","link":"https:\/\/intimusdream.com\/index.php\/produto\/eros-art-oleo-de-massagem-tantrica-natural-e-afrodisiaco-neutro-100-ml\/","title":{"rendered":"EROS-ART &#8211; \u00d3LEO DE MASSAGEM T\u00c2NTRICA NATURAL E AFRODIS\u00cdACO NEUTRO 100 ML"},"content":{"rendered":"<p style=\"line-height: 20.8px;\">O <strong>&oacute;leo t&acirc;ntrico natural sem adi&ccedil;&atilde;o de aromas<\/strong> &eacute; uma combina&ccedil;&atilde;o de &oacute;leos vegetais: Glicina de soja, &oacute;leo de Prunus amygdalus dulcis e &oacute;leo de caro&ccedil;o de Prunus persica enriquecido com Muira Puama e Epimedium.<\/p>\n<p style=\"line-height: 20.8px;\"> A massagem t&acirc;ntrica busca a conex&atilde;o entre corpo, mente e esp&iacute;rito. A massagem t&acirc;ntrica aumenta a sensibilidade das zonas er&oacute;genas de todo o corpo, permitindo experimentar prazeres em n&iacute;veis mais profundos e sutis.<br \/> Com a massagem t&acirc;ntrica o relaxamento e o bem-estar conseguem despertar e libertar bloqueios sexuais, promovendo uma atitude positiva que melhora o funcionamento da energia sexual. Isto aumenta a libido e a sensibilidade das zonas er&oacute;genas, intensificando novas sensa&ccedil;&otilde;es de prazer e conseguindo assim orgasmos mais intensos, profundos e duradouros.<\/p>\n<p style=\"line-height: 20.8px;\"> Recipiente de 100 ml.<\/p>\n<p style=\"line-height: 20.8px;\"> <u><strong>Breve hist&oacute;rico dos componentes:<\/strong><\/u><\/p>\n<ul>\n<li style=\"line-height: 20.8px;\"> <u>&Oacute;leo de semente de Prunus persica<\/u> : O p&ecirc;ssego, Prunus persica, vem de uma &aacute;rvore que foi originalmente cultivada na China e na &Aacute;sia. O &oacute;leo de p&ecirc;ssego penetra facilmente na epiderme, proporcionando hidrata&ccedil;&atilde;o profunda e um efeito suavizante vis&iacute;vel, gra&ccedil;as &agrave; vitamina E que cont&eacute;m. Tamb&eacute;m proporciona propriedades suavizantes, flex&iacute;veis e regeneradoras que impedem os efeitos do envelhecimento precoce.<\/li>\n<li style=\"line-height: 20.8px;\"> <u>&Oacute;leo de Prunus amygdalus dulcis:<\/u> Conhecido como &oacute;leo de am&ecirc;ndoa doce, possui propriedades hidratantes. &Eacute; rico em &aacute;cidos graxos essenciais, vitamina E, vitamina A e minerais, nutre e revitaliza a pele.<\/li>\n<li style=\"line-height: 20.8px;\"> <u>&Oacute;leo de soja glicina<\/u> : &Eacute; um ingrediente que oferece benef&iacute;cios &agrave; pele, mantendo-a &uacute;mida e macia. Cont&eacute;m vitamina E (tocofer&oacute;is) e outros antioxidantes, que protegem a pele dos danos causados pelos radicais livres e combatem o envelhecimento precoce, reduzindo o aparecimento de rugas e linhas finas.<\/li>\n<li style=\"line-height: 20.8px;\"> <u>Muira Puama:<\/u> (Ptychopetalum olacoides) Arbusto que cresce na Amaz&ocirc;nia brasileira. Existem duas variedades, a P. Olacoides, que cont&eacute;m alto teor de lupeol, e a Brasileira, considerada de alto poder afrodis&iacute;aco. Os efeitos desta planta incluem aumento da libido, sensa&ccedil;&otilde;es agrad&aacute;veis na pele e propriedades tonificantes.<\/li>\n<li style=\"line-height: 20.8px;\"> <u>Epimedium Grandiflorum:<\/u> Esta planta cresce na &Aacute;sia e tem sido tradicionalmente usada para aumentar o n&iacute;vel de desejo e fornecer componentes afrodis&iacute;acos naturais.<!-- li--><\/li>\n<li style=\"line-height: 20.8px;\"> Aroma natural: &eacute; o dos ingredientes.<\/li>\n<\/ul>\n","protected":false},"excerpt":{"rendered":"<p>https:\/\/store.dreamlove.es\/productos\/imagenes\/img_180851_fdd2fac9c705f7e74d01fea3258c4cdc_1.jpg|https:\/\/store.dreamlove.es\/productos\/imagenes\/img_180850_649220bd24fd9e60fc0f246449bb6941_1.jpg<\/p>\n","protected":false},"featured_media":14251,"comment_status":"open","ping_status":"closed","template":"","meta":{"site-sidebar-layout":"default","site-content-layout":"","ast-site-content-layout":"","site-content-style":"default","site-sidebar-style":"default","ast-global-header-display":"","ast-banner-title-visibility":"","ast-main-header-display":"","ast-hfb-above-header-display":"","ast-hfb-below-header-display":"","ast-hfb-mobile-header-display":"","site-post-title":"","ast-breadcrumbs-content":"","ast-featured-img":"","footer-sml-layout":"","theme-transparent-header-meta":"","adv-header-id-meta":"","stick-header-meta":"","header-above-stick-meta":"","header-main-stick-meta":"","header-below-stick-meta":"","astra-migrate-meta-layouts":"default","ast-page-background-enabled":"default","ast-page-background-meta":{"desktop":{"background-color":"var(--ast-global-color-5)","background-image":"","background-repeat":"repeat","background-position":"center center","background-size":"auto","background-attachment":"scroll","background-type":"","background-media":"","overlay-type":"","overlay-color":"","overlay-opacity":"","overlay-gradient":""},"tablet":{"background-color":"","background-image":"","background-repeat":"repeat","background-position":"center center","background-size":"auto","background-attachment":"scroll","background-type":"","background-media":"","overlay-type":"","overlay-color":"","overlay-opacity":"","overlay-gradient":""},"mobile":{"background-color":"","background-image":"","background-repeat":"repeat","background-position":"center center","background-size":"auto","background-attachment":"scroll","background-type":"","background-media":"","overlay-type":"","overlay-color":"","overlay-opacity":"","overlay-gradient":""}},"ast-content-background-meta":{"desktop":{"background-color":"var(--ast-global-color-4)","background-image":"","background-repeat":"repeat","background-position":"center center","background-size":"auto","background-attachment":"scroll","background-type":"","background-media":"","overlay-type":"","overlay-color":"","overlay-opacity":"","overlay-gradient":""},"tablet":{"background-color":"var(--ast-global-color-4)","background-image":"","background-repeat":"repeat","background-position":"center center","background-size":"auto","background-attachment":"scroll","background-type":"","background-media":"","overlay-type":"","overlay-color":"","overlay-opacity":"","overlay-gradient":""},"mobile":{"background-color":"var(--ast-global-color-4)","background-image":"","background-repeat":"repeat","background-position":"center center","background-size":"auto","background-attachment":"scroll","background-type":"","background-media":"","overlay-type":"","overlay-color":"","overlay-opacity":"","overlay-gradient":""}}},"product_brand":[76],"product_cat":[345,419,355],"product_tag":[],"class_list":{"0":"post-14252","1":"product","2":"type-product","3":"status-publish","4":"has-post-thumbnail","6":"product_brand-eros-art","7":"product_cat-drogaria","8":"product_cat-outlet","9":"product_cat-para-massagens","10":"desktop-align-left","11":"tablet-align-left","12":"mobile-align-left","14":"first","15":"outofstock","16":"shipping-taxable","17":"purchasable","18":"product-type-simple"},"_links":{"self":[{"href":"https:\/\/intimusdream.com\/index.php\/wp-json\/wp\/v2\/product\/14252","targetHints":{"allow":["GET"]}}],"collection":[{"href":"https:\/\/intimusdream.com\/index.php\/wp-json\/wp\/v2\/product"}],"about":[{"href":"https:\/\/intimusdream.com\/index.php\/wp-json\/wp\/v2\/types\/product"}],"replies":[{"embeddable":true,"href":"https:\/\/intimusdream.com\/index.php\/wp-json\/wp\/v2\/comments?post=14252"}],"wp:featuredmedia":[{"embeddable":true,"href":"https:\/\/intimusdream.com\/index.php\/wp-json\/wp\/v2\/media\/14251"}],"wp:attachment":[{"href":"https:\/\/intimusdream.com\/index.php\/wp-json\/wp\/v2\/media?parent=14252"}],"wp:term":[{"taxonomy":"product_brand","embeddable":true,"href":"https:\/\/intimusdream.com\/index.php\/wp-json\/wp\/v2\/product_brand?post=14252"},{"taxonomy":"product_cat","embeddable":true,"href":"https:\/\/intimusdream.com\/index.php\/wp-json\/wp\/v2\/product_cat?post=14252"},{"taxonomy":"product_tag","embeddable":true,"href":"https:\/\/intimusdream.com\/index.php\/wp-json\/wp\/v2\/product_tag?post=14252"}],"curies":[{"name":"wp","href":"https:\/\/api.w.org\/{rel}","templated":true}]}}