{"id":14320,"date":"2025-07-15T19:33:34","date_gmt":"2025-07-15T19:33:34","guid":{"rendered":"https:\/\/intimusdream.com\/index.php\/produto\/intense-arnes-oco-com-dildo-18-x-35-cm\/"},"modified":"2026-01-09T15:10:21","modified_gmt":"2026-01-09T15:10:21","slug":"intense-arnes-oco-com-dildo-18-x-35-cm","status":"publish","type":"product","link":"https:\/\/intimusdream.com\/index.php\/produto\/intense-arnes-oco-com-dildo-18-x-35-cm\/","title":{"rendered":"INTENSE &#8211; ARN\u00caS OCO COM DILDO 18 X 3,5 CM"},"content":{"rendered":"<p>Voc\u00ea sempre quis ter um p\u00eanis grande e se sentir mais confiante quanto ao seu tamanho? Seu amante sabe que o tamanho importa, e ningu\u00e9m pode realizar suas fantasias e satisfazer sua parceira como um garanh\u00e3o.<\/p>\n<p>Fant\u00e1stico arn\u00eas oco para homem em cor natural. Fabricado com TPR de primeira qualidade, livre de Phalatos, pertence \u00e0 cole\u00e7\u00e3o Intense (marca patenteada)<\/p>\n<p>Agora voc\u00ea pode ter o comprimento e a circunfer\u00eancia que sempre sonhou com este arn\u00eas oco bem apoiado. Receba um sorriso satisfat\u00f3rio de seu amante.<\/p>\n<p>O arn\u00eas el\u00e1stico e confort\u00e1vel ajusta-se facilmente para caber na maioria dos tamanhos. \u00c9 perfeito para homens com disfun\u00e7\u00e3o er\u00e9til, para mulheres ou para casais que fantasiam sobre os seus desejos mais sombrios.<\/p>\n<p>Gra\u00e7as ao seu sistema de al\u00e7as, al\u00e9m de se adaptar a diversas cinturas, permanece no lugar durante toda a atividade.<\/p>\n<p>Para melhor conserva\u00e7\u00e3o, recomendamos limp\u00e1-lo ap\u00f3s cada utiliza\u00e7\u00e3o com Waterfeel Toy Cleaner e \u00e1gua morna.<\/p>\n<p>Medidas; Com 18 x 3,5 cm de di\u00e2metro, o interior se adapta \u00e0 maioria dos tamanhos e \u00e9 flex\u00edvel.<\/p>\n<p>Explore seu lado dominante ou submisso.<\/p>\n<ul>\n<li>Material flex\u00edvel, confort\u00e1vel e adapt\u00e1vel.<\/li>\n<li>Arn\u00eas el\u00e1stico, tamanho \u00fanico.<\/li>\n<li>Toque realista.<\/li>\n<li>Material seguro para a pele.<\/li>\n<li>Livre de falato.<\/li>\n<\/ul>\n","protected":false},"excerpt":{"rendered":"<p>https:\/\/store.dreamlove.es\/productos\/imagenes\/img_144335_bc1de3ec5a149707a7a9794b45713a64_1.png|https:\/\/store.dreamlove.es\/productos\/imagenes\/img_137903_11a82872df312beeac6ef466350b5a14_1.png|https:\/\/store.dreamlove.es\/productos\/imagenes\/img_137902_91d54934433709109a89cec8b8e083f1_1.png|https:\/\/store.dreamlove.es\/productos\/imagenes\/img_137904_ee81b2bcf579291e5c38b50818aaf078_1.png|https:\/\/store.dreamlove.es\/productos\/imagenes\/img_137916_dc66058c09883c59747cccc6a5b55ec6_1.png|https:\/\/store.dreamlove.es\/productos\/imagenes\/img_137905_9e6ee6d64814a42bec943b8a0d57f4c4_1.png|https:\/\/store.dreamlove.es\/productos\/imagenes\/img_137929_f2f7b37de3da03aaaf86f4fe9b0a8234_1.png|https:\/\/store.dreamlove.es\/productos\/imagenes\/img_137915_bb337f2fc96c3a754d3d50ef282f43e8_1.png<\/p>\n","protected":false},"featured_media":14319,"comment_status":"open","ping_status":"closed","template":"","meta":{"site-sidebar-layout":"default","site-content-layout":"","ast-site-content-layout":"default","site-content-style":"default","site-sidebar-style":"default","ast-global-header-display":"","ast-banner-title-visibility":"","ast-main-header-display":"","ast-hfb-above-header-display":"","ast-hfb-below-header-display":"","ast-hfb-mobile-header-display":"","site-post-title":"","ast-breadcrumbs-content":"","ast-featured-img":"","footer-sml-layout":"","theme-transparent-header-meta":"default","adv-header-id-meta":"","stick-header-meta":"","header-above-stick-meta":"","header-main-stick-meta":"","header-below-stick-meta":"","astra-migrate-meta-layouts":"set","ast-page-background-enabled":"default","ast-page-background-meta":{"desktop":{"background-color":"var(--ast-global-color-5)","background-image":"","background-repeat":"repeat","background-position":"center center","background-size":"auto","background-attachment":"scroll","background-type":"","background-media":"","overlay-type":"","overlay-color":"","overlay-opacity":"","overlay-gradient":""},"tablet":{"background-color":"","background-image":"","background-repeat":"repeat","background-position":"center center","background-size":"auto","background-attachment":"scroll","background-type":"","background-media":"","overlay-type":"","overlay-color":"","overlay-opacity":"","overlay-gradient":""},"mobile":{"background-color":"","background-image":"","background-repeat":"repeat","background-position":"center center","background-size":"auto","background-attachment":"scroll","background-type":"","background-media":"","overlay-type":"","overlay-color":"","overlay-opacity":"","overlay-gradient":""}},"ast-content-background-meta":{"desktop":{"background-color":"var(--ast-global-color-4)","background-image":"","background-repeat":"repeat","background-position":"center center","background-size":"auto","background-attachment":"scroll","background-type":"","background-media":"","overlay-type":"","overlay-color":"","overlay-opacity":"","overlay-gradient":""},"tablet":{"background-color":"var(--ast-global-color-4)","background-image":"","background-repeat":"repeat","background-position":"center center","background-size":"auto","background-attachment":"scroll","background-type":"","background-media":"","overlay-type":"","overlay-color":"","overlay-opacity":"","overlay-gradient":""},"mobile":{"background-color":"var(--ast-global-color-4)","background-image":"","background-repeat":"repeat","background-position":"center center","background-size":"auto","background-attachment":"scroll","background-type":"","background-media":"","overlay-type":"","overlay-color":"","overlay-opacity":"","overlay-gradient":""}}},"product_brand":[78],"product_cat":[346,384,385,419],"product_tag":[],"class_list":{"0":"post-14320","1":"product","2":"type-product","3":"status-publish","4":"has-post-thumbnail","6":"product_brand-intense-couples-toys","7":"product_cat-brinquedos-de-bem-estar-sexual","8":"product_cat-brinquedos-sexuais-para-homens-2","9":"product_cat-brinquedos-para-mulheres-2","10":"product_cat-outlet","11":"desktop-align-left","12":"tablet-align-left","13":"mobile-align-left","15":"first","16":"instock","17":"featured","18":"shipping-taxable","19":"purchasable","20":"product-type-simple"},"_links":{"self":[{"href":"https:\/\/intimusdream.com\/index.php\/wp-json\/wp\/v2\/product\/14320","targetHints":{"allow":["GET"]}}],"collection":[{"href":"https:\/\/intimusdream.com\/index.php\/wp-json\/wp\/v2\/product"}],"about":[{"href":"https:\/\/intimusdream.com\/index.php\/wp-json\/wp\/v2\/types\/product"}],"replies":[{"embeddable":true,"href":"https:\/\/intimusdream.com\/index.php\/wp-json\/wp\/v2\/comments?post=14320"}],"wp:featuredmedia":[{"embeddable":true,"href":"https:\/\/intimusdream.com\/index.php\/wp-json\/wp\/v2\/media\/14319"}],"wp:attachment":[{"href":"https:\/\/intimusdream.com\/index.php\/wp-json\/wp\/v2\/media?parent=14320"}],"wp:term":[{"taxonomy":"product_brand","embeddable":true,"href":"https:\/\/intimusdream.com\/index.php\/wp-json\/wp\/v2\/product_brand?post=14320"},{"taxonomy":"product_cat","embeddable":true,"href":"https:\/\/intimusdream.com\/index.php\/wp-json\/wp\/v2\/product_cat?post=14320"},{"taxonomy":"product_tag","embeddable":true,"href":"https:\/\/intimusdream.com\/index.php\/wp-json\/wp\/v2\/product_tag?post=14320"}],"curies":[{"name":"wp","href":"https:\/\/api.w.org\/{rel}","templated":true}]}}