{"id":14350,"date":"2025-07-15T19:34:08","date_gmt":"2025-07-15T19:34:08","guid":{"rendered":"https:\/\/intimusdream.com\/index.php\/produto\/intense-bomba-transparente-02\/"},"modified":"2026-01-09T15:11:04","modified_gmt":"2026-01-09T15:11:04","slug":"intense-bomba-transparente-02","status":"publish","type":"product","link":"https:\/\/intimusdream.com\/index.php\/produto\/intense-bomba-transparente-02\/","title":{"rendered":"INTENSE &#8211; BOMBA TRANSPARENTE 02"},"content":{"rendered":"<p>Todas as Bombas Penianas Intense est\u00e3o aqui para impressionar com uma fant\u00e1stica gama de dispositivos para aumentar o p\u00e9nis!<\/p>\n<p>A Bomba Peniana Intensa \u00e9 a melhor maneira de melhorar seu desempenho sexual, tamanho e resist\u00eancia. Enviamos amostras de produtos para homens entre 22 e 45 anos com problemas de ere\u00e7\u00e3o ou simplesmente para melhorar o desempenho e o tamanho do p\u00eanis. O feedback foi 100% positivo, todos verificaram que \u00e9 o melhor produto do mercado.<\/p>\n<p>Intense Penis Pump ajuda a conseguir uma ere\u00e7\u00e3o mais facilmente atrav\u00e9s de um sistema de v\u00e1cuo que concentra o sangue no p\u00eanis quando ele ainda est\u00e1 fl\u00e1cido. A ere\u00e7\u00e3o \u00e9 conseguida e mantida por meio de uma veda\u00e7\u00e3o confort\u00e1vel e herm\u00e9tica na base do corpo, logo na jun\u00e7\u00e3o do p\u00eanis com o p\u00fabis, gra\u00e7as \u00e0 qual o sangue fica retido no tronco. Gra\u00e7as \u00e0 manga, a veda\u00e7\u00e3o \u00e9 firme, confort\u00e1vel e estanque sem apertar.<\/p>\n<p>Os m\u00e9dicos consideram a bomba peniana um tratamento eficaz e barato para a disfun\u00e7\u00e3o er\u00e9til e afirmam que o uso prolongado do dispositivo aumentar\u00e1 permanentemente o tamanho do p\u00eanis.<\/p>\n<p>Outras vantagens da variedade Intense Penis Pump s\u00e3o, entre outras, ejacula\u00e7\u00e3o retardada, melhora do apetite sexual, aumento de testosterona, manuten\u00e7\u00e3o de ere\u00e7\u00f5es mais duras e duradouras e suporte do tecido peniano ap\u00f3s cirurgia de pr\u00f3stata.<\/p>\n<p>Intense Penis Pump 02 melhora o seu desempenho gra\u00e7as ao medidor integrado. Num n\u00edvel mais avan\u00e7ado, o sistema de calibra\u00e7\u00e3o \u00e9 necess\u00e1rio para otimizar o desempenho e garantir a press\u00e3o real.<\/p>\n<p>Para usar, basta inserir seu p\u00eanis no cilindro, apertar a al\u00e7a de estilo m\u00e9dico e observar seu p\u00eanis ganhar for\u00e7a com muito prazer! O bocal el\u00e1stico forma uma veda\u00e7\u00e3o perfeitamente apertada contra a sua pele e cria um v\u00e1cuo poderoso dentro da c\u00e2mara, for\u00e7ando o seu p\u00e9nis a expandir-se rapidamente em comprimento e circunfer\u00eancia. O cilindro transparente permite que voc\u00ea veja como seu membro fica maior e mais grosso a cada bomba.<\/p>\n<p>Quando atingir o tamanho desejado, basta pressionar o bot\u00e3o de libera\u00e7\u00e3o r\u00e1pida para aliviar instantaneamente a press\u00e3o e voc\u00ea estar\u00e1 pronto para jogar!<\/p>\n<p>Quando terminar, basta retirar o cilindro da mangueira e limp\u00e1-lo com Waterfeel Toy Cleaner Gel e \u00e1gua morna.<\/p>\n<p>Bomba Peniana INTENSA, oferece resultados instant\u00e2neos!<\/p>\n<ul>\n<li>Especifica\u00e7\u00f5es t\u00e9cnicas da Bomba Peniana Intensa 02;<\/li>\n<li>comprimento inser\u00edvel; 20cm<\/li>\n<li>Di\u00e2metro interno total; 6,5 cm<\/li>\n<li>Material; abd\u00f4men + silicone<\/li>\n<li>\u00c0 prova d&#8217;\u00e1gua<\/li>\n<\/ul>\n","protected":false},"excerpt":{"rendered":"<p>https:\/\/store.dreamlove.es\/productos\/imagenes\/img_137810_e961a17fc944837a680e9bd47fe36936_1.png|https:\/\/store.dreamlove.es\/productos\/imagenes\/img_137809_9360653e2f49ba112dd39d89c96d3ddc_1.png|https:\/\/store.dreamlove.es\/productos\/imagenes\/img_137812_64220b6b129e8ce047adb00eb689c304_1.png|https:\/\/store.dreamlove.es\/productos\/imagenes\/img_137811_b61522902ce6661f6a9a45cc7f450c0e_1.png|https:\/\/store.dreamlove.es\/productos\/imagenes\/img_137817_e07d7496f5b7f7a75d148ed035915743_1.png|https:\/\/store.dreamlove.es\/productos\/imagenes\/img_137813_3b1f92e4c34d88f7c341eb1be8ff11bf_1.png<\/p>\n","protected":false},"featured_media":14349,"comment_status":"open","ping_status":"closed","template":"","meta":{"site-sidebar-layout":"default","site-content-layout":"","ast-site-content-layout":"default","site-content-style":"default","site-sidebar-style":"default","ast-global-header-display":"","ast-banner-title-visibility":"","ast-main-header-display":"","ast-hfb-above-header-display":"","ast-hfb-below-header-display":"","ast-hfb-mobile-header-display":"","site-post-title":"","ast-breadcrumbs-content":"","ast-featured-img":"","footer-sml-layout":"","theme-transparent-header-meta":"default","adv-header-id-meta":"","stick-header-meta":"","header-above-stick-meta":"","header-main-stick-meta":"","header-below-stick-meta":"","astra-migrate-meta-layouts":"set","ast-page-background-enabled":"default","ast-page-background-meta":{"desktop":{"background-color":"var(--ast-global-color-5)","background-image":"","background-repeat":"repeat","background-position":"center center","background-size":"auto","background-attachment":"scroll","background-type":"","background-media":"","overlay-type":"","overlay-color":"","overlay-opacity":"","overlay-gradient":""},"tablet":{"background-color":"","background-image":"","background-repeat":"repeat","background-position":"center center","background-size":"auto","background-attachment":"scroll","background-type":"","background-media":"","overlay-type":"","overlay-color":"","overlay-opacity":"","overlay-gradient":""},"mobile":{"background-color":"","background-image":"","background-repeat":"repeat","background-position":"center center","background-size":"auto","background-attachment":"scroll","background-type":"","background-media":"","overlay-type":"","overlay-color":"","overlay-opacity":"","overlay-gradient":""}},"ast-content-background-meta":{"desktop":{"background-color":"var(--ast-global-color-4)","background-image":"","background-repeat":"repeat","background-position":"center center","background-size":"auto","background-attachment":"scroll","background-type":"","background-media":"","overlay-type":"","overlay-color":"","overlay-opacity":"","overlay-gradient":""},"tablet":{"background-color":"var(--ast-global-color-4)","background-image":"","background-repeat":"repeat","background-position":"center center","background-size":"auto","background-attachment":"scroll","background-type":"","background-media":"","overlay-type":"","overlay-color":"","overlay-opacity":"","overlay-gradient":""},"mobile":{"background-color":"var(--ast-global-color-4)","background-image":"","background-repeat":"repeat","background-position":"center center","background-size":"auto","background-attachment":"scroll","background-type":"","background-media":"","overlay-type":"","overlay-color":"","overlay-opacity":"","overlay-gradient":""}}},"product_brand":[80],"product_cat":[384],"product_tag":[],"class_list":{"0":"post-14350","1":"product","2":"type-product","3":"status-publish","4":"has-post-thumbnail","6":"product_brand-intense-pump","7":"product_cat-brinquedos-sexuais-para-homens-2","8":"desktop-align-left","9":"tablet-align-left","10":"mobile-align-left","12":"first","13":"outofstock","14":"shipping-taxable","15":"purchasable","16":"product-type-simple"},"_links":{"self":[{"href":"https:\/\/intimusdream.com\/index.php\/wp-json\/wp\/v2\/product\/14350","targetHints":{"allow":["GET"]}}],"collection":[{"href":"https:\/\/intimusdream.com\/index.php\/wp-json\/wp\/v2\/product"}],"about":[{"href":"https:\/\/intimusdream.com\/index.php\/wp-json\/wp\/v2\/types\/product"}],"replies":[{"embeddable":true,"href":"https:\/\/intimusdream.com\/index.php\/wp-json\/wp\/v2\/comments?post=14350"}],"wp:featuredmedia":[{"embeddable":true,"href":"https:\/\/intimusdream.com\/index.php\/wp-json\/wp\/v2\/media\/14349"}],"wp:attachment":[{"href":"https:\/\/intimusdream.com\/index.php\/wp-json\/wp\/v2\/media?parent=14350"}],"wp:term":[{"taxonomy":"product_brand","embeddable":true,"href":"https:\/\/intimusdream.com\/index.php\/wp-json\/wp\/v2\/product_brand?post=14350"},{"taxonomy":"product_cat","embeddable":true,"href":"https:\/\/intimusdream.com\/index.php\/wp-json\/wp\/v2\/product_cat?post=14350"},{"taxonomy":"product_tag","embeddable":true,"href":"https:\/\/intimusdream.com\/index.php\/wp-json\/wp\/v2\/product_tag?post=14350"}],"curies":[{"name":"wp","href":"https:\/\/api.w.org\/{rel}","templated":true}]}}