{"id":14364,"date":"2025-07-15T19:34:28","date_gmt":"2025-07-15T19:34:28","guid":{"rendered":"https:\/\/intimusdream.com\/index.php\/produto\/intense-buffy-vibrador-tamanho-s-design-espiral-10-vibracoes-controle-remoto-azul\/"},"modified":"2026-01-09T15:13:36","modified_gmt":"2026-01-09T15:13:36","slug":"intense-buffy-vibrador-tamanho-s-design-espiral-10-vibracoes-controle-remoto-azul","status":"publish","type":"product","link":"https:\/\/intimusdream.com\/index.php\/produto\/intense-buffy-vibrador-tamanho-s-design-espiral-10-vibracoes-controle-remoto-azul\/","title":{"rendered":"INTENSE &#8211; BUFFY VIBRADOR TAMANHO S DESIGN ESPIRAL 10 VIBRA\u00c7\u00d5ES CONTROLE REMOTO AZUL"},"content":{"rendered":"<p>O vibrador <strong>BUFFY<\/strong> da marca <strong>INTENSE<\/strong> \u00e9 uma combina\u00e7\u00e3o perfeita de pot\u00eancia e design exclusivo, ideal para quem busca estimula\u00e7\u00e3o profunda e prazerosa.<\/p>\n<p>Com sua atraente <strong>cor azul celeste<\/strong> e design elegante, o BUFFY n\u00e3o oferece apenas uma experi\u00eancia visual encantadora, mas tamb\u00e9m sensa\u00e7\u00f5es envolventes durante o uso.<\/p>\n<p><strong>10 N\u00edveis de Vibra\u00e7\u00e3o<\/strong> : Equipado com um <strong>motor potente<\/strong> , o BUFFY tem 10 n\u00edveis de vibra\u00e7\u00e3o, que v\u00e3o desde pulsa\u00e7\u00f5es suaves at\u00e9 vibra\u00e7\u00f5es mais intensas. Seu <strong>controle remoto<\/strong> facilita a troca entre os modos para encontrar o ritmo que melhor se adapta aos seus desejos, garantindo uma experi\u00eancia personalizada.<\/p>\n<p><strong>Dimens\u00f5es ideais e silicone supermacio<\/strong> : com um <strong>comprimento total de 14 cm e um comprimento inser\u00edvel de 12,5 cm<\/strong> , juntamente com uma <strong>espessura de 3 cm<\/strong> , BUFFY proporciona uma sensa\u00e7\u00e3o \u00f3tima de plenitude. Al\u00e9m disso, \u00e9 feito de silicone supermacio e \u00e9 completamente <strong>livre de ftalatos<\/strong> , garantindo uma experi\u00eancia confort\u00e1vel e segura para o corpo.<\/p>\n<p><strong>Punho Flex\u00edvel e com Ventosa<\/strong> : Seu design flex\u00edvel permite melhor adaptabilidade \u00e0 anatomia do usu\u00e1rio, enquanto a base do punho com ventosa oferece a possibilidade de desfrutar de sess\u00f5es com as m\u00e3os livres, aderindo facilmente a superf\u00edcies lisas para maior versatilidade. Perfeito para explorar novas posi\u00e7\u00f5es e desfrutar do prazer sem limita\u00e7\u00f5es.<\/p>\n<p><strong>\u00c0 prova d&#8217;\u00e1gua e recarreg\u00e1vel via USB<\/strong> : BUFFY \u00e9 completamente \u00e0 prova d&#8217;\u00e1gua, permitindo o uso no chuveiro ou banheira, adicionando uma dimens\u00e3o extra de divers\u00e3o. Al\u00e9m disso, \u00e9 recarreg\u00e1vel via USB, ent\u00e3o voc\u00ea estar\u00e1 sempre pronto para ir com uma carga r\u00e1pida e conveniente.<\/p>\n<p>O vibrador BUFFY da INTENSE \u00e9 a escolha perfeita para quem quer desfrutar de vibra\u00e7\u00f5es potentes, um <strong>design inovador e o conforto de um dispositivo flex\u00edvel e ergon\u00f4mico.<\/strong><\/p>\n<p>Explore novas sensa\u00e7\u00f5es com BUFFY e desfrute de uma experi\u00eancia de prazer \u00fanica!<\/p>\n","protected":false},"excerpt":{"rendered":"<p>https:\/\/store.dreamlove.es\/productos\/imagenes\/img_195462_02fd15f7dab1b472a792360a29c5a7a6_1.png|https:\/\/store.dreamlove.es\/productos\/imagenes\/img_195461_6d766e700b658ab0df97b3cb3644059b_1.png|https:\/\/store.dreamlove.es\/productos\/imagenes\/img_195459_6a869de06fbac139087bb6b66523b4fc_1.png|https:\/\/store.dreamlove.es\/productos\/imagenes\/img_195460_7261928fb90390e442a7111659076193_1.png|https:\/\/store.dreamlove.es\/productos\/imagenes\/img_195463_8baffba4bb9c61c09f3bf0ac7946954e_1.png|https:\/\/store.dreamlove.es\/productos\/imagenes\/img_195458_807848696b827bf836dcb996615547e2_1.png<\/p>\n","protected":false},"featured_media":14363,"comment_status":"open","ping_status":"closed","template":"","meta":{"site-sidebar-layout":"default","site-content-layout":"","ast-site-content-layout":"default","site-content-style":"default","site-sidebar-style":"default","ast-global-header-display":"","ast-banner-title-visibility":"","ast-main-header-display":"","ast-hfb-above-header-display":"","ast-hfb-below-header-display":"","ast-hfb-mobile-header-display":"","site-post-title":"","ast-breadcrumbs-content":"","ast-featured-img":"","footer-sml-layout":"","theme-transparent-header-meta":"default","adv-header-id-meta":"","stick-header-meta":"","header-above-stick-meta":"","header-main-stick-meta":"","header-below-stick-meta":"","astra-migrate-meta-layouts":"set","ast-page-background-enabled":"default","ast-page-background-meta":{"desktop":{"background-color":"var(--ast-global-color-5)","background-image":"","background-repeat":"repeat","background-position":"center center","background-size":"auto","background-attachment":"scroll","background-type":"","background-media":"","overlay-type":"","overlay-color":"","overlay-opacity":"","overlay-gradient":""},"tablet":{"background-color":"","background-image":"","background-repeat":"repeat","background-position":"center center","background-size":"auto","background-attachment":"scroll","background-type":"","background-media":"","overlay-type":"","overlay-color":"","overlay-opacity":"","overlay-gradient":""},"mobile":{"background-color":"","background-image":"","background-repeat":"repeat","background-position":"center center","background-size":"auto","background-attachment":"scroll","background-type":"","background-media":"","overlay-type":"","overlay-color":"","overlay-opacity":"","overlay-gradient":""}},"ast-content-background-meta":{"desktop":{"background-color":"var(--ast-global-color-4)","background-image":"","background-repeat":"repeat","background-position":"center center","background-size":"auto","background-attachment":"scroll","background-type":"","background-media":"","overlay-type":"","overlay-color":"","overlay-opacity":"","overlay-gradient":""},"tablet":{"background-color":"var(--ast-global-color-4)","background-image":"","background-repeat":"repeat","background-position":"center center","background-size":"auto","background-attachment":"scroll","background-type":"","background-media":"","overlay-type":"","overlay-color":"","overlay-opacity":"","overlay-gradient":""},"mobile":{"background-color":"var(--ast-global-color-4)","background-image":"","background-repeat":"repeat","background-position":"center center","background-size":"auto","background-attachment":"scroll","background-type":"","background-media":"","overlay-type":"","overlay-color":"","overlay-opacity":"","overlay-gradient":""}}},"product_brand":[77],"product_cat":[346,385,419,368],"product_tag":[],"class_list":{"0":"post-14364","1":"product","2":"type-product","3":"status-publish","4":"has-post-thumbnail","6":"product_brand-intense-fun","7":"product_cat-brinquedos-de-bem-estar-sexual","8":"product_cat-brinquedos-para-mulheres-2","9":"product_cat-outlet","10":"product_cat-vibradores","11":"desktop-align-left","12":"tablet-align-left","13":"mobile-align-left","15":"first","16":"instock","17":"featured","18":"shipping-taxable","19":"purchasable","20":"product-type-simple"},"_links":{"self":[{"href":"https:\/\/intimusdream.com\/index.php\/wp-json\/wp\/v2\/product\/14364","targetHints":{"allow":["GET"]}}],"collection":[{"href":"https:\/\/intimusdream.com\/index.php\/wp-json\/wp\/v2\/product"}],"about":[{"href":"https:\/\/intimusdream.com\/index.php\/wp-json\/wp\/v2\/types\/product"}],"replies":[{"embeddable":true,"href":"https:\/\/intimusdream.com\/index.php\/wp-json\/wp\/v2\/comments?post=14364"}],"wp:featuredmedia":[{"embeddable":true,"href":"https:\/\/intimusdream.com\/index.php\/wp-json\/wp\/v2\/media\/14363"}],"wp:attachment":[{"href":"https:\/\/intimusdream.com\/index.php\/wp-json\/wp\/v2\/media?parent=14364"}],"wp:term":[{"taxonomy":"product_brand","embeddable":true,"href":"https:\/\/intimusdream.com\/index.php\/wp-json\/wp\/v2\/product_brand?post=14364"},{"taxonomy":"product_cat","embeddable":true,"href":"https:\/\/intimusdream.com\/index.php\/wp-json\/wp\/v2\/product_cat?post=14364"},{"taxonomy":"product_tag","embeddable":true,"href":"https:\/\/intimusdream.com\/index.php\/wp-json\/wp\/v2\/product_tag?post=14364"}],"curies":[{"name":"wp","href":"https:\/\/api.w.org\/{rel}","templated":true}]}}