{"id":14484,"date":"2025-07-15T19:37:11","date_gmt":"2025-07-15T19:37:11","guid":{"rendered":"https:\/\/intimusdream.com\/index.php\/produto\/intense-kisha-fit-silicone-kegel-lila\/"},"modified":"2026-01-09T15:11:30","modified_gmt":"2026-01-09T15:11:30","slug":"intense-kisha-fit-silicone-kegel-lila","status":"publish","type":"product","link":"https:\/\/intimusdream.com\/index.php\/produto\/intense-kisha-fit-silicone-kegel-lila\/","title":{"rendered":"INTENSE &#8211; KISHA FIT SILICONE KEGEL LILA"},"content":{"rendered":"<p>Intense apresenta um m\u00e9todo para fortalecer e tonificar os m\u00fasculos do assoalho p\u00e9lvico. Um h\u00e1bito simples e eficaz contra pequenas perdas de urina. As bolas intensas confeccionadas em silicone de grau m\u00e9dico s\u00e3o esferas que possuem outra bola em seu interior e que, com o movimento do corpo ao caminhar, geram vibra\u00e7\u00f5es que fazem os m\u00fasculos p\u00e9lvicos reagirem com suaves contra\u00e7\u00f5es.<\/p>\n<p>Um h\u00e1bito simples e eficaz contra pequenas perdas de urina. Benef\u00edcios do uso de bolas Intense. As bolas intensas ajudam a manter o bom t\u00f4nus muscular do assoalho p\u00e9lvico, ajudando a remeter e at\u00e9 prevenir pequenas perdas de urina e a manter a juventude da regi\u00e3o \u00edntima feminina. Ginecologistas e terapeutas de todo o mundo recomendam seu uso a mulheres de todas as idades para prevenir o aparecimento de pequenas perdas de urina.<\/p>\n<p>O assoalho p\u00e9lvico \u00e9 um conjunto de m\u00fasculos que sustenta todo o abd\u00f4men inferior, como um arco protetor de suporte para a bexiga urin\u00e1ria, o \u00fatero e a parte inferior do intestino grosso.<\/p>\n<p>O enfraquecimento dos m\u00fasculos do assoalho p\u00e9lvico pode causar alguns dist\u00farbios como incontin\u00eancia urin\u00e1ria, prolapsos ou disfun\u00e7\u00e3o sexual. S\u00e3o v\u00e1rios os fatores que contribuem para o seu enfraquecimento, como a idade, a menopausa, o excesso de peso, a heran\u00e7a gen\u00e9tica e, sobretudo, a gravidez e o parto.<\/p>\n<p>A distens\u00e3o uterina, a atividade hormonal e o esfor\u00e7o do parto contribuem para o desgaste desses m\u00fasculos. Para que os \u00f3rg\u00e3os do assoalho p\u00e9lvico funcionem adequadamente, os m\u00fasculos do assoalho p\u00e9lvico devem estar saud\u00e1veis e fortes.<\/p>\n<p>Colocadas no fundo da vagina, as bolas intensas permitem que os m\u00fasculos p\u00e9lvicos se contraiam enquanto a mulher caminha, conseguindo uma vibra\u00e7\u00e3o a partir da colis\u00e3o de uma bola contra a outra, tonificando os m\u00fasculos vaginais.<\/p>\n<p>Assim, conseguimos inconscientemente tonificar e fortalecer a musculatura p\u00e9lvica, o que nos permite melhorar a incontin\u00eancia urin\u00e1ria e at\u00e9 prevenir o seu aparecimento, bem como manter a juventude da zona \u00edntima feminina.<\/p>\n<p>Lembre-se de que todos os produtos Intense s\u00e3o de silicone de qualidade m\u00e9dica, seguros para o seu corpo.<\/p>\n<ul>\n<li>Medidas; 3,5x20cm<\/li>\n<li>Peso; 84 gramas<\/li>\n<li>Silicone macio 100% sedoso, livre de falatos.<\/li>\n<\/ul>\n<p>Recomenda-se usar lubrificante \u00e0 base de \u00e1gua waterfeeel e limpar ap\u00f3s o uso com o limpador de brinquedos waterfeeel.<\/p>\n","protected":false},"excerpt":{"rendered":"<p>https:\/\/store.dreamlove.es\/productos\/imagenes\/img_144058_f08ed3afc3be869905710043df6a0179_1.png|https:\/\/store.dreamlove.es\/productos\/imagenes\/img_144057_10377b8a7168c4bdfcf84a8071c18e8f_1.jpg|https:\/\/store.dreamlove.es\/productos\/imagenes\/img_135260_6762f87ca8f7b65eb3cdf4fdb4da1a3c_1.png<\/p>\n","protected":false},"featured_media":14483,"comment_status":"open","ping_status":"closed","template":"","meta":{"site-sidebar-layout":"default","site-content-layout":"","ast-site-content-layout":"default","site-content-style":"default","site-sidebar-style":"default","ast-global-header-display":"","ast-banner-title-visibility":"","ast-main-header-display":"","ast-hfb-above-header-display":"","ast-hfb-below-header-display":"","ast-hfb-mobile-header-display":"","site-post-title":"","ast-breadcrumbs-content":"","ast-featured-img":"","footer-sml-layout":"","theme-transparent-header-meta":"default","adv-header-id-meta":"","stick-header-meta":"","header-above-stick-meta":"","header-main-stick-meta":"","header-below-stick-meta":"","astra-migrate-meta-layouts":"set","ast-page-background-enabled":"default","ast-page-background-meta":{"desktop":{"background-color":"var(--ast-global-color-5)","background-image":"","background-repeat":"repeat","background-position":"center center","background-size":"auto","background-attachment":"scroll","background-type":"","background-media":"","overlay-type":"","overlay-color":"","overlay-opacity":"","overlay-gradient":""},"tablet":{"background-color":"","background-image":"","background-repeat":"repeat","background-position":"center center","background-size":"auto","background-attachment":"scroll","background-type":"","background-media":"","overlay-type":"","overlay-color":"","overlay-opacity":"","overlay-gradient":""},"mobile":{"background-color":"","background-image":"","background-repeat":"repeat","background-position":"center center","background-size":"auto","background-attachment":"scroll","background-type":"","background-media":"","overlay-type":"","overlay-color":"","overlay-opacity":"","overlay-gradient":""}},"ast-content-background-meta":{"desktop":{"background-color":"var(--ast-global-color-4)","background-image":"","background-repeat":"repeat","background-position":"center center","background-size":"auto","background-attachment":"scroll","background-type":"","background-media":"","overlay-type":"","overlay-color":"","overlay-opacity":"","overlay-gradient":""},"tablet":{"background-color":"var(--ast-global-color-4)","background-image":"","background-repeat":"repeat","background-position":"center center","background-size":"auto","background-attachment":"scroll","background-type":"","background-media":"","overlay-type":"","overlay-color":"","overlay-opacity":"","overlay-gradient":""},"mobile":{"background-color":"var(--ast-global-color-4)","background-image":"","background-repeat":"repeat","background-position":"center center","background-size":"auto","background-attachment":"scroll","background-type":"","background-media":"","overlay-type":"","overlay-color":"","overlay-opacity":"","overlay-gradient":""}}},"product_brand":[82],"product_cat":[385],"product_tag":[],"class_list":{"0":"post-14484","1":"product","2":"type-product","3":"status-publish","4":"has-post-thumbnail","6":"product_brand-intense-health-fun","7":"product_cat-brinquedos-para-mulheres-2","8":"desktop-align-left","9":"tablet-align-left","10":"mobile-align-left","12":"first","13":"instock","14":"shipping-taxable","15":"purchasable","16":"product-type-simple"},"_links":{"self":[{"href":"https:\/\/intimusdream.com\/index.php\/wp-json\/wp\/v2\/product\/14484","targetHints":{"allow":["GET"]}}],"collection":[{"href":"https:\/\/intimusdream.com\/index.php\/wp-json\/wp\/v2\/product"}],"about":[{"href":"https:\/\/intimusdream.com\/index.php\/wp-json\/wp\/v2\/types\/product"}],"replies":[{"embeddable":true,"href":"https:\/\/intimusdream.com\/index.php\/wp-json\/wp\/v2\/comments?post=14484"}],"wp:featuredmedia":[{"embeddable":true,"href":"https:\/\/intimusdream.com\/index.php\/wp-json\/wp\/v2\/media\/14483"}],"wp:attachment":[{"href":"https:\/\/intimusdream.com\/index.php\/wp-json\/wp\/v2\/media?parent=14484"}],"wp:term":[{"taxonomy":"product_brand","embeddable":true,"href":"https:\/\/intimusdream.com\/index.php\/wp-json\/wp\/v2\/product_brand?post=14484"},{"taxonomy":"product_cat","embeddable":true,"href":"https:\/\/intimusdream.com\/index.php\/wp-json\/wp\/v2\/product_cat?post=14484"},{"taxonomy":"product_tag","embeddable":true,"href":"https:\/\/intimusdream.com\/index.php\/wp-json\/wp\/v2\/product_tag?post=14484"}],"curies":[{"name":"wp","href":"https:\/\/api.w.org\/{rel}","templated":true}]}}