{"id":14538,"date":"2025-07-15T19:38:21","date_gmt":"2025-07-15T19:38:21","guid":{"rendered":"https:\/\/intimusdream.com\/index.php\/produto\/intense-pinkie-estimulador-unicornio-fucsia\/"},"modified":"2026-01-09T15:13:32","modified_gmt":"2026-01-09T15:13:32","slug":"intense-pinkie-estimulador-unicornio-fucsia","status":"publish","type":"product","link":"https:\/\/intimusdream.com\/index.php\/produto\/intense-pinkie-estimulador-unicornio-fucsia\/","title":{"rendered":"INTENSE &#8211; PINKIE ESTIMULADOR UNIC\u00d3RNIO F\u00daCSIA"},"content":{"rendered":"<p><strong>PINKIE<\/strong> \u00e9 um estimulador charmoso e poderoso com um design exclusivo em formato de unic\u00f3rnio, projetado para quem busca uma experi\u00eancia de prazer divertida, m\u00e1gica e estimulante.<\/p>\n<p>Com sua vibrante cor f\u00facsia, o PINKIE n\u00e3o \u00e9 apenas visualmente atraente, mas tamb\u00e9m oferece estimula\u00e7\u00e3o externa precisa e eficaz, especialmente no clit\u00f3ris, proporcionando sensa\u00e7\u00f5es intensas e satisfat\u00f3rias. Seu design l\u00fadico e motor potente o tornam uma excelente escolha para desfrutar de momentos \u00fanicos de prazer.<\/p>\n<p>&nbsp;<\/p>\n<p><u><strong>CARACTER\u00cdSTICAS<\/strong><\/u> :<\/p>\n<ul>\n<li><strong>Design em formato de unic\u00f3rnio<\/strong> , que torna o estimulador funcional e visualmente charmoso. Seu design \u00e9 projetado para oferecer estimula\u00e7\u00e3o direta e precisa no clit\u00f3ris.<\/li>\n<li><strong>Vibra\u00e7\u00f5es ajust\u00e1veis<\/strong> que permitem personalizar a intensidade e os padr\u00f5es de vibra\u00e7\u00e3o, adaptando-se \u00e0s suas necessidades e desejos para uma experi\u00eancia de prazer mais satisfat\u00f3ria.<\/li>\n<li><strong>Cor f\u00facsia brilhante<\/strong> , com um toque vibrante e alegre que faz com que este estimulador se destaque pelo seu design atraente.<\/li>\n<li><strong>Silicone de alta qualidade<\/strong> , macio, hipoalerg\u00eanico e seguro para o corpo, garantindo uma experi\u00eancia confort\u00e1vel e segura durante o uso.<\/li>\n<li><strong>Motor potente e silencioso<\/strong> , oferece estimula\u00e7\u00e3o intensa sem ru\u00eddos irritantes, ideal para manter a discri\u00e7\u00e3o e desfrutar de uma experi\u00eancia mais privada.<\/li>\n<li><strong>\u00c0 prova d&#8217;\u00e1gua (IPX7)<\/strong> , permitindo que voc\u00ea o use no chuveiro ou na banheira, aumentando a versatilidade do produto. Al\u00e9m disso, \u00e9 recarreg\u00e1vel via USB, o que o torna mais conveniente e ecologicamente correto.<\/li>\n<\/ul>\n<p>&nbsp;<\/p>\n<p><strong>Por que escolher a PINKIE?<\/strong><br \/>\nPINKIE \u00e9 perfeito para quem procura um estimulador que combine design criativo e desempenho potente. Seu formato de unic\u00f3rnio e sua vibrante cor f\u00facsia fazem deste brinquedo uma op\u00e7\u00e3o divertida e atraente, enquanto suas vibra\u00e7\u00f5es ajust\u00e1veis lhe d\u00e3o a possibilidade de experimentar diferentes intensidades de prazer.<\/p>\n<p>Com <strong>PINKIE da INTENSE<\/strong> , cada momento de intimidade se torna uma experi\u00eancia encantadora, divertida e cheia de sensa\u00e7\u00f5es intensas. Voc\u00ea est\u00e1 pronta para desfrutar do prazer com um toque de magia e fantasia?<\/p>\n<p>&nbsp;<\/p>\n<p>&nbsp;<\/p>\n","protected":false},"excerpt":{"rendered":"<p>https:\/\/store.dreamlove.es\/productos\/imagenes\/img_195546_637d389bea2f467c64002e6d845adfcf_1.png|https:\/\/store.dreamlove.es\/productos\/imagenes\/img_195543_e6c95811afbf7f9a390e46bff177b149_1.png|https:\/\/store.dreamlove.es\/productos\/imagenes\/img_195547_88a8f103c6a154311335477c3c615012_1.png|https:\/\/store.dreamlove.es\/productos\/imagenes\/img_195544_f48ee49f6f439d9be8e12a3deca1d901_1.png|https:\/\/store.dreamlove.es\/productos\/imagenes\/img_195542_52aeca1ff3333040121f894046fa1056_1.png|https:\/\/store.dreamlove.es\/productos\/imagenes\/img_195545_73ccc447f6cf242c2c7eee14b3cdba12_1.png<\/p>\n","protected":false},"featured_media":14537,"comment_status":"open","ping_status":"closed","template":"","meta":{"site-sidebar-layout":"default","site-content-layout":"","ast-site-content-layout":"default","site-content-style":"default","site-sidebar-style":"default","ast-global-header-display":"","ast-banner-title-visibility":"","ast-main-header-display":"","ast-hfb-above-header-display":"","ast-hfb-below-header-display":"","ast-hfb-mobile-header-display":"","site-post-title":"","ast-breadcrumbs-content":"","ast-featured-img":"","footer-sml-layout":"","theme-transparent-header-meta":"default","adv-header-id-meta":"","stick-header-meta":"","header-above-stick-meta":"","header-main-stick-meta":"","header-below-stick-meta":"","astra-migrate-meta-layouts":"set","ast-page-background-enabled":"default","ast-page-background-meta":{"desktop":{"background-color":"var(--ast-global-color-5)","background-image":"","background-repeat":"repeat","background-position":"center center","background-size":"auto","background-attachment":"scroll","background-type":"","background-media":"","overlay-type":"","overlay-color":"","overlay-opacity":"","overlay-gradient":""},"tablet":{"background-color":"","background-image":"","background-repeat":"repeat","background-position":"center center","background-size":"auto","background-attachment":"scroll","background-type":"","background-media":"","overlay-type":"","overlay-color":"","overlay-opacity":"","overlay-gradient":""},"mobile":{"background-color":"","background-image":"","background-repeat":"repeat","background-position":"center center","background-size":"auto","background-attachment":"scroll","background-type":"","background-media":"","overlay-type":"","overlay-color":"","overlay-opacity":"","overlay-gradient":""}},"ast-content-background-meta":{"desktop":{"background-color":"var(--ast-global-color-4)","background-image":"","background-repeat":"repeat","background-position":"center center","background-size":"auto","background-attachment":"scroll","background-type":"","background-media":"","overlay-type":"","overlay-color":"","overlay-opacity":"","overlay-gradient":""},"tablet":{"background-color":"var(--ast-global-color-4)","background-image":"","background-repeat":"repeat","background-position":"center center","background-size":"auto","background-attachment":"scroll","background-type":"","background-media":"","overlay-type":"","overlay-color":"","overlay-opacity":"","overlay-gradient":""},"mobile":{"background-color":"var(--ast-global-color-4)","background-image":"","background-repeat":"repeat","background-position":"center center","background-size":"auto","background-attachment":"scroll","background-type":"","background-media":"","overlay-type":"","overlay-color":"","overlay-opacity":"","overlay-gradient":""}}},"product_brand":[77],"product_cat":[385],"product_tag":[],"class_list":{"0":"post-14538","1":"product","2":"type-product","3":"status-publish","4":"has-post-thumbnail","6":"product_brand-intense-fun","7":"product_cat-brinquedos-para-mulheres-2","8":"desktop-align-left","9":"tablet-align-left","10":"mobile-align-left","12":"first","13":"instock","14":"featured","15":"shipping-taxable","16":"purchasable","17":"product-type-simple"},"_links":{"self":[{"href":"https:\/\/intimusdream.com\/index.php\/wp-json\/wp\/v2\/product\/14538","targetHints":{"allow":["GET"]}}],"collection":[{"href":"https:\/\/intimusdream.com\/index.php\/wp-json\/wp\/v2\/product"}],"about":[{"href":"https:\/\/intimusdream.com\/index.php\/wp-json\/wp\/v2\/types\/product"}],"replies":[{"embeddable":true,"href":"https:\/\/intimusdream.com\/index.php\/wp-json\/wp\/v2\/comments?post=14538"}],"wp:featuredmedia":[{"embeddable":true,"href":"https:\/\/intimusdream.com\/index.php\/wp-json\/wp\/v2\/media\/14537"}],"wp:attachment":[{"href":"https:\/\/intimusdream.com\/index.php\/wp-json\/wp\/v2\/media?parent=14538"}],"wp:term":[{"taxonomy":"product_brand","embeddable":true,"href":"https:\/\/intimusdream.com\/index.php\/wp-json\/wp\/v2\/product_brand?post=14538"},{"taxonomy":"product_cat","embeddable":true,"href":"https:\/\/intimusdream.com\/index.php\/wp-json\/wp\/v2\/product_cat?post=14538"},{"taxonomy":"product_tag","embeddable":true,"href":"https:\/\/intimusdream.com\/index.php\/wp-json\/wp\/v2\/product_tag?post=14538"}],"curies":[{"name":"wp","href":"https:\/\/api.w.org\/{rel}","templated":true}]}}