{"id":14974,"date":"2025-07-15T19:43:35","date_gmt":"2025-07-15T19:43:35","guid":{"rendered":"https:\/\/intimusdream.com\/index.php\/produto\/intimateline-luxuria-vela-de-massagem-de-chocolate\/"},"modified":"2026-01-09T15:14:25","modified_gmt":"2026-01-09T15:14:25","slug":"intimateline-luxuria-vela-de-massagem-de-chocolate","status":"publish","type":"product","link":"https:\/\/intimusdream.com\/index.php\/produto\/intimateline-luxuria-vela-de-massagem-de-chocolate\/","title":{"rendered":"INTIMATELINE LUXURIA &#8211; VELA DE MASSAGEM DE CHOCOLATE"},"content":{"rendered":"<p>Luxuria Ardes Isabella Grape Massage Candle \u00e9 uma vela de massagem perfumada, feita com manteiga de karit\u00e9, enriquecida com aromas sensuais para intensificar e estimular o relacionamento \u00edntimo. As propriedades firmadoras e emolientes da manteiga de karit\u00e9 proporcionar\u00e3o al\u00edvio e maciez \u00e0 sua pele. O aroma inebriante de suas fragr\u00e2ncias envolver\u00e1 voc\u00ea em momentos quentes e sensuais cheios de paix\u00e3o e excita\u00e7\u00e3o. Ardes acender\u00e1 uma atmosfera luxuriosa levando voc\u00ea a uma dimens\u00e3o sensorial de prazer er\u00f3tico.<\/p>\n<ul>\n<li> <strong>Vela com aroma sensual<\/strong><\/li>\n<\/ul>\n<p> Para acender a paix\u00e3o<\/p>\n<p> O aroma sensual \u00e9 uma combina\u00e7\u00e3o sofisticada e envolvente de notas quentes e reconfortantes, projetada para criar uma experi\u00eancia relaxante e \u00edntima.<\/p>\n<ul>\n<li> <strong>Feito com manteiga de karit\u00e9<\/strong><\/li>\n<\/ul>\n<p> Para uma pele macia e sedosa. Conhecida por suas propriedades ben\u00e9ficas, a manteiga de karit\u00e9 mant\u00e9m a pele hidratada e macia. Ela acalma irrita\u00e7\u00f5es e vermelhid\u00e3o da pele. Ela tem uma a\u00e7\u00e3o regeneradora e el\u00e1stica. A manteiga de karit\u00e9 \u00e9 rica em vitamina A e E, que ajudam a prevenir sinais de envelhecimento.<\/p>\n<ul>\n<li> <strong>Sem petrolato<\/strong><\/li>\n<\/ul>\n<p> E sem corantes. A aus\u00eancia de petrolato faz do Ardes uma excelente escolha para uma experi\u00eancia de massagem relaxante e nutritiva. Sua composi\u00e7\u00e3o \u00e9 inteiramente \u00e0 base de manteiga de karit\u00e9, proporcionando m\u00e1xima hidrata\u00e7\u00e3o de forma natural e segura, tornando o produto compat\u00edvel at\u00e9 mesmo com as peles mais sens\u00edveis.<\/p>\n<ul>\n<li> <strong>Como usar<\/strong><\/li>\n<\/ul>\n<p> Acenda a vela 10 minutos antes de iniciar o tratamento, depois apague-a e despeje o \u00f3leo morno diretamente no corpo, realizando a massagem desejada.<\/p>\n<ul>\n<li> <strong>Ingredientes<\/strong><\/li>\n<\/ul>\n<p> Butyrospermum parkii, \u00f3leo de semente de Helianthus annuus, perfume, \u00e9ter dicapril\u00edlico, lecitina, tocoferol, palmitato de ascorbila, \u00e1cido c\u00edtrico<\/p>\n","protected":false},"excerpt":{"rendered":"<p>https:\/\/store.dreamlove.es\/productos\/imagenes\/img_195829_4b1177ad05a3ebbe55de0e7f83027f79_1.jpg|https:\/\/store.dreamlove.es\/productos\/imagenes\/img_195826_f37f5fb804dbded95ce4860414e8a95e_1.jpg|https:\/\/store.dreamlove.es\/productos\/imagenes\/img_195828_caf7c371782ca91370c93c04c874bf89_1.jpg|https:\/\/store.dreamlove.es\/productos\/imagenes\/img_195830_0ea4e5bdf4324db9dbd35d37ac76691d_1.jpg<\/p>\n","protected":false},"featured_media":14973,"comment_status":"open","ping_status":"closed","template":"","meta":{"site-sidebar-layout":"default","site-content-layout":"","ast-site-content-layout":"","site-content-style":"default","site-sidebar-style":"default","ast-global-header-display":"","ast-banner-title-visibility":"","ast-main-header-display":"","ast-hfb-above-header-display":"","ast-hfb-below-header-display":"","ast-hfb-mobile-header-display":"","site-post-title":"","ast-breadcrumbs-content":"","ast-featured-img":"","footer-sml-layout":"","theme-transparent-header-meta":"","adv-header-id-meta":"","stick-header-meta":"","header-above-stick-meta":"","header-main-stick-meta":"","header-below-stick-meta":"","astra-migrate-meta-layouts":"default","ast-page-background-enabled":"default","ast-page-background-meta":{"desktop":{"background-color":"var(--ast-global-color-5)","background-image":"","background-repeat":"repeat","background-position":"center center","background-size":"auto","background-attachment":"scroll","background-type":"","background-media":"","overlay-type":"","overlay-color":"","overlay-opacity":"","overlay-gradient":""},"tablet":{"background-color":"","background-image":"","background-repeat":"repeat","background-position":"center center","background-size":"auto","background-attachment":"scroll","background-type":"","background-media":"","overlay-type":"","overlay-color":"","overlay-opacity":"","overlay-gradient":""},"mobile":{"background-color":"","background-image":"","background-repeat":"repeat","background-position":"center center","background-size":"auto","background-attachment":"scroll","background-type":"","background-media":"","overlay-type":"","overlay-color":"","overlay-opacity":"","overlay-gradient":""}},"ast-content-background-meta":{"desktop":{"background-color":"var(--ast-global-color-4)","background-image":"","background-repeat":"repeat","background-position":"center center","background-size":"auto","background-attachment":"scroll","background-type":"","background-media":"","overlay-type":"","overlay-color":"","overlay-opacity":"","overlay-gradient":""},"tablet":{"background-color":"var(--ast-global-color-4)","background-image":"","background-repeat":"repeat","background-position":"center center","background-size":"auto","background-attachment":"scroll","background-type":"","background-media":"","overlay-type":"","overlay-color":"","overlay-opacity":"","overlay-gradient":""},"mobile":{"background-color":"var(--ast-global-color-4)","background-image":"","background-repeat":"repeat","background-position":"center center","background-size":"auto","background-attachment":"scroll","background-type":"","background-media":"","overlay-type":"","overlay-color":"","overlay-opacity":"","overlay-gradient":""}}},"product_brand":[87],"product_cat":[345,419,355],"product_tag":[],"class_list":{"0":"post-14974","1":"product","2":"type-product","3":"status-publish","4":"has-post-thumbnail","6":"product_brand-intimateline","7":"product_cat-drogaria","8":"product_cat-outlet","9":"product_cat-para-massagens","10":"desktop-align-left","11":"tablet-align-left","12":"mobile-align-left","14":"first","15":"outofstock","16":"shipping-taxable","17":"purchasable","18":"product-type-simple"},"_links":{"self":[{"href":"https:\/\/intimusdream.com\/index.php\/wp-json\/wp\/v2\/product\/14974","targetHints":{"allow":["GET"]}}],"collection":[{"href":"https:\/\/intimusdream.com\/index.php\/wp-json\/wp\/v2\/product"}],"about":[{"href":"https:\/\/intimusdream.com\/index.php\/wp-json\/wp\/v2\/types\/product"}],"replies":[{"embeddable":true,"href":"https:\/\/intimusdream.com\/index.php\/wp-json\/wp\/v2\/comments?post=14974"}],"wp:featuredmedia":[{"embeddable":true,"href":"https:\/\/intimusdream.com\/index.php\/wp-json\/wp\/v2\/media\/14973"}],"wp:attachment":[{"href":"https:\/\/intimusdream.com\/index.php\/wp-json\/wp\/v2\/media?parent=14974"}],"wp:term":[{"taxonomy":"product_brand","embeddable":true,"href":"https:\/\/intimusdream.com\/index.php\/wp-json\/wp\/v2\/product_brand?post=14974"},{"taxonomy":"product_cat","embeddable":true,"href":"https:\/\/intimusdream.com\/index.php\/wp-json\/wp\/v2\/product_cat?post=14974"},{"taxonomy":"product_tag","embeddable":true,"href":"https:\/\/intimusdream.com\/index.php\/wp-json\/wp\/v2\/product_tag?post=14974"}],"curies":[{"name":"wp","href":"https:\/\/api.w.org\/{rel}","templated":true}]}}