{"id":14996,"date":"2025-07-15T19:43:49","date_gmt":"2025-07-15T19:43:49","guid":{"rendered":"https:\/\/intimusdream.com\/index.php\/produto\/intt-gel-comestivel-lick-me-honey-com-efeito-calor\/"},"modified":"2026-01-09T15:07:21","modified_gmt":"2026-01-09T15:07:21","slug":"intt-gel-comestivel-lick-me-honey-com-efeito-calor","status":"publish","type":"product","link":"https:\/\/intimusdream.com\/index.php\/produto\/intt-gel-comestivel-lick-me-honey-com-efeito-calor\/","title":{"rendered":"INTT &#8211; GEL COMEST\u00cdVEL LICK ME HONEY COM EFEITO CALOR"},"content":{"rendered":"<p>Este gel comest\u00edvel requintado foi cuidadosamente formulado para adicionar um toque de sensualidade e prazer aos seus momentos \u00edntimos. Seu delicioso sabor de mel, combinado com um efeito quente que estimula os sentidos, transforma cada experi\u00eancia em algo \u00fanico e prazeroso. Este gel \u00e9 projetado especificamente para aumentar o prazer durante as preliminares e o sexo oral, tornando os momentos \u00edntimos mais doces, mais apaixonados e mais memor\u00e1veis.<\/p>\n<p> Al\u00e9m de ser perfeito para preliminares e sexo oral, este gel \u00e9 completamente seguro para uso durante a penetra\u00e7\u00e3o, oferecendo uma sensa\u00e7\u00e3o quente e suave que aumenta o prazer de ambos. \u00c9 compat\u00edvel com o uso de preservativos e brinquedos sexuais, para que voc\u00ea possa aproveit\u00e1-lo com total tranquilidade, sabendo que \u00e9 seguro e adequado para diferentes tipos de encontros \u00edntimos.<\/p>\n<p> <u><strong>Caracter\u00edsticas do gel:<\/strong><\/u><\/p>\n<ul>\n<li> <strong>Comest\u00edvel:<\/strong> Aproveite seu sabor sem preocupa\u00e7\u00f5es, ideal para sexo oral.<\/li>\n<li> <strong>Sabor de MEL:<\/strong> O sabor delicado e doce do p\u00eassego acrescenta um toque irresist\u00edvel.<\/li>\n<li> <strong>Efeito Quente:<\/strong> Ao aplicar o gel, voc\u00ea sentir\u00e1 uma agrad\u00e1vel sensa\u00e7\u00e3o de calor que intensifica o prazer.<\/li>\n<li> <strong>Compat\u00edvel com brinquedos e preservativos:<\/strong> pode ser usado sem problemas com preservativos e brinquedos sexuais, permitindo uma experi\u00eancia vers\u00e1til e segura.<\/li>\n<\/ul>\n<p> Com este gel comest\u00edvel, voc\u00ea pode explorar novas sensa\u00e7\u00f5es e enriquecer seus momentos de intimidade, adicionando um toque de calor e sabor que aumentar\u00e1 a conex\u00e3o e o prazer m\u00fatuo.<\/p>\n","protected":false},"excerpt":{"rendered":"<p>https:\/\/store.dreamlove.es\/productos\/imagenes\/img_190017_30e85c1368f80db0e43e8fdf8cdd602a_1.jpg<\/p>\n","protected":false},"featured_media":14995,"comment_status":"open","ping_status":"closed","template":"","meta":{"site-sidebar-layout":"default","site-content-layout":"","ast-site-content-layout":"","site-content-style":"default","site-sidebar-style":"default","ast-global-header-display":"","ast-banner-title-visibility":"","ast-main-header-display":"","ast-hfb-above-header-display":"","ast-hfb-below-header-display":"","ast-hfb-mobile-header-display":"","site-post-title":"","ast-breadcrumbs-content":"","ast-featured-img":"","footer-sml-layout":"","theme-transparent-header-meta":"","adv-header-id-meta":"","stick-header-meta":"","header-above-stick-meta":"","header-main-stick-meta":"","header-below-stick-meta":"","astra-migrate-meta-layouts":"default","ast-page-background-enabled":"default","ast-page-background-meta":{"desktop":{"background-color":"var(--ast-global-color-5)","background-image":"","background-repeat":"repeat","background-position":"center center","background-size":"auto","background-attachment":"scroll","background-type":"","background-media":"","overlay-type":"","overlay-color":"","overlay-opacity":"","overlay-gradient":""},"tablet":{"background-color":"","background-image":"","background-repeat":"repeat","background-position":"center center","background-size":"auto","background-attachment":"scroll","background-type":"","background-media":"","overlay-type":"","overlay-color":"","overlay-opacity":"","overlay-gradient":""},"mobile":{"background-color":"","background-image":"","background-repeat":"repeat","background-position":"center center","background-size":"auto","background-attachment":"scroll","background-type":"","background-media":"","overlay-type":"","overlay-color":"","overlay-opacity":"","overlay-gradient":""}},"ast-content-background-meta":{"desktop":{"background-color":"var(--ast-global-color-4)","background-image":"","background-repeat":"repeat","background-position":"center center","background-size":"auto","background-attachment":"scroll","background-type":"","background-media":"","overlay-type":"","overlay-color":"","overlay-opacity":"","overlay-gradient":""},"tablet":{"background-color":"var(--ast-global-color-4)","background-image":"","background-repeat":"repeat","background-position":"center center","background-size":"auto","background-attachment":"scroll","background-type":"","background-media":"","overlay-type":"","overlay-color":"","overlay-opacity":"","overlay-gradient":""},"mobile":{"background-color":"var(--ast-global-color-4)","background-image":"","background-repeat":"repeat","background-position":"center center","background-size":"auto","background-attachment":"scroll","background-type":"","background-media":"","overlay-type":"","overlay-color":"","overlay-opacity":"","overlay-gradient":""}}},"product_brand":[89],"product_cat":[345,352],"product_tag":[],"class_list":{"0":"post-14996","1":"product","2":"type-product","3":"status-publish","4":"has-post-thumbnail","6":"product_brand-intt-lubricants","7":"product_cat-drogaria","8":"product_cat-lubrificantes","9":"desktop-align-left","10":"tablet-align-left","11":"mobile-align-left","13":"first","14":"instock","15":"shipping-taxable","16":"purchasable","17":"product-type-simple"},"_links":{"self":[{"href":"https:\/\/intimusdream.com\/index.php\/wp-json\/wp\/v2\/product\/14996","targetHints":{"allow":["GET"]}}],"collection":[{"href":"https:\/\/intimusdream.com\/index.php\/wp-json\/wp\/v2\/product"}],"about":[{"href":"https:\/\/intimusdream.com\/index.php\/wp-json\/wp\/v2\/types\/product"}],"replies":[{"embeddable":true,"href":"https:\/\/intimusdream.com\/index.php\/wp-json\/wp\/v2\/comments?post=14996"}],"wp:featuredmedia":[{"embeddable":true,"href":"https:\/\/intimusdream.com\/index.php\/wp-json\/wp\/v2\/media\/14995"}],"wp:attachment":[{"href":"https:\/\/intimusdream.com\/index.php\/wp-json\/wp\/v2\/media?parent=14996"}],"wp:term":[{"taxonomy":"product_brand","embeddable":true,"href":"https:\/\/intimusdream.com\/index.php\/wp-json\/wp\/v2\/product_brand?post=14996"},{"taxonomy":"product_cat","embeddable":true,"href":"https:\/\/intimusdream.com\/index.php\/wp-json\/wp\/v2\/product_cat?post=14996"},{"taxonomy":"product_tag","embeddable":true,"href":"https:\/\/intimusdream.com\/index.php\/wp-json\/wp\/v2\/product_tag?post=14996"}],"curies":[{"name":"wp","href":"https:\/\/api.w.org\/{rel}","templated":true}]}}