{"id":15002,"date":"2025-07-15T19:43:51","date_gmt":"2025-07-15T19:43:51","guid":{"rendered":"https:\/\/intimusdream.com\/index.php\/produto\/intt-lubrificante-hydra-a-base-de-agua-com-acido-hialuronico\/"},"modified":"2026-01-09T15:06:46","modified_gmt":"2026-01-09T15:06:46","slug":"intt-lubrificante-hydra-a-base-de-agua-com-acido-hialuronico","status":"publish","type":"product","link":"https:\/\/intimusdream.com\/index.php\/produto\/intt-lubrificante-hydra-a-base-de-agua-com-acido-hialuronico\/","title":{"rendered":"INTT &#8211; LUBRIFICANTE HYDRA \u00c0 BASE DE \u00c1GUA COM \u00c1CIDO HIALUR\u00d4NICO"},"content":{"rendered":"<p>O Lubrificante Vegano INTT Hydra Plus &eacute; um lubrificante suave &agrave; base de &aacute;gua, ideal para facilitar o atrito durante jogos er&oacute;ticos.<\/p>\n<p>Adicione propriedades reparadoras e hidratantes da Centella Asiatica e do &aacute;cido hialur&ocirc;nico. Alguns dos seus benef&iacute;cios s&atilde;o proteger e acalmar a zona &iacute;ntima, mimando-a de tal forma que a sua aplica&ccedil;&atilde;o n&atilde;o s&oacute; &eacute; necess&aacute;ria para facilitar a penetra&ccedil;&atilde;o, mas tamb&eacute;m para o uso di&aacute;rio para manter a zona hidratada. &Eacute; totalmente adequado para uso com preservativos e brinquedos sexuais.<\/p>\n<p>&Eacute; um produto vegano e vem em uma pr&aacute;tica embalagem de 100 ml.<\/p>\n<p>Principais caracter&iacute;sticas:<\/p>\n<ul>\n<li>Lubrificante &agrave; base de &aacute;gua.<\/li>\n<li>Propriedades reparadoras, hidratantes e calmantes.<\/li>\n<li>Ideal para facilitar a penetra&ccedil;&atilde;o ou para uso di&aacute;rio.<\/li>\n<li>Adequado para preservativos e brinquedos sexuais.<\/li>\n<li>vegano.<\/li>\n<li>Recipiente de 100 ml.<\/li>\n<\/ul>\n","protected":false},"excerpt":{"rendered":"<p>https:\/\/store.dreamlove.es\/productos\/imagenes\/img_145237_89d90b99b26c2a0f7526b627515fee42_1.jpg<\/p>\n","protected":false},"featured_media":15001,"comment_status":"open","ping_status":"closed","template":"","meta":{"site-sidebar-layout":"default","site-content-layout":"","ast-site-content-layout":"","site-content-style":"default","site-sidebar-style":"default","ast-global-header-display":"","ast-banner-title-visibility":"","ast-main-header-display":"","ast-hfb-above-header-display":"","ast-hfb-below-header-display":"","ast-hfb-mobile-header-display":"","site-post-title":"","ast-breadcrumbs-content":"","ast-featured-img":"","footer-sml-layout":"","theme-transparent-header-meta":"","adv-header-id-meta":"","stick-header-meta":"","header-above-stick-meta":"","header-main-stick-meta":"","header-below-stick-meta":"","astra-migrate-meta-layouts":"default","ast-page-background-enabled":"default","ast-page-background-meta":{"desktop":{"background-color":"var(--ast-global-color-5)","background-image":"","background-repeat":"repeat","background-position":"center center","background-size":"auto","background-attachment":"scroll","background-type":"","background-media":"","overlay-type":"","overlay-color":"","overlay-opacity":"","overlay-gradient":""},"tablet":{"background-color":"","background-image":"","background-repeat":"repeat","background-position":"center center","background-size":"auto","background-attachment":"scroll","background-type":"","background-media":"","overlay-type":"","overlay-color":"","overlay-opacity":"","overlay-gradient":""},"mobile":{"background-color":"","background-image":"","background-repeat":"repeat","background-position":"center center","background-size":"auto","background-attachment":"scroll","background-type":"","background-media":"","overlay-type":"","overlay-color":"","overlay-opacity":"","overlay-gradient":""}},"ast-content-background-meta":{"desktop":{"background-color":"var(--ast-global-color-4)","background-image":"","background-repeat":"repeat","background-position":"center center","background-size":"auto","background-attachment":"scroll","background-type":"","background-media":"","overlay-type":"","overlay-color":"","overlay-opacity":"","overlay-gradient":""},"tablet":{"background-color":"var(--ast-global-color-4)","background-image":"","background-repeat":"repeat","background-position":"center center","background-size":"auto","background-attachment":"scroll","background-type":"","background-media":"","overlay-type":"","overlay-color":"","overlay-opacity":"","overlay-gradient":""},"mobile":{"background-color":"var(--ast-global-color-4)","background-image":"","background-repeat":"repeat","background-position":"center center","background-size":"auto","background-attachment":"scroll","background-type":"","background-media":"","overlay-type":"","overlay-color":"","overlay-opacity":"","overlay-gradient":""}}},"product_brand":[90],"product_cat":[345,352],"product_tag":[],"class_list":{"0":"post-15002","1":"product","2":"type-product","3":"status-publish","4":"has-post-thumbnail","6":"product_brand-intt-vegan-line","7":"product_cat-drogaria","8":"product_cat-lubrificantes","9":"desktop-align-left","10":"tablet-align-left","11":"mobile-align-left","13":"first","14":"instock","15":"shipping-taxable","16":"purchasable","17":"product-type-simple"},"_links":{"self":[{"href":"https:\/\/intimusdream.com\/index.php\/wp-json\/wp\/v2\/product\/15002","targetHints":{"allow":["GET"]}}],"collection":[{"href":"https:\/\/intimusdream.com\/index.php\/wp-json\/wp\/v2\/product"}],"about":[{"href":"https:\/\/intimusdream.com\/index.php\/wp-json\/wp\/v2\/types\/product"}],"replies":[{"embeddable":true,"href":"https:\/\/intimusdream.com\/index.php\/wp-json\/wp\/v2\/comments?post=15002"}],"wp:featuredmedia":[{"embeddable":true,"href":"https:\/\/intimusdream.com\/index.php\/wp-json\/wp\/v2\/media\/15001"}],"wp:attachment":[{"href":"https:\/\/intimusdream.com\/index.php\/wp-json\/wp\/v2\/media?parent=15002"}],"wp:term":[{"taxonomy":"product_brand","embeddable":true,"href":"https:\/\/intimusdream.com\/index.php\/wp-json\/wp\/v2\/product_brand?post=15002"},{"taxonomy":"product_cat","embeddable":true,"href":"https:\/\/intimusdream.com\/index.php\/wp-json\/wp\/v2\/product_cat?post=15002"},{"taxonomy":"product_tag","embeddable":true,"href":"https:\/\/intimusdream.com\/index.php\/wp-json\/wp\/v2\/product_tag?post=15002"}],"curies":[{"name":"wp","href":"https:\/\/api.w.org\/{rel}","templated":true}]}}