{"id":15016,"date":"2025-07-15T19:43:55","date_gmt":"2025-07-15T19:43:55","guid":{"rendered":"https:\/\/intimusdream.com\/index.php\/produto\/intt-poderoso-estimulante-intimo-gel-vibratorio-liquido-cannabis-15ml\/"},"modified":"2026-01-09T15:08:42","modified_gmt":"2026-01-09T15:08:42","slug":"intt-poderoso-estimulante-intimo-gel-vibratorio-liquido-cannabis-15ml","status":"publish","type":"product","link":"https:\/\/intimusdream.com\/index.php\/produto\/intt-poderoso-estimulante-intimo-gel-vibratorio-liquido-cannabis-15ml\/","title":{"rendered":"INTT &#8211; PODEROSO ESTIMULANTE \u00cdNTIMO GEL VIBRAT\u00d3RIO L\u00cdQUIDO CANNABIS 15ML"},"content":{"rendered":"<p>INTT Vibration Cannabis &eacute; um poderoso gel estimulante especialmente desenvolvido para proporcionar sensa&ccedil;&otilde;es vibrantes na regi&atilde;o &iacute;ntima.<\/p>\n<p> &Eacute; um vibrador l&iacute;quido que se aplica na zona &iacute;ntima, quer na vulva\/clit&oacute;ris, quer no p&eacute;nis\/glande, e proporciona sensa&ccedil;&otilde;es muito intensas. Vibration Cannabis tamb&eacute;m adiciona sabor\/aroma &agrave; mistura de Cannabis. Totalmente adequado para penetra&ccedil;&atilde;o, masturba&ccedil;&atilde;o e gra&ccedil;as ao seu refrescante aroma e sabor de Cannabis, torna muito agrad&aacute;vel ser beij&aacute;vel, melhorando assim a pr&aacute;tica do sexo oral e abrindo um amplo leque de possibilidades de jogo.<\/p>\n<p> Uma pequena quantidade deve ser aplicada na regi&atilde;o &iacute;ntima e o produto massageado suavemente.<\/p>\n<p> Apresenta-se num recipiente confort&aacute;vel e pr&aacute;tico com dispensador de 15 ml.<\/p>\n<p> Principais caracter&iacute;sticas:<\/p>\n<ul>\n<li> gel estimulante.<\/li>\n<li> Fluido vibrat&oacute;rio.<\/li>\n<li> Adiciona aroma\/sabor &agrave; Cannabis<\/li>\n<li> Aumenta a sensibilidade da &aacute;rea &iacute;ntima.<\/li>\n<li> beij&aacute;vel.<\/li>\n<li> Adequado para penetra&ccedil;&atilde;o, masturba&ccedil;&atilde;o e sexo oral.<\/li>\n<li> Ele oferece uma &oacute;tima op&ccedil;&atilde;o de jogo.<\/li>\n<li> Formato confort&aacute;vel e pr&aacute;tico.<\/li>\n<li> Com dispensador.<\/li>\n<li> Frasco de 15ml.<\/li>\n<\/ul>\n","protected":false},"excerpt":{"rendered":"<p>https:\/\/store.dreamlove.es\/productos\/imagenes\/img_145168_b89395d3a3ccfbc2575406162429fe41_1.jpg|https:\/\/store.dreamlove.es\/productos\/imagenes\/img_145167_286491d7156910fe8e92fa476c367d6f_1.jpg|https:\/\/store.dreamlove.es\/productos\/imagenes\/img_145169_5ff2597ce2e51035fbfb29d84218de10_1.jpg<\/p>\n","protected":false},"featured_media":15015,"comment_status":"open","ping_status":"closed","template":"","meta":{"site-sidebar-layout":"default","site-content-layout":"","ast-site-content-layout":"","site-content-style":"default","site-sidebar-style":"default","ast-global-header-display":"","ast-banner-title-visibility":"","ast-main-header-display":"","ast-hfb-above-header-display":"","ast-hfb-below-header-display":"","ast-hfb-mobile-header-display":"","site-post-title":"","ast-breadcrumbs-content":"","ast-featured-img":"","footer-sml-layout":"","theme-transparent-header-meta":"","adv-header-id-meta":"","stick-header-meta":"","header-above-stick-meta":"","header-main-stick-meta":"","header-below-stick-meta":"","astra-migrate-meta-layouts":"default","ast-page-background-enabled":"default","ast-page-background-meta":{"desktop":{"background-color":"var(--ast-global-color-5)","background-image":"","background-repeat":"repeat","background-position":"center center","background-size":"auto","background-attachment":"scroll","background-type":"","background-media":"","overlay-type":"","overlay-color":"","overlay-opacity":"","overlay-gradient":""},"tablet":{"background-color":"","background-image":"","background-repeat":"repeat","background-position":"center center","background-size":"auto","background-attachment":"scroll","background-type":"","background-media":"","overlay-type":"","overlay-color":"","overlay-opacity":"","overlay-gradient":""},"mobile":{"background-color":"","background-image":"","background-repeat":"repeat","background-position":"center center","background-size":"auto","background-attachment":"scroll","background-type":"","background-media":"","overlay-type":"","overlay-color":"","overlay-opacity":"","overlay-gradient":""}},"ast-content-background-meta":{"desktop":{"background-color":"var(--ast-global-color-4)","background-image":"","background-repeat":"repeat","background-position":"center center","background-size":"auto","background-attachment":"scroll","background-type":"","background-media":"","overlay-type":"","overlay-color":"","overlay-opacity":"","overlay-gradient":""},"tablet":{"background-color":"var(--ast-global-color-4)","background-image":"","background-repeat":"repeat","background-position":"center center","background-size":"auto","background-attachment":"scroll","background-type":"","background-media":"","overlay-type":"","overlay-color":"","overlay-opacity":"","overlay-gradient":""},"mobile":{"background-color":"var(--ast-global-color-4)","background-image":"","background-repeat":"repeat","background-position":"center center","background-size":"auto","background-attachment":"scroll","background-type":"","background-media":"","overlay-type":"","overlay-color":"","overlay-opacity":"","overlay-gradient":""}}},"product_brand":[92],"product_cat":[345,354,419],"product_tag":[],"class_list":{"0":"post-15016","1":"product","2":"type-product","3":"status-publish","4":"has-post-thumbnail","6":"product_brand-intt-unisex-arousal-gel","7":"product_cat-drogaria","8":"product_cat-estimulantes-para-mulheres","9":"product_cat-outlet","10":"desktop-align-left","11":"tablet-align-left","12":"mobile-align-left","14":"first","15":"instock","16":"shipping-taxable","17":"purchasable","18":"product-type-simple"},"_links":{"self":[{"href":"https:\/\/intimusdream.com\/index.php\/wp-json\/wp\/v2\/product\/15016","targetHints":{"allow":["GET"]}}],"collection":[{"href":"https:\/\/intimusdream.com\/index.php\/wp-json\/wp\/v2\/product"}],"about":[{"href":"https:\/\/intimusdream.com\/index.php\/wp-json\/wp\/v2\/types\/product"}],"replies":[{"embeddable":true,"href":"https:\/\/intimusdream.com\/index.php\/wp-json\/wp\/v2\/comments?post=15016"}],"wp:featuredmedia":[{"embeddable":true,"href":"https:\/\/intimusdream.com\/index.php\/wp-json\/wp\/v2\/media\/15015"}],"wp:attachment":[{"href":"https:\/\/intimusdream.com\/index.php\/wp-json\/wp\/v2\/media?parent=15016"}],"wp:term":[{"taxonomy":"product_brand","embeddable":true,"href":"https:\/\/intimusdream.com\/index.php\/wp-json\/wp\/v2\/product_brand?post=15016"},{"taxonomy":"product_cat","embeddable":true,"href":"https:\/\/intimusdream.com\/index.php\/wp-json\/wp\/v2\/product_cat?post=15016"},{"taxonomy":"product_tag","embeddable":true,"href":"https:\/\/intimusdream.com\/index.php\/wp-json\/wp\/v2\/product_tag?post=15016"}],"curies":[{"name":"wp","href":"https:\/\/api.w.org\/{rel}","templated":true}]}}