{"id":15040,"date":"2025-07-15T19:44:02","date_gmt":"2025-07-15T19:44:02","guid":{"rendered":"https:\/\/intimusdream.com\/index.php\/produto\/intt-for-him-gel-intimo-para-aumentar-a-erecao-e-o-tamanho-do-penis\/"},"modified":"2026-01-09T15:14:37","modified_gmt":"2026-01-09T15:14:37","slug":"intt-for-him-gel-intimo-para-aumentar-a-erecao-e-o-tamanho-do-penis","status":"publish","type":"product","link":"https:\/\/intimusdream.com\/index.php\/produto\/intt-for-him-gel-intimo-para-aumentar-a-erecao-e-o-tamanho-do-penis\/","title":{"rendered":"INTT FOR HIM &#8211; GEL \u00cdNTIMO PARA AUMENTAR A ERE\u00c7\u00c3O E O TAMANHO DO P\u00caNIS"},"content":{"rendered":"<p>INTT Inflate XXL &eacute; um poderoso gel especialmente desenvolvido para proporcionar sensa&ccedil;&atilde;o de firmeza e volume ao p&ecirc;nis.<\/p>\n<p>Gra&ccedil;as &agrave; sua composi&ccedil;&atilde;o vasodilatadora, aumenta intensamente a circula&ccedil;&atilde;o, proporcionando maior sensibilidade e incha&ccedil;o da zona &iacute;ntima por tempo limitado, potenciando a ere&ccedil;&atilde;o e intensificando a sensibilidade. Tamb&eacute;m &eacute; adequado para uso na &aacute;rea vulvar para experimentar uma sensa&ccedil;&atilde;o de incha&ccedil;o e aumentar a sensibilidade do clit&oacute;ris. &Eacute; um produto beij&aacute;vel, com aroma sutil de canela, tornando-o totalmente indicado para sexo oral e ampliando as op&ccedil;&otilde;es de brincadeiras.<\/p>\n<p>Deve-se aplicar uma pequena quantidade na regi&atilde;o da glande e eixo do p&ecirc;nis e massagear o produto at&eacute; sua absor&ccedil;&atilde;o.<\/p>\n<p>Apresenta-se numa c&oacute;moda e pr&aacute;tica embalagem com doseador de 15 ml.<\/p>\n<p>Principais caracter&iacute;sticas:<\/p>\n<ul>\n<li>Gel para aumentar a ere&ccedil;&atilde;o.<\/li>\n<li>Vasodilatador.<\/li>\n<li>Aumenta a circula&ccedil;&atilde;o sangu&iacute;nea.<\/li>\n<li>Proporciona maior sensibilidade.<\/li>\n<li>Ele incha a &aacute;rea &iacute;ntima por um tempo limitado.<\/li>\n<li>Tamb&eacute;m adequado para a vulva e clit&oacute;ris.<\/li>\n<li>Comest&iacute;vel.<\/li>\n<li>Aroma sutil de canela.<\/li>\n<li>Adequado para sexo oral.<\/li>\n<li>Formato confort&aacute;vel e pr&aacute;tico.<\/li>\n<li>Com dispensador.<\/li>\n<li>Frasco de 15 ml.<\/li>\n<\/ul>\n","protected":false},"excerpt":{"rendered":"<p>https:\/\/store.dreamlove.es\/productos\/imagenes\/img_145204_5e2bb82a5f61dd4583bd46fcc487143f_1.jpg|https:\/\/store.dreamlove.es\/productos\/imagenes\/img_145206_0e047c1eba0ac4875159cabfa81c9ee5_1.jpg|https:\/\/store.dreamlove.es\/productos\/imagenes\/img_145205_b2b88d36220becfee25bbbf6dbbf05a9_1.jpg<\/p>\n","protected":false},"featured_media":15039,"comment_status":"open","ping_status":"closed","template":"","meta":{"site-sidebar-layout":"default","site-content-layout":"","ast-site-content-layout":"","site-content-style":"default","site-sidebar-style":"default","ast-global-header-display":"","ast-banner-title-visibility":"","ast-main-header-display":"","ast-hfb-above-header-display":"","ast-hfb-below-header-display":"","ast-hfb-mobile-header-display":"","site-post-title":"","ast-breadcrumbs-content":"","ast-featured-img":"","footer-sml-layout":"","theme-transparent-header-meta":"","adv-header-id-meta":"","stick-header-meta":"","header-above-stick-meta":"","header-main-stick-meta":"","header-below-stick-meta":"","astra-migrate-meta-layouts":"default","ast-page-background-enabled":"default","ast-page-background-meta":{"desktop":{"background-color":"var(--ast-global-color-5)","background-image":"","background-repeat":"repeat","background-position":"center center","background-size":"auto","background-attachment":"scroll","background-type":"","background-media":"","overlay-type":"","overlay-color":"","overlay-opacity":"","overlay-gradient":""},"tablet":{"background-color":"","background-image":"","background-repeat":"repeat","background-position":"center center","background-size":"auto","background-attachment":"scroll","background-type":"","background-media":"","overlay-type":"","overlay-color":"","overlay-opacity":"","overlay-gradient":""},"mobile":{"background-color":"","background-image":"","background-repeat":"repeat","background-position":"center center","background-size":"auto","background-attachment":"scroll","background-type":"","background-media":"","overlay-type":"","overlay-color":"","overlay-opacity":"","overlay-gradient":""}},"ast-content-background-meta":{"desktop":{"background-color":"var(--ast-global-color-4)","background-image":"","background-repeat":"repeat","background-position":"center center","background-size":"auto","background-attachment":"scroll","background-type":"","background-media":"","overlay-type":"","overlay-color":"","overlay-opacity":"","overlay-gradient":""},"tablet":{"background-color":"var(--ast-global-color-4)","background-image":"","background-repeat":"repeat","background-position":"center center","background-size":"auto","background-attachment":"scroll","background-type":"","background-media":"","overlay-type":"","overlay-color":"","overlay-opacity":"","overlay-gradient":""},"mobile":{"background-color":"var(--ast-global-color-4)","background-image":"","background-repeat":"repeat","background-position":"center center","background-size":"auto","background-attachment":"scroll","background-type":"","background-media":"","overlay-type":"","overlay-color":"","overlay-opacity":"","overlay-gradient":""}}},"product_brand":[88],"product_cat":[345,357,419],"product_tag":[],"class_list":{"0":"post-15040","1":"product","2":"type-product","3":"status-publish","4":"has-post-thumbnail","6":"product_brand-intt-for-him","7":"product_cat-drogaria","8":"product_cat-estimulantes-para-meninos","9":"product_cat-outlet","10":"desktop-align-left","11":"tablet-align-left","12":"mobile-align-left","14":"first","15":"instock","16":"shipping-taxable","17":"purchasable","18":"product-type-simple"},"_links":{"self":[{"href":"https:\/\/intimusdream.com\/index.php\/wp-json\/wp\/v2\/product\/15040","targetHints":{"allow":["GET"]}}],"collection":[{"href":"https:\/\/intimusdream.com\/index.php\/wp-json\/wp\/v2\/product"}],"about":[{"href":"https:\/\/intimusdream.com\/index.php\/wp-json\/wp\/v2\/types\/product"}],"replies":[{"embeddable":true,"href":"https:\/\/intimusdream.com\/index.php\/wp-json\/wp\/v2\/comments?post=15040"}],"wp:featuredmedia":[{"embeddable":true,"href":"https:\/\/intimusdream.com\/index.php\/wp-json\/wp\/v2\/media\/15039"}],"wp:attachment":[{"href":"https:\/\/intimusdream.com\/index.php\/wp-json\/wp\/v2\/media?parent=15040"}],"wp:term":[{"taxonomy":"product_brand","embeddable":true,"href":"https:\/\/intimusdream.com\/index.php\/wp-json\/wp\/v2\/product_brand?post=15040"},{"taxonomy":"product_cat","embeddable":true,"href":"https:\/\/intimusdream.com\/index.php\/wp-json\/wp\/v2\/product_cat?post=15040"},{"taxonomy":"product_tag","embeddable":true,"href":"https:\/\/intimusdream.com\/index.php\/wp-json\/wp\/v2\/product_tag?post=15040"}],"curies":[{"name":"wp","href":"https:\/\/api.w.org\/{rel}","templated":true}]}}