{"id":15108,"date":"2025-07-15T19:44:25","date_gmt":"2025-07-15T19:44:25","guid":{"rendered":"https:\/\/intimusdream.com\/index.php\/produto\/kiiroo-dispositivo-de-ondas-estimulantes-interativos-powerblow\/"},"modified":"2026-01-09T15:14:02","modified_gmt":"2026-01-09T15:14:02","slug":"kiiroo-dispositivo-de-ondas-estimulantes-interativos-powerblow","status":"publish","type":"product","link":"https:\/\/intimusdream.com\/index.php\/produto\/kiiroo-dispositivo-de-ondas-estimulantes-interativos-powerblow\/","title":{"rendered":"KIIROO &#8211; DISPOSITIVO DE ONDAS ESTIMULANTES INTERATIVOS POWERBLOW"},"content":{"rendered":"<p>A tecnologia de suc\u00e7\u00e3o PowerBlow transforma seu masturbador favorito na melhor m\u00e1quina de boquete. Ele se encaixa perfeitamente em nossos estojos FeelStroker, proporcionando uma experi\u00eancia de suc\u00e7\u00e3o inigual\u00e1vel que redefinir\u00e1 a palavra &quot;boquete&quot; para sempre.<\/p>\n<p> O PowerBlow \u00e9 um dispositivo de suc\u00e7\u00e3o interativo que se conecta \u00e0 extremidade dos Kiiroo Feel Stars Strokers e de outras marcas l\u00edderes que usam o mesmo mecanismo de rosca dos Feel Stars Strokers.<\/p>\n<p> <strong>Os principais recursos incluem:<\/strong><\/p>\n<ul>\n<li> Integra\u00e7\u00e3o r\u00e1pida e f\u00e1cil com o aplicativo FeelConnect.<\/li>\n<li> Modos Bluetooth, Manual, Autom\u00e1tico<\/li>\n<li> Boquetes personaliz\u00e1veis \/ crie seus pr\u00f3prios padr\u00f5es de boquete<\/li>\n<li> Conecte-se usando o FeelMe AI para experimentar conte\u00fado interativo<\/li>\n<li> Compat\u00edvel com Feel Stars Strokers<\/li>\n<li> Compat\u00edvel com strokers de outras marcas com formato similar<\/li>\n<li> Experi\u00eancia de boquete realista<\/li>\n<\/ul>\n<p> <strong>O que voc\u00ea recebe na caixa:<\/strong><\/p>\n<ul>\n<li> 1 x Kiiroo PowerBlow<\/li>\n<li> 1 anel de silicone<\/li>\n<li> 1 copo stroker<\/li>\n<li> 1 anel de espuma absorvente de substitui\u00e7\u00e3o<\/li>\n<li> 1 cabo de carregamento USB-C<\/li>\n<li> 1 guia de in\u00edcio r\u00e1pido<\/li>\n<li> 1 x Livreto de cupons<\/li>\n<\/ul>\n","protected":false},"excerpt":{"rendered":"<p>https:\/\/store.dreamlove.es\/productos\/imagenes\/img_154793_d93bcb3a852d72b9a0661381233e67ca_1.jpg|https:\/\/store.dreamlove.es\/productos\/imagenes\/img_149097_43a00f1b99db8c00bf95fdff69c6cba5_1.jpg|https:\/\/store.dreamlove.es\/productos\/imagenes\/img_149098_bdc604b0a413d993cc453437db27bd09_1.jpg|https:\/\/store.dreamlove.es\/productos\/imagenes\/img_149096_8a87b9ee01feffbfeff37ede7ed6677e_1.jpg|https:\/\/store.dreamlove.es\/productos\/imagenes\/img_149101_9b6a240225974bafa45496e549a8544a_1.jpg|https:\/\/store.dreamlove.es\/productos\/imagenes\/img_149102_3af7745d449fe20d1b4e8f40942e1d38_1.jpg|https:\/\/store.dreamlove.es\/productos\/imagenes\/img_149100_6d708086bbb49e0c2a12fa2379dd79c8_1.jpg|https:\/\/store.dreamlove.es\/productos\/imagenes\/img_149103_f818587620fc2398336031223dcecf99_1.jpg<\/p>\n","protected":false},"featured_media":15107,"comment_status":"open","ping_status":"closed","template":"","meta":{"site-sidebar-layout":"default","site-content-layout":"","ast-site-content-layout":"","site-content-style":"default","site-sidebar-style":"default","ast-global-header-display":"","ast-banner-title-visibility":"","ast-main-header-display":"","ast-hfb-above-header-display":"","ast-hfb-below-header-display":"","ast-hfb-mobile-header-display":"","site-post-title":"","ast-breadcrumbs-content":"","ast-featured-img":"","footer-sml-layout":"","theme-transparent-header-meta":"","adv-header-id-meta":"","stick-header-meta":"","header-above-stick-meta":"","header-main-stick-meta":"","header-below-stick-meta":"","astra-migrate-meta-layouts":"default","ast-page-background-enabled":"default","ast-page-background-meta":{"desktop":{"background-color":"var(--ast-global-color-5)","background-image":"","background-repeat":"repeat","background-position":"center center","background-size":"auto","background-attachment":"scroll","background-type":"","background-media":"","overlay-type":"","overlay-color":"","overlay-opacity":"","overlay-gradient":""},"tablet":{"background-color":"","background-image":"","background-repeat":"repeat","background-position":"center center","background-size":"auto","background-attachment":"scroll","background-type":"","background-media":"","overlay-type":"","overlay-color":"","overlay-opacity":"","overlay-gradient":""},"mobile":{"background-color":"","background-image":"","background-repeat":"repeat","background-position":"center center","background-size":"auto","background-attachment":"scroll","background-type":"","background-media":"","overlay-type":"","overlay-color":"","overlay-opacity":"","overlay-gradient":""}},"ast-content-background-meta":{"desktop":{"background-color":"var(--ast-global-color-4)","background-image":"","background-repeat":"repeat","background-position":"center center","background-size":"auto","background-attachment":"scroll","background-type":"","background-media":"","overlay-type":"","overlay-color":"","overlay-opacity":"","overlay-gradient":""},"tablet":{"background-color":"var(--ast-global-color-4)","background-image":"","background-repeat":"repeat","background-position":"center center","background-size":"auto","background-attachment":"scroll","background-type":"","background-media":"","overlay-type":"","overlay-color":"","overlay-opacity":"","overlay-gradient":""},"mobile":{"background-color":"var(--ast-global-color-4)","background-image":"","background-repeat":"repeat","background-position":"center center","background-size":"auto","background-attachment":"scroll","background-type":"","background-media":"","overlay-type":"","overlay-color":"","overlay-opacity":"","overlay-gradient":""}}},"product_brand":[95],"product_cat":[384],"product_tag":[],"class_list":{"0":"post-15108","1":"product","2":"type-product","3":"status-publish","4":"has-post-thumbnail","6":"product_brand-kiiroo","7":"product_cat-brinquedos-sexuais-para-homens-2","8":"desktop-align-left","9":"tablet-align-left","10":"mobile-align-left","12":"first","13":"instock","14":"shipping-taxable","15":"purchasable","16":"product-type-simple"},"_links":{"self":[{"href":"https:\/\/intimusdream.com\/index.php\/wp-json\/wp\/v2\/product\/15108","targetHints":{"allow":["GET"]}}],"collection":[{"href":"https:\/\/intimusdream.com\/index.php\/wp-json\/wp\/v2\/product"}],"about":[{"href":"https:\/\/intimusdream.com\/index.php\/wp-json\/wp\/v2\/types\/product"}],"replies":[{"embeddable":true,"href":"https:\/\/intimusdream.com\/index.php\/wp-json\/wp\/v2\/comments?post=15108"}],"wp:featuredmedia":[{"embeddable":true,"href":"https:\/\/intimusdream.com\/index.php\/wp-json\/wp\/v2\/media\/15107"}],"wp:attachment":[{"href":"https:\/\/intimusdream.com\/index.php\/wp-json\/wp\/v2\/media?parent=15108"}],"wp:term":[{"taxonomy":"product_brand","embeddable":true,"href":"https:\/\/intimusdream.com\/index.php\/wp-json\/wp\/v2\/product_brand?post=15108"},{"taxonomy":"product_cat","embeddable":true,"href":"https:\/\/intimusdream.com\/index.php\/wp-json\/wp\/v2\/product_cat?post=15108"},{"taxonomy":"product_tag","embeddable":true,"href":"https:\/\/intimusdream.com\/index.php\/wp-json\/wp\/v2\/product_tag?post=15108"}],"curies":[{"name":"wp","href":"https:\/\/api.w.org\/{rel}","templated":true}]}}