{"id":15128,"date":"2025-07-15T19:44:33","date_gmt":"2025-07-15T19:44:33","guid":{"rendered":"https:\/\/intimusdream.com\/index.php\/produto\/kiiroo-feel-reya-sunshine-stroker-kiiroo-stars-colecao\/"},"modified":"2026-01-09T15:14:05","modified_gmt":"2026-01-09T15:14:05","slug":"kiiroo-feel-reya-sunshine-stroker-kiiroo-stars-colecao","status":"publish","type":"product","link":"https:\/\/intimusdream.com\/index.php\/produto\/kiiroo-feel-reya-sunshine-stroker-kiiroo-stars-colecao\/","title":{"rendered":"KIIROO &#8211; FEEL REYA SUNSHINE STROKER KIIROO STARS COLE\u00c7\u00c3O"},"content":{"rendered":"<p>Ferozmente independente (e louca por domina\u00e7\u00e3o, para sua informa\u00e7\u00e3o), <strong>Reya Sunshine<\/strong> convida voc\u00ea a explorar cada cent\u00edmetro dela. Combine o masturbador FeelReya com Keon e perca-se em seu conte\u00fado favorito de Reya. Esta \u00e9 uma experi\u00eancia como nenhuma outra.<\/p>\n<p> Se voc\u00ea j\u00e1 se perguntou como seria estar com essa artista incrivelmente talentosa, n\u00e3o se pergunte mais. Entre nossa linha de elite de artistas, Reya Sunshine convida voc\u00ea a fazer exatamente isso \u2013 sentir cada movimento dela conforme eles se desenrolam na tela \u00e0 sua frente em um de seus filmes viciantes.<\/p>\n<p> O masturbador FeelReya cont\u00e9m um material macio, semelhante \u00e0 pele, que foi moldado a partir das partes mais \u00edntimas do corpo de Reya para lhe proporcionar a intera\u00e7\u00e3o sexual mais real com seu criador de conte\u00fado favorito.<\/p>\n<p> O masturbador FeelReya pode ser usado sozinho ou emparelhado com o masturbador autom\u00e1tico Keon para uma experi\u00eancia interativa inigual\u00e1vel.<\/p>\n<\/p>\n<p> <u><strong>CARACTER\u00cdSTICAS<\/strong><\/u> :<\/p>\n<ul>\n<li> Material do masturbador: ABS, PC<\/li>\n<li> Material da bainha: TPE<\/li>\n<li> Tamanho: 22 cm x 8,4 cm<\/li>\n<li> Peso: 800 gramas<\/li>\n<\/ul>\n","protected":false},"excerpt":{"rendered":"<p>https:\/\/store.dreamlove.es\/productos\/imagenes\/img_189803_d45e0270feff1337240c00b9f7c8f862_1.jpg|https:\/\/store.dreamlove.es\/productos\/imagenes\/img_189800_af4dcb0ab5198dbc417eff8b7a40ed15_1.jpg|https:\/\/store.dreamlove.es\/productos\/imagenes\/img_189801_9f49db87aeddd77c26d5d620a5120413_1.jpg|https:\/\/store.dreamlove.es\/productos\/imagenes\/img_189802_1a9c1873016eb164db435d362ca843df_1.jpg<\/p>\n","protected":false},"featured_media":15127,"comment_status":"open","ping_status":"closed","template":"","meta":{"site-sidebar-layout":"default","site-content-layout":"","ast-site-content-layout":"default","site-content-style":"default","site-sidebar-style":"default","ast-global-header-display":"","ast-banner-title-visibility":"","ast-main-header-display":"","ast-hfb-above-header-display":"","ast-hfb-below-header-display":"","ast-hfb-mobile-header-display":"","site-post-title":"","ast-breadcrumbs-content":"","ast-featured-img":"","footer-sml-layout":"","ast-disable-related-posts":"","theme-transparent-header-meta":"","adv-header-id-meta":"","stick-header-meta":"","header-above-stick-meta":"","header-main-stick-meta":"","header-below-stick-meta":"","astra-migrate-meta-layouts":"default","ast-page-background-enabled":"default","ast-page-background-meta":{"desktop":{"background-color":"var(--ast-global-color-5)","background-image":"","background-repeat":"repeat","background-position":"center center","background-size":"auto","background-attachment":"scroll","background-type":"","background-media":"","overlay-type":"","overlay-color":"","overlay-opacity":"","overlay-gradient":""},"tablet":{"background-color":"","background-image":"","background-repeat":"repeat","background-position":"center center","background-size":"auto","background-attachment":"scroll","background-type":"","background-media":"","overlay-type":"","overlay-color":"","overlay-opacity":"","overlay-gradient":""},"mobile":{"background-color":"","background-image":"","background-repeat":"repeat","background-position":"center center","background-size":"auto","background-attachment":"scroll","background-type":"","background-media":"","overlay-type":"","overlay-color":"","overlay-opacity":"","overlay-gradient":""}},"ast-content-background-meta":{"desktop":{"background-color":"var(--ast-global-color-4)","background-image":"","background-repeat":"repeat","background-position":"center center","background-size":"auto","background-attachment":"scroll","background-type":"","background-media":"","overlay-type":"","overlay-color":"","overlay-opacity":"","overlay-gradient":""},"tablet":{"background-color":"var(--ast-global-color-4)","background-image":"","background-repeat":"repeat","background-position":"center center","background-size":"auto","background-attachment":"scroll","background-type":"","background-media":"","overlay-type":"","overlay-color":"","overlay-opacity":"","overlay-gradient":""},"mobile":{"background-color":"var(--ast-global-color-4)","background-image":"","background-repeat":"repeat","background-position":"center center","background-size":"auto","background-attachment":"scroll","background-type":"","background-media":"","overlay-type":"","overlay-color":"","overlay-opacity":"","overlay-gradient":""}}},"product_brand":[95],"product_cat":[384],"product_tag":[],"class_list":{"0":"post-15128","1":"product","2":"type-product","3":"status-publish","4":"has-post-thumbnail","6":"product_brand-kiiroo","7":"product_cat-brinquedos-sexuais-para-homens-2","8":"desktop-align-left","9":"tablet-align-left","10":"mobile-align-left","12":"first","13":"instock","14":"shipping-taxable","15":"purchasable","16":"product-type-simple"},"_links":{"self":[{"href":"https:\/\/intimusdream.com\/index.php\/wp-json\/wp\/v2\/product\/15128","targetHints":{"allow":["GET"]}}],"collection":[{"href":"https:\/\/intimusdream.com\/index.php\/wp-json\/wp\/v2\/product"}],"about":[{"href":"https:\/\/intimusdream.com\/index.php\/wp-json\/wp\/v2\/types\/product"}],"replies":[{"embeddable":true,"href":"https:\/\/intimusdream.com\/index.php\/wp-json\/wp\/v2\/comments?post=15128"}],"wp:featuredmedia":[{"embeddable":true,"href":"https:\/\/intimusdream.com\/index.php\/wp-json\/wp\/v2\/media\/15127"}],"wp:attachment":[{"href":"https:\/\/intimusdream.com\/index.php\/wp-json\/wp\/v2\/media?parent=15128"}],"wp:term":[{"taxonomy":"product_brand","embeddable":true,"href":"https:\/\/intimusdream.com\/index.php\/wp-json\/wp\/v2\/product_brand?post=15128"},{"taxonomy":"product_cat","embeddable":true,"href":"https:\/\/intimusdream.com\/index.php\/wp-json\/wp\/v2\/product_cat?post=15128"},{"taxonomy":"product_tag","embeddable":true,"href":"https:\/\/intimusdream.com\/index.php\/wp-json\/wp\/v2\/product_tag?post=15128"}],"curies":[{"name":"wp","href":"https:\/\/api.w.org\/{rel}","templated":true}]}}