{"id":15132,"date":"2025-07-15T19:44:34","date_gmt":"2025-07-15T19:44:34","guid":{"rendered":"https:\/\/intimusdream.com\/index.php\/produto\/kiiroo-feel-stroker-extra-tight-butt-medio-marrom\/"},"modified":"2026-01-09T15:23:40","modified_gmt":"2026-01-09T15:23:40","slug":"kiiroo-feel-stroker-extra-tight-butt-medio-marrom","status":"publish","type":"product","link":"https:\/\/intimusdream.com\/index.php\/produto\/kiiroo-feel-stroker-extra-tight-butt-medio-marrom\/","title":{"rendered":"KIIROO &#8211; FEEL STROKER EXTRA TIGHT BUTT M\u00c9DIO MARROM"},"content":{"rendered":"<p>Sinta o Stroker por KIIROO<\/p>\n<p> O buraco extra apertado do Feel Stroker foi projetado com as sensa\u00e7\u00f5es mais realistas em mente. O material semelhante \u00e0 pele e as nervuras, sali\u00eancias e sulcos internos d\u00e3o aos usu\u00e1rios a experi\u00eancia mais prazerosa durante o uso.<\/p>\n<p> O buraco anal extra apertado Feel Stroker foi projetado para se encaixar perfeitamente no Keon, o masturbador autom\u00e1tico interativo da Kiiroo, para uma experi\u00eancia interativa totalmente automatizada.<\/p>\n<p> Voc\u00ea pode usar este produto sozinho ou combinar o gen\u00e9rico Feel Stroker e o Keon butt hole com o FeelMe AI para transformar seu conte\u00fado adulto interativo favorito em interativo e sentir o que v\u00ea na tela.<\/p>\n<\/p>\n<p> <u><strong>CARACTER\u00cdSTICAS<\/strong><\/u> :<\/p>\n<ul>\n<li> Material do Stroker: ABS, PC<\/li>\n<li> Material da bainha: TPE<\/li>\n<li> Peso do item: 550g<\/li>\n<li> Altura do item: 22,3 cm<\/li>\n<li> Largura do item: tampa inferior 8,5 cm &#8211; tampa superior 5,8 cm<\/li>\n<li> Comprimento do item: tampa inferior 8,5 cm &#8211; tampa superior 5,8 cm<\/li>\n<\/ul>\n<p> O Feel Stroker Extra Tight Butt realizar\u00e1 suas fantasias anais mais selvagens. Com um t\u00fanel mais apertado do que o Butt Stroker original, seu eixo ser\u00e1 provocado e satisfeito do in\u00edcio ao fim.<\/p>\n","protected":false},"excerpt":{"rendered":"<p>https:\/\/store.dreamlove.es\/productos\/imagenes\/img_189779_56db02b274d481068b123bceb709cbe0_1.jpg|https:\/\/store.dreamlove.es\/productos\/imagenes\/img_189775_1a39504bb1652b0e9bc518962f94f0ea_1.jpg|https:\/\/store.dreamlove.es\/productos\/imagenes\/img_189777_4410aaf6c289bebff9f9615b7ebace39_1.jpg|https:\/\/store.dreamlove.es\/productos\/imagenes\/img_189780_3bec48dc4ff0eccc745b9b65d934fcca_1.jpg|https:\/\/store.dreamlove.es\/productos\/imagenes\/img_189776_21f55f45834ccd7c1c01dadfa78330af_1.jpg|https:\/\/store.dreamlove.es\/productos\/imagenes\/img_189778_f3b8f1a3fee3999a65d5f19c19654e2d_1.jpg<\/p>\n","protected":false},"featured_media":15131,"comment_status":"open","ping_status":"closed","template":"","meta":{"site-sidebar-layout":"default","site-content-layout":"","ast-site-content-layout":"default","site-content-style":"default","site-sidebar-style":"default","ast-global-header-display":"","ast-banner-title-visibility":"","ast-main-header-display":"","ast-hfb-above-header-display":"","ast-hfb-below-header-display":"","ast-hfb-mobile-header-display":"","site-post-title":"","ast-breadcrumbs-content":"","ast-featured-img":"","footer-sml-layout":"","ast-disable-related-posts":"","theme-transparent-header-meta":"","adv-header-id-meta":"","stick-header-meta":"","header-above-stick-meta":"","header-main-stick-meta":"","header-below-stick-meta":"","astra-migrate-meta-layouts":"default","ast-page-background-enabled":"default","ast-page-background-meta":{"desktop":{"background-color":"var(--ast-global-color-5)","background-image":"","background-repeat":"repeat","background-position":"center center","background-size":"auto","background-attachment":"scroll","background-type":"","background-media":"","overlay-type":"","overlay-color":"","overlay-opacity":"","overlay-gradient":""},"tablet":{"background-color":"","background-image":"","background-repeat":"repeat","background-position":"center center","background-size":"auto","background-attachment":"scroll","background-type":"","background-media":"","overlay-type":"","overlay-color":"","overlay-opacity":"","overlay-gradient":""},"mobile":{"background-color":"","background-image":"","background-repeat":"repeat","background-position":"center center","background-size":"auto","background-attachment":"scroll","background-type":"","background-media":"","overlay-type":"","overlay-color":"","overlay-opacity":"","overlay-gradient":""}},"ast-content-background-meta":{"desktop":{"background-color":"var(--ast-global-color-4)","background-image":"","background-repeat":"repeat","background-position":"center center","background-size":"auto","background-attachment":"scroll","background-type":"","background-media":"","overlay-type":"","overlay-color":"","overlay-opacity":"","overlay-gradient":""},"tablet":{"background-color":"var(--ast-global-color-4)","background-image":"","background-repeat":"repeat","background-position":"center center","background-size":"auto","background-attachment":"scroll","background-type":"","background-media":"","overlay-type":"","overlay-color":"","overlay-opacity":"","overlay-gradient":""},"mobile":{"background-color":"var(--ast-global-color-4)","background-image":"","background-repeat":"repeat","background-position":"center center","background-size":"auto","background-attachment":"scroll","background-type":"","background-media":"","overlay-type":"","overlay-color":"","overlay-opacity":"","overlay-gradient":""}}},"product_brand":[95],"product_cat":[384],"product_tag":[],"class_list":{"0":"post-15132","1":"product","2":"type-product","3":"status-publish","4":"has-post-thumbnail","6":"product_brand-kiiroo","7":"product_cat-brinquedos-sexuais-para-homens-2","8":"desktop-align-left","9":"tablet-align-left","10":"mobile-align-left","12":"first","13":"instock","14":"shipping-taxable","15":"purchasable","16":"product-type-simple"},"_links":{"self":[{"href":"https:\/\/intimusdream.com\/index.php\/wp-json\/wp\/v2\/product\/15132","targetHints":{"allow":["GET"]}}],"collection":[{"href":"https:\/\/intimusdream.com\/index.php\/wp-json\/wp\/v2\/product"}],"about":[{"href":"https:\/\/intimusdream.com\/index.php\/wp-json\/wp\/v2\/types\/product"}],"replies":[{"embeddable":true,"href":"https:\/\/intimusdream.com\/index.php\/wp-json\/wp\/v2\/comments?post=15132"}],"wp:featuredmedia":[{"embeddable":true,"href":"https:\/\/intimusdream.com\/index.php\/wp-json\/wp\/v2\/media\/15131"}],"wp:attachment":[{"href":"https:\/\/intimusdream.com\/index.php\/wp-json\/wp\/v2\/media?parent=15132"}],"wp:term":[{"taxonomy":"product_brand","embeddable":true,"href":"https:\/\/intimusdream.com\/index.php\/wp-json\/wp\/v2\/product_brand?post=15132"},{"taxonomy":"product_cat","embeddable":true,"href":"https:\/\/intimusdream.com\/index.php\/wp-json\/wp\/v2\/product_cat?post=15132"},{"taxonomy":"product_tag","embeddable":true,"href":"https:\/\/intimusdream.com\/index.php\/wp-json\/wp\/v2\/product_tag?post=15132"}],"curies":[{"name":"wp","href":"https:\/\/api.w.org\/{rel}","templated":true}]}}