{"id":15146,"date":"2025-07-15T19:44:39","date_gmt":"2025-07-15T19:44:39","guid":{"rendered":"https:\/\/intimusdream.com\/index.php\/produto\/kiiroo-headset-de-realidade-virtual\/"},"modified":"2026-01-09T15:08:52","modified_gmt":"2026-01-09T15:08:52","slug":"kiiroo-headset-de-realidade-virtual","status":"publish","type":"product","link":"https:\/\/intimusdream.com\/index.php\/produto\/kiiroo-headset-de-realidade-virtual\/","title":{"rendered":"KIIROO &#8211; HEADSET DE REALIDADE VIRTUAL"},"content":{"rendered":"<p><strong>Tecnologia revolucion\u00e1ria<\/strong> : Transforme seu smartphone em um visualizador de realidade virtual. Voc\u00ea pode experimentar o mundo envolvente, divertido e emocionante da realidade virtual. Constru\u00edda em ABS de alta qualidade e material de lente de resina esf\u00e9rica de 42 mm de di\u00e2metro, ela pode minimizar a distor\u00e7\u00e3o ampliando as imagens e proporcionando uma vis\u00e3o mais ampla.<\/p>\n<p><strong>Design humanizado<\/strong> : \u00c9 perfeito para pessoas com miopia inferior a 600 graus. Voc\u00ea pode se libertar dos \u00f3culos enquanto desfruta de filmes ou jogos em 3D com os \u00f3culos de realidade virtual, proporcionando uma experi\u00eancia melhor.<\/p>\n<p><strong>Compat\u00edvel com<\/strong> : iPhone, telefones Android e s\u00e9ries de telefones Windows com tamanho de tela entre 3,5 e 6,0 polegadas. Como Samsung Galaxy Note\/Galaxy S6 Edge\/Galaxy S6\/iPhone 7, iPhone 8, iPhone \/HTC One Max\/Desire 816\/One M9\/ASUS Zenfone 2, etc.<\/p>\n","protected":false},"excerpt":{"rendered":"<p>https:\/\/store.dreamlove.es\/productos\/imagenes\/img_178473_f57aaed69c44500192d9a1edd5ba3279_1.jpg|https:\/\/store.dreamlove.es\/productos\/imagenes\/img_178474_2f819d54b4a4aa1003b11703687c2f81_1.jpg|https:\/\/store.dreamlove.es\/productos\/imagenes\/img_178476_cfd6ce09dbf4ded816b5654f29b64946_1.jpg|https:\/\/store.dreamlove.es\/productos\/imagenes\/img_178475_3d94acbd97b52c0c5fdf611fe523c757_1.jpg|https:\/\/store.dreamlove.es\/productos\/imagenes\/img_178477_9e703dba67e8005fc74228f1c980175f_1.jpg<\/p>\n","protected":false},"featured_media":15145,"comment_status":"open","ping_status":"closed","template":"","meta":{"site-sidebar-layout":"default","site-content-layout":"","ast-site-content-layout":"default","site-content-style":"default","site-sidebar-style":"default","ast-global-header-display":"","ast-banner-title-visibility":"","ast-main-header-display":"","ast-hfb-above-header-display":"","ast-hfb-below-header-display":"","ast-hfb-mobile-header-display":"","site-post-title":"","ast-breadcrumbs-content":"","ast-featured-img":"","footer-sml-layout":"","theme-transparent-header-meta":"default","adv-header-id-meta":"","stick-header-meta":"","header-above-stick-meta":"","header-main-stick-meta":"","header-below-stick-meta":"","astra-migrate-meta-layouts":"set","ast-page-background-enabled":"default","ast-page-background-meta":{"desktop":{"background-color":"var(--ast-global-color-5)","background-image":"","background-repeat":"repeat","background-position":"center center","background-size":"auto","background-attachment":"scroll","background-type":"","background-media":"","overlay-type":"","overlay-color":"","overlay-opacity":"","overlay-gradient":""},"tablet":{"background-color":"","background-image":"","background-repeat":"repeat","background-position":"center center","background-size":"auto","background-attachment":"scroll","background-type":"","background-media":"","overlay-type":"","overlay-color":"","overlay-opacity":"","overlay-gradient":""},"mobile":{"background-color":"","background-image":"","background-repeat":"repeat","background-position":"center center","background-size":"auto","background-attachment":"scroll","background-type":"","background-media":"","overlay-type":"","overlay-color":"","overlay-opacity":"","overlay-gradient":""}},"ast-content-background-meta":{"desktop":{"background-color":"var(--ast-global-color-4)","background-image":"","background-repeat":"repeat","background-position":"center center","background-size":"auto","background-attachment":"scroll","background-type":"","background-media":"","overlay-type":"","overlay-color":"","overlay-opacity":"","overlay-gradient":""},"tablet":{"background-color":"var(--ast-global-color-4)","background-image":"","background-repeat":"repeat","background-position":"center center","background-size":"auto","background-attachment":"scroll","background-type":"","background-media":"","overlay-type":"","overlay-color":"","overlay-opacity":"","overlay-gradient":""},"mobile":{"background-color":"var(--ast-global-color-4)","background-image":"","background-repeat":"repeat","background-position":"center center","background-size":"auto","background-attachment":"scroll","background-type":"","background-media":"","overlay-type":"","overlay-color":"","overlay-opacity":"","overlay-gradient":""}}},"product_brand":[95],"product_cat":[350],"product_tag":[],"class_list":{"0":"post-15146","1":"product","2":"type-product","3":"status-publish","4":"has-post-thumbnail","6":"product_brand-kiiroo","7":"product_cat-itens-sortidos","8":"desktop-align-left","9":"tablet-align-left","10":"mobile-align-left","12":"first","13":"outofstock","14":"shipping-taxable","15":"purchasable","16":"product-type-simple"},"_links":{"self":[{"href":"https:\/\/intimusdream.com\/index.php\/wp-json\/wp\/v2\/product\/15146","targetHints":{"allow":["GET"]}}],"collection":[{"href":"https:\/\/intimusdream.com\/index.php\/wp-json\/wp\/v2\/product"}],"about":[{"href":"https:\/\/intimusdream.com\/index.php\/wp-json\/wp\/v2\/types\/product"}],"replies":[{"embeddable":true,"href":"https:\/\/intimusdream.com\/index.php\/wp-json\/wp\/v2\/comments?post=15146"}],"wp:featuredmedia":[{"embeddable":true,"href":"https:\/\/intimusdream.com\/index.php\/wp-json\/wp\/v2\/media\/15145"}],"wp:attachment":[{"href":"https:\/\/intimusdream.com\/index.php\/wp-json\/wp\/v2\/media?parent=15146"}],"wp:term":[{"taxonomy":"product_brand","embeddable":true,"href":"https:\/\/intimusdream.com\/index.php\/wp-json\/wp\/v2\/product_brand?post=15146"},{"taxonomy":"product_cat","embeddable":true,"href":"https:\/\/intimusdream.com\/index.php\/wp-json\/wp\/v2\/product_cat?post=15146"},{"taxonomy":"product_tag","embeddable":true,"href":"https:\/\/intimusdream.com\/index.php\/wp-json\/wp\/v2\/product_tag?post=15146"}],"curies":[{"name":"wp","href":"https:\/\/api.w.org\/{rel}","templated":true}]}}