{"id":15186,"date":"2025-07-15T19:45:05","date_gmt":"2025-07-15T19:45:05","guid":{"rendered":"https:\/\/intimusdream.com\/index.php\/produto\/kiiroo-sinta-reagan-foxx-stroker-kiiroo-stars-colecao\/"},"modified":"2026-01-09T15:14:05","modified_gmt":"2026-01-09T15:14:05","slug":"kiiroo-sinta-reagan-foxx-stroker-kiiroo-stars-colecao","status":"publish","type":"product","link":"https:\/\/intimusdream.com\/index.php\/produto\/kiiroo-sinta-reagan-foxx-stroker-kiiroo-stars-colecao\/","title":{"rendered":"KIIROO &#8211; SINTA REAGAN FOXX STROKER KIIROO STARS COLE\u00c7\u00c3O"},"content":{"rendered":"<p>Ficar \u00edntimo com a super MILF Reagan Foxx n\u00e3o \u00e9 mais apenas uma fantasia. Com o masturbador FeelReagan conectado ao multipremiado Keon, voc\u00ea pode sentir cada movimento dessa estrela porn\u00f4 sexy em tempo real.<\/p>\n<p> N\u00e3o h\u00e1 MILF como Reagan Foxx. Nascida no Arizona, essa megera americana se junta \u00e0 linha Feel Star com seu pr\u00f3prio masturbador FeelReagan. Apresentando material sedoso semelhante \u00e0 pele moldado a partir das partes \u00edntimas reais do corpo de Reagan, voc\u00ea finalmente sentir\u00e1 uma intimidade alucinante com essa cobi\u00e7ada estrela porn\u00f4.<\/p>\n<p> O masturbador FeelReagan pode ser usado para dar prazer ao seu p\u00eanis sozinho ou combinado com o masturbador autom\u00e1tico Keon para uma jornada interativa que voc\u00ea nunca vai esquecer. Sintonize, ligue e sinta cada movimento dessa MILF sexy em tempo real, esteja ela na c\u00e2mera ou pulando para cima e para baixo na tela.<\/p>\n<\/p>\n<p> <u><strong>CARACTER\u00cdSTICAS<\/strong><\/u> :<\/p>\n<ul>\n<li> Material do curso: ABS, PC<\/li>\n<li> Material da manga: TPE<\/li>\n<li> Tamanho: 22 cm x 84 cm<\/li>\n<li> Peso: 800 gramas<\/li>\n<\/ul>\n","protected":false},"excerpt":{"rendered":"<p>https:\/\/store.dreamlove.es\/productos\/imagenes\/img_189813_e9cf68d2ca563f69de097033e8f49726_1.jpg|https:\/\/store.dreamlove.es\/productos\/imagenes\/img_189811_083d9367aa82aeeb4ee42de95ac0aae9_1.jpg|https:\/\/store.dreamlove.es\/productos\/imagenes\/img_189812_59e189fbf93b3ef56fdf594242025985_1.jpg|https:\/\/store.dreamlove.es\/productos\/imagenes\/img_189815_e6fbc46575c2841ad3ba6b614cd97b64_1.jpg|https:\/\/store.dreamlove.es\/productos\/imagenes\/img_189816_2927f445cde791d4cb4ded5f2f8be2fb_1.jpg|https:\/\/store.dreamlove.es\/productos\/imagenes\/img_189814_dfc78443723c42ae1a1832616ccd7185_1.jpg<\/p>\n","protected":false},"featured_media":15185,"comment_status":"open","ping_status":"closed","template":"","meta":{"site-sidebar-layout":"default","site-content-layout":"","ast-site-content-layout":"default","site-content-style":"default","site-sidebar-style":"default","ast-global-header-display":"","ast-banner-title-visibility":"","ast-main-header-display":"","ast-hfb-above-header-display":"","ast-hfb-below-header-display":"","ast-hfb-mobile-header-display":"","site-post-title":"","ast-breadcrumbs-content":"","ast-featured-img":"","footer-sml-layout":"","ast-disable-related-posts":"","theme-transparent-header-meta":"","adv-header-id-meta":"","stick-header-meta":"","header-above-stick-meta":"","header-main-stick-meta":"","header-below-stick-meta":"","astra-migrate-meta-layouts":"default","ast-page-background-enabled":"default","ast-page-background-meta":{"desktop":{"background-color":"var(--ast-global-color-5)","background-image":"","background-repeat":"repeat","background-position":"center center","background-size":"auto","background-attachment":"scroll","background-type":"","background-media":"","overlay-type":"","overlay-color":"","overlay-opacity":"","overlay-gradient":""},"tablet":{"background-color":"","background-image":"","background-repeat":"repeat","background-position":"center center","background-size":"auto","background-attachment":"scroll","background-type":"","background-media":"","overlay-type":"","overlay-color":"","overlay-opacity":"","overlay-gradient":""},"mobile":{"background-color":"","background-image":"","background-repeat":"repeat","background-position":"center center","background-size":"auto","background-attachment":"scroll","background-type":"","background-media":"","overlay-type":"","overlay-color":"","overlay-opacity":"","overlay-gradient":""}},"ast-content-background-meta":{"desktop":{"background-color":"var(--ast-global-color-4)","background-image":"","background-repeat":"repeat","background-position":"center center","background-size":"auto","background-attachment":"scroll","background-type":"","background-media":"","overlay-type":"","overlay-color":"","overlay-opacity":"","overlay-gradient":""},"tablet":{"background-color":"var(--ast-global-color-4)","background-image":"","background-repeat":"repeat","background-position":"center center","background-size":"auto","background-attachment":"scroll","background-type":"","background-media":"","overlay-type":"","overlay-color":"","overlay-opacity":"","overlay-gradient":""},"mobile":{"background-color":"var(--ast-global-color-4)","background-image":"","background-repeat":"repeat","background-position":"center center","background-size":"auto","background-attachment":"scroll","background-type":"","background-media":"","overlay-type":"","overlay-color":"","overlay-opacity":"","overlay-gradient":""}}},"product_brand":[95],"product_cat":[384],"product_tag":[],"class_list":{"0":"post-15186","1":"product","2":"type-product","3":"status-publish","4":"has-post-thumbnail","6":"product_brand-kiiroo","7":"product_cat-brinquedos-sexuais-para-homens-2","8":"desktop-align-left","9":"tablet-align-left","10":"mobile-align-left","12":"first","13":"instock","14":"shipping-taxable","15":"purchasable","16":"product-type-simple"},"_links":{"self":[{"href":"https:\/\/intimusdream.com\/index.php\/wp-json\/wp\/v2\/product\/15186","targetHints":{"allow":["GET"]}}],"collection":[{"href":"https:\/\/intimusdream.com\/index.php\/wp-json\/wp\/v2\/product"}],"about":[{"href":"https:\/\/intimusdream.com\/index.php\/wp-json\/wp\/v2\/types\/product"}],"replies":[{"embeddable":true,"href":"https:\/\/intimusdream.com\/index.php\/wp-json\/wp\/v2\/comments?post=15186"}],"wp:featuredmedia":[{"embeddable":true,"href":"https:\/\/intimusdream.com\/index.php\/wp-json\/wp\/v2\/media\/15185"}],"wp:attachment":[{"href":"https:\/\/intimusdream.com\/index.php\/wp-json\/wp\/v2\/media?parent=15186"}],"wp:term":[{"taxonomy":"product_brand","embeddable":true,"href":"https:\/\/intimusdream.com\/index.php\/wp-json\/wp\/v2\/product_brand?post=15186"},{"taxonomy":"product_cat","embeddable":true,"href":"https:\/\/intimusdream.com\/index.php\/wp-json\/wp\/v2\/product_cat?post=15186"},{"taxonomy":"product_tag","embeddable":true,"href":"https:\/\/intimusdream.com\/index.php\/wp-json\/wp\/v2\/product_tag?post=15186"}],"curies":[{"name":"wp","href":"https:\/\/api.w.org\/{rel}","templated":true}]}}