{"id":15280,"date":"2025-07-15T19:46:29","date_gmt":"2025-07-15T19:46:29","guid":{"rendered":"https:\/\/intimusdream.com\/index.php\/produto\/leg-avenue-body-com-laco-e-babados-branco-tamanho-unico\/"},"modified":"2025-10-24T16:49:42","modified_gmt":"2025-10-24T16:49:42","slug":"leg-avenue-body-com-laco-e-babados-branco-tamanho-unico","status":"publish","type":"product","link":"https:\/\/intimusdream.com\/index.php\/produto\/leg-avenue-body-com-laco-e-babados-branco-tamanho-unico\/","title":{"rendered":"LEG AVENUE &#8211; BODY COM LA\u00c7O E BABADOS BRANCO TAMANHO \u00daNICO"},"content":{"rendered":"<p>D\u00ea ao seu look um toque rom\u00e2ntico e sofisticado com este <strong>Body Branco com La\u00e7o e Babados<\/strong> .<\/p>\n<p> Perfeito para ocasi\u00f5es especiais, este body combina detalhes femininos e um design sedutor para se destacar em todos os momentos.<\/p>\n<\/p>\n<p> <u><strong>CARACTER\u00cdSTICAS<\/strong><\/u> :<\/p>\n<ul>\n<li> <strong>Detalhes elegantes do la\u00e7o<\/strong> : la\u00e7os delicados em pontos estrat\u00e9gicos acrescentam um toque sedutor e feminino que real\u00e7a o design.<\/li>\n<li> <strong>Babados rom\u00e2nticos<\/strong> : babados suaves acrescentam textura e movimento, criando um estilo \u00fanico que \u00e9 moderno e cl\u00e1ssico ao mesmo tempo.<\/li>\n<li> <strong>Cor branca cl\u00e1ssica<\/strong> : Em um tom branco atemporal, este body estiliza a silhueta e combina facilmente com diversas pe\u00e7as de roupa e acess\u00f3rios.<\/li>\n<li> <strong>Tecido el\u00e1stico e tamanho \u00fanico<\/strong> : projetado para se adaptar a diferentes silhuetas, o material el\u00e1stico proporciona um ajuste confort\u00e1vel e elegante.<\/li>\n<li> <strong>Use e experimente<\/strong> : Ideal para ocasi\u00f5es especiais ou para dar um toque especial ao seu guarda-roupa \u00edntimo, este body \u00e9 perfeito para quem busca uma combina\u00e7\u00e3o de eleg\u00e2ncia e travessura. Destaque-se com estilo e confian\u00e7a a qualquer momento!<\/li>\n<\/ul>\n<ul><\/ul>\n<p> <strong>A Leg Avenue<\/strong> tem os produtos que voc\u00ea procura, comprometida em oferecer aos clientes produtos inovadores, pre\u00e7os competitivos e grande satisfa\u00e7\u00e3o, sempre frescos e com o que h\u00e1 de mais fashion em Los Angeles.<\/p>\n<p> Aqui \u00e9 tudo sobre voc\u00ea! Entendemos que cada corpo \u00e9 \u00fanico e acreditamos que todas as mulheres devem ter uma apar\u00eancia e se sentir fant\u00e1sticas, independentemente do seu tamanho ou forma. Ent\u00e3o, fique tranquila, nossos designs est\u00e3o sempre focados em destacar suas melhores caracter\u00edsticas. E falando s\u00e9rio, falamos s\u00e9rio quando dizemos que valorizamos tecidos supermacios e elasticidade de n\u00edvel superior. Conforto e estilo? Confira duas vezes!<\/p>\n<p> A variedade \u00e9 a chave para o nosso sucesso e voc\u00ea pode ver isso em nossos estilos. Nossos designers misturam e combinam materiais como profissionais, dando \u00e0s nossas cria\u00e7\u00f5es aquele ar de luxo inconfund\u00edvel para que voc\u00ea se sinta absolutamente de primeira classe. Seja uma renda que faz seus sentidos formigarem ou um cetim supermacio que suas m\u00e3os n\u00e3o conseguem resistir, n\u00f3s vamos al\u00e9m para lhe dar algo especial.<\/p>\n<p> <strong>A Leg Avenue<\/strong> \u00e9 cheia de paix\u00e3o, divers\u00e3o e autoexpress\u00e3o. Queremos que voc\u00ea seja completamente voc\u00ea mesmo, com um toque de travessura e montanhas de confian\u00e7a. Descubra como nossa lingerie, meias e fantasias levam seu visual para o pr\u00f3ximo n\u00edvel. Juntos, aspiramos ao fant\u00e1stico e provamos que estilo n\u00e3o tem tamanho!<\/p>\n","protected":false},"excerpt":{"rendered":"<p>https:\/\/store.dreamlove.es\/productos\/imagenes\/img_193374_793ef257f8ac1020c325c2152399891c_1.jpg|https:\/\/store.dreamlove.es\/productos\/imagenes\/img_193375_a6ca4c55866ac9541712cd6d1913e52c_1.jpg|https:\/\/store.dreamlove.es\/productos\/imagenes\/img_193377_81f7aa0a299bb4b810b80707628533cf_1.jpg|https:\/\/store.dreamlove.es\/productos\/imagenes\/img_193376_648c3373cddd34aedf502d20c613e671_1.jpg|https:\/\/store.dreamlove.es\/productos\/imagenes\/img_193379_684330a2fcf218266efd8f43196bec79_1.jpg|https:\/\/store.dreamlove.es\/productos\/imagenes\/img_193378_36dad9a50aec035229cbab9c6027db74_1.jpg|https:\/\/store.dreamlove.es\/productos\/imagenes\/img_193373_477192290e4858e7e029aee074bf2701_1.jpg<\/p>\n","protected":false},"featured_media":15279,"comment_status":"open","ping_status":"closed","template":"","meta":{"site-sidebar-layout":"default","site-content-layout":"","ast-site-content-layout":"","site-content-style":"default","site-sidebar-style":"default","ast-global-header-display":"","ast-banner-title-visibility":"","ast-main-header-display":"","ast-hfb-above-header-display":"","ast-hfb-below-header-display":"","ast-hfb-mobile-header-display":"","site-post-title":"","ast-breadcrumbs-content":"","ast-featured-img":"","footer-sml-layout":"","theme-transparent-header-meta":"","adv-header-id-meta":"","stick-header-meta":"","header-above-stick-meta":"","header-main-stick-meta":"","header-below-stick-meta":"","astra-migrate-meta-layouts":"default","ast-page-background-enabled":"default","ast-page-background-meta":{"desktop":{"background-color":"var(--ast-global-color-5)","background-image":"","background-repeat":"repeat","background-position":"center center","background-size":"auto","background-attachment":"scroll","background-type":"","background-media":"","overlay-type":"","overlay-color":"","overlay-opacity":"","overlay-gradient":""},"tablet":{"background-color":"","background-image":"","background-repeat":"repeat","background-position":"center center","background-size":"auto","background-attachment":"scroll","background-type":"","background-media":"","overlay-type":"","overlay-color":"","overlay-opacity":"","overlay-gradient":""},"mobile":{"background-color":"","background-image":"","background-repeat":"repeat","background-position":"center center","background-size":"auto","background-attachment":"scroll","background-type":"","background-media":"","overlay-type":"","overlay-color":"","overlay-opacity":"","overlay-gradient":""}},"ast-content-background-meta":{"desktop":{"background-color":"var(--ast-global-color-4)","background-image":"","background-repeat":"repeat","background-position":"center center","background-size":"auto","background-attachment":"scroll","background-type":"","background-media":"","overlay-type":"","overlay-color":"","overlay-opacity":"","overlay-gradient":""},"tablet":{"background-color":"var(--ast-global-color-4)","background-image":"","background-repeat":"repeat","background-position":"center center","background-size":"auto","background-attachment":"scroll","background-type":"","background-media":"","overlay-type":"","overlay-color":"","overlay-opacity":"","overlay-gradient":""},"mobile":{"background-color":"var(--ast-global-color-4)","background-image":"","background-repeat":"repeat","background-position":"center center","background-size":"auto","background-attachment":"scroll","background-type":"","background-media":"","overlay-type":"","overlay-color":"","overlay-opacity":"","overlay-gradient":""}}},"product_brand":[102],"product_cat":[370,348],"product_tag":[],"class_list":{"0":"post-15280","1":"product","2":"type-product","3":"status-publish","4":"has-post-thumbnail","6":"product_brand-leg-avenue-bodystockings","7":"product_cat-lingerie-feminina","8":"product_cat-moda-e-lingerie","9":"desktop-align-left","10":"tablet-align-left","11":"mobile-align-left","13":"first","14":"outofstock","15":"shipping-taxable","16":"purchasable","17":"product-type-simple"},"_links":{"self":[{"href":"https:\/\/intimusdream.com\/index.php\/wp-json\/wp\/v2\/product\/15280","targetHints":{"allow":["GET"]}}],"collection":[{"href":"https:\/\/intimusdream.com\/index.php\/wp-json\/wp\/v2\/product"}],"about":[{"href":"https:\/\/intimusdream.com\/index.php\/wp-json\/wp\/v2\/types\/product"}],"replies":[{"embeddable":true,"href":"https:\/\/intimusdream.com\/index.php\/wp-json\/wp\/v2\/comments?post=15280"}],"wp:featuredmedia":[{"embeddable":true,"href":"https:\/\/intimusdream.com\/index.php\/wp-json\/wp\/v2\/media\/15279"}],"wp:attachment":[{"href":"https:\/\/intimusdream.com\/index.php\/wp-json\/wp\/v2\/media?parent=15280"}],"wp:term":[{"taxonomy":"product_brand","embeddable":true,"href":"https:\/\/intimusdream.com\/index.php\/wp-json\/wp\/v2\/product_brand?post=15280"},{"taxonomy":"product_cat","embeddable":true,"href":"https:\/\/intimusdream.com\/index.php\/wp-json\/wp\/v2\/product_cat?post=15280"},{"taxonomy":"product_tag","embeddable":true,"href":"https:\/\/intimusdream.com\/index.php\/wp-json\/wp\/v2\/product_tag?post=15280"}],"curies":[{"name":"wp","href":"https:\/\/api.w.org\/{rel}","templated":true}]}}