{"id":15454,"date":"2025-07-15T19:47:48","date_gmt":"2025-07-15T19:47:48","guid":{"rendered":"https:\/\/intimusdream.com\/index.php\/produto\/leg-avenue-calca-meia-calca-sem-pes-de-renda-e-transparencia-preta\/"},"modified":"2026-01-09T15:19:33","modified_gmt":"2026-01-09T15:19:33","slug":"leg-avenue-calca-meia-calca-sem-pes-de-renda-e-transparencia-preta","status":"publish","type":"product","link":"https:\/\/intimusdream.com\/index.php\/produto\/leg-avenue-calca-meia-calca-sem-pes-de-renda-e-transparencia-preta\/","title":{"rendered":"LEG AVENUE &#8211; CAL\u00c7A MEIA-CAL\u00c7A SEM P\u00c9S DE RENDA E TRANSPAR\u00caNCIA PRETA"},"content":{"rendered":"<p>Melhore suas pernas com Lace and Net Illusion Footless Tights, uma fus&atilde;o deslumbrante de renda delicada e arrast&atilde;o cl&aacute;ssico. Projetadas com pain&eacute;is de renda diagonais, essas meias criam uma ilus&atilde;o impressionante que contorna e real&ccedil;a suas pernas, adicionando um toque elegante e ousado a qualquer visual.<\/p>\n<p><strong>Caracter&iacute;sticas:<\/strong><\/p>\n<ul>\n<li>95% Nylon, 5% Elastano<\/li>\n<li>M&aacute;ximo 30 graus com cuidado<\/li>\n<li>N&atilde;o engomar<\/li>\n<li>N&atilde;o usar alvejante com cloro<\/li>\n<li>N&atilde;o lavar a seco<\/li>\n<li>Embalagem: Cabide para meias com envolt&oacute;rio<\/li>\n<li>Tamanho da embalagem: 19*12*2<\/li>\n<li>Status do modelo: Gratuito<\/li>\n<\/ul>\n<p><strong>A Leg Avenue<\/strong> tem os produtos que voc&ecirc; procura, comprometida em oferecer aos clientes produtos inovadores, pre&ccedil;os competitivos e grande satisfa&ccedil;&atilde;o do cliente, do bairro mais elegante de Los Angeles.<\/p>\n<p>Aqui, &eacute; tudo sobre voc&ecirc;! Entendemos que cada corpo &eacute; &uacute;nico e acreditamos que todas as mulheres devem ter uma apar&ecirc;ncia e se sentir fant&aacute;sticas, independentemente do seu tamanho ou forma. Ent&atilde;o fique tranquila, nossos designs est&atilde;o sempre focados em destacar suas melhores caracter&iacute;sticas. E realmente falamos s&eacute;rio quando dizemos que valorizamos tecidos supermacios e elasticidade de n&iacute;vel superior. Conforto e estilo? Confira duas vezes!<\/p>\n<p>A variedade &eacute; a chave para o nosso sucesso, e voc&ecirc; pode ver isso em nossos estilos. Nossos designers misturam e combinam materiais como profissionais, dando &agrave;s nossas cria&ccedil;&otilde;es aquele ar inconfund&iacute;vel de luxo para que voc&ecirc; se sinta absolutamente de primeira linha. Seja uma renda que faz seus sentidos formigarem ou um cetim supermacio que suas m&atilde;os n&atilde;o conseguem resistir, fazemos tudo o que podemos para lhe trazer algo especial.<\/p>\n<p><strong>A Leg Avenue<\/strong> &eacute; cheia de paix&atilde;o, divers&atilde;o e autoexpress&atilde;o. Queremos que voc&ecirc; seja completamente voc&ecirc; mesmo, com um toque de travessura e montanhas de confian&ccedil;a. Descubra como nossa lingerie, meias e fantasias levam seu visual para o pr&oacute;ximo n&iacute;vel. Juntos, aspiramos ao fant&aacute;stico e provamos que estilo n&atilde;o tem tamanho!<\/p>\n","protected":false},"excerpt":{"rendered":"<p>https:\/\/store.dreamlove.es\/productos\/imagenes\/img_205337_338299f5fc59e272f2c968e6b1438223_1.jpg|https:\/\/store.dreamlove.es\/productos\/imagenes\/img_205338_bef39af460bbdda86c76a7a997560ea5_1.jpg<\/p>\n","protected":false},"featured_media":15453,"comment_status":"open","ping_status":"closed","template":"","meta":{"site-sidebar-layout":"default","site-content-layout":"","ast-site-content-layout":"default","site-content-style":"default","site-sidebar-style":"default","ast-global-header-display":"","ast-banner-title-visibility":"","ast-main-header-display":"","ast-hfb-above-header-display":"","ast-hfb-below-header-display":"","ast-hfb-mobile-header-display":"","site-post-title":"","ast-breadcrumbs-content":"","ast-featured-img":"","footer-sml-layout":"","ast-disable-related-posts":"","theme-transparent-header-meta":"","adv-header-id-meta":"","stick-header-meta":"","header-above-stick-meta":"","header-main-stick-meta":"","header-below-stick-meta":"","astra-migrate-meta-layouts":"default","ast-page-background-enabled":"default","ast-page-background-meta":{"desktop":{"background-color":"var(--ast-global-color-5)","background-image":"","background-repeat":"repeat","background-position":"center center","background-size":"auto","background-attachment":"scroll","background-type":"","background-media":"","overlay-type":"","overlay-color":"","overlay-opacity":"","overlay-gradient":""},"tablet":{"background-color":"","background-image":"","background-repeat":"repeat","background-position":"center center","background-size":"auto","background-attachment":"scroll","background-type":"","background-media":"","overlay-type":"","overlay-color":"","overlay-opacity":"","overlay-gradient":""},"mobile":{"background-color":"","background-image":"","background-repeat":"repeat","background-position":"center center","background-size":"auto","background-attachment":"scroll","background-type":"","background-media":"","overlay-type":"","overlay-color":"","overlay-opacity":"","overlay-gradient":""}},"ast-content-background-meta":{"desktop":{"background-color":"var(--ast-global-color-4)","background-image":"","background-repeat":"repeat","background-position":"center center","background-size":"auto","background-attachment":"scroll","background-type":"","background-media":"","overlay-type":"","overlay-color":"","overlay-opacity":"","overlay-gradient":""},"tablet":{"background-color":"var(--ast-global-color-4)","background-image":"","background-repeat":"repeat","background-position":"center center","background-size":"auto","background-attachment":"scroll","background-type":"","background-media":"","overlay-type":"","overlay-color":"","overlay-opacity":"","overlay-gradient":""},"mobile":{"background-color":"var(--ast-global-color-4)","background-image":"","background-repeat":"repeat","background-position":"center center","background-size":"auto","background-attachment":"scroll","background-type":"","background-media":"","overlay-type":"","overlay-color":"","overlay-opacity":"","overlay-gradient":""}}},"product_brand":[99],"product_cat":[370,348],"product_tag":[],"class_list":{"0":"post-15454","1":"product","2":"type-product","3":"status-publish","4":"has-post-thumbnail","6":"product_brand-leg-avenue-hosiery","7":"product_cat-lingerie-feminina","8":"product_cat-moda-e-lingerie","9":"desktop-align-left","10":"tablet-align-left","11":"mobile-align-left","13":"first","14":"instock","15":"shipping-taxable","16":"purchasable","17":"product-type-simple"},"_links":{"self":[{"href":"https:\/\/intimusdream.com\/index.php\/wp-json\/wp\/v2\/product\/15454","targetHints":{"allow":["GET"]}}],"collection":[{"href":"https:\/\/intimusdream.com\/index.php\/wp-json\/wp\/v2\/product"}],"about":[{"href":"https:\/\/intimusdream.com\/index.php\/wp-json\/wp\/v2\/types\/product"}],"replies":[{"embeddable":true,"href":"https:\/\/intimusdream.com\/index.php\/wp-json\/wp\/v2\/comments?post=15454"}],"wp:featuredmedia":[{"embeddable":true,"href":"https:\/\/intimusdream.com\/index.php\/wp-json\/wp\/v2\/media\/15453"}],"wp:attachment":[{"href":"https:\/\/intimusdream.com\/index.php\/wp-json\/wp\/v2\/media?parent=15454"}],"wp:term":[{"taxonomy":"product_brand","embeddable":true,"href":"https:\/\/intimusdream.com\/index.php\/wp-json\/wp\/v2\/product_brand?post=15454"},{"taxonomy":"product_cat","embeddable":true,"href":"https:\/\/intimusdream.com\/index.php\/wp-json\/wp\/v2\/product_cat?post=15454"},{"taxonomy":"product_tag","embeddable":true,"href":"https:\/\/intimusdream.com\/index.php\/wp-json\/wp\/v2\/product_tag?post=15454"}],"curies":[{"name":"wp","href":"https:\/\/api.w.org\/{rel}","templated":true}]}}