{"id":15546,"date":"2025-07-15T19:48:24","date_gmt":"2025-07-15T19:48:24","guid":{"rendered":"https:\/\/intimusdream.com\/index.php\/produto\/leg-avenue-conjunto-de-tres-peas-floral-laos-l\/"},"modified":"2026-01-09T15:20:08","modified_gmt":"2026-01-09T15:20:08","slug":"leg-avenue-conjunto-de-tres-peas-floral-laos-l","status":"publish","type":"product","link":"https:\/\/intimusdream.com\/index.php\/produto\/leg-avenue-conjunto-de-tres-peas-floral-laos-l\/","title":{"rendered":"LEG AVENUE &#8211; CONJUNTO DE TR\u00caS PEAS FLORAL LAOS L"},"content":{"rendered":"<p>Top de suti\u00e3 com al\u00e7a de gaiola de renda recortada, cinta-liga envolvente e calcinha fio-dental combinando fabricada pela prestigiada marca de lingerie Leg Avenue. Aumente a sua feminilidade obtendo uma pe\u00e7a exclusiva de sedu\u00e7\u00e3o, sensualidade e eleg\u00e2ncia.<\/p>\n<p>Caracter\u00edsticas:<\/p>\n<ul>\n<li>Conjunto de tr\u00eas pe\u00e7as<\/li>\n<li>Inclui suti\u00e3, cinta-liga e fio dental<\/li>\n<li>Cor preta<\/li>\n<li>Composi\u00e7\u00e3o: 92% n\u00e1ilon \/ 8% elastano<\/li>\n<li>Tamanho: L<\/li>\n<\/ul>\n<p>A Leg Avenue criou um universo ilimitado de trajes inovadores e lingerie e meias requintadas. Com belos designs, materiais de qualidade e excelente aten\u00e7\u00e3o aos detalhes. Nossa lingerie sexy \u00e9 uma celebra\u00e7\u00e3o de tudo o que \u00e9 feminino e sedutor.<\/p>\n<p style=\"text-align: center;\"><img decoding=\"async\" style=\"width: 662px; height: 847px;\" src=\"https:\/\/interno.dreamlove.es\/UserFiles\/images\/TABLA%20TALLAS.jpg\" alt=\"\" \/><\/p>\n","protected":false},"excerpt":{"rendered":"<p>https:\/\/store.dreamlove.es\/productos\/imagenes\/img_81749_9f1a8862b318b681413353b5d1785936_1.jpg|https:\/\/store.dreamlove.es\/productos\/imagenes\/img_81750_9984e4584b5d1f5a35d21bda63a64cd9_1.jpg|https:\/\/store.dreamlove.es\/productos\/imagenes\/img_81751_d29feb3fa4ac19b736edc1e26cad7269_1.jpg<\/p>\n","protected":false},"featured_media":15545,"comment_status":"open","ping_status":"closed","template":"","meta":{"site-sidebar-layout":"default","site-content-layout":"","ast-site-content-layout":"default","site-content-style":"default","site-sidebar-style":"default","ast-global-header-display":"","ast-banner-title-visibility":"","ast-main-header-display":"","ast-hfb-above-header-display":"","ast-hfb-below-header-display":"","ast-hfb-mobile-header-display":"","site-post-title":"","ast-breadcrumbs-content":"","ast-featured-img":"","footer-sml-layout":"","theme-transparent-header-meta":"default","adv-header-id-meta":"","stick-header-meta":"","header-above-stick-meta":"","header-main-stick-meta":"","header-below-stick-meta":"","astra-migrate-meta-layouts":"set","ast-page-background-enabled":"default","ast-page-background-meta":{"desktop":{"background-color":"var(--ast-global-color-5)","background-image":"","background-repeat":"repeat","background-position":"center center","background-size":"auto","background-attachment":"scroll","background-type":"","background-media":"","overlay-type":"","overlay-color":"","overlay-opacity":"","overlay-gradient":""},"tablet":{"background-color":"","background-image":"","background-repeat":"repeat","background-position":"center center","background-size":"auto","background-attachment":"scroll","background-type":"","background-media":"","overlay-type":"","overlay-color":"","overlay-opacity":"","overlay-gradient":""},"mobile":{"background-color":"","background-image":"","background-repeat":"repeat","background-position":"center center","background-size":"auto","background-attachment":"scroll","background-type":"","background-media":"","overlay-type":"","overlay-color":"","overlay-opacity":"","overlay-gradient":""}},"ast-content-background-meta":{"desktop":{"background-color":"var(--ast-global-color-4)","background-image":"","background-repeat":"repeat","background-position":"center center","background-size":"auto","background-attachment":"scroll","background-type":"","background-media":"","overlay-type":"","overlay-color":"","overlay-opacity":"","overlay-gradient":""},"tablet":{"background-color":"var(--ast-global-color-4)","background-image":"","background-repeat":"repeat","background-position":"center center","background-size":"auto","background-attachment":"scroll","background-type":"","background-media":"","overlay-type":"","overlay-color":"","overlay-opacity":"","overlay-gradient":""},"mobile":{"background-color":"var(--ast-global-color-4)","background-image":"","background-repeat":"repeat","background-position":"center center","background-size":"auto","background-attachment":"scroll","background-type":"","background-media":"","overlay-type":"","overlay-color":"","overlay-opacity":"","overlay-gradient":""}}},"product_brand":[100],"product_cat":[370,348],"product_tag":[],"class_list":{"0":"post-15546","1":"product","2":"type-product","3":"status-publish","4":"has-post-thumbnail","6":"product_brand-leg-avenue-sets","7":"product_cat-lingerie-feminina","8":"product_cat-moda-e-lingerie","9":"desktop-align-left","10":"tablet-align-left","11":"mobile-align-left","13":"first","14":"instock","15":"shipping-taxable","16":"purchasable","17":"product-type-simple"},"_links":{"self":[{"href":"https:\/\/intimusdream.com\/index.php\/wp-json\/wp\/v2\/product\/15546","targetHints":{"allow":["GET"]}}],"collection":[{"href":"https:\/\/intimusdream.com\/index.php\/wp-json\/wp\/v2\/product"}],"about":[{"href":"https:\/\/intimusdream.com\/index.php\/wp-json\/wp\/v2\/types\/product"}],"replies":[{"embeddable":true,"href":"https:\/\/intimusdream.com\/index.php\/wp-json\/wp\/v2\/comments?post=15546"}],"wp:featuredmedia":[{"embeddable":true,"href":"https:\/\/intimusdream.com\/index.php\/wp-json\/wp\/v2\/media\/15545"}],"wp:attachment":[{"href":"https:\/\/intimusdream.com\/index.php\/wp-json\/wp\/v2\/media?parent=15546"}],"wp:term":[{"taxonomy":"product_brand","embeddable":true,"href":"https:\/\/intimusdream.com\/index.php\/wp-json\/wp\/v2\/product_brand?post=15546"},{"taxonomy":"product_cat","embeddable":true,"href":"https:\/\/intimusdream.com\/index.php\/wp-json\/wp\/v2\/product_cat?post=15546"},{"taxonomy":"product_tag","embeddable":true,"href":"https:\/\/intimusdream.com\/index.php\/wp-json\/wp\/v2\/product_tag?post=15546"}],"curies":[{"name":"wp","href":"https:\/\/api.w.org\/{rel}","templated":true}]}}