{"id":15996,"date":"2025-07-15T19:51:12","date_gmt":"2025-07-15T19:51:12","guid":{"rendered":"https:\/\/intimusdream.com\/index.php\/produto\/leg-avenue-mesh-bodystocking-sem-fundo-preto-tamanho-unico\/"},"modified":"2025-12-31T16:31:37","modified_gmt":"2025-12-31T16:31:37","slug":"leg-avenue-mesh-bodystocking-sem-fundo-preto-tamanho-unico","status":"publish","type":"product","link":"https:\/\/intimusdream.com\/index.php\/produto\/leg-avenue-mesh-bodystocking-sem-fundo-preto-tamanho-unico\/","title":{"rendered":"LEG AVENUE &#8211; MESH BODYSTOCKING SEM FUNDO PRETO TAMANHO \u00daNICO"},"content":{"rendered":"<p>Explore seu lado mais sedutor com nossa <strong>Bodystocking Arrast\u00e3o Sem Virilha em Preto<\/strong> .<\/p>\n<p> Este body ousado e elegante \u00e9 perfeito para quem busca um visual provocante e ousado, ideal para noites de paix\u00e3o ou eventos especiais.<\/p>\n<\/p>\n<p> <u><strong>CARACTER\u00cdSTICAS<\/strong><\/u> :<\/p>\n<ul>\n<li> <strong>Material de rede arrast\u00e3o macio<\/strong> : feito de rede arrast\u00e3o preta de alta qualidade, este body oferece uma textura agrad\u00e1vel ao toque e um ajuste confort\u00e1vel.<\/li>\n<li> <strong>Design sem virilha<\/strong> : O recurso sem virilha acrescenta um toque de travessura e sensualidade, ideal para brincar e surpreender em momentos especiais.<\/li>\n<li> <strong>Tamanho \u00fanico e ajuste flex\u00edvel<\/strong> : Gra\u00e7as ao seu tecido el\u00e1stico, este body se adapta a diferentes tipos de corpo, garantindo um ajuste perfeito que valoriza suas curvas.<\/li>\n<li> <strong>Use e experimente<\/strong> : Perfeito para quem quer um estilo ousado e provocante, este bodystocking \u00e9 a escolha ideal para noites \u00edntimas ou para surpreender seu parceiro. Sinta a confian\u00e7a e o charme em cada detalhe!<\/li>\n<\/ul>\n<p> <strong>A Leg Avenue<\/strong> tem os produtos que voc\u00ea procura, comprometida em oferecer aos clientes produtos inovadores, pre\u00e7os competitivos e grande satisfa\u00e7\u00e3o, sempre frescos e com o que h\u00e1 de mais fashion em Los Angeles.<\/p>\n<p> Aqui \u00e9 tudo sobre voc\u00ea! Entendemos que cada corpo \u00e9 \u00fanico e acreditamos que todas as mulheres devem ter uma apar\u00eancia e se sentir fant\u00e1sticas, independentemente do seu tamanho ou forma. Ent\u00e3o, fique tranquila, nossos designs est\u00e3o sempre focados em destacar suas melhores caracter\u00edsticas. E falando s\u00e9rio, falamos s\u00e9rio quando dizemos que valorizamos tecidos supermacios e elasticidade de n\u00edvel superior. Conforto e estilo? Confira duas vezes!<\/p>\n<p> A variedade \u00e9 a chave para o nosso sucesso e voc\u00ea pode ver isso em nossos estilos. Nossos designers misturam e combinam materiais como profissionais, dando \u00e0s nossas cria\u00e7\u00f5es aquele ar de luxo inconfund\u00edvel para que voc\u00ea se sinta absolutamente de primeira classe. Seja uma renda que faz seus sentidos formigarem ou um cetim supermacio que suas m\u00e3os n\u00e3o conseguem resistir, n\u00f3s vamos al\u00e9m para lhe dar algo especial.<\/p>\n<p> <strong>A Leg Avenue<\/strong> \u00e9 cheia de paix\u00e3o, divers\u00e3o e autoexpress\u00e3o. Queremos que voc\u00ea seja completamente voc\u00ea mesmo, com um toque de travessura e montanhas de confian\u00e7a. Descubra como nossa lingerie, meias e fantasias levam seu visual para o pr\u00f3ximo n\u00edvel. Juntos, aspiramos ao fant\u00e1stico e provamos que estilo n\u00e3o tem tamanho!<\/p>\n","protected":false},"excerpt":{"rendered":"<p>https:\/\/store.dreamlove.es\/productos\/imagenes\/img_193193_3e95f8b8bc14bdab2e31a7d472425064_1.jpg|https:\/\/store.dreamlove.es\/productos\/imagenes\/img_193192_885fc618740eb342d54f6b83b0d94000_1.jpg|https:\/\/store.dreamlove.es\/productos\/imagenes\/img_193194_f34369136daffa093d623ccad15d402b_1.jpg|https:\/\/store.dreamlove.es\/productos\/imagenes\/img_193195_e06c54d39cfc1118e5eead2e6ef23d8f_1.jpg|https:\/\/store.dreamlove.es\/productos\/imagenes\/img_193191_c7f635f227bae438a0715910316f8e1c_1.jpg|https:\/\/store.dreamlove.es\/productos\/imagenes\/img_193197_e2f88f9771bee1cd5508cc9ed029a2e1_1.jpg<\/p>\n","protected":false},"featured_media":15995,"comment_status":"open","ping_status":"closed","template":"","meta":{"site-sidebar-layout":"default","site-content-layout":"","ast-site-content-layout":"","site-content-style":"default","site-sidebar-style":"default","ast-global-header-display":"","ast-banner-title-visibility":"","ast-main-header-display":"","ast-hfb-above-header-display":"","ast-hfb-below-header-display":"","ast-hfb-mobile-header-display":"","site-post-title":"","ast-breadcrumbs-content":"","ast-featured-img":"","footer-sml-layout":"","theme-transparent-header-meta":"","adv-header-id-meta":"","stick-header-meta":"","header-above-stick-meta":"","header-main-stick-meta":"","header-below-stick-meta":"","astra-migrate-meta-layouts":"default","ast-page-background-enabled":"default","ast-page-background-meta":{"desktop":{"background-color":"var(--ast-global-color-5)","background-image":"","background-repeat":"repeat","background-position":"center center","background-size":"auto","background-attachment":"scroll","background-type":"","background-media":"","overlay-type":"","overlay-color":"","overlay-opacity":"","overlay-gradient":""},"tablet":{"background-color":"","background-image":"","background-repeat":"repeat","background-position":"center center","background-size":"auto","background-attachment":"scroll","background-type":"","background-media":"","overlay-type":"","overlay-color":"","overlay-opacity":"","overlay-gradient":""},"mobile":{"background-color":"","background-image":"","background-repeat":"repeat","background-position":"center center","background-size":"auto","background-attachment":"scroll","background-type":"","background-media":"","overlay-type":"","overlay-color":"","overlay-opacity":"","overlay-gradient":""}},"ast-content-background-meta":{"desktop":{"background-color":"var(--ast-global-color-4)","background-image":"","background-repeat":"repeat","background-position":"center center","background-size":"auto","background-attachment":"scroll","background-type":"","background-media":"","overlay-type":"","overlay-color":"","overlay-opacity":"","overlay-gradient":""},"tablet":{"background-color":"var(--ast-global-color-4)","background-image":"","background-repeat":"repeat","background-position":"center center","background-size":"auto","background-attachment":"scroll","background-type":"","background-media":"","overlay-type":"","overlay-color":"","overlay-opacity":"","overlay-gradient":""},"mobile":{"background-color":"var(--ast-global-color-4)","background-image":"","background-repeat":"repeat","background-position":"center center","background-size":"auto","background-attachment":"scroll","background-type":"","background-media":"","overlay-type":"","overlay-color":"","overlay-opacity":"","overlay-gradient":""}}},"product_brand":[102],"product_cat":[370,348],"product_tag":[],"class_list":{"0":"post-15996","1":"product","2":"type-product","3":"status-publish","4":"has-post-thumbnail","6":"product_brand-leg-avenue-bodystockings","7":"product_cat-lingerie-feminina","8":"product_cat-moda-e-lingerie","9":"desktop-align-left","10":"tablet-align-left","11":"mobile-align-left","13":"first","14":"outofstock","15":"shipping-taxable","16":"purchasable","17":"product-type-simple"},"_links":{"self":[{"href":"https:\/\/intimusdream.com\/index.php\/wp-json\/wp\/v2\/product\/15996","targetHints":{"allow":["GET"]}}],"collection":[{"href":"https:\/\/intimusdream.com\/index.php\/wp-json\/wp\/v2\/product"}],"about":[{"href":"https:\/\/intimusdream.com\/index.php\/wp-json\/wp\/v2\/types\/product"}],"replies":[{"embeddable":true,"href":"https:\/\/intimusdream.com\/index.php\/wp-json\/wp\/v2\/comments?post=15996"}],"wp:featuredmedia":[{"embeddable":true,"href":"https:\/\/intimusdream.com\/index.php\/wp-json\/wp\/v2\/media\/15995"}],"wp:attachment":[{"href":"https:\/\/intimusdream.com\/index.php\/wp-json\/wp\/v2\/media?parent=15996"}],"wp:term":[{"taxonomy":"product_brand","embeddable":true,"href":"https:\/\/intimusdream.com\/index.php\/wp-json\/wp\/v2\/product_brand?post=15996"},{"taxonomy":"product_cat","embeddable":true,"href":"https:\/\/intimusdream.com\/index.php\/wp-json\/wp\/v2\/product_cat?post=15996"},{"taxonomy":"product_tag","embeddable":true,"href":"https:\/\/intimusdream.com\/index.php\/wp-json\/wp\/v2\/product_tag?post=15996"}],"curies":[{"name":"wp","href":"https:\/\/api.w.org\/{rel}","templated":true}]}}