{"id":16024,"date":"2025-07-15T19:51:20","date_gmt":"2025-07-15T19:51:20","guid":{"rendered":"https:\/\/intimusdream.com\/index.php\/produto\/leg-avenue-mini-vestido-de-malha-com-alcas-vermelho\/"},"modified":"2025-12-04T09:36:54","modified_gmt":"2025-12-04T09:36:54","slug":"leg-avenue-mini-vestido-de-malha-com-alcas-vermelho","status":"publish","type":"product","link":"https:\/\/intimusdream.com\/index.php\/produto\/leg-avenue-mini-vestido-de-malha-com-alcas-vermelho\/","title":{"rendered":"LEG AVENUE &#8211; MINI VESTIDO DE MALHA COM AL\u00c7AS VERMELHO"},"content":{"rendered":"<p>Fa\u00e7a uma declara\u00e7\u00e3o ousada e sedutora com nosso <strong>minivestido sexy vermelho com al\u00e7as e rede arrast\u00e3o<\/strong> .<\/p>\n<p> Este vestido \u00e9 ideal para noites de festa, eventos especiais ou qualquer ocasi\u00e3o em que voc\u00ea queira exibir um estilo ousado e cheio de personalidade.<\/p>\n<\/p>\n<p> <u><strong>CARACTER\u00cdSTICAS<\/strong><\/u> :<\/p>\n<ul>\n<li> <strong>Material de rede arrast\u00e3o transparente<\/strong> : feito de rede arrast\u00e3o vermelha, este minivestido oferece um visual ousado, revelando a silhueta com um efeito sensual e moderno.<\/li>\n<li> <strong>Design de al\u00e7a fina<\/strong> : as al\u00e7as finas e ajust\u00e1veis garantem conforto e um ajuste perfeito, al\u00e9m de adicionar um toque de eleg\u00e2ncia ao design minimalista.<\/li>\n<li> <strong>Mini e justo<\/strong> : este vestido curto e justo destaca as curvas, proporcionando um visual estilizado e provocante.<\/li>\n<li> <strong>Use e experimente<\/strong> : Ideal para quem quer impressionar e mostrar confian\u00e7a em cada passo, este mini vestido arrast\u00e3o \u00e9 perfeito para noites especiais ou comemora\u00e7\u00f5es onde voc\u00ea quer brilhar e expressar seu lado mais ousado. Um b\u00e1sico que n\u00e3o pode faltar na sua cole\u00e7\u00e3o!<\/li>\n<\/ul>\n<p> <strong>A Leg Avenue<\/strong> tem os produtos que voc\u00ea procura, comprometida em oferecer aos clientes produtos inovadores, pre\u00e7os competitivos e grande satisfa\u00e7\u00e3o, sempre frescos e com o que h\u00e1 de mais fashion em Los Angeles.<\/p>\n<p> Aqui \u00e9 tudo sobre voc\u00ea! Entendemos que cada corpo \u00e9 \u00fanico e acreditamos que todas as mulheres devem ter uma apar\u00eancia e se sentir fant\u00e1sticas, independentemente do seu tamanho ou forma. Ent\u00e3o, fique tranquila, nossos designs est\u00e3o sempre focados em destacar suas melhores caracter\u00edsticas. E falando s\u00e9rio, falamos s\u00e9rio quando dizemos que valorizamos tecidos supermacios e elasticidade de n\u00edvel superior. Conforto e estilo? Confira duas vezes!<\/p>\n<p> A variedade \u00e9 a chave para o nosso sucesso e voc\u00ea pode ver isso em nossos estilos. Nossos designers misturam e combinam materiais como profissionais, dando \u00e0s nossas cria\u00e7\u00f5es aquele ar de luxo inconfund\u00edvel para que voc\u00ea se sinta absolutamente de primeira classe. Seja uma renda que faz seus sentidos formigarem ou um cetim supermacio que suas m\u00e3os n\u00e3o conseguem resistir, n\u00f3s vamos al\u00e9m para lhe dar algo especial.<\/p>\n<p> <strong>A Leg Avenue<\/strong> \u00e9 cheia de paix\u00e3o, divers\u00e3o e autoexpress\u00e3o. Queremos que voc\u00ea seja completamente voc\u00ea mesmo, com um toque de travessura e montanhas de confian\u00e7a. Descubra como nossa lingerie, meias e fantasias levam seu visual para o pr\u00f3ximo n\u00edvel. Juntos, aspiramos ao fant\u00e1stico e provamos que estilo n\u00e3o tem tamanho!<\/p>\n","protected":false},"excerpt":{"rendered":"<p>https:\/\/store.dreamlove.es\/productos\/imagenes\/img_193040_6309ead2f2a3a49187bee9e37142c7e7_1.jpg|https:\/\/store.dreamlove.es\/productos\/imagenes\/img_193042_e312c1b33fc2f81dc16561776524921f_1.jpg|https:\/\/store.dreamlove.es\/productos\/imagenes\/img_193041_c329c57496306b73c09d9b0b0749f257_1.jpg|https:\/\/store.dreamlove.es\/productos\/imagenes\/img_193043_feb04ee48c1e614b4f43bb6edc9f870a_1.jpg|https:\/\/store.dreamlove.es\/productos\/imagenes\/img_193039_95dcbc6b1c43ebad747df36923bdeada_1.jpg|https:\/\/store.dreamlove.es\/productos\/imagenes\/img_193038_71c1ebf462b18597eedd5e8974e35afb_1.jpg|https:\/\/store.dreamlove.es\/productos\/imagenes\/img_193037_b6b2cd78de284bec3b9685389a73ae26_1.jpg<\/p>\n","protected":false},"featured_media":16023,"comment_status":"open","ping_status":"closed","template":"","meta":{"site-sidebar-layout":"default","site-content-layout":"","ast-site-content-layout":"","site-content-style":"default","site-sidebar-style":"default","ast-global-header-display":"","ast-banner-title-visibility":"","ast-main-header-display":"","ast-hfb-above-header-display":"","ast-hfb-below-header-display":"","ast-hfb-mobile-header-display":"","site-post-title":"","ast-breadcrumbs-content":"","ast-featured-img":"","footer-sml-layout":"","theme-transparent-header-meta":"","adv-header-id-meta":"","stick-header-meta":"","header-above-stick-meta":"","header-main-stick-meta":"","header-below-stick-meta":"","astra-migrate-meta-layouts":"default","ast-page-background-enabled":"default","ast-page-background-meta":{"desktop":{"background-color":"var(--ast-global-color-5)","background-image":"","background-repeat":"repeat","background-position":"center center","background-size":"auto","background-attachment":"scroll","background-type":"","background-media":"","overlay-type":"","overlay-color":"","overlay-opacity":"","overlay-gradient":""},"tablet":{"background-color":"","background-image":"","background-repeat":"repeat","background-position":"center center","background-size":"auto","background-attachment":"scroll","background-type":"","background-media":"","overlay-type":"","overlay-color":"","overlay-opacity":"","overlay-gradient":""},"mobile":{"background-color":"","background-image":"","background-repeat":"repeat","background-position":"center center","background-size":"auto","background-attachment":"scroll","background-type":"","background-media":"","overlay-type":"","overlay-color":"","overlay-opacity":"","overlay-gradient":""}},"ast-content-background-meta":{"desktop":{"background-color":"var(--ast-global-color-4)","background-image":"","background-repeat":"repeat","background-position":"center center","background-size":"auto","background-attachment":"scroll","background-type":"","background-media":"","overlay-type":"","overlay-color":"","overlay-opacity":"","overlay-gradient":""},"tablet":{"background-color":"var(--ast-global-color-4)","background-image":"","background-repeat":"repeat","background-position":"center center","background-size":"auto","background-attachment":"scroll","background-type":"","background-media":"","overlay-type":"","overlay-color":"","overlay-opacity":"","overlay-gradient":""},"mobile":{"background-color":"var(--ast-global-color-4)","background-image":"","background-repeat":"repeat","background-position":"center center","background-size":"auto","background-attachment":"scroll","background-type":"","background-media":"","overlay-type":"","overlay-color":"","overlay-opacity":"","overlay-gradient":""}}},"product_brand":[104],"product_cat":[370,348],"product_tag":[],"class_list":{"0":"post-16024","1":"product","2":"type-product","3":"status-publish","4":"has-post-thumbnail","6":"product_brand-leg-avenue-dresses","7":"product_cat-lingerie-feminina","8":"product_cat-moda-e-lingerie","9":"desktop-align-left","10":"tablet-align-left","11":"mobile-align-left","13":"first","14":"instock","15":"shipping-taxable","16":"purchasable","17":"product-type-simple"},"_links":{"self":[{"href":"https:\/\/intimusdream.com\/index.php\/wp-json\/wp\/v2\/product\/16024","targetHints":{"allow":["GET"]}}],"collection":[{"href":"https:\/\/intimusdream.com\/index.php\/wp-json\/wp\/v2\/product"}],"about":[{"href":"https:\/\/intimusdream.com\/index.php\/wp-json\/wp\/v2\/types\/product"}],"replies":[{"embeddable":true,"href":"https:\/\/intimusdream.com\/index.php\/wp-json\/wp\/v2\/comments?post=16024"}],"wp:featuredmedia":[{"embeddable":true,"href":"https:\/\/intimusdream.com\/index.php\/wp-json\/wp\/v2\/media\/16023"}],"wp:attachment":[{"href":"https:\/\/intimusdream.com\/index.php\/wp-json\/wp\/v2\/media?parent=16024"}],"wp:term":[{"taxonomy":"product_brand","embeddable":true,"href":"https:\/\/intimusdream.com\/index.php\/wp-json\/wp\/v2\/product_brand?post=16024"},{"taxonomy":"product_cat","embeddable":true,"href":"https:\/\/intimusdream.com\/index.php\/wp-json\/wp\/v2\/product_cat?post=16024"},{"taxonomy":"product_tag","embeddable":true,"href":"https:\/\/intimusdream.com\/index.php\/wp-json\/wp\/v2\/product_tag?post=16024"}],"curies":[{"name":"wp","href":"https:\/\/api.w.org\/{rel}","templated":true}]}}