{"id":16254,"date":"2025-07-15T19:52:41","date_gmt":"2025-07-15T19:52:41","guid":{"rendered":"https:\/\/intimusdream.com\/index.php\/produto\/leg-avenue-top-crop-meia-vermelha-tamanho-unico-2\/"},"modified":"2026-01-09T15:22:07","modified_gmt":"2026-01-09T15:22:07","slug":"leg-avenue-top-crop-meia-vermelha-tamanho-unico-2","status":"publish","type":"product","link":"https:\/\/intimusdream.com\/index.php\/produto\/leg-avenue-top-crop-meia-vermelha-tamanho-unico-2\/","title":{"rendered":"LEG AVENUE &#8211; TOP CROP + MEIA VERMELHA TAMANHO \u00daNICO"},"content":{"rendered":"<p>Eleve seu guarda-roupa \u00edntimo com nossa <strong>calcinha fio dental e body-liga com estampa de cora\u00e7\u00e3o preto<\/strong> .<\/p>\n<p> Este conjunto \u00e9 perfeito para quem busca um visual sedutor e rom\u00e2ntico, ideal para noites especiais ou para surpreender o seu parceiro.<\/p>\n<\/p>\n<p> <u><strong>CARACTER\u00cdSTICAS<\/strong><\/u> :<\/p>\n<ul>\n<li> <strong>Material de rede arrast\u00e3o transparente<\/strong> : feito de rede arrast\u00e3o preta macia, este body permite uma transpar\u00eancia sutil, real\u00e7ando sua silhueta de uma forma provocante.<\/li>\n<li> <strong>Estampa de cora\u00e7\u00e3o<\/strong> : lindas estampas de cora\u00e7\u00e3o d\u00e3o um toque l\u00fadico e rom\u00e2ntico, tornando este design uma op\u00e7\u00e3o \u00fanica e atraente.<\/li>\n<li> <strong>Cintas-liga embutidas<\/strong> : com cintas-liga que permitem adicionar suas meias favoritas, este body combina sensualidade e funcionalidade, garantindo um look completo e sexy.<\/li>\n<li> <strong>Tanga combinando<\/strong> : Inclui uma tanga de rede combinando, projetada para complementar perfeitamente o conjunto e real\u00e7ar sua silhueta.<\/li>\n<li> <strong>Tamanho \u00fanico e ajuste flex\u00edvel<\/strong> : feito de um material el\u00e1stico, este body se adapta confortavelmente a diferentes tipos de corpo, garantindo um ajuste perfeito.<\/li>\n<li> <strong>Use e experimente<\/strong> : Ideal para quem quer um look sedutor e sedutor, este conjunto \u00e9 perfeito para ocasi\u00f5es especiais ou para tornar qualquer noite memor\u00e1vel. Sinta a confian\u00e7a e o charme em cada detalhe!<\/li>\n<\/ul>\n<p> <strong>A Leg Avenue<\/strong> tem os produtos que voc\u00ea procura, comprometida em oferecer aos clientes produtos inovadores, pre\u00e7os competitivos e grande satisfa\u00e7\u00e3o, sempre frescos e com o que h\u00e1 de mais fashion em Los Angeles.<\/p>\n<p> Aqui \u00e9 tudo sobre voc\u00ea! Entendemos que cada corpo \u00e9 \u00fanico e acreditamos que todas as mulheres devem ter uma apar\u00eancia e se sentir fant\u00e1sticas, independentemente do seu tamanho ou forma. Ent\u00e3o, fique tranquila, nossos designs est\u00e3o sempre focados em destacar suas melhores caracter\u00edsticas. E falando s\u00e9rio, falamos s\u00e9rio quando dizemos que valorizamos tecidos supermacios e elasticidade de n\u00edvel superior. Conforto e estilo? Confira duas vezes!<\/p>\n<p> A variedade \u00e9 a chave para o nosso sucesso e voc\u00ea pode ver isso em nossos estilos. Nossos designers misturam e combinam materiais como profissionais, dando \u00e0s nossas cria\u00e7\u00f5es aquele ar de luxo inconfund\u00edvel para que voc\u00ea se sinta absolutamente de primeira classe. Seja uma renda que faz seus sentidos formigarem ou um cetim supermacio que suas m\u00e3os n\u00e3o conseguem resistir, n\u00f3s vamos al\u00e9m para lhe dar algo especial.<\/p>\n<p> <strong>A Leg Avenue<\/strong> \u00e9 cheia de paix\u00e3o, divers\u00e3o e autoexpress\u00e3o. Queremos que voc\u00ea seja completamente voc\u00ea mesmo, com um toque de travessura e montanhas de confian\u00e7a. Descubra como nossa lingerie, meias e fantasias levam seu visual para o pr\u00f3ximo n\u00edvel. Juntos, aspiramos ao fant\u00e1stico e provamos que estilo n\u00e3o tem tamanho!<\/p>\n","protected":false},"excerpt":{"rendered":"<p>https:\/\/store.dreamlove.es\/productos\/imagenes\/img_193229_ddb8d52715e1371b69aba37572c36560_1.jpg|https:\/\/store.dreamlove.es\/productos\/imagenes\/img_193230_8889d8c92de472e72ddefc37165aa667_1.jpg|https:\/\/store.dreamlove.es\/productos\/imagenes\/img_193227_04e827f0a053a04889e3cc7d709064a5_1.jpg|https:\/\/store.dreamlove.es\/productos\/imagenes\/img_193232_bfa33859e7e4cbbf9f2bd6f5a2197c4f_1.jpg|https:\/\/store.dreamlove.es\/productos\/imagenes\/img_193228_c0afe1ca15aa53b6aa59e213de66e855_1.jpg|https:\/\/store.dreamlove.es\/productos\/imagenes\/img_193226_e2d8508f0d6f1491c1a93b5f6ef6d6df_1.jpg<\/p>\n","protected":false},"featured_media":16253,"comment_status":"open","ping_status":"closed","template":"","meta":{"site-sidebar-layout":"default","site-content-layout":"","ast-site-content-layout":"","site-content-style":"default","site-sidebar-style":"default","ast-global-header-display":"","ast-banner-title-visibility":"","ast-main-header-display":"","ast-hfb-above-header-display":"","ast-hfb-below-header-display":"","ast-hfb-mobile-header-display":"","site-post-title":"","ast-breadcrumbs-content":"","ast-featured-img":"","footer-sml-layout":"","theme-transparent-header-meta":"","adv-header-id-meta":"","stick-header-meta":"","header-above-stick-meta":"","header-main-stick-meta":"","header-below-stick-meta":"","astra-migrate-meta-layouts":"default","ast-page-background-enabled":"default","ast-page-background-meta":{"desktop":{"background-color":"var(--ast-global-color-5)","background-image":"","background-repeat":"repeat","background-position":"center center","background-size":"auto","background-attachment":"scroll","background-type":"","background-media":"","overlay-type":"","overlay-color":"","overlay-opacity":"","overlay-gradient":""},"tablet":{"background-color":"","background-image":"","background-repeat":"repeat","background-position":"center center","background-size":"auto","background-attachment":"scroll","background-type":"","background-media":"","overlay-type":"","overlay-color":"","overlay-opacity":"","overlay-gradient":""},"mobile":{"background-color":"","background-image":"","background-repeat":"repeat","background-position":"center center","background-size":"auto","background-attachment":"scroll","background-type":"","background-media":"","overlay-type":"","overlay-color":"","overlay-opacity":"","overlay-gradient":""}},"ast-content-background-meta":{"desktop":{"background-color":"var(--ast-global-color-4)","background-image":"","background-repeat":"repeat","background-position":"center center","background-size":"auto","background-attachment":"scroll","background-type":"","background-media":"","overlay-type":"","overlay-color":"","overlay-opacity":"","overlay-gradient":""},"tablet":{"background-color":"var(--ast-global-color-4)","background-image":"","background-repeat":"repeat","background-position":"center center","background-size":"auto","background-attachment":"scroll","background-type":"","background-media":"","overlay-type":"","overlay-color":"","overlay-opacity":"","overlay-gradient":""},"mobile":{"background-color":"var(--ast-global-color-4)","background-image":"","background-repeat":"repeat","background-position":"center center","background-size":"auto","background-attachment":"scroll","background-type":"","background-media":"","overlay-type":"","overlay-color":"","overlay-opacity":"","overlay-gradient":""}}},"product_brand":[102],"product_cat":[370,348],"product_tag":[],"class_list":{"0":"post-16254","1":"product","2":"type-product","3":"status-publish","4":"has-post-thumbnail","6":"product_brand-leg-avenue-bodystockings","7":"product_cat-lingerie-feminina","8":"product_cat-moda-e-lingerie","9":"desktop-align-left","10":"tablet-align-left","11":"mobile-align-left","13":"first","14":"instock","15":"shipping-taxable","16":"purchasable","17":"product-type-simple"},"_links":{"self":[{"href":"https:\/\/intimusdream.com\/index.php\/wp-json\/wp\/v2\/product\/16254","targetHints":{"allow":["GET"]}}],"collection":[{"href":"https:\/\/intimusdream.com\/index.php\/wp-json\/wp\/v2\/product"}],"about":[{"href":"https:\/\/intimusdream.com\/index.php\/wp-json\/wp\/v2\/types\/product"}],"replies":[{"embeddable":true,"href":"https:\/\/intimusdream.com\/index.php\/wp-json\/wp\/v2\/comments?post=16254"}],"wp:featuredmedia":[{"embeddable":true,"href":"https:\/\/intimusdream.com\/index.php\/wp-json\/wp\/v2\/media\/16253"}],"wp:attachment":[{"href":"https:\/\/intimusdream.com\/index.php\/wp-json\/wp\/v2\/media?parent=16254"}],"wp:term":[{"taxonomy":"product_brand","embeddable":true,"href":"https:\/\/intimusdream.com\/index.php\/wp-json\/wp\/v2\/product_brand?post=16254"},{"taxonomy":"product_cat","embeddable":true,"href":"https:\/\/intimusdream.com\/index.php\/wp-json\/wp\/v2\/product_cat?post=16254"},{"taxonomy":"product_tag","embeddable":true,"href":"https:\/\/intimusdream.com\/index.php\/wp-json\/wp\/v2\/product_tag?post=16254"}],"curies":[{"name":"wp","href":"https:\/\/api.w.org\/{rel}","templated":true}]}}