{"id":16280,"date":"2025-07-15T19:52:51","date_gmt":"2025-07-15T19:52:51","guid":{"rendered":"https:\/\/intimusdream.com\/index.php\/produto\/leg-avenue-traje-classico-de-miss-collegiate-vermelho-branco-s-m\/"},"modified":"2026-01-09T15:19:05","modified_gmt":"2026-01-09T15:19:05","slug":"leg-avenue-traje-classico-de-miss-collegiate-vermelho-branco-s-m","status":"publish","type":"product","link":"https:\/\/intimusdream.com\/index.php\/produto\/leg-avenue-traje-classico-de-miss-collegiate-vermelho-branco-s-m\/","title":{"rendered":"LEG AVENUE &#8211; TRAJE CL\u00c1SSICO DE MISS COLLEGIATE VERMELHO\/BRANCO S\/M"},"content":{"rendered":"<p>Prepare-se para arrasar no Halloween ou no Carnaval com a <strong>fantasia de Miss Colegial Sexy<\/strong> .<\/p>\n<p>Este encantador conjunto de fantasia combina divers\u00e3o e sedu\u00e7\u00e3o, perfeito para quem quer fazer uma entrada memor\u00e1vel.<\/p>\n<p>&nbsp;<\/p>\n<p><u><strong>CARACTER\u00cdSTICAS<\/strong><\/u> :<\/p>\n<ul>\n<li><strong>Camisa curta<\/strong> : a camisa curta d\u00e1 um toque de glamour, destacando sua silhueta e acrescentando um ar jovial ao seu visual.<\/li>\n<li><strong>Saia Flirty<\/strong> : A saia \u00e9 leve e confort\u00e1vel, ideal para se movimentar com facilidade e ficar fabulosa na pista de dan\u00e7a.<\/li>\n<li><strong>La\u00e7os para gravata e rabo de cavalo<\/strong> : inclui uma gravata que complementa perfeitamente a roupa, junto com la\u00e7os para rabo de cavalo combinando que d\u00e3o um toque divertido e atraente.<\/li>\n<li><strong>Use e experimente<\/strong> : Esta fantasia \u00e9 perfeita para o Halloween, festas tem\u00e1ticas ou carnavais. Complete o visual com meias altas e saltos para um estilo irresist\u00edvel que certamente chamar\u00e1 a aten\u00e7\u00e3o em qualquer evento.<\/li>\n<\/ul>\n<p>&nbsp;<\/p>\n<p><strong>A Leg Avenue<\/strong> tem os produtos que voc\u00ea procura, comprometida em oferecer aos clientes produtos inovadores, pre\u00e7os competitivos e grande satisfa\u00e7\u00e3o, sempre frescos e com o que h\u00e1 de mais fashion em Los Angeles.<\/p>\n<p>Aqui \u00e9 tudo sobre voc\u00ea! Entendemos que cada corpo \u00e9 \u00fanico e acreditamos que todas as mulheres devem ter uma apar\u00eancia e se sentir fant\u00e1sticas, independentemente do seu tamanho ou forma. Ent\u00e3o, fique tranquila, nossos designs est\u00e3o sempre focados em destacar suas melhores caracter\u00edsticas. E falando s\u00e9rio, falamos s\u00e9rio quando dizemos que valorizamos tecidos supermacios e elasticidade de n\u00edvel superior. Conforto e estilo? Confira duas vezes!<\/p>\n<p>A variedade \u00e9 a chave para o nosso sucesso e voc\u00ea pode ver isso em nossos estilos. Nossos designers misturam e combinam materiais como profissionais, dando \u00e0s nossas cria\u00e7\u00f5es aquele ar de luxo inconfund\u00edvel para que voc\u00ea se sinta absolutamente de primeira classe. Seja uma renda que faz seus sentidos formigarem ou um cetim supermacio que suas m\u00e3os n\u00e3o conseguem resistir, n\u00f3s vamos al\u00e9m para lhe dar algo especial.<\/p>\n<p><strong>A Leg Avenue<\/strong> \u00e9 cheia de paix\u00e3o, divers\u00e3o e autoexpress\u00e3o. Queremos que voc\u00ea seja completamente voc\u00ea mesmo, com um toque de travessura e montanhas de confian\u00e7a. Descubra como nossa lingerie, meias e fantasias levam seu visual para o pr\u00f3ximo n\u00edvel. Juntos, aspiramos ao fant\u00e1stico e provamos que estilo n\u00e3o tem tamanho!<\/p>\n","protected":false},"excerpt":{"rendered":"<p>https:\/\/store.dreamlove.es\/productos\/imagenes\/img_192588_3ed06845234909462fa8cdeab46dccd5_1.jpg|https:\/\/store.dreamlove.es\/productos\/imagenes\/img_192591_ba978d9516a481b9c871ed10de4b6bb6_1.jpg|https:\/\/store.dreamlove.es\/productos\/imagenes\/img_192587_c8ed3d214cba5a994d5702609730840a_1.jpg|https:\/\/store.dreamlove.es\/productos\/imagenes\/img_192590_84d6e8cec94319410e031ccaf2852e2a_1.jpg|https:\/\/store.dreamlove.es\/productos\/imagenes\/img_192586_3182715051b56c117d92f9ee4508b6ba_1.jpg|https:\/\/store.dreamlove.es\/productos\/imagenes\/img_192585_974dd4f68b435fc66db6c6dac45c9ada_1.jpg|https:\/\/store.dreamlove.es\/productos\/imagenes\/img_192589_1866bde783fda2a492bac8561bfcec4f_1.jpg<\/p>\n","protected":false},"featured_media":16279,"comment_status":"open","ping_status":"closed","template":"","meta":{"site-sidebar-layout":"default","site-content-layout":"","ast-site-content-layout":"default","site-content-style":"default","site-sidebar-style":"default","ast-global-header-display":"","ast-banner-title-visibility":"","ast-main-header-display":"","ast-hfb-above-header-display":"","ast-hfb-below-header-display":"","ast-hfb-mobile-header-display":"","site-post-title":"","ast-breadcrumbs-content":"","ast-featured-img":"","footer-sml-layout":"","theme-transparent-header-meta":"default","adv-header-id-meta":"","stick-header-meta":"","header-above-stick-meta":"","header-main-stick-meta":"","header-below-stick-meta":"","astra-migrate-meta-layouts":"set","ast-page-background-enabled":"default","ast-page-background-meta":{"desktop":{"background-color":"var(--ast-global-color-5)","background-image":"","background-repeat":"repeat","background-position":"center center","background-size":"auto","background-attachment":"scroll","background-type":"","background-media":"","overlay-type":"","overlay-color":"","overlay-opacity":"","overlay-gradient":""},"tablet":{"background-color":"","background-image":"","background-repeat":"repeat","background-position":"center center","background-size":"auto","background-attachment":"scroll","background-type":"","background-media":"","overlay-type":"","overlay-color":"","overlay-opacity":"","overlay-gradient":""},"mobile":{"background-color":"","background-image":"","background-repeat":"repeat","background-position":"center center","background-size":"auto","background-attachment":"scroll","background-type":"","background-media":"","overlay-type":"","overlay-color":"","overlay-opacity":"","overlay-gradient":""}},"ast-content-background-meta":{"desktop":{"background-color":"var(--ast-global-color-4)","background-image":"","background-repeat":"repeat","background-position":"center center","background-size":"auto","background-attachment":"scroll","background-type":"","background-media":"","overlay-type":"","overlay-color":"","overlay-opacity":"","overlay-gradient":""},"tablet":{"background-color":"var(--ast-global-color-4)","background-image":"","background-repeat":"repeat","background-position":"center center","background-size":"auto","background-attachment":"scroll","background-type":"","background-media":"","overlay-type":"","overlay-color":"","overlay-opacity":"","overlay-gradient":""},"mobile":{"background-color":"var(--ast-global-color-4)","background-image":"","background-repeat":"repeat","background-position":"center center","background-size":"auto","background-attachment":"scroll","background-type":"","background-media":"","overlay-type":"","overlay-color":"","overlay-opacity":"","overlay-gradient":""}}},"product_brand":[101],"product_cat":[370,348],"product_tag":[],"class_list":{"0":"post-16280","1":"product","2":"type-product","3":"status-publish","4":"has-post-thumbnail","6":"product_brand-leg-avenue-costumes","7":"product_cat-lingerie-feminina","8":"product_cat-moda-e-lingerie","9":"desktop-align-left","10":"tablet-align-left","11":"mobile-align-left","13":"first","14":"instock","15":"shipping-taxable","16":"purchasable","17":"product-type-simple"},"_links":{"self":[{"href":"https:\/\/intimusdream.com\/index.php\/wp-json\/wp\/v2\/product\/16280","targetHints":{"allow":["GET"]}}],"collection":[{"href":"https:\/\/intimusdream.com\/index.php\/wp-json\/wp\/v2\/product"}],"about":[{"href":"https:\/\/intimusdream.com\/index.php\/wp-json\/wp\/v2\/types\/product"}],"replies":[{"embeddable":true,"href":"https:\/\/intimusdream.com\/index.php\/wp-json\/wp\/v2\/comments?post=16280"}],"wp:featuredmedia":[{"embeddable":true,"href":"https:\/\/intimusdream.com\/index.php\/wp-json\/wp\/v2\/media\/16279"}],"wp:attachment":[{"href":"https:\/\/intimusdream.com\/index.php\/wp-json\/wp\/v2\/media?parent=16280"}],"wp:term":[{"taxonomy":"product_brand","embeddable":true,"href":"https:\/\/intimusdream.com\/index.php\/wp-json\/wp\/v2\/product_brand?post=16280"},{"taxonomy":"product_cat","embeddable":true,"href":"https:\/\/intimusdream.com\/index.php\/wp-json\/wp\/v2\/product_cat?post=16280"},{"taxonomy":"product_tag","embeddable":true,"href":"https:\/\/intimusdream.com\/index.php\/wp-json\/wp\/v2\/product_tag?post=16280"}],"curies":[{"name":"wp","href":"https:\/\/api.w.org\/{rel}","templated":true}]}}