{"id":16362,"date":"2025-07-15T19:53:18","date_gmt":"2025-07-15T19:53:18","guid":{"rendered":"https:\/\/intimusdream.com\/index.php\/produto\/leg-avenue-vestido-longo-justo-sem-costura-preto-tamanho-unico\/"},"modified":"2026-01-09T15:22:05","modified_gmt":"2026-01-09T15:22:05","slug":"leg-avenue-vestido-longo-justo-sem-costura-preto-tamanho-unico","status":"publish","type":"product","link":"https:\/\/intimusdream.com\/index.php\/produto\/leg-avenue-vestido-longo-justo-sem-costura-preto-tamanho-unico\/","title":{"rendered":"LEG AVENUE &#8211; VESTIDO LONGO JUSTO SEM COSTURA PRETO TAMANHO \u00daNICO"},"content":{"rendered":"<p>Destaque-se com eleg\u00e2ncia e um toque de sensualidade com nosso <strong>Vestido Longo Preto Sem Costura<\/strong> .<\/p>\n<p> Seu design minimalista e ajustado \u00e9 perfeito para eventos especiais, noites de festa ou qualquer ocasi\u00e3o em que voc\u00ea queira ter um visual sofisticado e estiloso.<\/p>\n<\/p>\n<p> <u><strong>CARACTER\u00cdSTICAS<\/strong><\/u> :<\/p>\n<ul>\n<li> <strong>Design sem costuras<\/strong> : feito sem costuras vis\u00edveis, este vestido se ajusta como uma segunda pele, proporcionando conforto e um acabamento suave e uniforme.<\/li>\n<li> <strong>Corte longo e ajustado<\/strong> : o design ajustado e longo valoriza a silhueta, oferecendo um visual elegante e atraente que estiliza visualmente.<\/li>\n<li> <strong>Tamanho \u00fanico e tecido el\u00e1stico<\/strong> : Gra\u00e7as ao seu tecido el\u00e1stico, este vestido se adapta confortavelmente a v\u00e1rios tamanhos e tipos de corpo, garantindo um ajuste perfeito.<\/li>\n<li> <strong>Use e experimente<\/strong> : Ideal para quem busca um estilo sofisticado e moderno, este vestido \u00e9 uma op\u00e7\u00e3o vers\u00e1til e atemporal que far\u00e1 voc\u00ea se destacar com eleg\u00e2ncia. Perfeito para qualquer ocasi\u00e3o em que voc\u00ea queira um visual refinado e ousado!<\/li>\n<\/ul>\n<p> <strong>A Leg Avenue<\/strong> tem os produtos que voc\u00ea procura, comprometida em oferecer aos clientes produtos inovadores, pre\u00e7os competitivos e grande satisfa\u00e7\u00e3o, sempre frescos e com o que h\u00e1 de mais fashion em Los Angeles.<\/p>\n<p> Aqui \u00e9 tudo sobre voc\u00ea! Entendemos que cada corpo \u00e9 \u00fanico e acreditamos que todas as mulheres devem ter uma apar\u00eancia e se sentir fant\u00e1sticas, independentemente do seu tamanho ou forma. Ent\u00e3o, fique tranquila, nossos designs est\u00e3o sempre focados em destacar suas melhores caracter\u00edsticas. E falando s\u00e9rio, falamos s\u00e9rio quando dizemos que valorizamos tecidos supermacios e elasticidade de n\u00edvel superior. Conforto e estilo? Confira duas vezes!<\/p>\n<p> A variedade \u00e9 a chave para o nosso sucesso e voc\u00ea pode ver isso em nossos estilos. Nossos designers misturam e combinam materiais como profissionais, dando \u00e0s nossas cria\u00e7\u00f5es aquele ar de luxo inconfund\u00edvel para que voc\u00ea se sinta absolutamente de primeira classe. Seja uma renda que faz seus sentidos formigarem ou um cetim supermacio que suas m\u00e3os n\u00e3o conseguem resistir, n\u00f3s vamos al\u00e9m para lhe dar algo especial.<\/p>\n<p> <strong>A Leg Avenue<\/strong> \u00e9 cheia de paix\u00e3o, divers\u00e3o e autoexpress\u00e3o. Queremos que voc\u00ea seja completamente voc\u00ea mesmo, com um toque de travessura e montanhas de confian\u00e7a. Descubra como nossa lingerie, meias e fantasias levam seu visual para o pr\u00f3ximo n\u00edvel. Juntos, aspiramos ao fant\u00e1stico e provamos que estilo n\u00e3o tem tamanho!<\/p>\n","protected":false},"excerpt":{"rendered":"<p>https:\/\/store.dreamlove.es\/productos\/imagenes\/img_193108_6431de3975d9516653eb9bde4a2fffa4_1.jpg|https:\/\/store.dreamlove.es\/productos\/imagenes\/img_193105_a36f93e67e92bd841743cc4b3766ad2e_1.jpg|https:\/\/store.dreamlove.es\/productos\/imagenes\/img_193107_903f047a8647d09bb5c673902d93d1ce_1.jpg|https:\/\/store.dreamlove.es\/productos\/imagenes\/img_193103_8df6f6c4503e2b9f51d20d22d1b7f869_1.jpg|https:\/\/store.dreamlove.es\/productos\/imagenes\/img_193104_ddcfd698baa79cc6758a8f70016cc265_1.jpg|https:\/\/store.dreamlove.es\/productos\/imagenes\/img_193106_6f46e86b02977c776da0ed343e81da63_1.jpg|https:\/\/store.dreamlove.es\/productos\/imagenes\/img_193109_e4548423020f30f060c40ffa6abe9b1a_1.jpg<\/p>\n","protected":false},"featured_media":16361,"comment_status":"open","ping_status":"closed","template":"","meta":{"site-sidebar-layout":"default","site-content-layout":"","ast-site-content-layout":"","site-content-style":"default","site-sidebar-style":"default","ast-global-header-display":"","ast-banner-title-visibility":"","ast-main-header-display":"","ast-hfb-above-header-display":"","ast-hfb-below-header-display":"","ast-hfb-mobile-header-display":"","site-post-title":"","ast-breadcrumbs-content":"","ast-featured-img":"","footer-sml-layout":"","theme-transparent-header-meta":"","adv-header-id-meta":"","stick-header-meta":"","header-above-stick-meta":"","header-main-stick-meta":"","header-below-stick-meta":"","astra-migrate-meta-layouts":"default","ast-page-background-enabled":"default","ast-page-background-meta":{"desktop":{"background-color":"var(--ast-global-color-5)","background-image":"","background-repeat":"repeat","background-position":"center center","background-size":"auto","background-attachment":"scroll","background-type":"","background-media":"","overlay-type":"","overlay-color":"","overlay-opacity":"","overlay-gradient":""},"tablet":{"background-color":"","background-image":"","background-repeat":"repeat","background-position":"center center","background-size":"auto","background-attachment":"scroll","background-type":"","background-media":"","overlay-type":"","overlay-color":"","overlay-opacity":"","overlay-gradient":""},"mobile":{"background-color":"","background-image":"","background-repeat":"repeat","background-position":"center center","background-size":"auto","background-attachment":"scroll","background-type":"","background-media":"","overlay-type":"","overlay-color":"","overlay-opacity":"","overlay-gradient":""}},"ast-content-background-meta":{"desktop":{"background-color":"var(--ast-global-color-4)","background-image":"","background-repeat":"repeat","background-position":"center center","background-size":"auto","background-attachment":"scroll","background-type":"","background-media":"","overlay-type":"","overlay-color":"","overlay-opacity":"","overlay-gradient":""},"tablet":{"background-color":"var(--ast-global-color-4)","background-image":"","background-repeat":"repeat","background-position":"center center","background-size":"auto","background-attachment":"scroll","background-type":"","background-media":"","overlay-type":"","overlay-color":"","overlay-opacity":"","overlay-gradient":""},"mobile":{"background-color":"var(--ast-global-color-4)","background-image":"","background-repeat":"repeat","background-position":"center center","background-size":"auto","background-attachment":"scroll","background-type":"","background-media":"","overlay-type":"","overlay-color":"","overlay-opacity":"","overlay-gradient":""}}},"product_brand":[104],"product_cat":[370,348],"product_tag":[],"class_list":{"0":"post-16362","1":"product","2":"type-product","3":"status-publish","4":"has-post-thumbnail","6":"product_brand-leg-avenue-dresses","7":"product_cat-lingerie-feminina","8":"product_cat-moda-e-lingerie","9":"desktop-align-left","10":"tablet-align-left","11":"mobile-align-left","13":"first","14":"instock","15":"shipping-taxable","16":"purchasable","17":"product-type-simple"},"_links":{"self":[{"href":"https:\/\/intimusdream.com\/index.php\/wp-json\/wp\/v2\/product\/16362","targetHints":{"allow":["GET"]}}],"collection":[{"href":"https:\/\/intimusdream.com\/index.php\/wp-json\/wp\/v2\/product"}],"about":[{"href":"https:\/\/intimusdream.com\/index.php\/wp-json\/wp\/v2\/types\/product"}],"replies":[{"embeddable":true,"href":"https:\/\/intimusdream.com\/index.php\/wp-json\/wp\/v2\/comments?post=16362"}],"wp:featuredmedia":[{"embeddable":true,"href":"https:\/\/intimusdream.com\/index.php\/wp-json\/wp\/v2\/media\/16361"}],"wp:attachment":[{"href":"https:\/\/intimusdream.com\/index.php\/wp-json\/wp\/v2\/media?parent=16362"}],"wp:term":[{"taxonomy":"product_brand","embeddable":true,"href":"https:\/\/intimusdream.com\/index.php\/wp-json\/wp\/v2\/product_brand?post=16362"},{"taxonomy":"product_cat","embeddable":true,"href":"https:\/\/intimusdream.com\/index.php\/wp-json\/wp\/v2\/product_cat?post=16362"},{"taxonomy":"product_tag","embeddable":true,"href":"https:\/\/intimusdream.com\/index.php\/wp-json\/wp\/v2\/product_tag?post=16362"}],"curies":[{"name":"wp","href":"https:\/\/api.w.org\/{rel}","templated":true}]}}