{"id":16440,"date":"2025-07-15T19:53:47","date_gmt":"2025-07-15T19:53:47","guid":{"rendered":"https:\/\/intimusdream.com\/index.php\/produto\/lelo-f2s-teal-masturbador-masculino-azul\/"},"modified":"2026-01-09T15:23:52","modified_gmt":"2026-01-09T15:23:52","slug":"lelo-f2s-teal-masturbador-masculino-azul","status":"publish","type":"product","link":"https:\/\/intimusdream.com\/index.php\/produto\/lelo-f2s-teal-masturbador-masculino-azul\/","title":{"rendered":"LELO &#8211; F2S\u2122 TEAL MASTURBADOR MASCULINO AZUL"},"content":{"rendered":"<p>\u00c9 hora de mergulhar em um prazer inigual\u00e1vel com o massageador e masturbador masculino F2STM. Ele apresenta sulcos flex\u00edveis de silicone l\u00edquido que se adaptam facilmente a cada movimento seu, enquanto suas duas extremidades abertas garantem prazer ininterrupto. Os usu\u00e1rios podem desbloquear dois modos exclusivos e usar o novo recurso \u00abLove Bridge\u00bb no<br \/> Aplicativo LELO para se conectar discretamente com seus parceiros em tempo real quando voc\u00eas n\u00e3o estiverem juntos.<\/p>\n<p> O produto tem oito modos, mas com o aplicativo <strong>LELO<\/strong> , voc\u00ea pode desbloquear mais dois.<\/p>\n<p> <u>8 MODOS DE PRAZER PODEROSOS<\/u><\/p>\n<p> <u>CONECTA-SE AO APLICATIVO<\/u><\/p>\n<p> Desbloqueie dois modos adicionais (\u00abFinish Me O\u00bb e \u00abOut Of Control\u00bb) ou use o recurso \u00abLove Bridge\u00bb no aplicativo <strong>LELOTM<\/strong> para permanecer conectado ao seu parceiro quando estiverem separados.<\/p>\n<p> <u>ALONGAMENTOS DE SILICONE L\u00cdQUIDO AUTOAJUST\u00c1VEIS<\/u><\/p>\n<p> Novas cristas de silicone permitem fluxo de ar. Isso evita a forma\u00e7\u00e3o de bolsas de ar, ao mesmo tempo em que fornece um impulso extra de estimula\u00e7\u00e3o. Este material de toque realista exemplifica maciez, elasticidade e durabilidade.<\/p>\n<p> <u>SILICONE L\u00cdQUIDO<\/u><\/p>\n<p> Este material de toque realista exemplifica maciez, elasticidade e durabilidade. Ele n\u00e3o apenas se adapta \u00e0s suas necessidades, como tamb\u00e9m aprimora sua experi\u00eancia.<\/p>\n<p> <u>ABERTO EM AMBAS AS EXTREMIDADES E COM UM DESIGN EXCLUSIVO DE MOTOR DUPLO<\/u><\/p>\n<p> O F2STM oferece prazer ilimitado gra\u00e7as ao seu design aberto, que elimina qualquer tipo de ru\u00eddo. Tanto seus motores duplos quanto seus modos se adaptam \u00e0s car\u00edcias do usu\u00e1rio, enquanto as vibra\u00e7\u00f5es proporcionam uma sensa\u00e7\u00e3o de movimento.<\/p>\n<p> <strong>CARACTER\u00cdSTICAS:<\/strong><\/p>\n<ul>\n<li> Materiais: Silicone biocompat\u00edvel, pl\u00e1stico ABS e liga de alum\u00ednio<\/li>\n<li> Acabamento: Liso<\/li>\n<li> Tamanho: 110 x ? 82mm<\/li>\n<li> Peso: 267 g<\/li>\n<li> Bateria: \u00edon de l\u00edtio 520 mAh 3,7 V<\/li>\n<li> Carga: at\u00e9 2 h a 5 V 520 mA<\/li>\n<li> Pot\u00eancia nominal:<\/li>\n<li> Entrada: 5 V 520 mA 2,6 W<\/li>\n<li> Sa\u00edda: 3,7 V 440 mA 1,6 W<\/li>\n<li> Tempo de uso: at\u00e9 2 horas<\/li>\n<li> Espera: 90 dias<\/li>\n<li> Frequ\u00eancia: 93 Hz<\/li>\n<li> N\u00edvel m\u00e1x. de ru\u00eddo: &lt;60 dB<\/li>\n<li> Interface: 3 bot\u00f5es<\/li>\n<\/ul>\n<p> <strong>COMO USAR SEU F2STM CORES DISPON\u00cdVEIS:<\/strong><\/p>\n<p> \u2022 Antes de us\u00e1-lo pela primeira vez, carregue seu F2STM por 2 horas.<br \/> \u2022 Pressione o bot\u00e3o \u00ab+\u00bb ou \u00ab(( ))\u00bb para lig\u00e1-lo.<br \/> \u2022 Pressione o bot\u00e3o \u00ab(( ))\u00bb para alternar entre os 8 modos.<br \/> \u2022 Use o bot\u00e3o \u00ab+\u00bb ou \u00ab-\u00bb para aumentar ou diminuir a intensidade.<br \/> \u2022 Se voc\u00ea quiser apenas desligar o dispositivo, pressione e segure o bot\u00e3o \u00ab(( ))\u00bb.<br \/> Voc\u00ea tamb\u00e9m pode pressionar os bot\u00f5es \u00ab+\u00bb e \u00ab-\u00bb ao mesmo tempo para deslig\u00e1-lo e bloque\u00e1-lo.<\/p>\n<p> <strong>COMO USAR SEU PRODUTO SEM O APLICATIVO LELOTM<\/strong><\/p>\n<ul>\n<li> Antes de us\u00e1-lo pela primeira vez, carregue seu F2STM por 2 horas.<\/li>\n<li> BAIXE A VERS\u00c3O PARA IOS OU ANDROID.<\/li>\n<li> Pressione o bot\u00e3o \u00ab(( ))\u00bb por 3 segundos para lig\u00e1-lo enquanto ativa o Bluetooth.<\/li>\n<li> Todas as luzes LED piscar\u00e3o simultaneamente para mostrar que o pareamento est\u00e1 sendo feito via Bluetooth.<\/li>\n<li> Abra o aplicativo <strong>LELOTM<\/strong> e localize o \u00edcone do brinquedo, que est\u00e1 localizado na parte inferior da tela. Localize seu F2STM e selecione \u00abConectar\u00bb. Pressione e segure o bot\u00e3o no dispositivo. Para confirmar a conex\u00e3o, pressione o bot\u00e3o no seu dispositivo novamente.<\/li>\n<li> V\u00e1 em \u00abMEUS BRINQUEDOS LELO\u00bb e selecione \u00abJOGAR\u00bb.<\/li>\n<li> Escolha entre os 3 modos b\u00e1sicos (\u00abManual\u00bb, \u00abScrewing\u00bb e \u00abShaking\u00bb) ou os 2 modos avan\u00e7ados adicionais: \u00abFinish Me O\u00bb e \u00abOut Of Control\u00bb.<\/li>\n<li> Use o recurso \u00abLove Bridge\u00bb para abrir um chat privado com seu parceiro. Dessa forma, voc\u00eas podem trocar os controles dos seus dispositivos LELO que est\u00e3o conectados ao aplicativo e levar um ao outro ao orgasmo.<\/li>\n<li> V\u00e1 em \u00abCONFIGURA\u00c7\u00d5ES\u00bb para configurar o dispositivo como desejar.<\/li>\n<li> Clique no bot\u00e3o \u00abSALVAR\u00bb que est\u00e1 localizado na parte inferior da tela e salva as configura\u00e7\u00f5es para quando voc\u00ea for us\u00e1-lo offline<\/li>\n<li> Use o menu suspenso para ajustar o tempo de desligamento autom\u00e1tico padr\u00e3o para 10-20 minutos. O n\u00edvel da bateria est\u00e1 localizado no canto superior esquerdo.<\/li>\n<\/ul>\n","protected":false},"excerpt":{"rendered":"<p>https:\/\/store.dreamlove.es\/productos\/imagenes\/img_202388_a9d56dc024647c85028d9e4fc454e4ec_1.jpg|https:\/\/store.dreamlove.es\/productos\/imagenes\/img_202394_ec8b27d7682bc2aeb978f2a167a809fa_1.jpg|https:\/\/store.dreamlove.es\/productos\/imagenes\/img_202398_a6adc816b51921638afb0433a050efd5_1.jpg|https:\/\/store.dreamlove.es\/productos\/imagenes\/img_202391_aa97eb3bb1b8fede6cf49b49a3868061_1.jpg|https:\/\/store.dreamlove.es\/productos\/imagenes\/img_202396_fd75e916062e5e217a130cfe3d12a487_1.jpg|https:\/\/store.dreamlove.es\/productos\/imagenes\/img_202387_a09821755703d5ae3ad700b50a9002b6_1.jpg|https:\/\/store.dreamlove.es\/productos\/imagenes\/img_202397_346e0c138edd01f5405c0c9772d39cab_1.jpg|https:\/\/store.dreamlove.es\/productos\/imagenes\/img_202390_4d09b35153e61284eae87c5ddccb4473_1.jpg|https:\/\/store.dreamlove.es\/productos\/imagenes\/img_202392_63b25ebae9da037a9c0fc862b05cefc7_1.jpg|https:\/\/store.dreamlove.es\/productos\/imagenes\/img_202393_f3b149ad239069da1d26079080e05424_1.jpg|https:\/\/store.dreamlove.es\/productos\/imagenes\/img_202389_4562dcba80c8740c5686ba8e62d54921_1.jpg|https:\/\/store.dreamlove.es\/productos\/imagenes\/img_202395_6d3ee394721931e39f1c3bf01b68c297_1.jpg<\/p>\n","protected":false},"featured_media":16439,"comment_status":"open","ping_status":"closed","template":"","meta":{"site-sidebar-layout":"default","site-content-layout":"","ast-site-content-layout":"","site-content-style":"default","site-sidebar-style":"default","ast-global-header-display":"","ast-banner-title-visibility":"","ast-main-header-display":"","ast-hfb-above-header-display":"","ast-hfb-below-header-display":"","ast-hfb-mobile-header-display":"","site-post-title":"","ast-breadcrumbs-content":"","ast-featured-img":"","footer-sml-layout":"","theme-transparent-header-meta":"","adv-header-id-meta":"","stick-header-meta":"","header-above-stick-meta":"","header-main-stick-meta":"","header-below-stick-meta":"","astra-migrate-meta-layouts":"default","ast-page-background-enabled":"default","ast-page-background-meta":{"desktop":{"background-color":"var(--ast-global-color-5)","background-image":"","background-repeat":"repeat","background-position":"center center","background-size":"auto","background-attachment":"scroll","background-type":"","background-media":"","overlay-type":"","overlay-color":"","overlay-opacity":"","overlay-gradient":""},"tablet":{"background-color":"","background-image":"","background-repeat":"repeat","background-position":"center center","background-size":"auto","background-attachment":"scroll","background-type":"","background-media":"","overlay-type":"","overlay-color":"","overlay-opacity":"","overlay-gradient":""},"mobile":{"background-color":"","background-image":"","background-repeat":"repeat","background-position":"center center","background-size":"auto","background-attachment":"scroll","background-type":"","background-media":"","overlay-type":"","overlay-color":"","overlay-opacity":"","overlay-gradient":""}},"ast-content-background-meta":{"desktop":{"background-color":"var(--ast-global-color-4)","background-image":"","background-repeat":"repeat","background-position":"center center","background-size":"auto","background-attachment":"scroll","background-type":"","background-media":"","overlay-type":"","overlay-color":"","overlay-opacity":"","overlay-gradient":""},"tablet":{"background-color":"var(--ast-global-color-4)","background-image":"","background-repeat":"repeat","background-position":"center center","background-size":"auto","background-attachment":"scroll","background-type":"","background-media":"","overlay-type":"","overlay-color":"","overlay-opacity":"","overlay-gradient":""},"mobile":{"background-color":"var(--ast-global-color-4)","background-image":"","background-repeat":"repeat","background-position":"center center","background-size":"auto","background-attachment":"scroll","background-type":"","background-media":"","overlay-type":"","overlay-color":"","overlay-opacity":"","overlay-gradient":""}}},"product_brand":[106],"product_cat":[384],"product_tag":[],"class_list":{"0":"post-16440","1":"product","2":"type-product","3":"status-publish","4":"has-post-thumbnail","6":"product_brand-lelo","7":"product_cat-brinquedos-sexuais-para-homens-2","8":"desktop-align-left","9":"tablet-align-left","10":"mobile-align-left","12":"first","13":"instock","14":"shipping-taxable","15":"purchasable","16":"product-type-simple"},"_links":{"self":[{"href":"https:\/\/intimusdream.com\/index.php\/wp-json\/wp\/v2\/product\/16440","targetHints":{"allow":["GET"]}}],"collection":[{"href":"https:\/\/intimusdream.com\/index.php\/wp-json\/wp\/v2\/product"}],"about":[{"href":"https:\/\/intimusdream.com\/index.php\/wp-json\/wp\/v2\/types\/product"}],"replies":[{"embeddable":true,"href":"https:\/\/intimusdream.com\/index.php\/wp-json\/wp\/v2\/comments?post=16440"}],"wp:featuredmedia":[{"embeddable":true,"href":"https:\/\/intimusdream.com\/index.php\/wp-json\/wp\/v2\/media\/16439"}],"wp:attachment":[{"href":"https:\/\/intimusdream.com\/index.php\/wp-json\/wp\/v2\/media?parent=16440"}],"wp:term":[{"taxonomy":"product_brand","embeddable":true,"href":"https:\/\/intimusdream.com\/index.php\/wp-json\/wp\/v2\/product_brand?post=16440"},{"taxonomy":"product_cat","embeddable":true,"href":"https:\/\/intimusdream.com\/index.php\/wp-json\/wp\/v2\/product_cat?post=16440"},{"taxonomy":"product_tag","embeddable":true,"href":"https:\/\/intimusdream.com\/index.php\/wp-json\/wp\/v2\/product_tag?post=16440"}],"curies":[{"name":"wp","href":"https:\/\/api.w.org\/{rel}","templated":true}]}}