{"id":16994,"date":"2025-07-15T19:57:10","date_gmt":"2025-07-15T19:57:10","guid":{"rendered":"https:\/\/intimusdream.com\/index.php\/produto\/livco-corsetti-fashion-mudienin-lc-90654-body-preto-s-m\/"},"modified":"2026-01-09T15:17:52","modified_gmt":"2026-01-09T15:17:52","slug":"livco-corsetti-fashion-mudienin-lc-90654-body-preto-s-m","status":"publish","type":"product","link":"https:\/\/intimusdream.com\/index.php\/produto\/livco-corsetti-fashion-mudienin-lc-90654-body-preto-s-m\/","title":{"rendered":"LIVCO CORSETTI FASHION &#8211; MUDIENIN LC 90654 BODY PRETO S\/M"},"content":{"rendered":"<p>O modelo Mudienin \u00e9 um body preto universal que funcionar\u00e1 n\u00e3o apenas no quarto, mas tamb\u00e9m como parte de uma roupa cotidiana. O design usa renda sensual e feminina e material suave e sutilmente brilhante, que juntos garantem um efeito de chique e sensualidade. Os bodies t\u00eam um corte cl\u00e1ssico com um recorte nas costas. Eles revelam as n\u00e1degas enquanto cobrem a \u00e1rea do busto com renda sutil. O toque de renda tamb\u00e9m aparece na parte de tr\u00e1s do traje, o que chama a aten\u00e7\u00e3o para as omoplatas e bra\u00e7os das mulheres.<\/p>\n<p> O body Mudienin \u00e9 feito de material contendo fibras de elastano. Gra\u00e7as a elas, a roupa se adapta bem ao formato do corpo e \u00e9 muito confort\u00e1vel de usar, e ao mesmo tempo n\u00e3o fica justa e n\u00e3o restringe os movimentos. Sua vantagem \u00e9 uma textura suave como cetim, extremamente agrad\u00e1vel \u00e0 pele, e renda de alta qualidade, que acrescenta eleg\u00e2ncia ao todo. O body pode ser usado sozinho como uma roupa de noite, mas tamb\u00e9m como um elemento de estilo. O modelo ficar\u00e1 lindo em combina\u00e7\u00e3o com cal\u00e7as elegantes e uma jaqueta.<\/p>\n<\/p>\n<p> <u><strong>LIVCO CORSETTI MODA<\/strong><\/u><\/p>\n<p> Bem-vindo ao mundo da eleg\u00e2ncia e sensualidade perfeitas com <strong>a Livco Corsetti Fashion,<\/strong> uma marca de lingerie que n\u00e3o s\u00f3 destaca a beleza da figura feminina, mas tamb\u00e9m define uma nova dimens\u00e3o de luxo. Vamos ver juntos por que a roupa \u00edntima <strong>Livco Corsetti Fashion<\/strong> \u00e9 sin\u00f4nimo de exclusividade.<\/p>\n<ul>\n<li> <em><strong>Precis\u00e3o magistral<\/strong><\/em> : Cada pe\u00e7a de roupa \u00edntima <strong>Livco Corsetti Fashion<\/strong> \u00e9 o resultado de uma precis\u00e3o magistral. Cada costura, renda e detalhe \u00e9 feito. Cuidadosamente projetado para garantir um ajuste perfeito e conforto.<\/li>\n<li> <em><strong>Materiais luxuosos:<\/strong><\/em> a marca \u00e9 famosa por usar materiais luxuosos como renda delicada e cetim. N\u00e3o \u00e9 apenas roupa \u00edntima, \u00e9 uma sensa\u00e7\u00e3o de maciez e prazer na pele.<\/li>\n<li> <em><strong>Formas e padr\u00f5es inovadores:<\/strong><\/em> <strong>a Livco Corsetti Fashion<\/strong> n\u00e3o tem medo de experimentar formas e padr\u00f5es. Aqui voc\u00ea encontrar\u00e1 suti\u00e3s, bodies de renda e conjuntos com cortes inovadores que destacar\u00e3o a individualidade de cada mulher.<\/li>\n<li> <em><strong>Cole\u00e7\u00f5es sensuais para cada ocasi\u00e3o:<\/strong><\/em> N\u00e3o importa se voc\u00ea est\u00e1 procurando lingerie para uma noite rom\u00e2ntica ou um conjunto elegante para uma ocasi\u00e3o especial, a Livco Corsetti Fashion tem cole\u00e7\u00f5es sensuais que se adaptam a diferentes estilos e gostos.<\/li>\n<li> <em><strong>Riqueza de cores e tons:<\/strong><\/em> deixe sua roupa \u00edntima refletir sua personalidade. <strong>A Livco Corsetti Fashion<\/strong> oferece uma grande variedade de cores e tons, permitindo que voc\u00ea encontre o conjunto perfeito para cada situa\u00e7\u00e3o.<\/li>\n<\/ul>\n<p> Junto com <strong>a Livco Corsetti Fashion<\/strong> , entre no mundo da roupa \u00edntima feminina exclusiva, onde a beleza se alia ao conforto e cada detalhe faz com que cada mulher se sinta \u00fanica. V\u00e1 al\u00e9m Quebre os limites da roupa \u00edntima comum e descubra a perfei\u00e7\u00e3o em cada detalhe!<\/p>\n<p> Ao entrar no mundo da <strong>Livco Corsetti Fashion<\/strong> , voc\u00ea entrar\u00e1 na terra da roupa \u00edntima feminina \u00fanica e sexy, onde cada detalhe evoca emo\u00e7\u00f5es e convida voc\u00ea a explorar a sensualidade. Descubra a diversidade da oferta, que inclui suti\u00e3s, bralettes, meias, espartilhos, bodies, camisolas e babydolls, abrindo as portas para experi\u00eancias extraordin\u00e1rias.<\/p>\n<ul>\n<li> <em><strong>Suti\u00e3s:<\/strong><\/em> Projetados para a perfei\u00e7\u00e3o. D\u00ea \u00e0s suas curvas a defini\u00e7\u00e3o certa com <strong>os suti\u00e3s Livco Corsetti Fashion.<\/strong> Aqui voc\u00ea encontrar\u00e1 uma variedade de formas, do cl\u00e1ssico push-up aos modelos mais sensuais e experimentais.<\/li>\n<li> <em><strong>Bralettes:<\/strong><\/em> conforto e sensualidade em um. Bralettes s\u00e3o a quintess\u00eancia da eleg\u00e2ncia casual, oferecendo conforto e charme sutil. <strong>A Livco Corsetti Fashion<\/strong> apresenta bralettes que combinam essas duas caracter\u00edsticas perfeitamente.<\/li>\n<li> <em><strong>Meias:<\/strong><\/em> Adicione um elemento de extravag\u00e2ncia <strong>Livco Corsetti.<\/strong> Meias da moda n\u00e3o s\u00e3o apenas um item pr\u00e1tico. \u00f3tico, mas tamb\u00e9m pura extravag\u00e2ncia. Elas adicionam charme e eleg\u00e2ncia ineg\u00e1veis a qualquer conjunto de roupas \u00edntimas.<\/li>\n<li> <em><strong>Corsets:<\/strong><\/em> Modele sua figura Os corsets s\u00e3o um cl\u00e1ssico que sempre cria um efeito fenomenal. Descubra a cole\u00e7\u00e3o de corsets que modelam sua figura, enfatizam suas curvas e lhe d\u00e3o autoconfian\u00e7a.<\/li>\n<li> <em><strong>Body:<\/strong><\/em> Sensual Whole in One. Os bodies sensuais s\u00e3o a escolha perfeita para quem quer unir eleg\u00e2ncia com praticidade. A Livco Corsetti Fashion oferece uma variedade de estilos, satisfazendo diferentes gostos.<\/li>\n<li> <em><strong>Camisolas e Babydolls:<\/strong><\/em> Roupas de dormir rom\u00e2nticas. Para os amantes do romance, a cole\u00e7\u00e3o de camisolas e babydolls est\u00e1 dispon\u00edvel. cheia de cria\u00e7\u00f5es leves, arejadas e sensuais que far\u00e3o cada noite especial.<\/li>\n<\/ul>\n<p> <strong>Livco Corsetti Fashion<\/strong> n\u00e3o \u00e9 apenas roupa \u00edntima, \u00e9 uma maneira de expressar seu lado sensual e descobrir novas dimens\u00f5es de eleg\u00e2ncia feminina. Viva experi\u00eancias \u00fanicas com cada compra e deixe que cada pe\u00e7a de roupa \u00edntima Livco Corsetti Fashion enfatize sua singularidade.<\/p>\n<\/p>\n<p> REEMPLIVCO<\/p>\n","protected":false},"excerpt":{"rendered":"<p>https:\/\/store.dreamlove.es\/productos\/imagenes\/img_171439_bbef8ef2cc51a04b794f0c1c2fa44822_1.jpg|https:\/\/store.dreamlove.es\/productos\/imagenes\/img_171436_f23fcdfd76cf259ddd4e55b37d415a65_1.jpg|https:\/\/store.dreamlove.es\/productos\/imagenes\/img_171437_b185369d72942d90ab84965b81be5557_1.jpg|https:\/\/store.dreamlove.es\/productos\/imagenes\/img_171440_326e458c40a8f40e2fd229bce25c3860_1.jpg|https:\/\/store.dreamlove.es\/productos\/imagenes\/img_171438_19abe58aa8777f1ed2c8ccb8ae4f59b1_1.jpg<\/p>\n","protected":false},"featured_media":16993,"comment_status":"open","ping_status":"closed","template":"","meta":{"site-sidebar-layout":"default","site-content-layout":"","ast-site-content-layout":"","site-content-style":"default","site-sidebar-style":"default","ast-global-header-display":"","ast-banner-title-visibility":"","ast-main-header-display":"","ast-hfb-above-header-display":"","ast-hfb-below-header-display":"","ast-hfb-mobile-header-display":"","site-post-title":"","ast-breadcrumbs-content":"","ast-featured-img":"","footer-sml-layout":"","theme-transparent-header-meta":"","adv-header-id-meta":"","stick-header-meta":"","header-above-stick-meta":"","header-main-stick-meta":"","header-below-stick-meta":"","astra-migrate-meta-layouts":"default","ast-page-background-enabled":"default","ast-page-background-meta":{"desktop":{"background-color":"var(--ast-global-color-5)","background-image":"","background-repeat":"repeat","background-position":"center center","background-size":"auto","background-attachment":"scroll","background-type":"","background-media":"","overlay-type":"","overlay-color":"","overlay-opacity":"","overlay-gradient":""},"tablet":{"background-color":"","background-image":"","background-repeat":"repeat","background-position":"center center","background-size":"auto","background-attachment":"scroll","background-type":"","background-media":"","overlay-type":"","overlay-color":"","overlay-opacity":"","overlay-gradient":""},"mobile":{"background-color":"","background-image":"","background-repeat":"repeat","background-position":"center center","background-size":"auto","background-attachment":"scroll","background-type":"","background-media":"","overlay-type":"","overlay-color":"","overlay-opacity":"","overlay-gradient":""}},"ast-content-background-meta":{"desktop":{"background-color":"var(--ast-global-color-4)","background-image":"","background-repeat":"repeat","background-position":"center center","background-size":"auto","background-attachment":"scroll","background-type":"","background-media":"","overlay-type":"","overlay-color":"","overlay-opacity":"","overlay-gradient":""},"tablet":{"background-color":"var(--ast-global-color-4)","background-image":"","background-repeat":"repeat","background-position":"center center","background-size":"auto","background-attachment":"scroll","background-type":"","background-media":"","overlay-type":"","overlay-color":"","overlay-opacity":"","overlay-gradient":""},"mobile":{"background-color":"var(--ast-global-color-4)","background-image":"","background-repeat":"repeat","background-position":"center center","background-size":"auto","background-attachment":"scroll","background-type":"","background-media":"","overlay-type":"","overlay-color":"","overlay-opacity":"","overlay-gradient":""}}},"product_brand":[110],"product_cat":[370,348],"product_tag":[],"class_list":{"0":"post-16994","1":"product","2":"type-product","3":"status-publish","4":"has-post-thumbnail","6":"product_brand-livco-corsetti-bodies","7":"product_cat-lingerie-feminina","8":"product_cat-moda-e-lingerie","9":"desktop-align-left","10":"tablet-align-left","11":"mobile-align-left","13":"first","14":"instock","15":"shipping-taxable","16":"purchasable","17":"product-type-simple"},"_links":{"self":[{"href":"https:\/\/intimusdream.com\/index.php\/wp-json\/wp\/v2\/product\/16994","targetHints":{"allow":["GET"]}}],"collection":[{"href":"https:\/\/intimusdream.com\/index.php\/wp-json\/wp\/v2\/product"}],"about":[{"href":"https:\/\/intimusdream.com\/index.php\/wp-json\/wp\/v2\/types\/product"}],"replies":[{"embeddable":true,"href":"https:\/\/intimusdream.com\/index.php\/wp-json\/wp\/v2\/comments?post=16994"}],"wp:featuredmedia":[{"embeddable":true,"href":"https:\/\/intimusdream.com\/index.php\/wp-json\/wp\/v2\/media\/16993"}],"wp:attachment":[{"href":"https:\/\/intimusdream.com\/index.php\/wp-json\/wp\/v2\/media?parent=16994"}],"wp:term":[{"taxonomy":"product_brand","embeddable":true,"href":"https:\/\/intimusdream.com\/index.php\/wp-json\/wp\/v2\/product_brand?post=16994"},{"taxonomy":"product_cat","embeddable":true,"href":"https:\/\/intimusdream.com\/index.php\/wp-json\/wp\/v2\/product_cat?post=16994"},{"taxonomy":"product_tag","embeddable":true,"href":"https:\/\/intimusdream.com\/index.php\/wp-json\/wp\/v2\/product_tag?post=16994"}],"curies":[{"name":"wp","href":"https:\/\/api.w.org\/{rel}","templated":true}]}}