{"id":17496,"date":"2025-07-15T20:00:54","date_gmt":"2025-07-15T20:00:54","guid":{"rendered":"https:\/\/intimusdream.com\/index.php\/produto\/pjur-woman-lust-intense-gel-vibrante-dose-unica-para-orgasmo-15-ml\/"},"modified":"2026-01-09T15:09:02","modified_gmt":"2026-01-09T15:09:02","slug":"pjur-woman-lust-intense-gel-vibrante-dose-unica-para-orgasmo-15-ml","status":"publish","type":"product","link":"https:\/\/intimusdream.com\/index.php\/produto\/pjur-woman-lust-intense-gel-vibrante-dose-unica-para-orgasmo-15-ml\/","title":{"rendered":"PJUR &#8211; WOMAN LUST INTENSE GEL VIBRANTE DOSE \u00daNICA PARA ORGASMO 1,5 ML"},"content":{"rendered":"<p>Estimula\u00e7\u00e3o clitoriana sensacional e duradoura. Gel estimulante \u00e0 base de \u00e1gua. A experi\u00eancia duradoura e apaixonante para mulheres. Experimente sensa\u00e7\u00f5es de formigamento puro, gra\u00e7as \u00e0 combina\u00e7\u00e3o estimulante de ingredientes. Com uma alta propor\u00e7\u00e3o de ingredientes naturais de alta qualidade. Adequado para brinquedos sexuais. Para uso externo.<\/p>\n<\/p>\n<p> <u><strong>APLICATIVO:<\/strong><\/u><\/p>\n<ul>\n<li> Para estimula\u00e7\u00e3o clitoriana intensa e duradoura<\/li>\n<li> Para sensa\u00e7\u00f5es de formigamento prolongadas, intensas e prazerosas<\/li>\n<li> Para aumentar o desejo de estimula\u00e7\u00e3o feminina e orgasmo.<\/li>\n<\/ul>\n<p> <strong><u>CARACTER\u00cdSTICAS<\/u><\/strong> :<\/p>\n<ul>\n<li> Sensa\u00e7\u00e3o agrad\u00e1vel de formigamento.<\/li>\n<li> Ingredientes naturais<\/li>\n<li> Sem corantes adicionados<\/li>\n<li> Formula\u00e7\u00e3o \u00e0 base de \u00e1gua, adequada para brinquedos sexuais.<\/li>\n<li> Cheiro e sabor agrad\u00e1veis<\/li>\n<li> Design de produto moderno e claro<\/li>\n<li> Embalagem visualmente atrativa e pr\u00e1tica<\/li>\n<\/ul>\n<p> <u><strong>INGREDIENTES<\/strong><\/u> : Aqua (\u00e1gua), glicerina, polissorbato 80, aroma (fragr\u00e2ncia), extrato de flor de Spilanthes Acmella, goma xantana, niacinamida, benzoato de s\u00f3dio, sacarina s\u00f3dica, \u00e1cido c\u00edtrico.<\/p>\n","protected":false},"excerpt":{"rendered":"<p>https:\/\/store.dreamlove.es\/productos\/imagenes\/img_199958_1051e6461ebd8aca8c0d6722097b8495_1.jpg<\/p>\n","protected":false},"featured_media":17495,"comment_status":"open","ping_status":"closed","template":"","meta":{"site-sidebar-layout":"default","site-content-layout":"","ast-site-content-layout":"","site-content-style":"default","site-sidebar-style":"default","ast-global-header-display":"","ast-banner-title-visibility":"","ast-main-header-display":"","ast-hfb-above-header-display":"","ast-hfb-below-header-display":"","ast-hfb-mobile-header-display":"","site-post-title":"","ast-breadcrumbs-content":"","ast-featured-img":"","footer-sml-layout":"","theme-transparent-header-meta":"","adv-header-id-meta":"","stick-header-meta":"","header-above-stick-meta":"","header-main-stick-meta":"","header-below-stick-meta":"","astra-migrate-meta-layouts":"default","ast-page-background-enabled":"default","ast-page-background-meta":{"desktop":{"background-color":"var(--ast-global-color-5)","background-image":"","background-repeat":"repeat","background-position":"center center","background-size":"auto","background-attachment":"scroll","background-type":"","background-media":"","overlay-type":"","overlay-color":"","overlay-opacity":"","overlay-gradient":""},"tablet":{"background-color":"","background-image":"","background-repeat":"repeat","background-position":"center center","background-size":"auto","background-attachment":"scroll","background-type":"","background-media":"","overlay-type":"","overlay-color":"","overlay-opacity":"","overlay-gradient":""},"mobile":{"background-color":"","background-image":"","background-repeat":"repeat","background-position":"center center","background-size":"auto","background-attachment":"scroll","background-type":"","background-media":"","overlay-type":"","overlay-color":"","overlay-opacity":"","overlay-gradient":""}},"ast-content-background-meta":{"desktop":{"background-color":"var(--ast-global-color-4)","background-image":"","background-repeat":"repeat","background-position":"center center","background-size":"auto","background-attachment":"scroll","background-type":"","background-media":"","overlay-type":"","overlay-color":"","overlay-opacity":"","overlay-gradient":""},"tablet":{"background-color":"var(--ast-global-color-4)","background-image":"","background-repeat":"repeat","background-position":"center center","background-size":"auto","background-attachment":"scroll","background-type":"","background-media":"","overlay-type":"","overlay-color":"","overlay-opacity":"","overlay-gradient":""},"mobile":{"background-color":"var(--ast-global-color-4)","background-image":"","background-repeat":"repeat","background-position":"center center","background-size":"auto","background-attachment":"scroll","background-type":"","background-media":"","overlay-type":"","overlay-color":"","overlay-opacity":"","overlay-gradient":""}}},"product_brand":[129],"product_cat":[345,352],"product_tag":[],"class_list":{"0":"post-17496","1":"product","2":"type-product","3":"status-publish","4":"has-post-thumbnail","6":"product_brand-pjur","7":"product_cat-drogaria","8":"product_cat-lubrificantes","9":"desktop-align-left","10":"tablet-align-left","11":"mobile-align-left","13":"first","14":"outofstock","15":"shipping-taxable","16":"purchasable","17":"product-type-simple"},"_links":{"self":[{"href":"https:\/\/intimusdream.com\/index.php\/wp-json\/wp\/v2\/product\/17496","targetHints":{"allow":["GET"]}}],"collection":[{"href":"https:\/\/intimusdream.com\/index.php\/wp-json\/wp\/v2\/product"}],"about":[{"href":"https:\/\/intimusdream.com\/index.php\/wp-json\/wp\/v2\/types\/product"}],"replies":[{"embeddable":true,"href":"https:\/\/intimusdream.com\/index.php\/wp-json\/wp\/v2\/comments?post=17496"}],"wp:featuredmedia":[{"embeddable":true,"href":"https:\/\/intimusdream.com\/index.php\/wp-json\/wp\/v2\/media\/17495"}],"wp:attachment":[{"href":"https:\/\/intimusdream.com\/index.php\/wp-json\/wp\/v2\/media?parent=17496"}],"wp:term":[{"taxonomy":"product_brand","embeddable":true,"href":"https:\/\/intimusdream.com\/index.php\/wp-json\/wp\/v2\/product_brand?post=17496"},{"taxonomy":"product_cat","embeddable":true,"href":"https:\/\/intimusdream.com\/index.php\/wp-json\/wp\/v2\/product_cat?post=17496"},{"taxonomy":"product_tag","embeddable":true,"href":"https:\/\/intimusdream.com\/index.php\/wp-json\/wp\/v2\/product_tag?post=17496"}],"curies":[{"name":"wp","href":"https:\/\/api.w.org\/{rel}","templated":true}]}}