{"id":17548,"date":"2025-07-15T20:01:11","date_gmt":"2025-07-15T20:01:11","guid":{"rendered":"https:\/\/intimusdream.com\/index.php\/produto\/rocks-off-naughty-boy-masculino-g-spot-massager-7-v-preto\/"},"modified":"2026-01-09T15:10:58","modified_gmt":"2026-01-09T15:10:58","slug":"rocks-off-naughty-boy-masculino-g-spot-massager-7-v-preto","status":"publish","type":"product","link":"https:\/\/intimusdream.com\/index.php\/produto\/rocks-off-naughty-boy-masculino-g-spot-massager-7-v-preto\/","title":{"rendered":"ROCKS-OFF &#8211; NAUGHTY-BOY MASCULINO G-SPOT MASSAGER 7 V PRETO"},"content":{"rendered":"<p><img decoding=\"async\" src=\"https:\/\/interno.dreamlove.es\/UserFiles\/image\/rocks-off-logo(1).png\" alt=\"http:\/\/www.rocks-off.com\/images\/quality-stamp.png\" width=\"94\" height=\"92\" \/><\/p>\n<p>\u00c9 um massageador desenvolvido como um brinquedo sexual para ajudar o homem a estimular a pr\u00f3stata, a regi\u00e3o do per\u00edneo e os test\u00edculos ao mesmo tempo, feito de silicone seguro de grau m\u00e9dico.<br \/>\nO Ponto G Masculino (chamado de ponto P nos homens) s\u00e3o aqueles que controlam e aumentam a ere\u00e7\u00e3o, o orgasmo e a ejacula\u00e7\u00e3o. S\u00e3o as \u00e1reas onde se encontra o centro do Prazer.<\/p>\n<p>O novo Naughty-Boy possui um potente vibrador de 7 velocidades concebido para maximizar as sensa\u00e7\u00f5es numa das zonas mais er\u00f3genas do corpo masculino, o per\u00edneo.<\/p>\n<p>Adapta-se perfeitamente ao canal anal masculino para chegar \u00e0 pr\u00f3stata, provocando uma suave massagem prost\u00e1tica com a sua vibra\u00e7\u00e3o.<\/p>\n<ul>\n<li>Poder de vibra\u00e7\u00e3o gra\u00e7as aos seus 7 ritmos e bala remov\u00edvel<\/li>\n<li>100% aqu\u00e1tico<\/li>\n<li>Baterias inclu\u00eddas<\/li>\n<li>Bolsa de cetim preta inclu\u00edda para guard\u00e1-la e t\u00ea-la sempre perfeita.<\/li>\n<\/ul>\n<p>Vibra\u00e7\u00e3o forte e silenciosa.<\/p>\n<p>\u00c9 \u00e0 prova d&#8217;\u00e1gua, ent\u00e3o voc\u00ea tamb\u00e9m pode us\u00e1-lo no chuveiro. O Naughty-Boy pode ser usado durante a masturba\u00e7\u00e3o ou em brincadeiras sexuais para aumentar a ere\u00e7\u00e3o e o orgasmo.<\/p>\n<p>A unidade vibrat\u00f3ria \u00e9 remov\u00edvel para que voc\u00ea possa mant\u00ea-la sempre em perfeito estado, al\u00e9m de poder utiliz\u00e1-la como estimulador.<\/p>\n<p>O Naughty-Boy vai fazer voc\u00ea sentir um orgasmo forte, intenso e controlado!!<\/p>\n<p>Medidas: 10 cm x 2,5 cm.<\/p>\n<p>Funciona com 1 bateria LR1 inclu\u00edda.<\/p>\n","protected":false},"excerpt":{"rendered":"<p>https:\/\/store.dreamlove.es\/productos\/imagenes\/img_11768_b123ffcff42bfc7f4b916666f20b3431_1.jpg|https:\/\/store.dreamlove.es\/productos\/imagenes\/img_11769_de66611af4d4bae7cc0cbd723d3dce5a_1.jpg<\/p>\n","protected":false},"featured_media":17547,"comment_status":"open","ping_status":"closed","template":"","meta":{"site-sidebar-layout":"default","site-content-layout":"","ast-site-content-layout":"default","site-content-style":"default","site-sidebar-style":"default","ast-global-header-display":"","ast-banner-title-visibility":"","ast-main-header-display":"","ast-hfb-above-header-display":"","ast-hfb-below-header-display":"","ast-hfb-mobile-header-display":"","site-post-title":"","ast-breadcrumbs-content":"","ast-featured-img":"","footer-sml-layout":"","theme-transparent-header-meta":"default","adv-header-id-meta":"","stick-header-meta":"","header-above-stick-meta":"","header-main-stick-meta":"","header-below-stick-meta":"","astra-migrate-meta-layouts":"set","ast-page-background-enabled":"default","ast-page-background-meta":{"desktop":{"background-color":"var(--ast-global-color-5)","background-image":"","background-repeat":"repeat","background-position":"center center","background-size":"auto","background-attachment":"scroll","background-type":"","background-media":"","overlay-type":"","overlay-color":"","overlay-opacity":"","overlay-gradient":""},"tablet":{"background-color":"","background-image":"","background-repeat":"repeat","background-position":"center center","background-size":"auto","background-attachment":"scroll","background-type":"","background-media":"","overlay-type":"","overlay-color":"","overlay-opacity":"","overlay-gradient":""},"mobile":{"background-color":"","background-image":"","background-repeat":"repeat","background-position":"center center","background-size":"auto","background-attachment":"scroll","background-type":"","background-media":"","overlay-type":"","overlay-color":"","overlay-opacity":"","overlay-gradient":""}},"ast-content-background-meta":{"desktop":{"background-color":"var(--ast-global-color-4)","background-image":"","background-repeat":"repeat","background-position":"center center","background-size":"auto","background-attachment":"scroll","background-type":"","background-media":"","overlay-type":"","overlay-color":"","overlay-opacity":"","overlay-gradient":""},"tablet":{"background-color":"var(--ast-global-color-4)","background-image":"","background-repeat":"repeat","background-position":"center center","background-size":"auto","background-attachment":"scroll","background-type":"","background-media":"","overlay-type":"","overlay-color":"","overlay-opacity":"","overlay-gradient":""},"mobile":{"background-color":"var(--ast-global-color-4)","background-image":"","background-repeat":"repeat","background-position":"center center","background-size":"auto","background-attachment":"scroll","background-type":"","background-media":"","overlay-type":"","overlay-color":"","overlay-opacity":"","overlay-gradient":""}}},"product_brand":[131],"product_cat":[392],"product_tag":[],"class_list":{"0":"post-17548","1":"product","2":"type-product","3":"status-publish","4":"has-post-thumbnail","6":"product_brand-rocks-off","7":"product_cat-anal","8":"desktop-align-left","9":"tablet-align-left","10":"mobile-align-left","12":"first","13":"instock","14":"shipping-taxable","15":"purchasable","16":"product-type-simple"},"_links":{"self":[{"href":"https:\/\/intimusdream.com\/index.php\/wp-json\/wp\/v2\/product\/17548","targetHints":{"allow":["GET"]}}],"collection":[{"href":"https:\/\/intimusdream.com\/index.php\/wp-json\/wp\/v2\/product"}],"about":[{"href":"https:\/\/intimusdream.com\/index.php\/wp-json\/wp\/v2\/types\/product"}],"replies":[{"embeddable":true,"href":"https:\/\/intimusdream.com\/index.php\/wp-json\/wp\/v2\/comments?post=17548"}],"wp:featuredmedia":[{"embeddable":true,"href":"https:\/\/intimusdream.com\/index.php\/wp-json\/wp\/v2\/media\/17547"}],"wp:attachment":[{"href":"https:\/\/intimusdream.com\/index.php\/wp-json\/wp\/v2\/media?parent=17548"}],"wp:term":[{"taxonomy":"product_brand","embeddable":true,"href":"https:\/\/intimusdream.com\/index.php\/wp-json\/wp\/v2\/product_brand?post=17548"},{"taxonomy":"product_cat","embeddable":true,"href":"https:\/\/intimusdream.com\/index.php\/wp-json\/wp\/v2\/product_cat?post=17548"},{"taxonomy":"product_tag","embeddable":true,"href":"https:\/\/intimusdream.com\/index.php\/wp-json\/wp\/v2\/product_tag?post=17548"}],"curies":[{"name":"wp","href":"https:\/\/api.w.org\/{rel}","templated":true}]}}