{"id":17754,"date":"2025-07-15T20:02:24","date_gmt":"2025-07-15T20:02:24","guid":{"rendered":"https:\/\/intimusdream.com\/index.php\/produto\/satisfyer-estimulador-de-clitoris-perfect-kiss-wave-preto-dourado\/"},"modified":"2026-01-09T15:13:55","modified_gmt":"2026-01-09T15:13:55","slug":"satisfyer-estimulador-de-clitoris-perfect-kiss-wave-preto-dourado","status":"publish","type":"product","link":"https:\/\/intimusdream.com\/index.php\/produto\/satisfyer-estimulador-de-clitoris-perfect-kiss-wave-preto-dourado\/","title":{"rendered":"SATISFYER &#8211; ESTIMULADOR DE CLIT\u00d3RIS PERFECT KISS WAVE PRETO \/ DOURADO"},"content":{"rendered":"<p>O futuro do bem-estar sexual est\u00e1 neste pequeno vibrador de onda de press\u00e3o. Gra\u00e7as ao poderoso Magnetic Power Engine, o Pro 2 Perfect Kiss n\u00e3o \u00e9 apenas absolutamente silencioso, mas tamb\u00e9m oferece a voc\u00ea a oportunidade de personalizar seus momentos a s\u00f3s do jeito que voc\u00ea gosta.<\/p>\n<p> Voc\u00ea pode personalizar a membrana interna com o toque de um bot\u00e3o: quanto mais perto estiver do clit\u00f3ris, mais intensa ser\u00e1 a sensa\u00e7\u00e3o: de um toque suave at\u00e9 uma intensidade apaixonada.<\/p>\n<p> Os LEDs na parte frontal indicam qual modo voc\u00ea est\u00e1 usando. A posi\u00e7\u00e3o \u00e9 a membrana.<\/p>\n<p> Com um total de 11 intensidades de ondas de press\u00e3o por posi\u00e7\u00e3o de membrana, o Pro 2 Perfect Kiss oferece 33 programas diferentes, para que tanto iniciantes quanto profissionais de satisfa\u00e7\u00e3o possam se divertir com este pequeno brinquedo de pulso de ar.<\/p>\n<p> Gra\u00e7as ao seu design \u00e0 prova d&#39;\u00e1gua (IPX7), tamb\u00e9m \u00e9 adequado para uso no chuveiro ou na banheira.<\/p>\n<p> Ali\u00e1s, voc\u00ea n\u00e3o precisa se preocupar com seus vizinhos ou colegas de quarto notando seus momentos com o Pro 2 Perfect Kiss: a tecnologia magn\u00e9tica garante uma aventura absolutamente silenciosa. A conex\u00e3o USB-C pr\u00e1tica garante que o Pro 2 Perfect Kiss esteja sempre pronto para uso.<\/p>\n<p> A superf\u00edcie \u00e9 feita de silicone de alta qualidade, o que a torna especialmente suave para a pele. Aproveite o beijo mais apaixonado da sua vida!<\/p>\n<p> <u><strong>Caracter\u00edsticas<\/strong><\/u><\/p>\n<ul>\n<li> Alimenta\u00e7\u00e3o: USB-C<\/li>\n<li> Cor: Preto \/ Dourado<\/li>\n<li> Garantia de 15 anos<\/li>\n<\/ul><\/p>\n","protected":false},"excerpt":{"rendered":"<p>https:\/\/store.dreamlove.es\/productos\/imagenes\/img_199914_24fba60ded9934031ba4652de1b8c894_1.jpg<\/p>\n","protected":false},"featured_media":17753,"comment_status":"open","ping_status":"closed","template":"","meta":{"site-sidebar-layout":"default","site-content-layout":"","ast-site-content-layout":"","site-content-style":"default","site-sidebar-style":"default","ast-global-header-display":"","ast-banner-title-visibility":"","ast-main-header-display":"","ast-hfb-above-header-display":"","ast-hfb-below-header-display":"","ast-hfb-mobile-header-display":"","site-post-title":"","ast-breadcrumbs-content":"","ast-featured-img":"","footer-sml-layout":"","theme-transparent-header-meta":"","adv-header-id-meta":"","stick-header-meta":"","header-above-stick-meta":"","header-main-stick-meta":"","header-below-stick-meta":"","astra-migrate-meta-layouts":"default","ast-page-background-enabled":"default","ast-page-background-meta":{"desktop":{"background-color":"var(--ast-global-color-5)","background-image":"","background-repeat":"repeat","background-position":"center center","background-size":"auto","background-attachment":"scroll","background-type":"","background-media":"","overlay-type":"","overlay-color":"","overlay-opacity":"","overlay-gradient":""},"tablet":{"background-color":"","background-image":"","background-repeat":"repeat","background-position":"center center","background-size":"auto","background-attachment":"scroll","background-type":"","background-media":"","overlay-type":"","overlay-color":"","overlay-opacity":"","overlay-gradient":""},"mobile":{"background-color":"","background-image":"","background-repeat":"repeat","background-position":"center center","background-size":"auto","background-attachment":"scroll","background-type":"","background-media":"","overlay-type":"","overlay-color":"","overlay-opacity":"","overlay-gradient":""}},"ast-content-background-meta":{"desktop":{"background-color":"var(--ast-global-color-4)","background-image":"","background-repeat":"repeat","background-position":"center center","background-size":"auto","background-attachment":"scroll","background-type":"","background-media":"","overlay-type":"","overlay-color":"","overlay-opacity":"","overlay-gradient":""},"tablet":{"background-color":"var(--ast-global-color-4)","background-image":"","background-repeat":"repeat","background-position":"center center","background-size":"auto","background-attachment":"scroll","background-type":"","background-media":"","overlay-type":"","overlay-color":"","overlay-opacity":"","overlay-gradient":""},"mobile":{"background-color":"var(--ast-global-color-4)","background-image":"","background-repeat":"repeat","background-position":"center center","background-size":"auto","background-attachment":"scroll","background-type":"","background-media":"","overlay-type":"","overlay-color":"","overlay-opacity":"","overlay-gradient":""}}},"product_brand":[132],"product_cat":[385],"product_tag":[],"class_list":{"0":"post-17754","1":"product","2":"type-product","3":"status-publish","4":"has-post-thumbnail","6":"product_brand-satisfyer-air-pulse","7":"product_cat-brinquedos-para-mulheres-2","8":"desktop-align-left","9":"tablet-align-left","10":"mobile-align-left","12":"first","13":"instock","14":"shipping-taxable","15":"purchasable","16":"product-type-simple"},"_links":{"self":[{"href":"https:\/\/intimusdream.com\/index.php\/wp-json\/wp\/v2\/product\/17754","targetHints":{"allow":["GET"]}}],"collection":[{"href":"https:\/\/intimusdream.com\/index.php\/wp-json\/wp\/v2\/product"}],"about":[{"href":"https:\/\/intimusdream.com\/index.php\/wp-json\/wp\/v2\/types\/product"}],"replies":[{"embeddable":true,"href":"https:\/\/intimusdream.com\/index.php\/wp-json\/wp\/v2\/comments?post=17754"}],"wp:featuredmedia":[{"embeddable":true,"href":"https:\/\/intimusdream.com\/index.php\/wp-json\/wp\/v2\/media\/17753"}],"wp:attachment":[{"href":"https:\/\/intimusdream.com\/index.php\/wp-json\/wp\/v2\/media?parent=17754"}],"wp:term":[{"taxonomy":"product_brand","embeddable":true,"href":"https:\/\/intimusdream.com\/index.php\/wp-json\/wp\/v2\/product_brand?post=17754"},{"taxonomy":"product_cat","embeddable":true,"href":"https:\/\/intimusdream.com\/index.php\/wp-json\/wp\/v2\/product_cat?post=17754"},{"taxonomy":"product_tag","embeddable":true,"href":"https:\/\/intimusdream.com\/index.php\/wp-json\/wp\/v2\/product_tag?post=17754"}],"curies":[{"name":"wp","href":"https:\/\/api.w.org\/{rel}","templated":true}]}}