{"id":17808,"date":"2025-07-15T20:02:48","date_gmt":"2025-07-15T20:02:48","guid":{"rendered":"https:\/\/intimusdream.com\/index.php\/produto\/satisfyer-estimulador-e-vibrador-vulva-lover-1-air-pulse-azul\/"},"modified":"2026-01-09T15:24:17","modified_gmt":"2026-01-09T15:24:17","slug":"satisfyer-estimulador-e-vibrador-vulva-lover-1-air-pulse-azul","status":"publish","type":"product","link":"https:\/\/intimusdream.com\/index.php\/produto\/satisfyer-estimulador-e-vibrador-vulva-lover-1-air-pulse-azul\/","title":{"rendered":"SATISFYER &#8211; ESTIMULADOR E VIBRADOR VULVA LOVER 1 AIR PULSE AZUL"},"content":{"rendered":"<p>Ame sua vulva, ame a si mesma! Mergulhe na felicidade com o novo vibrador duplo Air Pulse, o Vulva Lover 1.<\/p>\n<p><strong>Informa\u00e7\u00f5es sobre o produto &#8220;Satisfyer Vulva Lover 1&#8221;<\/strong><\/p>\n<ul>\n<li>Estimula\u00e7\u00e3o do clit\u00f3ris com ondas e vibra\u00e7\u00f5es de pulso de ar<\/li>\n<li>Feito de silicone de grau m\u00e9dico supermacio e adequado para a pele, suave ao toque e extremamente higi\u00eanico<\/li>\n<li>Gra\u00e7as ao seu exterior \u00e0 prova d&#8217;\u00e1gua (IPX7), este dispositivo de bem-estar sexual pode ser usado com seguran\u00e7a na \u00e1gua e \u00e9 f\u00e1cil de limpar<\/li>\n<li>2 motores control\u00e1veis separadamente<\/li>\n<li>11 intensidades de onda de pulso de ar + 10 programas de vibra\u00e7\u00e3o<\/li>\n<li>Silicone amigo do corpo<\/li>\n<li>15 anos de garantia<\/li>\n<li>Modo sussurro<\/li>\n<li>Bateria recarreg\u00e1vel de \u00edons de l\u00edtio<\/li>\n<li>\u00c0 prova d&#8217;\u00e1gua (IPX7)<\/li>\n<li>Cabo de carregamento USB magn\u00e9tico inclu\u00eddo<\/li>\n<li>F\u00e1cil de limpar<\/li>\n<\/ul>\n<p><strong>O que mais o Satisfyer Vulva Lover 1 pode lhe oferecer?<\/strong><\/p>\n<p>Com corpo firme e f\u00e1cil de segurar, o Vulva Lover 1 \u00e9 ideal tanto para iniciantes quanto para conhecedores, oferecendo duas fun\u00e7\u00f5es estimulantes em uma! O design exclusivo de formato arqueado acaricia perfeitamente suas curvas. Com dois motores controlados de forma independente, proporcionando controle individualizado sobre os 11 Air Pulse e 10 configura\u00e7\u00f5es de vibra\u00e7\u00e3o, aproveite ao m\u00e1ximo seu Vulva Lover 1.<\/p>\n<p>Devido ao seu tamanho compacto, leve facilmente seu amante em qualquer lugar! O Vulva Lover 1 \u00e9 feito de silicone seguro para o corpo, \u00e9 recarreg\u00e1vel e \u00e0 prova d&#8217;\u00e1gua (IPX7).<\/p>\n<p>Experimente o amante da sua vida!<\/p>\n","protected":false},"excerpt":{"rendered":"<p>https:\/\/store.dreamlove.es\/productos\/imagenes\/img_127457_334f62bc94d2fb676d061d20dbeb8de0_1.jpg|https:\/\/store.dreamlove.es\/productos\/imagenes\/img_127458_3e722f5a12b915cb6f4347ea465522b8_1.jpg|https:\/\/store.dreamlove.es\/productos\/imagenes\/img_127456_cd231d62b6d784650226be1415e8a986_1.jpg|https:\/\/store.dreamlove.es\/productos\/imagenes\/img_127455_5bd788ffc3a5b323cb25c30188670aac_1.jpg<\/p>\n","protected":false},"featured_media":17807,"comment_status":"open","ping_status":"closed","template":"","meta":{"site-sidebar-layout":"default","site-content-layout":"","ast-site-content-layout":"default","site-content-style":"default","site-sidebar-style":"default","ast-global-header-display":"","ast-banner-title-visibility":"","ast-main-header-display":"","ast-hfb-above-header-display":"","ast-hfb-below-header-display":"","ast-hfb-mobile-header-display":"","site-post-title":"","ast-breadcrumbs-content":"","ast-featured-img":"","footer-sml-layout":"","theme-transparent-header-meta":"default","adv-header-id-meta":"","stick-header-meta":"","header-above-stick-meta":"","header-main-stick-meta":"","header-below-stick-meta":"","astra-migrate-meta-layouts":"set","ast-page-background-enabled":"default","ast-page-background-meta":{"desktop":{"background-color":"var(--ast-global-color-5)","background-image":"","background-repeat":"repeat","background-position":"center center","background-size":"auto","background-attachment":"scroll","background-type":"","background-media":"","overlay-type":"","overlay-color":"","overlay-opacity":"","overlay-gradient":""},"tablet":{"background-color":"","background-image":"","background-repeat":"repeat","background-position":"center center","background-size":"auto","background-attachment":"scroll","background-type":"","background-media":"","overlay-type":"","overlay-color":"","overlay-opacity":"","overlay-gradient":""},"mobile":{"background-color":"","background-image":"","background-repeat":"repeat","background-position":"center center","background-size":"auto","background-attachment":"scroll","background-type":"","background-media":"","overlay-type":"","overlay-color":"","overlay-opacity":"","overlay-gradient":""}},"ast-content-background-meta":{"desktop":{"background-color":"var(--ast-global-color-4)","background-image":"","background-repeat":"repeat","background-position":"center center","background-size":"auto","background-attachment":"scroll","background-type":"","background-media":"","overlay-type":"","overlay-color":"","overlay-opacity":"","overlay-gradient":""},"tablet":{"background-color":"var(--ast-global-color-4)","background-image":"","background-repeat":"repeat","background-position":"center center","background-size":"auto","background-attachment":"scroll","background-type":"","background-media":"","overlay-type":"","overlay-color":"","overlay-opacity":"","overlay-gradient":""},"mobile":{"background-color":"var(--ast-global-color-4)","background-image":"","background-repeat":"repeat","background-position":"center center","background-size":"auto","background-attachment":"scroll","background-type":"","background-media":"","overlay-type":"","overlay-color":"","overlay-opacity":"","overlay-gradient":""}}},"product_brand":[132],"product_cat":[385],"product_tag":[],"class_list":{"0":"post-17808","1":"product","2":"type-product","3":"status-publish","4":"has-post-thumbnail","6":"product_brand-satisfyer-air-pulse","7":"product_cat-brinquedos-para-mulheres-2","8":"desktop-align-left","9":"tablet-align-left","10":"mobile-align-left","12":"first","13":"outofstock","14":"shipping-taxable","15":"purchasable","16":"product-type-simple"},"_links":{"self":[{"href":"https:\/\/intimusdream.com\/index.php\/wp-json\/wp\/v2\/product\/17808","targetHints":{"allow":["GET"]}}],"collection":[{"href":"https:\/\/intimusdream.com\/index.php\/wp-json\/wp\/v2\/product"}],"about":[{"href":"https:\/\/intimusdream.com\/index.php\/wp-json\/wp\/v2\/types\/product"}],"replies":[{"embeddable":true,"href":"https:\/\/intimusdream.com\/index.php\/wp-json\/wp\/v2\/comments?post=17808"}],"wp:featuredmedia":[{"embeddable":true,"href":"https:\/\/intimusdream.com\/index.php\/wp-json\/wp\/v2\/media\/17807"}],"wp:attachment":[{"href":"https:\/\/intimusdream.com\/index.php\/wp-json\/wp\/v2\/media?parent=17808"}],"wp:term":[{"taxonomy":"product_brand","embeddable":true,"href":"https:\/\/intimusdream.com\/index.php\/wp-json\/wp\/v2\/product_brand?post=17808"},{"taxonomy":"product_cat","embeddable":true,"href":"https:\/\/intimusdream.com\/index.php\/wp-json\/wp\/v2\/product_cat?post=17808"},{"taxonomy":"product_tag","embeddable":true,"href":"https:\/\/intimusdream.com\/index.php\/wp-json\/wp\/v2\/product_tag?post=17808"}],"curies":[{"name":"wp","href":"https:\/\/api.w.org\/{rel}","templated":true}]}}