{"id":17846,"date":"2025-07-15T20:03:00","date_gmt":"2025-07-15T20:03:00","guid":{"rendered":"https:\/\/intimusdream.com\/index.php\/produto\/satisfyer-heat-flex-4-vibrador-de-efeito-termico-12-vibracoes-cinza\/"},"modified":"2025-12-31T16:22:54","modified_gmt":"2025-12-31T16:22:54","slug":"satisfyer-heat-flex-4-vibrador-de-efeito-termico-12-vibracoes-cinza","status":"publish","type":"product","link":"https:\/\/intimusdream.com\/index.php\/produto\/satisfyer-heat-flex-4-vibrador-de-efeito-termico-12-vibracoes-cinza\/","title":{"rendered":"SATISFYER &#8211; HEAT FLEX 4 VIBRADOR DE EFEITO T\u00c9RMICO 12 VIBRA\u00c7\u00d5ES CINZA"},"content":{"rendered":"<p>Prepare-se para o <strong>Heat Flex 4<\/strong><\/p>\n<p> Este n\u00e3o \u00e9 qualquer vibrador rabbit: com vibra\u00e7\u00f5es intensas e uma fun\u00e7\u00e3o de aquecimento que chega a 39 \u00b0C, o Heat Flex 4 imita um calor natural e realista para uma experi\u00eancia profundamente satisfat\u00f3ria.<\/p>\n<p> Mas isso n\u00e3o \u00e9 tudo: o Heat Flex 4 traz algo mais \u00e0 mesa. Com o apertar de um bot\u00e3o, o eixo come\u00e7a a girar lentamente, permitindo que os usu\u00e1rios explorem seu \u00e2ngulo perfeito para o prazer ou aproveitem a estimula\u00e7\u00e3o suave e rotativa do ponto G.<\/p>\n<p> Projetado com um anel ao redor do eixo, este vibrador oferece estimula\u00e7\u00e3o mais ampla, mirando tanto o clit\u00f3ris quanto os l\u00e1bios enquanto o eixo estimula o ponto G. Al\u00e9m disso, com 12 programas de vibra\u00e7\u00e3o, h\u00e1 ainda mais op\u00e7\u00f5es de prazer!<\/p>\n<\/p>\n<p> <u><strong>CARACTER\u00cdSTICAS<\/strong><\/u> :<\/p>\n<ul>\n<li> \u00c0 prova d&#39;\u00e1gua (IPX7)<\/li>\n<li> Silicone seguro para o corpo<\/li>\n<li> 12 programas de vibra\u00e7\u00e3o<\/li>\n<li> Fun\u00e7\u00e3o de aquecimento \u2013 aquece at\u00e9 39\u00b0C<\/li>\n<li> Recarreg\u00e1vel, inclui cabo de carregamento USB<\/li>\n<li> Estimula\u00e7\u00e3o do ponto G, l\u00e1bios e clit\u00f3ris<\/li>\n<li> Eixo de rota\u00e7\u00e3o lenta para prazer personalizado<\/li>\n<\/ul>\n<p> Aque\u00e7a sua vida amorosa com Heat Flex 4!<\/p>\n<p>?<\/p>\n","protected":false},"excerpt":{"rendered":"<p>https:\/\/store.dreamlove.es\/productos\/imagenes\/img_188674_398f80b2dc95c7976732db4d3fcdb1ee_1.jpg<\/p>\n","protected":false},"featured_media":17845,"comment_status":"open","ping_status":"closed","template":"","meta":{"site-sidebar-layout":"default","site-content-layout":"","ast-site-content-layout":"default","site-content-style":"default","site-sidebar-style":"default","ast-global-header-display":"","ast-banner-title-visibility":"","ast-main-header-display":"","ast-hfb-above-header-display":"","ast-hfb-below-header-display":"","ast-hfb-mobile-header-display":"","site-post-title":"","ast-breadcrumbs-content":"","ast-featured-img":"","footer-sml-layout":"","ast-disable-related-posts":"","theme-transparent-header-meta":"","adv-header-id-meta":"","stick-header-meta":"","header-above-stick-meta":"","header-main-stick-meta":"","header-below-stick-meta":"","astra-migrate-meta-layouts":"default","ast-page-background-enabled":"default","ast-page-background-meta":{"desktop":{"background-color":"var(--ast-global-color-5)","background-image":"","background-repeat":"repeat","background-position":"center center","background-size":"auto","background-attachment":"scroll","background-type":"","background-media":"","overlay-type":"","overlay-color":"","overlay-opacity":"","overlay-gradient":""},"tablet":{"background-color":"","background-image":"","background-repeat":"repeat","background-position":"center center","background-size":"auto","background-attachment":"scroll","background-type":"","background-media":"","overlay-type":"","overlay-color":"","overlay-opacity":"","overlay-gradient":""},"mobile":{"background-color":"","background-image":"","background-repeat":"repeat","background-position":"center center","background-size":"auto","background-attachment":"scroll","background-type":"","background-media":"","overlay-type":"","overlay-color":"","overlay-opacity":"","overlay-gradient":""}},"ast-content-background-meta":{"desktop":{"background-color":"var(--ast-global-color-4)","background-image":"","background-repeat":"repeat","background-position":"center center","background-size":"auto","background-attachment":"scroll","background-type":"","background-media":"","overlay-type":"","overlay-color":"","overlay-opacity":"","overlay-gradient":""},"tablet":{"background-color":"var(--ast-global-color-4)","background-image":"","background-repeat":"repeat","background-position":"center center","background-size":"auto","background-attachment":"scroll","background-type":"","background-media":"","overlay-type":"","overlay-color":"","overlay-opacity":"","overlay-gradient":""},"mobile":{"background-color":"var(--ast-global-color-4)","background-image":"","background-repeat":"repeat","background-position":"center center","background-size":"auto","background-attachment":"scroll","background-type":"","background-media":"","overlay-type":"","overlay-color":"","overlay-opacity":"","overlay-gradient":""}}},"product_brand":[135],"product_cat":[346,368],"product_tag":[],"class_list":{"0":"post-17846","1":"product","2":"type-product","3":"status-publish","4":"has-post-thumbnail","6":"product_brand-satisfyer-vibrator","7":"product_cat-brinquedos-de-bem-estar-sexual","8":"product_cat-vibradores","9":"desktop-align-left","10":"tablet-align-left","11":"mobile-align-left","13":"first","14":"instock","15":"shipping-taxable","16":"purchasable","17":"product-type-simple"},"_links":{"self":[{"href":"https:\/\/intimusdream.com\/index.php\/wp-json\/wp\/v2\/product\/17846","targetHints":{"allow":["GET"]}}],"collection":[{"href":"https:\/\/intimusdream.com\/index.php\/wp-json\/wp\/v2\/product"}],"about":[{"href":"https:\/\/intimusdream.com\/index.php\/wp-json\/wp\/v2\/types\/product"}],"replies":[{"embeddable":true,"href":"https:\/\/intimusdream.com\/index.php\/wp-json\/wp\/v2\/comments?post=17846"}],"wp:featuredmedia":[{"embeddable":true,"href":"https:\/\/intimusdream.com\/index.php\/wp-json\/wp\/v2\/media\/17845"}],"wp:attachment":[{"href":"https:\/\/intimusdream.com\/index.php\/wp-json\/wp\/v2\/media?parent=17846"}],"wp:term":[{"taxonomy":"product_brand","embeddable":true,"href":"https:\/\/intimusdream.com\/index.php\/wp-json\/wp\/v2\/product_brand?post=17846"},{"taxonomy":"product_cat","embeddable":true,"href":"https:\/\/intimusdream.com\/index.php\/wp-json\/wp\/v2\/product_cat?post=17846"},{"taxonomy":"product_tag","embeddable":true,"href":"https:\/\/intimusdream.com\/index.php\/wp-json\/wp\/v2\/product_tag?post=17846"}],"curies":[{"name":"wp","href":"https:\/\/api.w.org\/{rel}","templated":true}]}}