{"id":17996,"date":"2025-07-15T20:04:06","date_gmt":"2025-07-15T20:04:06","guid":{"rendered":"https:\/\/intimusdream.com\/index.php\/produto\/satisfyer-pro-2-kiss-wave-estimulador-de-clitoris-garnet-preto\/"},"modified":"2026-01-09T15:13:57","modified_gmt":"2026-01-09T15:13:57","slug":"satisfyer-pro-2-kiss-wave-estimulador-de-clitoris-garnet-preto","status":"publish","type":"product","link":"https:\/\/intimusdream.com\/index.php\/produto\/satisfyer-pro-2-kiss-wave-estimulador-de-clitoris-garnet-preto\/","title":{"rendered":"SATISFYER &#8211; PRO 2 KISS WAVE ESTIMULADOR DE CLIT\u00d3RIS GARNET \/ PRETO"},"content":{"rendered":"<p>Mini massageador de clit\u00f3ris Air Wave, tamanho para viagem, discreto, parece um r\u00edmel ou batom, cabe perfeitamente na sua bolsa ou mala.<\/p>\n<ul>\n<li> Recarreg\u00e1vel via USB atrav\u00e9s do cabo USB-C do seu iPhone.<\/li>\n<li> F\u00e1cil de usar e silencioso, 3 velocidades com 10 modos diferentes de onda de press\u00e3o de ar.<\/li>\n<li> 3 x 10 programas de ondas de press\u00e3o<\/li>\n<li> Controle de pico de pulso de ar 3D<\/li>\n<li> Silicone amigo do corpo<\/li>\n<li> Tamanho da viagem<\/li>\n<li> Quieto<\/li>\n<li> Recarreg\u00e1vel (USB-C), cabo N\u00c3O inclu\u00eddo<\/li>\n<li> Este dispositivo discreto e fino cabe perfeitamente na sua bolsa ou mala. O Satisfyer 4D Magnetic Power Motor \u00e9 um dispositivo poderoso e f\u00e1cil de usar que cabe na palma da sua m\u00e3o e \u00e9 perfeito para viagens.<\/li>\n<\/ul>\n<p> Com o novo motor de pot\u00eancia magn\u00e9tica 4D patenteado, a Satisfyer leva a estimula\u00e7\u00e3o clitoriana sem contato para o pr\u00f3ximo n\u00edvel. Esta tecnologia de ponta redefine a experi\u00eancia sensorial, proporcionando estimula\u00e7\u00e3o silenciosa, mas poderosa, com ondas de press\u00e3o suaves.<\/p>\n<p> A membrana interna deste dispositivo pode ser movida com o toque de um bot\u00e3o: quanto mais pr\u00f3xima a membrana estiver da abertura, mais fortes ser\u00e3o as ondas de press\u00e3o.<\/p>\n<p> Tr\u00eas luzes LED na frente indicam a posi\u00e7\u00e3o da membrana para que o usu\u00e1rio saiba facilmente qual \u00e9 a intensidade.<\/p>\n<p> \u2013 3 LEDs acesos &#8211; a membrana fica mais pr\u00f3xima da abertura, proporcionando sensa\u00e7\u00f5es intensas e potentes.<br \/> \u2013 2 LEDs acesos: a membrana fica no meio, oferecendo uma for\u00e7a de onda equilibrada.<br \/> \u2013 1 LED aceso: a membrana est\u00e1 mais afastada, ideal para um toque mais suave.<\/p>\n<p> Com 11 programas de ondas de press\u00e3o e 3 posi\u00e7\u00f5es de membrana, voc\u00ea tem 33 maneiras incr\u00edveis de explorar seus desejos.<\/p>\n<p> <u><strong>Principais Caracter\u00edsticas<\/strong><\/u><\/p>\n<ul>\n<li> 33 Programas: 11 Programas de Ondas de Press\u00e3o e 3 Posi\u00e7\u00f5es de Membrana<\/li>\n<li> Com o inovador motor magn\u00e9tico 4D<\/li>\n<li> Porta de carregamento USB Tipo C (cabo N\u00c3O inclu\u00eddo)<\/li>\n<li> Bot\u00e3o LED para indicar a posi\u00e7\u00e3o da membrana<\/li>\n<li> Design de batom estiloso com tampa higi\u00eanica<\/li>\n<li> Feito de corpo de silicone amigo da pele<\/li>\n<li> \u00c0 prova d&#39;\u00e1gua (IPX7)<\/li>\n<li> Garantia de 15 anos<\/li>\n<\/ul><\/p>\n","protected":false},"excerpt":{"rendered":"<p>https:\/\/store.dreamlove.es\/productos\/imagenes\/img_199942_43eb85a87f4d6009d196ae669988a450_1.jpg|https:\/\/store.dreamlove.es\/productos\/imagenes\/img_199944_70778f1c3c2de4b6696c578ca8dac740_1.jpg|https:\/\/store.dreamlove.es\/productos\/imagenes\/img_199943_1fa4d86815210d85e055e3b6ddbf78bb_1.jpg|https:\/\/store.dreamlove.es\/productos\/imagenes\/img_199941_70b1feef4dd957f9d11d0ad0c003500a_1.jpg|https:\/\/store.dreamlove.es\/productos\/imagenes\/img_199945_fb91774ae934202669bd02dc810cdd9d_1.jpg|https:\/\/store.dreamlove.es\/productos\/imagenes\/img_199940_f50543a48176b1c8eb070999a2507e1c_1.jpg<\/p>\n","protected":false},"featured_media":17995,"comment_status":"open","ping_status":"closed","template":"","meta":{"site-sidebar-layout":"default","site-content-layout":"","ast-site-content-layout":"","site-content-style":"default","site-sidebar-style":"default","ast-global-header-display":"","ast-banner-title-visibility":"","ast-main-header-display":"","ast-hfb-above-header-display":"","ast-hfb-below-header-display":"","ast-hfb-mobile-header-display":"","site-post-title":"","ast-breadcrumbs-content":"","ast-featured-img":"","footer-sml-layout":"","theme-transparent-header-meta":"","adv-header-id-meta":"","stick-header-meta":"","header-above-stick-meta":"","header-main-stick-meta":"","header-below-stick-meta":"","astra-migrate-meta-layouts":"default","ast-page-background-enabled":"default","ast-page-background-meta":{"desktop":{"background-color":"var(--ast-global-color-5)","background-image":"","background-repeat":"repeat","background-position":"center center","background-size":"auto","background-attachment":"scroll","background-type":"","background-media":"","overlay-type":"","overlay-color":"","overlay-opacity":"","overlay-gradient":""},"tablet":{"background-color":"","background-image":"","background-repeat":"repeat","background-position":"center center","background-size":"auto","background-attachment":"scroll","background-type":"","background-media":"","overlay-type":"","overlay-color":"","overlay-opacity":"","overlay-gradient":""},"mobile":{"background-color":"","background-image":"","background-repeat":"repeat","background-position":"center center","background-size":"auto","background-attachment":"scroll","background-type":"","background-media":"","overlay-type":"","overlay-color":"","overlay-opacity":"","overlay-gradient":""}},"ast-content-background-meta":{"desktop":{"background-color":"var(--ast-global-color-4)","background-image":"","background-repeat":"repeat","background-position":"center center","background-size":"auto","background-attachment":"scroll","background-type":"","background-media":"","overlay-type":"","overlay-color":"","overlay-opacity":"","overlay-gradient":""},"tablet":{"background-color":"var(--ast-global-color-4)","background-image":"","background-repeat":"repeat","background-position":"center center","background-size":"auto","background-attachment":"scroll","background-type":"","background-media":"","overlay-type":"","overlay-color":"","overlay-opacity":"","overlay-gradient":""},"mobile":{"background-color":"var(--ast-global-color-4)","background-image":"","background-repeat":"repeat","background-position":"center center","background-size":"auto","background-attachment":"scroll","background-type":"","background-media":"","overlay-type":"","overlay-color":"","overlay-opacity":"","overlay-gradient":""}}},"product_brand":[132],"product_cat":[385],"product_tag":[],"class_list":{"0":"post-17996","1":"product","2":"type-product","3":"status-publish","4":"has-post-thumbnail","6":"product_brand-satisfyer-air-pulse","7":"product_cat-brinquedos-para-mulheres-2","8":"desktop-align-left","9":"tablet-align-left","10":"mobile-align-left","12":"first","13":"instock","14":"shipping-taxable","15":"purchasable","16":"product-type-simple"},"_links":{"self":[{"href":"https:\/\/intimusdream.com\/index.php\/wp-json\/wp\/v2\/product\/17996","targetHints":{"allow":["GET"]}}],"collection":[{"href":"https:\/\/intimusdream.com\/index.php\/wp-json\/wp\/v2\/product"}],"about":[{"href":"https:\/\/intimusdream.com\/index.php\/wp-json\/wp\/v2\/types\/product"}],"replies":[{"embeddable":true,"href":"https:\/\/intimusdream.com\/index.php\/wp-json\/wp\/v2\/comments?post=17996"}],"wp:featuredmedia":[{"embeddable":true,"href":"https:\/\/intimusdream.com\/index.php\/wp-json\/wp\/v2\/media\/17995"}],"wp:attachment":[{"href":"https:\/\/intimusdream.com\/index.php\/wp-json\/wp\/v2\/media?parent=17996"}],"wp:term":[{"taxonomy":"product_brand","embeddable":true,"href":"https:\/\/intimusdream.com\/index.php\/wp-json\/wp\/v2\/product_brand?post=17996"},{"taxonomy":"product_cat","embeddable":true,"href":"https:\/\/intimusdream.com\/index.php\/wp-json\/wp\/v2\/product_cat?post=17996"},{"taxonomy":"product_tag","embeddable":true,"href":"https:\/\/intimusdream.com\/index.php\/wp-json\/wp\/v2\/product_tag?post=17996"}],"curies":[{"name":"wp","href":"https:\/\/api.w.org\/{rel}","templated":true}]}}