{"id":18096,"date":"2025-07-15T20:04:44","date_gmt":"2025-07-15T20:04:44","guid":{"rendered":"https:\/\/intimusdream.com\/index.php\/produto\/satisfyer-tap-climax-2-vibrador-estimulador-azul\/"},"modified":"2026-01-09T15:24:27","modified_gmt":"2026-01-09T15:24:27","slug":"satisfyer-tap-climax-2-vibrador-estimulador-azul","status":"publish","type":"product","link":"https:\/\/intimusdream.com\/index.php\/produto\/satisfyer-tap-climax-2-vibrador-estimulador-azul\/","title":{"rendered":"SATISFYER &#8211; TAP &#038; CLIMAX 2 VIBRADOR &#038; ESTIMULADOR AZUL"},"content":{"rendered":"<p>Prepare-se para experimentar novas ondas de alegria com o <strong>Tap &amp; Climax 2<\/strong> ! Feito de silicone macio e agrad\u00e1vel ao corpo, este dispositivo compacto \u00e9 incr\u00edvel na sua pele e se encaixa perfeitamente na sua m\u00e3o.<\/p>\n<p>Voc\u00ea pode escolher entre 11 programas de vibra\u00e7\u00e3o, variando de suave a intenso, dependendo do seu humor. Al\u00e9m disso, aproveite 11 programas de tapping que estimulam suavemente o clit\u00f3ris, levando a um cl\u00edmax inesquec\u00edvel. Os programas de vibra\u00e7\u00e3o e tapping podem ser usados separadamente ou juntos, oferecendo in\u00fameras combina\u00e7\u00f5es para prazer personalizado.<\/p>\n<p><u><strong>CARACTER\u00cdSTICAS<\/strong><\/u> :<\/p>\n<ul>\n<li>2 motores potentes<\/li>\n<li>\u00c0 prova d&#8217;\u00e1gua (IPX7)<\/li>\n<li>Silicone amigo do corpo<\/li>\n<li>11 programas de vibra\u00e7\u00e3o + 11 de batidas<\/li>\n<li>Recarreg\u00e1vel: Inclui cabo de carregamento USB<\/li>\n<\/ul>\n<p>Seu prazer est\u00e1 a apenas um toque de dist\u00e2ncia!<\/p>\n","protected":false},"excerpt":{"rendered":"<p>https:\/\/store.dreamlove.es\/productos\/imagenes\/img_189924_55b245bd5930ff9bee30d05f5f74936a_1.jpg|https:\/\/store.dreamlove.es\/productos\/imagenes\/img_189920_99a1491dc0c10c653596891b1528499b_1.jpg|https:\/\/store.dreamlove.es\/productos\/imagenes\/img_189919_33f1a1f0ec80d5641123b9e0d4bdd034_1.jpg|https:\/\/store.dreamlove.es\/productos\/imagenes\/img_189922_9d395875b99cfeadea14045043c0e739_1.jpg|https:\/\/store.dreamlove.es\/productos\/imagenes\/img_189925_cd4f93f1676a8836a8fcb89a71c57b03_1.jpg|https:\/\/store.dreamlove.es\/productos\/imagenes\/img_189923_f14d3bdc6d778265e2c8e00e6a7c7440_1.jpg|https:\/\/store.dreamlove.es\/productos\/imagenes\/img_189921_d32844d21aba1ec972c7f84d47efbc65_1.jpg<\/p>\n","protected":false},"featured_media":18095,"comment_status":"open","ping_status":"closed","template":"","meta":{"site-sidebar-layout":"default","site-content-layout":"","ast-site-content-layout":"default","site-content-style":"default","site-sidebar-style":"default","ast-global-header-display":"","ast-banner-title-visibility":"","ast-main-header-display":"","ast-hfb-above-header-display":"","ast-hfb-below-header-display":"","ast-hfb-mobile-header-display":"","site-post-title":"","ast-breadcrumbs-content":"","ast-featured-img":"","footer-sml-layout":"","theme-transparent-header-meta":"default","adv-header-id-meta":"","stick-header-meta":"","header-above-stick-meta":"","header-main-stick-meta":"","header-below-stick-meta":"","astra-migrate-meta-layouts":"set","ast-page-background-enabled":"default","ast-page-background-meta":{"desktop":{"background-color":"var(--ast-global-color-5)","background-image":"","background-repeat":"repeat","background-position":"center center","background-size":"auto","background-attachment":"scroll","background-type":"","background-media":"","overlay-type":"","overlay-color":"","overlay-opacity":"","overlay-gradient":""},"tablet":{"background-color":"","background-image":"","background-repeat":"repeat","background-position":"center center","background-size":"auto","background-attachment":"scroll","background-type":"","background-media":"","overlay-type":"","overlay-color":"","overlay-opacity":"","overlay-gradient":""},"mobile":{"background-color":"","background-image":"","background-repeat":"repeat","background-position":"center center","background-size":"auto","background-attachment":"scroll","background-type":"","background-media":"","overlay-type":"","overlay-color":"","overlay-opacity":"","overlay-gradient":""}},"ast-content-background-meta":{"desktop":{"background-color":"var(--ast-global-color-4)","background-image":"","background-repeat":"repeat","background-position":"center center","background-size":"auto","background-attachment":"scroll","background-type":"","background-media":"","overlay-type":"","overlay-color":"","overlay-opacity":"","overlay-gradient":""},"tablet":{"background-color":"var(--ast-global-color-4)","background-image":"","background-repeat":"repeat","background-position":"center center","background-size":"auto","background-attachment":"scroll","background-type":"","background-media":"","overlay-type":"","overlay-color":"","overlay-opacity":"","overlay-gradient":""},"mobile":{"background-color":"var(--ast-global-color-4)","background-image":"","background-repeat":"repeat","background-position":"center center","background-size":"auto","background-attachment":"scroll","background-type":"","background-media":"","overlay-type":"","overlay-color":"","overlay-opacity":"","overlay-gradient":""}}},"product_brand":[135],"product_cat":[385],"product_tag":[],"class_list":{"0":"post-18096","1":"product","2":"type-product","3":"status-publish","4":"has-post-thumbnail","6":"product_brand-satisfyer-vibrator","7":"product_cat-brinquedos-para-mulheres-2","8":"desktop-align-left","9":"tablet-align-left","10":"mobile-align-left","12":"first","13":"instock","14":"featured","15":"shipping-taxable","16":"purchasable","17":"product-type-simple"},"_links":{"self":[{"href":"https:\/\/intimusdream.com\/index.php\/wp-json\/wp\/v2\/product\/18096","targetHints":{"allow":["GET"]}}],"collection":[{"href":"https:\/\/intimusdream.com\/index.php\/wp-json\/wp\/v2\/product"}],"about":[{"href":"https:\/\/intimusdream.com\/index.php\/wp-json\/wp\/v2\/types\/product"}],"replies":[{"embeddable":true,"href":"https:\/\/intimusdream.com\/index.php\/wp-json\/wp\/v2\/comments?post=18096"}],"wp:featuredmedia":[{"embeddable":true,"href":"https:\/\/intimusdream.com\/index.php\/wp-json\/wp\/v2\/media\/18095"}],"wp:attachment":[{"href":"https:\/\/intimusdream.com\/index.php\/wp-json\/wp\/v2\/media?parent=18096"}],"wp:term":[{"taxonomy":"product_brand","embeddable":true,"href":"https:\/\/intimusdream.com\/index.php\/wp-json\/wp\/v2\/product_brand?post=18096"},{"taxonomy":"product_cat","embeddable":true,"href":"https:\/\/intimusdream.com\/index.php\/wp-json\/wp\/v2\/product_cat?post=18096"},{"taxonomy":"product_tag","embeddable":true,"href":"https:\/\/intimusdream.com\/index.php\/wp-json\/wp\/v2\/product_tag?post=18096"}],"curies":[{"name":"wp","href":"https:\/\/api.w.org\/{rel}","templated":true}]}}