{"id":18170,"date":"2025-07-15T20:05:17","date_gmt":"2025-07-15T20:05:17","guid":{"rendered":"https:\/\/intimusdream.com\/index.php\/produto\/satisfyer-vibrador-de-anel-duelismo-azul\/"},"modified":"2026-01-09T15:10:17","modified_gmt":"2026-01-09T15:10:17","slug":"satisfyer-vibrador-de-anel-duelismo-azul","status":"publish","type":"product","link":"https:\/\/intimusdream.com\/index.php\/produto\/satisfyer-vibrador-de-anel-duelismo-azul\/","title":{"rendered":"SATISFYER &#8211; VIBRADOR DE ANEL DUELISMO AZUL"},"content":{"rendered":"<p>Prepare-se para um duelo! Procurando um anel peniano que possa lidar com tudo e qualquer coisa que voc\u00ea trouxer? Confira o Duelista!<\/p>\n<p><strong>Informa\u00e7\u00f5es sobre o produto &#8220;Satisfyer Duelist&#8221;<\/strong><\/p>\n<ul>\n<li>Mais resist\u00eancia devido ao emocionante efeito de reten\u00e7\u00e3o de sangue<\/li>\n<li>Aperto ajust\u00e1vel individualmente<\/li>\n<li>O potente motor transmite ritmos de vibra\u00e7\u00e3o intensos por todo o dispositivo de bem-estar sexual<\/li>\n<li>Ideal para casais<\/li>\n<li>Feito de silicone de grau m\u00e9dico supermacio e adequado para a pele, suave ao toque e extremamente higi\u00eanico<\/li>\n<li>Garantia de 15 anos<\/li>\n<li>Silicone amigo do corpo<\/li>\n<li>Modo sussurro IPX7 \u00e0 prova d&#8217;\u00e1gua<\/li>\n<li>Bateria de \u00edon de l\u00edtio f\u00e1cil de limpar<\/li>\n<li>Cabo de carregamento magn\u00e9tico USB inclu\u00eddo<\/li>\n<\/ul>\n<p><strong>O que mais o vibrador Satisfyer Duelist pode lhe oferecer?<\/strong><\/p>\n<p>O Duelist \u00e9 um anel ajust\u00e1vel que permite total flexibilidade \u2013 sem mais dificuldades para encontrar um anel peniano que se encaixe perfeitamente. Este anel \u00e9 perfeito tanto para iniciantes como para utilizadores experientes, permitindo-lhe explorar as vastas possibilidades dos an\u00e9is penianos!<\/p>\n<p>Este elegante anel para p\u00eanis com um controle deslizante brilhante tem uma estrutura com nervuras para estimula\u00e7\u00e3o adicional do p\u00eanis ou test\u00edculo e do parceiro. Este anel ajust\u00e1vel com um controle deslizante \u00e9 verdadeiramente de tamanho \u00fanico! Com um motor e um bot\u00e3o de um toque com 12 programas de vibra\u00e7\u00e3o, voc\u00ea experimentar\u00e1 pura felicidade com o Duelista! O Duelist \u00e9 feito de silicone seguro para o corpo, recarreg\u00e1vel e com classifica\u00e7\u00e3o \u00e0 prova d&#8217;\u00e1gua (IPX7).<\/p>\n<p>Fa\u00e7a sua devida dilig\u00eancia com o Duelista!<\/p>\n","protected":false},"excerpt":{"rendered":"<p>https:\/\/store.dreamlove.es\/productos\/imagenes\/img_124938_6df53c61a6b1aaeba5b71282a22fe521_1.jpg|https:\/\/store.dreamlove.es\/productos\/imagenes\/img_124936_a58713f764a92c3b27ca6bf94b256313_1.jpg|https:\/\/store.dreamlove.es\/productos\/imagenes\/img_124935_97fb36130ce04f2b055d6a06a3fd0606_1.jpg|https:\/\/store.dreamlove.es\/productos\/imagenes\/img_124937_2a98f838326d50c2146fead2ccb86739_1.jpg<\/p>\n","protected":false},"featured_media":18169,"comment_status":"open","ping_status":"closed","template":"","meta":{"site-sidebar-layout":"default","site-content-layout":"","ast-site-content-layout":"default","site-content-style":"default","site-sidebar-style":"default","ast-global-header-display":"","ast-banner-title-visibility":"","ast-main-header-display":"","ast-hfb-above-header-display":"","ast-hfb-below-header-display":"","ast-hfb-mobile-header-display":"","site-post-title":"","ast-breadcrumbs-content":"","ast-featured-img":"","footer-sml-layout":"","theme-transparent-header-meta":"default","adv-header-id-meta":"","stick-header-meta":"","header-above-stick-meta":"","header-main-stick-meta":"","header-below-stick-meta":"","astra-migrate-meta-layouts":"set","ast-page-background-enabled":"default","ast-page-background-meta":{"desktop":{"background-color":"var(--ast-global-color-5)","background-image":"","background-repeat":"repeat","background-position":"center center","background-size":"auto","background-attachment":"scroll","background-type":"","background-media":"","overlay-type":"","overlay-color":"","overlay-opacity":"","overlay-gradient":""},"tablet":{"background-color":"","background-image":"","background-repeat":"repeat","background-position":"center center","background-size":"auto","background-attachment":"scroll","background-type":"","background-media":"","overlay-type":"","overlay-color":"","overlay-opacity":"","overlay-gradient":""},"mobile":{"background-color":"","background-image":"","background-repeat":"repeat","background-position":"center center","background-size":"auto","background-attachment":"scroll","background-type":"","background-media":"","overlay-type":"","overlay-color":"","overlay-opacity":"","overlay-gradient":""}},"ast-content-background-meta":{"desktop":{"background-color":"var(--ast-global-color-4)","background-image":"","background-repeat":"repeat","background-position":"center center","background-size":"auto","background-attachment":"scroll","background-type":"","background-media":"","overlay-type":"","overlay-color":"","overlay-opacity":"","overlay-gradient":""},"tablet":{"background-color":"var(--ast-global-color-4)","background-image":"","background-repeat":"repeat","background-position":"center center","background-size":"auto","background-attachment":"scroll","background-type":"","background-media":"","overlay-type":"","overlay-color":"","overlay-opacity":"","overlay-gradient":""},"mobile":{"background-color":"var(--ast-global-color-4)","background-image":"","background-repeat":"repeat","background-position":"center center","background-size":"auto","background-attachment":"scroll","background-type":"","background-media":"","overlay-type":"","overlay-color":"","overlay-opacity":"","overlay-gradient":""}}},"product_brand":[137],"product_cat":[384],"product_tag":[],"class_list":{"0":"post-18170","1":"product","2":"type-product","3":"status-publish","4":"has-post-thumbnail","6":"product_brand-satisfyer-ring","7":"product_cat-brinquedos-sexuais-para-homens-2","8":"desktop-align-left","9":"tablet-align-left","10":"mobile-align-left","12":"first","13":"instock","14":"featured","15":"shipping-taxable","16":"purchasable","17":"product-type-simple"},"_links":{"self":[{"href":"https:\/\/intimusdream.com\/index.php\/wp-json\/wp\/v2\/product\/18170","targetHints":{"allow":["GET"]}}],"collection":[{"href":"https:\/\/intimusdream.com\/index.php\/wp-json\/wp\/v2\/product"}],"about":[{"href":"https:\/\/intimusdream.com\/index.php\/wp-json\/wp\/v2\/types\/product"}],"replies":[{"embeddable":true,"href":"https:\/\/intimusdream.com\/index.php\/wp-json\/wp\/v2\/comments?post=18170"}],"wp:featuredmedia":[{"embeddable":true,"href":"https:\/\/intimusdream.com\/index.php\/wp-json\/wp\/v2\/media\/18169"}],"wp:attachment":[{"href":"https:\/\/intimusdream.com\/index.php\/wp-json\/wp\/v2\/media?parent=18170"}],"wp:term":[{"taxonomy":"product_brand","embeddable":true,"href":"https:\/\/intimusdream.com\/index.php\/wp-json\/wp\/v2\/product_brand?post=18170"},{"taxonomy":"product_cat","embeddable":true,"href":"https:\/\/intimusdream.com\/index.php\/wp-json\/wp\/v2\/product_cat?post=18170"},{"taxonomy":"product_tag","embeddable":true,"href":"https:\/\/intimusdream.com\/index.php\/wp-json\/wp\/v2\/product_tag?post=18170"}],"curies":[{"name":"wp","href":"https:\/\/api.w.org\/{rel}","templated":true}]}}