{"id":18178,"date":"2025-07-15T20:05:22","date_gmt":"2025-07-15T20:05:22","guid":{"rendered":"https:\/\/intimusdream.com\/index.php\/produto\/satisfyer-vibrador-de-brinquedo-do-parceiro-estimulando-ambos-os-parceiros\/"},"modified":"2025-11-17T08:25:36","modified_gmt":"2025-11-17T08:25:36","slug":"satisfyer-vibrador-de-brinquedo-do-parceiro-estimulando-ambos-os-parceiros","status":"publish","type":"product","link":"https:\/\/intimusdream.com\/index.php\/produto\/satisfyer-vibrador-de-brinquedo-do-parceiro-estimulando-ambos-os-parceiros\/","title":{"rendered":"SATISFYER &#8211; VIBRADOR DE BRINQUEDO DO PARCEIRO ESTIMULANDO AMBOS OS PARCEIROS"},"content":{"rendered":"<p>Estimular os dois parceiros ao mesmo tempo. Experimente uma experi\u00eancia sexual intensa e variada!<\/p>\n<ul>\n<li>Para uso por casais<\/li>\n<li>Imperme\u00e1vel IPX7<\/li>\n<li>Motores potentes<\/li>\n<li>10 programas<\/li>\n<li>Silicone amigo do corpo<\/li>\n<li>F\u00e1cil de limpar<\/li>\n<li>Bateria recarreg\u00e1vel Li-ion<\/li>\n<li>Cabo de carregamento magn\u00e9tico USB inclu\u00eddo<\/li>\n<\/ul>\n<p>O Partnertoy \u00e9 um vibrador de parceiro usado durante o ato sexual, estimulando os dois parceiros ao mesmo tempo. Com seu formato ergon\u00f4mico, aumenta o desejo e oferece uma experi\u00eancia sexual variada e intensa.<\/p>\n<p><strong>Fun\u00e7\u00e3o \/ opera\u00e7\u00e3o<\/strong><\/p>\n<p>Pressione o bot\u00e3o de controle por cerca de 2 segundos para ligar o brinquedo. Isso define o Partnertoy para o n\u00edvel de massagem mais baixo.<\/p>\n<p>O vibrador destina-se ao uso vaginal e clitoriano simult\u00e2neo durante a rela\u00e7\u00e3o sexual. O lado com o bot\u00e3o de controle estimula a parte externa do clit\u00f3ris, enquanto o outro lado do vibrador do parceiro curvil\u00edneo \u00e9 inserido pela vagina durante o ato sexual, massageando o ponto G.<\/p>\n<p>Isso significa que o vibrador parceiro estimula duas zonas er\u00f3genas femininas ao mesmo tempo. O p\u00eanis tamb\u00e9m \u00e9 inserido na vagina paralela ao vibrador do parceiro. Isso torna a vagina mais estreita, o que intensifica a rela\u00e7\u00e3o sexual para o parceiro. Ambos s\u00e3o massageados simultaneamente pela vibra\u00e7\u00e3o durante a rela\u00e7\u00e3o sexual.<\/p>\n<p>Os programas de vibra\u00e7\u00e3o s\u00e3o controlados usando o bot\u00e3o de controle. Ele move um programa cada vez que \u00e9 pressionado. Voc\u00ea pode escolher entre 10 programas de vibra\u00e7\u00e3o. O Partnertoy \u00e9 desligado mantendo o bot\u00e3o de controle pressionado.<\/p>\n<p><strong>Limpeza<\/strong><\/p>\n<p>O Partnertoy \u00e9 \u00e0 prova d&#8217;\u00e1gua e muito f\u00e1cil de limpar.<\/p>\n<p>Cuidado: antes de limpar, certifique-se de que o vibrador n\u00e3o esteja conectado ao cabo do carregador ou \u00e0 fonte de alimenta\u00e7\u00e3o, caso contr\u00e1rio, os fluidos podem causar danos ao circuito de carga e representar um risco para a sa\u00fade<\/p>\n<p><strong>Carregando<\/strong><\/p>\n<p>O brinquedo pode ser recarregado e permite uma opera\u00e7\u00e3o simples e sem fio. Deve ser totalmente carregado antes do primeiro uso. Use o cabo carregador USB fornecido para isso: Ambos os contatos magn\u00e9ticos do cabo devem se encaixar nos respectivos pontos de contato de metal no brinquedo. Se o cabo do carregador n\u00e3o se conectar sozinho, conecte-o \u00e0 fonte de alimenta\u00e7\u00e3o e aguarde um momento at\u00e9 que os \u00edm\u00e3s sejam reativados e os contatos se conectem automaticamente. O LED pisca durante o carregamento. Isso acende permanentemente quando o carregamento \u00e9 conclu\u00eddo. Importante: a primeira carga pode levar at\u00e9 oito horas.<\/p>\n<p><strong>Solu\u00e7\u00e3o de problemas<\/strong><\/p>\n<p>Se ocorrer algum erro ou se voc\u00ea tiver dificuldades de opera\u00e7\u00e3o, mantenha o bot\u00e3o de controle do brinquedo pressionado por 5 segundos. Entre em contato com info@partnertoy.com se isso n\u00e3o restabelecer as fun\u00e7\u00f5es<\/p>\n<p>&nbsp;<\/p>\n","protected":false},"excerpt":{"rendered":"<p>https:\/\/store.dreamlove.es\/productos\/imagenes\/img_90059_c97ec3fc0648c42e65398f72cde816b6_1.png|https:\/\/store.dreamlove.es\/productos\/imagenes\/img_90060_57b94827622f1db7396eb06d138108fa_1.png|https:\/\/store.dreamlove.es\/productos\/imagenes\/img_90061_fa746308949b5033c459a31094f77051_1.png|https:\/\/store.dreamlove.es\/productos\/imagenes\/img_90062_1f1e8006e22f7728f1adc6e6bb888495_1.png|https:\/\/store.dreamlove.es\/productos\/imagenes\/img_90063_185f5212973e3855c16d0b6f08eeb69a_1.png<\/p>\n","protected":false},"featured_media":18177,"comment_status":"open","ping_status":"closed","template":"","meta":{"site-sidebar-layout":"default","site-content-layout":"","ast-site-content-layout":"default","site-content-style":"default","site-sidebar-style":"default","ast-global-header-display":"","ast-banner-title-visibility":"","ast-main-header-display":"","ast-hfb-above-header-display":"","ast-hfb-below-header-display":"","ast-hfb-mobile-header-display":"","site-post-title":"","ast-breadcrumbs-content":"","ast-featured-img":"","footer-sml-layout":"","theme-transparent-header-meta":"default","adv-header-id-meta":"","stick-header-meta":"","header-above-stick-meta":"","header-main-stick-meta":"","header-below-stick-meta":"","astra-migrate-meta-layouts":"set","ast-page-background-enabled":"default","ast-page-background-meta":{"desktop":{"background-color":"var(--ast-global-color-5)","background-image":"","background-repeat":"repeat","background-position":"center center","background-size":"auto","background-attachment":"scroll","background-type":"","background-media":"","overlay-type":"","overlay-color":"","overlay-opacity":"","overlay-gradient":""},"tablet":{"background-color":"","background-image":"","background-repeat":"repeat","background-position":"center center","background-size":"auto","background-attachment":"scroll","background-type":"","background-media":"","overlay-type":"","overlay-color":"","overlay-opacity":"","overlay-gradient":""},"mobile":{"background-color":"","background-image":"","background-repeat":"repeat","background-position":"center center","background-size":"auto","background-attachment":"scroll","background-type":"","background-media":"","overlay-type":"","overlay-color":"","overlay-opacity":"","overlay-gradient":""}},"ast-content-background-meta":{"desktop":{"background-color":"var(--ast-global-color-4)","background-image":"","background-repeat":"repeat","background-position":"center center","background-size":"auto","background-attachment":"scroll","background-type":"","background-media":"","overlay-type":"","overlay-color":"","overlay-opacity":"","overlay-gradient":""},"tablet":{"background-color":"var(--ast-global-color-4)","background-image":"","background-repeat":"repeat","background-position":"center center","background-size":"auto","background-attachment":"scroll","background-type":"","background-media":"","overlay-type":"","overlay-color":"","overlay-opacity":"","overlay-gradient":""},"mobile":{"background-color":"var(--ast-global-color-4)","background-image":"","background-repeat":"repeat","background-position":"center center","background-size":"auto","background-attachment":"scroll","background-type":"","background-media":"","overlay-type":"","overlay-color":"","overlay-opacity":"","overlay-gradient":""}}},"product_brand":[145],"product_cat":[346,368],"product_tag":[],"class_list":{"0":"post-18178","1":"product","2":"type-product","3":"status-publish","4":"has-post-thumbnail","6":"product_brand-satisfyer-partner","7":"product_cat-brinquedos-de-bem-estar-sexual","8":"product_cat-vibradores","9":"desktop-align-left","10":"tablet-align-left","11":"mobile-align-left","13":"first","14":"outofstock","15":"featured","16":"shipping-taxable","17":"purchasable","18":"product-type-simple"},"_links":{"self":[{"href":"https:\/\/intimusdream.com\/index.php\/wp-json\/wp\/v2\/product\/18178","targetHints":{"allow":["GET"]}}],"collection":[{"href":"https:\/\/intimusdream.com\/index.php\/wp-json\/wp\/v2\/product"}],"about":[{"href":"https:\/\/intimusdream.com\/index.php\/wp-json\/wp\/v2\/types\/product"}],"replies":[{"embeddable":true,"href":"https:\/\/intimusdream.com\/index.php\/wp-json\/wp\/v2\/comments?post=18178"}],"wp:featuredmedia":[{"embeddable":true,"href":"https:\/\/intimusdream.com\/index.php\/wp-json\/wp\/v2\/media\/18177"}],"wp:attachment":[{"href":"https:\/\/intimusdream.com\/index.php\/wp-json\/wp\/v2\/media?parent=18178"}],"wp:term":[{"taxonomy":"product_brand","embeddable":true,"href":"https:\/\/intimusdream.com\/index.php\/wp-json\/wp\/v2\/product_brand?post=18178"},{"taxonomy":"product_cat","embeddable":true,"href":"https:\/\/intimusdream.com\/index.php\/wp-json\/wp\/v2\/product_cat?post=18178"},{"taxonomy":"product_tag","embeddable":true,"href":"https:\/\/intimusdream.com\/index.php\/wp-json\/wp\/v2\/product_tag?post=18178"}],"curies":[{"name":"wp","href":"https:\/\/api.w.org\/{rel}","templated":true}]}}