{"id":18232,"date":"2025-07-15T20:05:42","date_gmt":"2025-07-15T20:05:42","guid":{"rendered":"https:\/\/intimusdream.com\/index.php\/produto\/satisfyer-vibrador-double-love-luxury-partner-azul\/"},"modified":"2026-01-09T15:24:01","modified_gmt":"2026-01-09T15:24:01","slug":"satisfyer-vibrador-double-love-luxury-partner-azul","status":"publish","type":"product","link":"https:\/\/intimusdream.com\/index.php\/produto\/satisfyer-vibrador-double-love-luxury-partner-azul\/","title":{"rendered":"SATISFYER &#8211; VIBRADOR DOUBLE LOVE LUXURY PARTNER AZUL"},"content":{"rendered":"<p>Double Love, nosso vibrador para casais de luxo, apresenta silicone macio emocionante combinado com metal precioso de alta qualidade. Duplamente emparelhado com um conveniente controle remoto sem fio e nosso aplicativo de alta tecnologia, o jogo de longa dist\u00e2ncia \u00e9 poss\u00edvel e as op\u00e7\u00f5es s\u00e3o infinitas!<\/p>\n<ul>\n<li>Compat\u00edvel com o aplicativo gratuito Satisfyer &#8211; dispon\u00edvel para iOS e Android<\/li>\n<li>Feito com metais de alta qualidade<\/li>\n<li>Ideal para casais<\/li>\n<li>Garantia de 15 anos<\/li>\n<li>Metal genu\u00edno<\/li>\n<li>Com controle remoto sem fio<\/li>\n<li>Uso de parceiros<\/li>\n<li>Silicone amigo do corpo<\/li>\n<li>\u00c0 prova d&#8217;\u00e1gua (IPX7)<\/li>\n<li>Tamb\u00e9m pode ser usado sem o aplicativo<\/li>\n<li>Programas predefinidos podem ser editados<\/li>\n<li>App oferece uma gama infinita de programas<\/li>\n<li>Modo sussurro<\/li>\n<li>Recarreg\u00e1vel<\/li>\n<li>Bateria de \u00edon de l\u00edtio<\/li>\n<li>Cabo de carregamento USB magn\u00e9tico inclu\u00eddo<\/li>\n<li>F\u00e1cil de limpar<\/li>\n<li>10 programas de vibra\u00e7\u00e3o<\/li>\n<\/ul>\n<p><strong>Satisfyer Double Love: luxuoso vibrador para casais com controle de aplicativo e controle remoto<\/strong><\/p>\n<p>Desfrute de uma lufada de ar fresco enquanto faz amor com o Satisfyer Double Love! O vibrador para casal com 2 motores ir\u00e1 impression\u00e1-lo com seu cl\u00e1ssico formato em U, que estimula ambos os parceiros com vibra\u00e7\u00f5es poderosas. A haste ligeiramente curvada \u00e9 inserida na vagina e estimula simultaneamente o ponto G e tamb\u00e9m o p\u00eanis, enquanto a parte superior excita o clit\u00f3ris. O silicone amigo do corpo tamb\u00e9m seduz voc\u00ea com seu toque suave. O Satisfyer Double Love tamb\u00e9m tem muito a oferecer opticamente: os detalhes sofisticados feitos de metal verdadeiro de alta qualidade d\u00e3o um toque de luxo ao seu ato sexual.<\/p>\n<p><strong>Ainda mais divertido com o controle de aplicativos<\/strong><\/p>\n<p>O Satisfyer Double Love pode ser controlado com o controle remoto sem fio inclu\u00eddo, bem como com o aplicativo gratuito Satisfyer Connect. Voc\u00eas podem descobrir novas facetas de sua vida amorosa usando o aplicativo: al\u00e9m de controlar seu dispositivo remotamente, voc\u00eas tamb\u00e9m podem criar seus pr\u00f3prios programas de vibra\u00e7\u00e3o ou realizar bate-papos de \u00e1udio e v\u00eddeo.<\/p>\n<p>O que voc\u00ea est\u00e1 esperando? O vibrador para casal \u00e9 \u00e0 prova d&#8217;\u00e1gua (IPX7), por isso tamb\u00e9m pode enriquecer sua vida amorosa no chuveiro ou na banheira com suas vibra\u00e7\u00f5es quentes. Se o seu vibrador de casal ficar sem energia, voc\u00ea pode recarregar as baterias integradas com o cabo de carregamento USB inclu\u00eddo.<\/p>\n","protected":false},"excerpt":{"rendered":"<p>https:\/\/store.dreamlove.es\/productos\/imagenes\/img_107555_f5b45d101f529ea5d9ebe7921672fb59_1.jpg|https:\/\/store.dreamlove.es\/productos\/imagenes\/img_107554_d29609b5842ecdd218f47635abc07c86_1.jpg|https:\/\/store.dreamlove.es\/productos\/imagenes\/img_107552_b1950f5d707b395825969ae9c0da82d5_1.jpg|https:\/\/store.dreamlove.es\/productos\/imagenes\/img_107556_75997489dc1a5a92208e4fd273893362_1.jpg|https:\/\/store.dreamlove.es\/productos\/imagenes\/img_107553_8de79064a8340e3632096017953228ad_1.jpg<\/p>\n","protected":false},"featured_media":18231,"comment_status":"open","ping_status":"closed","template":"","meta":{"site-sidebar-layout":"default","site-content-layout":"","ast-site-content-layout":"default","site-content-style":"default","site-sidebar-style":"default","ast-global-header-display":"","ast-banner-title-visibility":"","ast-main-header-display":"","ast-hfb-above-header-display":"","ast-hfb-below-header-display":"","ast-hfb-mobile-header-display":"","site-post-title":"","ast-breadcrumbs-content":"","ast-featured-img":"","footer-sml-layout":"","theme-transparent-header-meta":"default","adv-header-id-meta":"","stick-header-meta":"","header-above-stick-meta":"","header-main-stick-meta":"","header-below-stick-meta":"","astra-migrate-meta-layouts":"set","ast-page-background-enabled":"default","ast-page-background-meta":{"desktop":{"background-color":"var(--ast-global-color-5)","background-image":"","background-repeat":"repeat","background-position":"center center","background-size":"auto","background-attachment":"scroll","background-type":"","background-media":"","overlay-type":"","overlay-color":"","overlay-opacity":"","overlay-gradient":""},"tablet":{"background-color":"","background-image":"","background-repeat":"repeat","background-position":"center center","background-size":"auto","background-attachment":"scroll","background-type":"","background-media":"","overlay-type":"","overlay-color":"","overlay-opacity":"","overlay-gradient":""},"mobile":{"background-color":"","background-image":"","background-repeat":"repeat","background-position":"center center","background-size":"auto","background-attachment":"scroll","background-type":"","background-media":"","overlay-type":"","overlay-color":"","overlay-opacity":"","overlay-gradient":""}},"ast-content-background-meta":{"desktop":{"background-color":"var(--ast-global-color-4)","background-image":"","background-repeat":"repeat","background-position":"center center","background-size":"auto","background-attachment":"scroll","background-type":"","background-media":"","overlay-type":"","overlay-color":"","overlay-opacity":"","overlay-gradient":""},"tablet":{"background-color":"var(--ast-global-color-4)","background-image":"","background-repeat":"repeat","background-position":"center center","background-size":"auto","background-attachment":"scroll","background-type":"","background-media":"","overlay-type":"","overlay-color":"","overlay-opacity":"","overlay-gradient":""},"mobile":{"background-color":"var(--ast-global-color-4)","background-image":"","background-repeat":"repeat","background-position":"center center","background-size":"auto","background-attachment":"scroll","background-type":"","background-media":"","overlay-type":"","overlay-color":"","overlay-opacity":"","overlay-gradient":""}}},"product_brand":[145],"product_cat":[346,368],"product_tag":[],"class_list":{"0":"post-18232","1":"product","2":"type-product","3":"status-publish","4":"has-post-thumbnail","6":"product_brand-satisfyer-partner","7":"product_cat-brinquedos-de-bem-estar-sexual","8":"product_cat-vibradores","9":"desktop-align-left","10":"tablet-align-left","11":"mobile-align-left","13":"first","14":"outofstock","15":"shipping-taxable","16":"purchasable","17":"product-type-simple"},"_links":{"self":[{"href":"https:\/\/intimusdream.com\/index.php\/wp-json\/wp\/v2\/product\/18232","targetHints":{"allow":["GET"]}}],"collection":[{"href":"https:\/\/intimusdream.com\/index.php\/wp-json\/wp\/v2\/product"}],"about":[{"href":"https:\/\/intimusdream.com\/index.php\/wp-json\/wp\/v2\/types\/product"}],"replies":[{"embeddable":true,"href":"https:\/\/intimusdream.com\/index.php\/wp-json\/wp\/v2\/comments?post=18232"}],"wp:featuredmedia":[{"embeddable":true,"href":"https:\/\/intimusdream.com\/index.php\/wp-json\/wp\/v2\/media\/18231"}],"wp:attachment":[{"href":"https:\/\/intimusdream.com\/index.php\/wp-json\/wp\/v2\/media?parent=18232"}],"wp:term":[{"taxonomy":"product_brand","embeddable":true,"href":"https:\/\/intimusdream.com\/index.php\/wp-json\/wp\/v2\/product_brand?post=18232"},{"taxonomy":"product_cat","embeddable":true,"href":"https:\/\/intimusdream.com\/index.php\/wp-json\/wp\/v2\/product_cat?post=18232"},{"taxonomy":"product_tag","embeddable":true,"href":"https:\/\/intimusdream.com\/index.php\/wp-json\/wp\/v2\/product_tag?post=18232"}],"curies":[{"name":"wp","href":"https:\/\/api.w.org\/{rel}","templated":true}]}}