{"id":18330,"date":"2025-07-15T20:06:20","date_gmt":"2025-07-15T20:06:20","guid":{"rendered":"https:\/\/intimusdream.com\/index.php\/produto\/satisfyer-vibrao-homem-satisfatoria\/"},"modified":"2026-01-09T15:10:00","modified_gmt":"2026-01-09T15:10:00","slug":"satisfyer-vibrao-homem-satisfatoria","status":"publish","type":"product","link":"https:\/\/intimusdream.com\/index.php\/produto\/satisfyer-vibrao-homem-satisfatoria\/","title":{"rendered":"SATISFYER &#8211; VIBRAO HOMEM SATISFAT\u00d3RIA"},"content":{"rendered":"<p>Satisfyer Men Vibration \u00e9 um presente maravilhoso para que a sua melhor parte possa desfrutar da estimula\u00e7\u00e3o extraordin\u00e1ria que voc\u00ea merece. Desfrute de um orgasmo ap\u00f3s o outro com seus dois motores superpotentes: 11 programas de vibra\u00e7\u00e3o que levam voc\u00ea ao s\u00e9timo c\u00e9u do sexo oral. Um artigo que vai te deixar feliz! a del\u00edcia de qualquer homem!<\/p>\n<ul>\n<li>Silicone m\u00e9dico<\/li>\n<li>Dois motores potentes<\/li>\n<li>Submers\u00edvel<\/li>\n<li>11 programas de vibra\u00e7\u00e3o<\/li>\n<\/ul>\n<p>Recarreg\u00e1vel via USB com o cabo carregador inclu\u00eddo.<\/p>\n<p><img fetchpriority=\"high\" decoding=\"async\" class=\"alignleft size-medium wp-image-19888\" src=\"https:\/\/intimusdream.com\/wp-content\/uploads\/2025\/07\/img_66433_ca393a8e7166122f496d4eb40706ceef_1-1-300x300.png\" alt=\"\" width=\"300\" height=\"300\" srcset=\"https:\/\/intimusdream.com\/wp-content\/uploads\/2025\/07\/img_66433_ca393a8e7166122f496d4eb40706ceef_1-1-300x300.png 300w, https:\/\/intimusdream.com\/wp-content\/uploads\/2025\/07\/img_66433_ca393a8e7166122f496d4eb40706ceef_1-1-150x150.png 150w, https:\/\/intimusdream.com\/wp-content\/uploads\/2025\/07\/img_66433_ca393a8e7166122f496d4eb40706ceef_1-1-100x100.png 100w, https:\/\/intimusdream.com\/wp-content\/uploads\/2025\/07\/img_66433_ca393a8e7166122f496d4eb40706ceef_1-1.png 472w\" sizes=\"(max-width: 300px) 100vw, 300px\" \/> <img decoding=\"async\" class=\"alignleft size-medium wp-image-19889\" src=\"https:\/\/intimusdream.com\/wp-content\/uploads\/2025\/07\/img_66434_8c9b507a9bf0e254060f12a319d75aef_1-300x300.png\" alt=\"\" width=\"300\" height=\"300\" srcset=\"https:\/\/intimusdream.com\/wp-content\/uploads\/2025\/07\/img_66434_8c9b507a9bf0e254060f12a319d75aef_1-300x300.png 300w, https:\/\/intimusdream.com\/wp-content\/uploads\/2025\/07\/img_66434_8c9b507a9bf0e254060f12a319d75aef_1-150x150.png 150w, https:\/\/intimusdream.com\/wp-content\/uploads\/2025\/07\/img_66434_8c9b507a9bf0e254060f12a319d75aef_1-100x100.png 100w, https:\/\/intimusdream.com\/wp-content\/uploads\/2025\/07\/img_66434_8c9b507a9bf0e254060f12a319d75aef_1.png 427w\" sizes=\"(max-width: 300px) 100vw, 300px\" \/> <img decoding=\"async\" class=\"alignleft size-medium wp-image-19891\" src=\"https:\/\/intimusdream.com\/wp-content\/uploads\/2025\/07\/img_66435_b423c747aed8c7a3295e8c61a7fe0eda_1-300x300.png\" alt=\"\" width=\"300\" height=\"300\" srcset=\"https:\/\/intimusdream.com\/wp-content\/uploads\/2025\/07\/img_66435_b423c747aed8c7a3295e8c61a7fe0eda_1-300x300.png 300w, https:\/\/intimusdream.com\/wp-content\/uploads\/2025\/07\/img_66435_b423c747aed8c7a3295e8c61a7fe0eda_1-150x150.png 150w, https:\/\/intimusdream.com\/wp-content\/uploads\/2025\/07\/img_66435_b423c747aed8c7a3295e8c61a7fe0eda_1-100x100.png 100w, https:\/\/intimusdream.com\/wp-content\/uploads\/2025\/07\/img_66435_b423c747aed8c7a3295e8c61a7fe0eda_1.png 524w\" sizes=\"(max-width: 300px) 100vw, 300px\" \/> <img loading=\"lazy\" decoding=\"async\" class=\"alignleft size-medium wp-image-19892\" src=\"https:\/\/intimusdream.com\/wp-content\/uploads\/2025\/07\/img_66436_1fa38cc14d4b81ed31a2dfe8bd74d694_1-300x300.png\" alt=\"\" width=\"300\" height=\"300\" srcset=\"https:\/\/intimusdream.com\/wp-content\/uploads\/2025\/07\/img_66436_1fa38cc14d4b81ed31a2dfe8bd74d694_1-300x300.png 300w, https:\/\/intimusdream.com\/wp-content\/uploads\/2025\/07\/img_66436_1fa38cc14d4b81ed31a2dfe8bd74d694_1-150x150.png 150w, https:\/\/intimusdream.com\/wp-content\/uploads\/2025\/07\/img_66436_1fa38cc14d4b81ed31a2dfe8bd74d694_1-100x100.png 100w, https:\/\/intimusdream.com\/wp-content\/uploads\/2025\/07\/img_66436_1fa38cc14d4b81ed31a2dfe8bd74d694_1.png 490w\" sizes=\"(max-width: 300px) 100vw, 300px\" \/> <img loading=\"lazy\" decoding=\"async\" class=\"alignleft size-medium wp-image-19893\" src=\"https:\/\/intimusdream.com\/wp-content\/uploads\/2025\/07\/img_66437_6876e1310435858f98375a70e4f4727b_1-300x300.png\" alt=\"\" width=\"300\" height=\"300\" srcset=\"https:\/\/intimusdream.com\/wp-content\/uploads\/2025\/07\/img_66437_6876e1310435858f98375a70e4f4727b_1-300x300.png 300w, https:\/\/intimusdream.com\/wp-content\/uploads\/2025\/07\/img_66437_6876e1310435858f98375a70e4f4727b_1-150x150.png 150w, https:\/\/intimusdream.com\/wp-content\/uploads\/2025\/07\/img_66437_6876e1310435858f98375a70e4f4727b_1-100x100.png 100w, https:\/\/intimusdream.com\/wp-content\/uploads\/2025\/07\/img_66437_6876e1310435858f98375a70e4f4727b_1.png 471w\" sizes=\"(max-width: 300px) 100vw, 300px\" \/> <img loading=\"lazy\" decoding=\"async\" class=\"alignleft size-medium wp-image-19894\" src=\"https:\/\/intimusdream.com\/wp-content\/uploads\/2025\/07\/img_66438_21044f98001e068a7a62415fa0249cc9_1-300x300.png\" alt=\"\" width=\"300\" height=\"300\" srcset=\"https:\/\/intimusdream.com\/wp-content\/uploads\/2025\/07\/img_66438_21044f98001e068a7a62415fa0249cc9_1-300x300.png 300w, https:\/\/intimusdream.com\/wp-content\/uploads\/2025\/07\/img_66438_21044f98001e068a7a62415fa0249cc9_1-150x150.png 150w, https:\/\/intimusdream.com\/wp-content\/uploads\/2025\/07\/img_66438_21044f98001e068a7a62415fa0249cc9_1-100x100.png 100w, https:\/\/intimusdream.com\/wp-content\/uploads\/2025\/07\/img_66438_21044f98001e068a7a62415fa0249cc9_1.png 474w\" sizes=\"(max-width: 300px) 100vw, 300px\" \/> <img loading=\"lazy\" decoding=\"async\" class=\"alignleft size-medium wp-image-19895\" src=\"https:\/\/intimusdream.com\/wp-content\/uploads\/2025\/07\/img_66439_5bdacffe1676d35c1f07ba333aa87538_1-300x300.png\" alt=\"\" width=\"300\" height=\"300\" srcset=\"https:\/\/intimusdream.com\/wp-content\/uploads\/2025\/07\/img_66439_5bdacffe1676d35c1f07ba333aa87538_1-300x300.png 300w, https:\/\/intimusdream.com\/wp-content\/uploads\/2025\/07\/img_66439_5bdacffe1676d35c1f07ba333aa87538_1-150x150.png 150w, https:\/\/intimusdream.com\/wp-content\/uploads\/2025\/07\/img_66439_5bdacffe1676d35c1f07ba333aa87538_1-100x100.png 100w, https:\/\/intimusdream.com\/wp-content\/uploads\/2025\/07\/img_66439_5bdacffe1676d35c1f07ba333aa87538_1.png 472w\" sizes=\"(max-width: 300px) 100vw, 300px\" \/> <img loading=\"lazy\" decoding=\"async\" class=\"alignleft size-medium wp-image-19896\" src=\"https:\/\/intimusdream.com\/wp-content\/uploads\/2025\/07\/img_97140_695ea3c39e034163e7e16640f7c4dabc_1-300x300.jpg\" alt=\"\" width=\"300\" height=\"300\" srcset=\"https:\/\/intimusdream.com\/wp-content\/uploads\/2025\/07\/img_97140_695ea3c39e034163e7e16640f7c4dabc_1-300x300.jpg 300w, https:\/\/intimusdream.com\/wp-content\/uploads\/2025\/07\/img_97140_695ea3c39e034163e7e16640f7c4dabc_1-150x150.jpg 150w, https:\/\/intimusdream.com\/wp-content\/uploads\/2025\/07\/img_97140_695ea3c39e034163e7e16640f7c4dabc_1-100x100.jpg 100w, https:\/\/intimusdream.com\/wp-content\/uploads\/2025\/07\/img_97140_695ea3c39e034163e7e16640f7c4dabc_1.jpg 550w\" sizes=\"(max-width: 300px) 100vw, 300px\" \/><\/p>\n","protected":false},"excerpt":{"rendered":"<p>https:\/\/store.dreamlove.es\/productos\/imagenes\/img_66433_ca393a8e7166122f496d4eb40706ceef_1.png|https:\/\/store.dreamlove.es\/productos\/imagenes\/img_97140_695ea3c39e034163e7e16640f7c4dabc_1.jpg|https:\/\/store.dreamlove.es\/productos\/imagenes\/img_66434_8c9b507a9bf0e254060f12a319d75aef_1.png|https:\/\/store.dreamlove.es\/productos\/imagenes\/img_66435_b423c747aed8c7a3295e8c61a7fe0eda_1.png|https:\/\/store.dreamlove.es\/productos\/imagenes\/img_66436_1fa38cc14d4b81ed31a2dfe8bd74d694_1.png|https:\/\/store.dreamlove.es\/productos\/imagenes\/img_66437_6876e1310435858f98375a70e4f4727b_1.png|https:\/\/store.dreamlove.es\/productos\/imagenes\/img_66438_21044f98001e068a7a62415fa0249cc9_1.png|https:\/\/store.dreamlove.es\/productos\/imagenes\/img_66439_5bdacffe1676d35c1f07ba333aa87538_1.png<\/p>\n","protected":false},"featured_media":18329,"comment_status":"open","ping_status":"closed","template":"","meta":{"site-sidebar-layout":"default","site-content-layout":"","ast-site-content-layout":"default","site-content-style":"default","site-sidebar-style":"default","ast-global-header-display":"","ast-banner-title-visibility":"","ast-main-header-display":"","ast-hfb-above-header-display":"","ast-hfb-below-header-display":"","ast-hfb-mobile-header-display":"","site-post-title":"","ast-breadcrumbs-content":"","ast-featured-img":"","footer-sml-layout":"","ast-disable-related-posts":"","theme-transparent-header-meta":"default","adv-header-id-meta":"","stick-header-meta":"","header-above-stick-meta":"","header-main-stick-meta":"","header-below-stick-meta":"","astra-migrate-meta-layouts":"set","ast-page-background-enabled":"default","ast-page-background-meta":{"desktop":{"background-color":"var(--ast-global-color-5)","background-image":"","background-repeat":"repeat","background-position":"center center","background-size":"auto","background-attachment":"scroll","background-type":"","background-media":"","overlay-type":"","overlay-color":"","overlay-opacity":"","overlay-gradient":""},"tablet":{"background-color":"","background-image":"","background-repeat":"repeat","background-position":"center center","background-size":"auto","background-attachment":"scroll","background-type":"","background-media":"","overlay-type":"","overlay-color":"","overlay-opacity":"","overlay-gradient":""},"mobile":{"background-color":"","background-image":"","background-repeat":"repeat","background-position":"center center","background-size":"auto","background-attachment":"scroll","background-type":"","background-media":"","overlay-type":"","overlay-color":"","overlay-opacity":"","overlay-gradient":""}},"ast-content-background-meta":{"desktop":{"background-color":"var(--ast-global-color-4)","background-image":"","background-repeat":"repeat","background-position":"center center","background-size":"auto","background-attachment":"scroll","background-type":"","background-media":"","overlay-type":"","overlay-color":"","overlay-opacity":"","overlay-gradient":""},"tablet":{"background-color":"var(--ast-global-color-4)","background-image":"","background-repeat":"repeat","background-position":"center center","background-size":"auto","background-attachment":"scroll","background-type":"","background-media":"","overlay-type":"","overlay-color":"","overlay-opacity":"","overlay-gradient":""},"mobile":{"background-color":"var(--ast-global-color-4)","background-image":"","background-repeat":"repeat","background-position":"center center","background-size":"auto","background-attachment":"scroll","background-type":"","background-media":"","overlay-type":"","overlay-color":"","overlay-opacity":"","overlay-gradient":""}}},"product_brand":[146],"product_cat":[384],"product_tag":[],"class_list":{"0":"post-18330","1":"product","2":"type-product","3":"status-publish","4":"has-post-thumbnail","6":"product_brand-satisfyer-men","7":"product_cat-brinquedos-sexuais-para-homens-2","8":"desktop-align-left","9":"tablet-align-left","10":"mobile-align-left","12":"first","13":"outofstock","14":"shipping-taxable","15":"purchasable","16":"product-type-simple"},"_links":{"self":[{"href":"https:\/\/intimusdream.com\/index.php\/wp-json\/wp\/v2\/product\/18330","targetHints":{"allow":["GET"]}}],"collection":[{"href":"https:\/\/intimusdream.com\/index.php\/wp-json\/wp\/v2\/product"}],"about":[{"href":"https:\/\/intimusdream.com\/index.php\/wp-json\/wp\/v2\/types\/product"}],"replies":[{"embeddable":true,"href":"https:\/\/intimusdream.com\/index.php\/wp-json\/wp\/v2\/comments?post=18330"}],"wp:featuredmedia":[{"embeddable":true,"href":"https:\/\/intimusdream.com\/index.php\/wp-json\/wp\/v2\/media\/18329"}],"wp:attachment":[{"href":"https:\/\/intimusdream.com\/index.php\/wp-json\/wp\/v2\/media?parent=18330"}],"wp:term":[{"taxonomy":"product_brand","embeddable":true,"href":"https:\/\/intimusdream.com\/index.php\/wp-json\/wp\/v2\/product_brand?post=18330"},{"taxonomy":"product_cat","embeddable":true,"href":"https:\/\/intimusdream.com\/index.php\/wp-json\/wp\/v2\/product_cat?post=18330"},{"taxonomy":"product_tag","embeddable":true,"href":"https:\/\/intimusdream.com\/index.php\/wp-json\/wp\/v2\/product_tag?post=18330"}],"curies":[{"name":"wp","href":"https:\/\/api.w.org\/{rel}","templated":true}]}}