{"id":18344,"date":"2025-07-15T20:06:25","date_gmt":"2025-07-15T20:06:25","guid":{"rendered":"https:\/\/intimusdream.com\/index.php\/produto\/shunga-creme-aumentador-de-erecao-de-dragao\/"},"modified":"2026-01-09T15:14:33","modified_gmt":"2026-01-09T15:14:33","slug":"shunga-creme-aumentador-de-erecao-de-dragao","status":"publish","type":"product","link":"https:\/\/intimusdream.com\/index.php\/produto\/shunga-creme-aumentador-de-erecao-de-dragao\/","title":{"rendered":"SHUNGA &#8211; CREME AUMENTADOR DE ERE\u00c7\u00c3O DE DRAG\u00c3O"},"content":{"rendered":"<p>Para dar ao seu parceiro todo o poder e ao mesmo tempo aumentar o seu prazer, Shunga prop&ocirc;s o creme de virilidade Dragon, especialmente formulado para homens.<\/p>\n<p>Sua f&oacute;rmula exclusiva, &agrave; base de plantas e extratos naturais, <strong>ajuda o homem,<\/strong> desde a primeira aplica&ccedil;&atilde;o, <strong>a trazer &agrave; tona toda a for&ccedil;a e energia do &oacute;rg&atilde;o masculino<\/strong> .<\/p>\n<p>Ideal para manter o controle das suas capacidades sexuais, &eacute; aplicado antes da rela&ccedil;&atilde;o sexual, massageando todo o membro, fazendo efeito em poucos minutos.<\/p>\n<p>Tamb&eacute;m permite intensificar a sensibilidade da sua parceira durante o contato para lev&aacute;-la mais facilmente a orgasmos intensos e m&uacute;ltiplos.<\/p>\n<p>Efeito <em>fogo-gelo<\/em> duradouro para desempenho ideal, Compat&iacute;vel com l&aacute;tex, Textura lubrificante<\/p>\n<ul>\n<li>Aroma e sabor de morango com menta.<\/li>\n<\/ul>\n<p>Recipiente de 60 ml.<\/p>\n<p>Sensa&ccedil;&otilde;es er&oacute;ticas inesquec&iacute;veis.<\/p>\n<p>Shunga &eacute; l&iacute;der mundial em cosm&eacute;tica er&oacute;tica, seus ingredientes naturais fundidos com princ&iacute;pios ativos alcan&ccedil;am &oacute;timos resultados.<\/p>\n<p>Entrar no mundo er&oacute;tico de Shunga &eacute; como viajar ao passado. Traduzido literalmente, Shunga significa ?imagem da primavera?, uma forma delicada de dizer ?rela&ccedil;&otilde;es sexuais? entre pessoas.<\/p>\n<p>Essa palavra era usada para designar as pinturas er&oacute;ticas japonesas dos s&eacute;culos XVI, XVII e XVIII, tipo denominado ukiyo-e, que nada mais eram do que trabalhos em madeira ou pergaminho com cenas sensuais e epis&oacute;dios de amor carnal, sempre feitos com muito cuidado. e bom gosto.<\/p>\n<p>A arte Shunga, embora escondida durante s&eacute;culos, marcou o in&iacute;cio da ind&uacute;stria pornogr&aacute;fica para a classe m&eacute;dia japonesa e serviu durante gera&ccedil;&otilde;es como educa&ccedil;&atilde;o para filhos e filhas de muitas fam&iacute;lias.<\/p>\n<p><img decoding=\"async\" alt=\"\" src=\"https:\/\/store.dreamlove.es\/UserFiles\/image\/banderas.png\" style=\"width: 121px; height: 35px;\" \/><\/p>\n<p style=\"text-align: center;\"><iframe allowfullscreen=\"\" frameborder=\"0\" height=\"300\" scrolling=\"no\" src=\"https:\/\/www.youtube.com\/embed\/lLzAv6urW-Y?rel=0&amp;controls=0&amp;showinfo=0\" width=\"800\"><\/iframe><\/p>\n","protected":false},"excerpt":{"rendered":"<p>https:\/\/store.dreamlove.es\/productos\/imagenes\/img_93618_1922916701191234cf724628d78fd3d6_1.jpg|https:\/\/store.dreamlove.es\/productos\/imagenes\/img_93617_98a53ca991ae589633e8179a7a24bc77_1.jpg|https:\/\/store.dreamlove.es\/productos\/imagenes\/img_93619_9caa9a3b12ab109c1662c9f7d5f269b8_1.jpg<\/p>\n","protected":false},"featured_media":18343,"comment_status":"open","ping_status":"closed","template":"","meta":{"site-sidebar-layout":"default","site-content-layout":"","ast-site-content-layout":"","site-content-style":"default","site-sidebar-style":"default","ast-global-header-display":"","ast-banner-title-visibility":"","ast-main-header-display":"","ast-hfb-above-header-display":"","ast-hfb-below-header-display":"","ast-hfb-mobile-header-display":"","site-post-title":"","ast-breadcrumbs-content":"","ast-featured-img":"","footer-sml-layout":"","theme-transparent-header-meta":"","adv-header-id-meta":"","stick-header-meta":"","header-above-stick-meta":"","header-main-stick-meta":"","header-below-stick-meta":"","astra-migrate-meta-layouts":"default","ast-page-background-enabled":"default","ast-page-background-meta":{"desktop":{"background-color":"var(--ast-global-color-5)","background-image":"","background-repeat":"repeat","background-position":"center center","background-size":"auto","background-attachment":"scroll","background-type":"","background-media":"","overlay-type":"","overlay-color":"","overlay-opacity":"","overlay-gradient":""},"tablet":{"background-color":"","background-image":"","background-repeat":"repeat","background-position":"center center","background-size":"auto","background-attachment":"scroll","background-type":"","background-media":"","overlay-type":"","overlay-color":"","overlay-opacity":"","overlay-gradient":""},"mobile":{"background-color":"","background-image":"","background-repeat":"repeat","background-position":"center center","background-size":"auto","background-attachment":"scroll","background-type":"","background-media":"","overlay-type":"","overlay-color":"","overlay-opacity":"","overlay-gradient":""}},"ast-content-background-meta":{"desktop":{"background-color":"var(--ast-global-color-4)","background-image":"","background-repeat":"repeat","background-position":"center center","background-size":"auto","background-attachment":"scroll","background-type":"","background-media":"","overlay-type":"","overlay-color":"","overlay-opacity":"","overlay-gradient":""},"tablet":{"background-color":"var(--ast-global-color-4)","background-image":"","background-repeat":"repeat","background-position":"center center","background-size":"auto","background-attachment":"scroll","background-type":"","background-media":"","overlay-type":"","overlay-color":"","overlay-opacity":"","overlay-gradient":""},"mobile":{"background-color":"var(--ast-global-color-4)","background-image":"","background-repeat":"repeat","background-position":"center center","background-size":"auto","background-attachment":"scroll","background-type":"","background-media":"","overlay-type":"","overlay-color":"","overlay-opacity":"","overlay-gradient":""}}},"product_brand":[153],"product_cat":[345,357,419],"product_tag":[],"class_list":{"0":"post-18344","1":"product","2":"type-product","3":"status-publish","4":"has-post-thumbnail","6":"product_brand-shunga-aphrodisiacs","7":"product_cat-drogaria","8":"product_cat-estimulantes-para-meninos","9":"product_cat-outlet","10":"desktop-align-left","11":"tablet-align-left","12":"mobile-align-left","14":"first","15":"instock","16":"shipping-taxable","17":"purchasable","18":"product-type-simple"},"_links":{"self":[{"href":"https:\/\/intimusdream.com\/index.php\/wp-json\/wp\/v2\/product\/18344","targetHints":{"allow":["GET"]}}],"collection":[{"href":"https:\/\/intimusdream.com\/index.php\/wp-json\/wp\/v2\/product"}],"about":[{"href":"https:\/\/intimusdream.com\/index.php\/wp-json\/wp\/v2\/types\/product"}],"replies":[{"embeddable":true,"href":"https:\/\/intimusdream.com\/index.php\/wp-json\/wp\/v2\/comments?post=18344"}],"wp:featuredmedia":[{"embeddable":true,"href":"https:\/\/intimusdream.com\/index.php\/wp-json\/wp\/v2\/media\/18343"}],"wp:attachment":[{"href":"https:\/\/intimusdream.com\/index.php\/wp-json\/wp\/v2\/media?parent=18344"}],"wp:term":[{"taxonomy":"product_brand","embeddable":true,"href":"https:\/\/intimusdream.com\/index.php\/wp-json\/wp\/v2\/product_brand?post=18344"},{"taxonomy":"product_cat","embeddable":true,"href":"https:\/\/intimusdream.com\/index.php\/wp-json\/wp\/v2\/product_cat?post=18344"},{"taxonomy":"product_tag","embeddable":true,"href":"https:\/\/intimusdream.com\/index.php\/wp-json\/wp\/v2\/product_tag?post=18344"}],"curies":[{"name":"wp","href":"https:\/\/api.w.org\/{rel}","templated":true}]}}