{"id":18358,"date":"2025-07-15T20:06:29","date_gmt":"2025-07-15T20:06:29","guid":{"rendered":"https:\/\/intimusdream.com\/index.php\/produto\/shunga-creme-de-orgasmo-feminino-intenso-jardim-secreto\/"},"modified":"2026-01-09T15:08:48","modified_gmt":"2026-01-09T15:08:48","slug":"shunga-creme-de-orgasmo-feminino-intenso-jardim-secreto","status":"publish","type":"product","link":"https:\/\/intimusdream.com\/index.php\/produto\/shunga-creme-de-orgasmo-feminino-intenso-jardim-secreto\/","title":{"rendered":"SHUNGA &#8211; CREME DE ORGASMO FEMININO INTENSO JARDIM SECRETO"},"content":{"rendered":"<p>\u00c9 um creme especialmente desenvolvido para aumentar a sensibilidade do clit\u00f3ris na mulher, tamb\u00e9m pode ser aplicado na regi\u00e3o interna da vagina e produz efeito afrodis\u00edaco.<\/p>\n<p>Ao aplic\u00e1-lo suavemente no clit\u00f3ris com uma massagem suave, voc\u00ea notar\u00e1 uma sensa\u00e7\u00e3o de <strong>frio e calor<\/strong> que significa que o produto est\u00e1 funcionando de forma eficaz.<\/p>\n<ul>\n<li>Com este produto voc\u00ea descobrir\u00e1 novas sensa\u00e7\u00f5es que o levar\u00e3o ao paroxismo do orgasmo.<\/li>\n<li>Como cada mulher tem uma sensibilidade diferente, voc\u00ea pode aplic\u00e1-lo repetidamente at\u00e9 obter o local perfeito e a sensa\u00e7\u00e3o mais agrad\u00e1vel.<\/li>\n<\/ul>\n<p>Muito divertido para o jogo de sexo oral do casal, j\u00e1 que o contraste de temperaturas e sensa\u00e7\u00f5es \u00e9 um complemento completo da cosm\u00e9tica er\u00f3tica.<\/p>\n<p>Agora chega a hora das mulheres serem donas do seu prazer!<\/p>\n<ul>\n<li>Quantidade 30ml.<\/li>\n<\/ul>\n<p>Shunga \u00e9 l\u00edder mundial em cosm\u00e9tica er\u00f3tica, seus ingredientes naturais fundidos com princ\u00edpios ativos alcan\u00e7am \u00f3timos resultados.<\/p>\n<p>Entrar no mundo er\u00f3tico de Shunga \u00e9 como viajar ao passado. Traduzido literalmente, Shunga significa ?imagem da primavera?, uma forma delicada de dizer ?rela\u00e7\u00f5es sexuais? entre pessoas.<\/p>\n<p>Essa palavra era usada para designar as pinturas er\u00f3ticas japonesas dos s\u00e9culos XVI, XVII e XVIII, tipo denominado ukiyo-e, que nada mais eram do que trabalhos em madeira ou pergaminho com cenas sensuais e epis\u00f3dios de amor carnal, sempre feitos com muito cuidado. e bom gosto.<\/p>\n<p>A arte Shunga, embora escondida durante s\u00e9culos, marcou o in\u00edcio da ind\u00fastria pornogr\u00e1fica para a classe m\u00e9dia japonesa e serviu durante gera\u00e7\u00f5es como educa\u00e7\u00e3o para filhos e filhas de muitas fam\u00edlias.<\/p>\n<p><img decoding=\"async\" style=\"width: 121px; height: 35px;\" src=\"https:\/\/store.dreamlove.es\/UserFiles\/image\/banderas.png\" alt=\"\" \/><\/p>\n<p style=\"text-align: center;\"><iframe src=\"https:\/\/www.youtube.com\/embed\/qnkN2eyfNB0?rel=0&amp;controls=0&amp;showinfo=0\" width=\"800\" height=\"300\" frameborder=\"0\" scrolling=\"no\" allowfullscreen=\"allowfullscreen\"><\/iframe><\/p>\n","protected":false},"excerpt":{"rendered":"<p>https:\/\/store.dreamlove.es\/productos\/imagenes\/img_93621_d47af786535db44d6b075981cb5d6da8_1.jpg|https:\/\/store.dreamlove.es\/productos\/imagenes\/img_1405_ed965aeb593cc8d726fd934d4f5b64da_1.jpg|https:\/\/store.dreamlove.es\/productos\/imagenes\/img_93620_c008b37e408675f6ab730d21fa168af2_1.jpg<\/p>\n","protected":false},"featured_media":18357,"comment_status":"open","ping_status":"closed","template":"","meta":{"site-sidebar-layout":"default","site-content-layout":"","ast-site-content-layout":"default","site-content-style":"default","site-sidebar-style":"default","ast-global-header-display":"","ast-banner-title-visibility":"","ast-main-header-display":"","ast-hfb-above-header-display":"","ast-hfb-below-header-display":"","ast-hfb-mobile-header-display":"","site-post-title":"","ast-breadcrumbs-content":"","ast-featured-img":"","footer-sml-layout":"","theme-transparent-header-meta":"default","adv-header-id-meta":"","stick-header-meta":"","header-above-stick-meta":"","header-main-stick-meta":"","header-below-stick-meta":"","astra-migrate-meta-layouts":"set","ast-page-background-enabled":"default","ast-page-background-meta":{"desktop":{"background-color":"var(--ast-global-color-5)","background-image":"","background-repeat":"repeat","background-position":"center center","background-size":"auto","background-attachment":"scroll","background-type":"","background-media":"","overlay-type":"","overlay-color":"","overlay-opacity":"","overlay-gradient":""},"tablet":{"background-color":"","background-image":"","background-repeat":"repeat","background-position":"center center","background-size":"auto","background-attachment":"scroll","background-type":"","background-media":"","overlay-type":"","overlay-color":"","overlay-opacity":"","overlay-gradient":""},"mobile":{"background-color":"","background-image":"","background-repeat":"repeat","background-position":"center center","background-size":"auto","background-attachment":"scroll","background-type":"","background-media":"","overlay-type":"","overlay-color":"","overlay-opacity":"","overlay-gradient":""}},"ast-content-background-meta":{"desktop":{"background-color":"var(--ast-global-color-4)","background-image":"","background-repeat":"repeat","background-position":"center center","background-size":"auto","background-attachment":"scroll","background-type":"","background-media":"","overlay-type":"","overlay-color":"","overlay-opacity":"","overlay-gradient":""},"tablet":{"background-color":"var(--ast-global-color-4)","background-image":"","background-repeat":"repeat","background-position":"center center","background-size":"auto","background-attachment":"scroll","background-type":"","background-media":"","overlay-type":"","overlay-color":"","overlay-opacity":"","overlay-gradient":""},"mobile":{"background-color":"var(--ast-global-color-4)","background-image":"","background-repeat":"repeat","background-position":"center center","background-size":"auto","background-attachment":"scroll","background-type":"","background-media":"","overlay-type":"","overlay-color":"","overlay-opacity":"","overlay-gradient":""}}},"product_brand":[153],"product_cat":[345,354,419],"product_tag":[],"class_list":{"0":"post-18358","1":"product","2":"type-product","3":"status-publish","4":"has-post-thumbnail","6":"product_brand-shunga-aphrodisiacs","7":"product_cat-drogaria","8":"product_cat-estimulantes-para-mulheres","9":"product_cat-outlet","10":"desktop-align-left","11":"tablet-align-left","12":"mobile-align-left","14":"first","15":"instock","16":"shipping-taxable","17":"purchasable","18":"product-type-simple"},"_links":{"self":[{"href":"https:\/\/intimusdream.com\/index.php\/wp-json\/wp\/v2\/product\/18358","targetHints":{"allow":["GET"]}}],"collection":[{"href":"https:\/\/intimusdream.com\/index.php\/wp-json\/wp\/v2\/product"}],"about":[{"href":"https:\/\/intimusdream.com\/index.php\/wp-json\/wp\/v2\/types\/product"}],"replies":[{"embeddable":true,"href":"https:\/\/intimusdream.com\/index.php\/wp-json\/wp\/v2\/comments?post=18358"}],"wp:featuredmedia":[{"embeddable":true,"href":"https:\/\/intimusdream.com\/index.php\/wp-json\/wp\/v2\/media\/18357"}],"wp:attachment":[{"href":"https:\/\/intimusdream.com\/index.php\/wp-json\/wp\/v2\/media?parent=18358"}],"wp:term":[{"taxonomy":"product_brand","embeddable":true,"href":"https:\/\/intimusdream.com\/index.php\/wp-json\/wp\/v2\/product_brand?post=18358"},{"taxonomy":"product_cat","embeddable":true,"href":"https:\/\/intimusdream.com\/index.php\/wp-json\/wp\/v2\/product_cat?post=18358"},{"taxonomy":"product_tag","embeddable":true,"href":"https:\/\/intimusdream.com\/index.php\/wp-json\/wp\/v2\/product_tag?post=18358"}],"curies":[{"name":"wp","href":"https:\/\/api.w.org\/{rel}","templated":true}]}}