{"id":18370,"date":"2025-07-15T20:06:33","date_gmt":"2025-07-15T20:06:33","guid":{"rendered":"https:\/\/intimusdream.com\/index.php\/produto\/shunga-edo-kit-jardim-colecao-organica\/"},"modified":"2026-01-09T15:15:13","modified_gmt":"2026-01-09T15:15:13","slug":"shunga-edo-kit-jardim-colecao-organica","status":"publish","type":"product","link":"https:\/\/intimusdream.com\/index.php\/produto\/shunga-edo-kit-jardim-colecao-organica\/","title":{"rendered":"SHUNGA &#8211; EDO KIT JARDIM COLE\u00c7\u00c3O ORG\u00c2NICA"},"content":{"rendered":"<p>Ideal para escapadelas rom&acirc;nticas, este conjunto de pequeno formato cont&eacute;m todos os segredos para despertar os seus momentos de sensualidade. &Eacute; um &oacute;timo presente ou uma &oacute;tima maneira de experimentar os produtos Shunga. Todos os produtos &quot; <strong>Edo Garden<\/strong> &quot; cont&ecirc;m mat&eacute;rias-primas org&acirc;nicas cuidadosamente selecionadas e certificadas.<\/p>\n<p>&nbsp;<\/p>\n<p><u><strong>CONT&Eacute;M:<\/strong><\/u><\/p>\n<ul>\n<li>&Oacute;leo de massagem &#8211; 250 ml<\/li>\n<li>&Oacute;leo de Beijos &Iacute;ntimos Afrodisisches &#8211; 100 ml<\/li>\n<li>TOKO Organica Gleitcreme -165 ml<\/li>\n<li>&Oacute;leo Sensibilizante Lotos Noir &#8211; 60 ml,<\/li>\n<li>Mini vela de massagem &#8211; 30 ml<\/li>\n<\/ul>\n<p>&nbsp;<\/p>\n<p><strong>Shunga<\/strong> &eacute; l&iacute;der mundial em cosm&eacute;tica er&oacute;tica, seus ingredientes naturais fundidos com princ&iacute;pios ativos alcan&ccedil;am &oacute;timos resultados. Entrar no mundo er&oacute;tico de <strong>Shunga<\/strong> &eacute; como viajar ao passado. Traduzido literalmente, <strong>Shunga<\/strong> significa &ldquo;imagem da primavera&rdquo;, uma forma delicada de dizer &ldquo;rela&ccedil;&otilde;es sexuais&rdquo; entre pessoas. Essa palavra era usada para designar as pinturas er&oacute;ticas japonesas dos s&eacute;culos XVI, XVII e XVIII, tipo denominado ukiyo-e, que nada mais eram do que trabalhos em madeira ou pergaminho com cenas sensuais e epis&oacute;dios de amor carnal, sempre feitos com muito cuidado. e bom gosto. A arte <strong>Shunga<\/strong> , embora escondida durante s&eacute;culos, marcou o in&iacute;cio da ind&uacute;stria pornogr&aacute;fica para a classe m&eacute;dia japonesa e serviu durante gera&ccedil;&otilde;es como educa&ccedil;&atilde;o para filhos e filhas de muitas fam&iacute;lias.<\/p>\n<p><img decoding=\"async\" alt=\"\" src=\"https:\/\/store.dreamlove.es\/UserFiles\/image\/banderas.png\" style=\"width: 121px; height: 35px;\" \/><\/p>\n","protected":false},"excerpt":{"rendered":"<p>https:\/\/store.dreamlove.es\/productos\/imagenes\/img_163082_730ad248bf6458c08e0c4177449b70d8_1.jpg|https:\/\/store.dreamlove.es\/productos\/imagenes\/img_163080_8ac01439b4d4d39fc14a2d6a8a5b5d61_1.jpg|https:\/\/store.dreamlove.es\/productos\/imagenes\/img_163079_2a46751a1a5e9d508397a430bd24797a_1.jpg|https:\/\/store.dreamlove.es\/productos\/imagenes\/img_163081_66972758045861ae32105894d55d2e1f_1.jpg|https:\/\/store.dreamlove.es\/productos\/imagenes\/img_163083_91450e2252004807ab1899abff610393_1.jpg|https:\/\/store.dreamlove.es\/productos\/imagenes\/img_163084_577e65180e83b03671f4909802e713ff_1.jpg|https:\/\/store.dreamlove.es\/productos\/imagenes\/img_163085_2f13aad63931be653f1d491a6e3d6f67_1.jpg|https:\/\/store.dreamlove.es\/productos\/imagenes\/img_163086_0e48bf271bdc766df8f25f3d62919cef_1.jpg<\/p>\n","protected":false},"featured_media":18369,"comment_status":"open","ping_status":"closed","template":"","meta":{"site-sidebar-layout":"default","site-content-layout":"","ast-site-content-layout":"","site-content-style":"default","site-sidebar-style":"default","ast-global-header-display":"","ast-banner-title-visibility":"","ast-main-header-display":"","ast-hfb-above-header-display":"","ast-hfb-below-header-display":"","ast-hfb-mobile-header-display":"","site-post-title":"","ast-breadcrumbs-content":"","ast-featured-img":"","footer-sml-layout":"","theme-transparent-header-meta":"","adv-header-id-meta":"","stick-header-meta":"","header-above-stick-meta":"","header-main-stick-meta":"","header-below-stick-meta":"","astra-migrate-meta-layouts":"default","ast-page-background-enabled":"default","ast-page-background-meta":{"desktop":{"background-color":"var(--ast-global-color-5)","background-image":"","background-repeat":"repeat","background-position":"center center","background-size":"auto","background-attachment":"scroll","background-type":"","background-media":"","overlay-type":"","overlay-color":"","overlay-opacity":"","overlay-gradient":""},"tablet":{"background-color":"","background-image":"","background-repeat":"repeat","background-position":"center center","background-size":"auto","background-attachment":"scroll","background-type":"","background-media":"","overlay-type":"","overlay-color":"","overlay-opacity":"","overlay-gradient":""},"mobile":{"background-color":"","background-image":"","background-repeat":"repeat","background-position":"center center","background-size":"auto","background-attachment":"scroll","background-type":"","background-media":"","overlay-type":"","overlay-color":"","overlay-opacity":"","overlay-gradient":""}},"ast-content-background-meta":{"desktop":{"background-color":"var(--ast-global-color-4)","background-image":"","background-repeat":"repeat","background-position":"center center","background-size":"auto","background-attachment":"scroll","background-type":"","background-media":"","overlay-type":"","overlay-color":"","overlay-opacity":"","overlay-gradient":""},"tablet":{"background-color":"var(--ast-global-color-4)","background-image":"","background-repeat":"repeat","background-position":"center center","background-size":"auto","background-attachment":"scroll","background-type":"","background-media":"","overlay-type":"","overlay-color":"","overlay-opacity":"","overlay-gradient":""},"mobile":{"background-color":"var(--ast-global-color-4)","background-image":"","background-repeat":"repeat","background-position":"center center","background-size":"auto","background-attachment":"scroll","background-type":"","background-media":"","overlay-type":"","overlay-color":"","overlay-opacity":"","overlay-gradient":""}}},"product_brand":[155],"product_cat":[345,419,355],"product_tag":[],"class_list":{"0":"post-18370","1":"product","2":"type-product","3":"status-publish","4":"has-post-thumbnail","6":"product_brand-shunga-kits","7":"product_cat-drogaria","8":"product_cat-outlet","9":"product_cat-para-massagens","10":"desktop-align-left","11":"tablet-align-left","12":"mobile-align-left","14":"first","15":"instock","16":"shipping-taxable","17":"purchasable","18":"product-type-simple"},"_links":{"self":[{"href":"https:\/\/intimusdream.com\/index.php\/wp-json\/wp\/v2\/product\/18370","targetHints":{"allow":["GET"]}}],"collection":[{"href":"https:\/\/intimusdream.com\/index.php\/wp-json\/wp\/v2\/product"}],"about":[{"href":"https:\/\/intimusdream.com\/index.php\/wp-json\/wp\/v2\/types\/product"}],"replies":[{"embeddable":true,"href":"https:\/\/intimusdream.com\/index.php\/wp-json\/wp\/v2\/comments?post=18370"}],"wp:featuredmedia":[{"embeddable":true,"href":"https:\/\/intimusdream.com\/index.php\/wp-json\/wp\/v2\/media\/18369"}],"wp:attachment":[{"href":"https:\/\/intimusdream.com\/index.php\/wp-json\/wp\/v2\/media?parent=18370"}],"wp:term":[{"taxonomy":"product_brand","embeddable":true,"href":"https:\/\/intimusdream.com\/index.php\/wp-json\/wp\/v2\/product_brand?post=18370"},{"taxonomy":"product_cat","embeddable":true,"href":"https:\/\/intimusdream.com\/index.php\/wp-json\/wp\/v2\/product_cat?post=18370"},{"taxonomy":"product_tag","embeddable":true,"href":"https:\/\/intimusdream.com\/index.php\/wp-json\/wp\/v2\/product_tag?post=18370"}],"curies":[{"name":"wp","href":"https:\/\/api.w.org\/{rel}","templated":true}]}}