{"id":18372,"date":"2025-07-15T20:06:34","date_gmt":"2025-07-15T20:06:34","guid":{"rendered":"https:\/\/intimusdream.com\/index.php\/produto\/shunga-exibicao-de-6-massageadores-intimos-fucsia\/"},"modified":"2026-01-09T15:13:17","modified_gmt":"2026-01-09T15:13:17","slug":"shunga-exibicao-de-6-massageadores-intimos-fucsia","status":"publish","type":"product","link":"https:\/\/intimusdream.com\/index.php\/produto\/shunga-exibicao-de-6-massageadores-intimos-fucsia\/","title":{"rendered":"SHUNGA &#8211; EXIBI\u00c7\u00c3O DE 6 MASSAGEADORES \u00cdNTIMOS F\u00daCSIA"},"content":{"rendered":"<p>O <strong>display do massageador &iacute;ntimo Shunga<\/strong> ser&aacute; o melhor amigo do varejista.<\/p>\n<p>Seu design foi feito para mostrar a textura &uacute;nica associada a cada um dos seis massageadores &iacute;ntimos Shunga. Cada produto pode ser manipulado e ativado para oferecer aos seus clientes a experi&ecirc;ncia <strong>Shunga<\/strong> completa. Sua apar&ecirc;ncia delicada, por&eacute;m sofisticada, melhorar&aacute; o processo de compra e eventualmente se converter&aacute; em vendas. A ferramenta de vendas perfeita!<\/p>\n<p>&nbsp;<\/p>\n<p><u><strong>CARACTER&Iacute;STICAS<\/strong><\/u> :<\/p>\n<ul>\n<li>6 massageadores &iacute;ntimos,<\/li>\n<li>Cor f&uacute;csia<\/li>\n<li>Cabos de carregamento USB<\/li>\n<li>Mecanismo anti-roubo refor&ccedil;ado por cabo de a&ccedil;o retr&aacute;til<\/li>\n<li>Design compacto para maximizar o espa&ccedil;o nas prateleiras<\/li>\n<li>Largura 35,5 cm \/\/ Profundidade 19,0 cm \/\/ Altura 28,2 cm<\/li>\n<\/ul>\n<p>&nbsp;<\/p>\n<p><strong>Shunga<\/strong> &eacute; l&iacute;der mundial em cosm&eacute;tica er&oacute;tica, seus ingredientes naturais fundidos com princ&iacute;pios ativos alcan&ccedil;am &oacute;timos resultados. Entrar no mundo er&oacute;tico de <strong>Shunga<\/strong> &eacute; como viajar ao passado. Traduzido literalmente, <strong>Shunga<\/strong> significa &ldquo;imagem da primavera&rdquo;, uma forma delicada de dizer &ldquo;rela&ccedil;&otilde;es sexuais&rdquo; entre pessoas. Essa palavra era usada para designar as pinturas er&oacute;ticas japonesas dos s&eacute;culos XVI, XVII e XVIII, tipo denominado ukiyo-e, que nada mais eram do que trabalhos em madeira ou pergaminho com cenas sensuais e epis&oacute;dios de amor carnal, sempre feitos com muito cuidado. e bom gosto. A arte <strong>Shunga<\/strong> , embora escondida durante s&eacute;culos, marcou o in&iacute;cio da ind&uacute;stria pornogr&aacute;fica para a classe m&eacute;dia japonesa e serviu durante gera&ccedil;&otilde;es como educa&ccedil;&atilde;o para filhos e filhas de muitas fam&iacute;lias.<\/p>\n<p>&nbsp;<\/p>\n","protected":false},"excerpt":{"rendered":"<p>https:\/\/store.dreamlove.es\/productos\/imagenes\/img_162960_e73e43f30385d8f33fc463bf0384d2a9_1.jpg|https:\/\/store.dreamlove.es\/productos\/imagenes\/img_162959_da2d5fa2c78e2ce59ab9bf4008c5b5c0_1.jpg<\/p>\n","protected":false},"featured_media":18371,"comment_status":"open","ping_status":"closed","template":"","meta":{"site-sidebar-layout":"default","site-content-layout":"","ast-site-content-layout":"","site-content-style":"default","site-sidebar-style":"default","ast-global-header-display":"","ast-banner-title-visibility":"","ast-main-header-display":"","ast-hfb-above-header-display":"","ast-hfb-below-header-display":"","ast-hfb-mobile-header-display":"","site-post-title":"","ast-breadcrumbs-content":"","ast-featured-img":"","footer-sml-layout":"","theme-transparent-header-meta":"","adv-header-id-meta":"","stick-header-meta":"","header-above-stick-meta":"","header-main-stick-meta":"","header-below-stick-meta":"","astra-migrate-meta-layouts":"default","ast-page-background-enabled":"default","ast-page-background-meta":{"desktop":{"background-color":"var(--ast-global-color-5)","background-image":"","background-repeat":"repeat","background-position":"center center","background-size":"auto","background-attachment":"scroll","background-type":"","background-media":"","overlay-type":"","overlay-color":"","overlay-opacity":"","overlay-gradient":""},"tablet":{"background-color":"","background-image":"","background-repeat":"repeat","background-position":"center center","background-size":"auto","background-attachment":"scroll","background-type":"","background-media":"","overlay-type":"","overlay-color":"","overlay-opacity":"","overlay-gradient":""},"mobile":{"background-color":"","background-image":"","background-repeat":"repeat","background-position":"center center","background-size":"auto","background-attachment":"scroll","background-type":"","background-media":"","overlay-type":"","overlay-color":"","overlay-opacity":"","overlay-gradient":""}},"ast-content-background-meta":{"desktop":{"background-color":"var(--ast-global-color-4)","background-image":"","background-repeat":"repeat","background-position":"center center","background-size":"auto","background-attachment":"scroll","background-type":"","background-media":"","overlay-type":"","overlay-color":"","overlay-opacity":"","overlay-gradient":""},"tablet":{"background-color":"var(--ast-global-color-4)","background-image":"","background-repeat":"repeat","background-position":"center center","background-size":"auto","background-attachment":"scroll","background-type":"","background-media":"","overlay-type":"","overlay-color":"","overlay-opacity":"","overlay-gradient":""},"mobile":{"background-color":"var(--ast-global-color-4)","background-image":"","background-repeat":"repeat","background-position":"center center","background-size":"auto","background-attachment":"scroll","background-type":"","background-media":"","overlay-type":"","overlay-color":"","overlay-opacity":"","overlay-gradient":""}}},"product_brand":[156],"product_cat":[385],"product_tag":[],"class_list":{"0":"post-18372","1":"product","2":"type-product","3":"status-publish","4":"has-post-thumbnail","6":"product_brand-shunga-toys","7":"product_cat-brinquedos-para-mulheres-2","8":"desktop-align-left","9":"tablet-align-left","10":"mobile-align-left","12":"first","13":"instock","14":"shipping-taxable","15":"purchasable","16":"product-type-simple"},"_links":{"self":[{"href":"https:\/\/intimusdream.com\/index.php\/wp-json\/wp\/v2\/product\/18372","targetHints":{"allow":["GET"]}}],"collection":[{"href":"https:\/\/intimusdream.com\/index.php\/wp-json\/wp\/v2\/product"}],"about":[{"href":"https:\/\/intimusdream.com\/index.php\/wp-json\/wp\/v2\/types\/product"}],"replies":[{"embeddable":true,"href":"https:\/\/intimusdream.com\/index.php\/wp-json\/wp\/v2\/comments?post=18372"}],"wp:featuredmedia":[{"embeddable":true,"href":"https:\/\/intimusdream.com\/index.php\/wp-json\/wp\/v2\/media\/18371"}],"wp:attachment":[{"href":"https:\/\/intimusdream.com\/index.php\/wp-json\/wp\/v2\/media?parent=18372"}],"wp:term":[{"taxonomy":"product_brand","embeddable":true,"href":"https:\/\/intimusdream.com\/index.php\/wp-json\/wp\/v2\/product_brand?post=18372"},{"taxonomy":"product_cat","embeddable":true,"href":"https:\/\/intimusdream.com\/index.php\/wp-json\/wp\/v2\/product_cat?post=18372"},{"taxonomy":"product_tag","embeddable":true,"href":"https:\/\/intimusdream.com\/index.php\/wp-json\/wp\/v2\/product_tag?post=18372"}],"curies":[{"name":"wp","href":"https:\/\/api.w.org\/{rel}","templated":true}]}}