{"id":18528,"date":"2025-07-15T20:07:35","date_gmt":"2025-07-15T20:07:35","guid":{"rendered":"https:\/\/intimusdream.com\/index.php\/produto\/shunga-oleo-de-massagem-erotica-seducao-240-ml\/"},"modified":"2026-01-09T15:07:59","modified_gmt":"2026-01-09T15:07:59","slug":"shunga-oleo-de-massagem-erotica-seducao-240-ml","status":"publish","type":"product","link":"https:\/\/intimusdream.com\/index.php\/produto\/shunga-oleo-de-massagem-erotica-seducao-240-ml\/","title":{"rendered":"SHUNGA &#8211; \u00d3LEO DE MASSAGEM ER\u00d3TICA SEDU\u00c7\u00c3O 240 ML"},"content":{"rendered":"<p>&Oacute;leo de massagem sensual de origem ORIENTAL de alta qualidade, composto por uma mistura de &oacute;leos essenciais de am&ecirc;ndoa doce, sementes de uva, gergelim, abacate, ess&ecirc;ncia pura de Ylang-Ylang e Yohime.<\/p>\n<p>Aroma sensual de FLORES DA MEIA-NOITE, estimulando todos os sentidos, especialmente selecionado pela sua suavidade quando espalhado na pele sem deixar sensa&ccedil;&atilde;o oleosa.<\/p>\n<p>Fabricado de acordo com a antiga tradi&ccedil;&atilde;o oriental, com este &oacute;leo de do&ccedil;ura absoluta, voc&ecirc; deslizar&aacute; fantasticamente sobre o corpo do seu amante, produzindo uma sensa&ccedil;&atilde;o AFRODIS&Iacute;ACA.<\/p>\n<p>Testado dermatologicamente, n&atilde;o produz nenhuma rea&ccedil;&atilde;o al&eacute;rgica e &eacute; totalmente inofensivo para a pele.<\/p>\n<ul>\n<li>Recipiente transparente de 240 ml.<\/li>\n<\/ul>\n<p>Shunga &eacute; l&iacute;der mundial em cosm&eacute;ticos er&oacute;ticos, seus ingredientes naturais fundidos com princ&iacute;pios ativos alcan&ccedil;am &oacute;timos resultados.<\/p>\n<p>Entrar no mundo er&oacute;tico de Shunga &eacute; como viajar ao passado. Traduzido literalmente, Shunga significa &ldquo;imagem da primavera&rdquo;, uma forma delicada de dizer &ldquo;rela&ccedil;&otilde;es sexuais&rdquo; entre pessoas.<\/p>\n<p>Essa palavra era usada para designar as pinturas er&oacute;ticas japonesas dos s&eacute;culos XVI, XVII e XVIII, tipo denominado ukiyo-e, que nada mais eram do que trabalhos em madeira ou pergaminho com cenas sensuais e epis&oacute;dios de amor carnal, sempre feitos com muito cuidado. e bom gosto.<\/p>\n<p>A arte Shunga, embora escondida durante s&eacute;culos, marcou o in&iacute;cio da ind&uacute;stria pornogr&aacute;fica para a classe m&eacute;dia japonesa e serviu durante gera&ccedil;&otilde;es como educa&ccedil;&atilde;o para filhos e filhas de muitas fam&iacute;lias.<\/p>\n","protected":false},"excerpt":{"rendered":"<p>https:\/\/store.dreamlove.es\/productos\/imagenes\/img_89191_a10519c3788472b5b17bf875819a7082_1.jpg<\/p>\n","protected":false},"featured_media":18527,"comment_status":"open","ping_status":"closed","template":"","meta":{"site-sidebar-layout":"default","site-content-layout":"","ast-site-content-layout":"","site-content-style":"default","site-sidebar-style":"default","ast-global-header-display":"","ast-banner-title-visibility":"","ast-main-header-display":"","ast-hfb-above-header-display":"","ast-hfb-below-header-display":"","ast-hfb-mobile-header-display":"","site-post-title":"","ast-breadcrumbs-content":"","ast-featured-img":"","footer-sml-layout":"","theme-transparent-header-meta":"","adv-header-id-meta":"","stick-header-meta":"","header-above-stick-meta":"","header-main-stick-meta":"","header-below-stick-meta":"","astra-migrate-meta-layouts":"default","ast-page-background-enabled":"default","ast-page-background-meta":{"desktop":{"background-color":"var(--ast-global-color-5)","background-image":"","background-repeat":"repeat","background-position":"center center","background-size":"auto","background-attachment":"scroll","background-type":"","background-media":"","overlay-type":"","overlay-color":"","overlay-opacity":"","overlay-gradient":""},"tablet":{"background-color":"","background-image":"","background-repeat":"repeat","background-position":"center center","background-size":"auto","background-attachment":"scroll","background-type":"","background-media":"","overlay-type":"","overlay-color":"","overlay-opacity":"","overlay-gradient":""},"mobile":{"background-color":"","background-image":"","background-repeat":"repeat","background-position":"center center","background-size":"auto","background-attachment":"scroll","background-type":"","background-media":"","overlay-type":"","overlay-color":"","overlay-opacity":"","overlay-gradient":""}},"ast-content-background-meta":{"desktop":{"background-color":"var(--ast-global-color-4)","background-image":"","background-repeat":"repeat","background-position":"center center","background-size":"auto","background-attachment":"scroll","background-type":"","background-media":"","overlay-type":"","overlay-color":"","overlay-opacity":"","overlay-gradient":""},"tablet":{"background-color":"var(--ast-global-color-4)","background-image":"","background-repeat":"repeat","background-position":"center center","background-size":"auto","background-attachment":"scroll","background-type":"","background-media":"","overlay-type":"","overlay-color":"","overlay-opacity":"","overlay-gradient":""},"mobile":{"background-color":"var(--ast-global-color-4)","background-image":"","background-repeat":"repeat","background-position":"center center","background-size":"auto","background-attachment":"scroll","background-type":"","background-media":"","overlay-type":"","overlay-color":"","overlay-opacity":"","overlay-gradient":""}}},"product_brand":[151],"product_cat":[345,419,355],"product_tag":[],"class_list":{"0":"post-18528","1":"product","2":"type-product","3":"status-publish","4":"has-post-thumbnail","6":"product_brand-shunga-oils","7":"product_cat-drogaria","8":"product_cat-outlet","9":"product_cat-para-massagens","10":"desktop-align-left","11":"tablet-align-left","12":"mobile-align-left","14":"first","15":"outofstock","16":"shipping-taxable","17":"purchasable","18":"product-type-simple"},"_links":{"self":[{"href":"https:\/\/intimusdream.com\/index.php\/wp-json\/wp\/v2\/product\/18528","targetHints":{"allow":["GET"]}}],"collection":[{"href":"https:\/\/intimusdream.com\/index.php\/wp-json\/wp\/v2\/product"}],"about":[{"href":"https:\/\/intimusdream.com\/index.php\/wp-json\/wp\/v2\/types\/product"}],"replies":[{"embeddable":true,"href":"https:\/\/intimusdream.com\/index.php\/wp-json\/wp\/v2\/comments?post=18528"}],"wp:featuredmedia":[{"embeddable":true,"href":"https:\/\/intimusdream.com\/index.php\/wp-json\/wp\/v2\/media\/18527"}],"wp:attachment":[{"href":"https:\/\/intimusdream.com\/index.php\/wp-json\/wp\/v2\/media?parent=18528"}],"wp:term":[{"taxonomy":"product_brand","embeddable":true,"href":"https:\/\/intimusdream.com\/index.php\/wp-json\/wp\/v2\/product_brand?post=18528"},{"taxonomy":"product_cat","embeddable":true,"href":"https:\/\/intimusdream.com\/index.php\/wp-json\/wp\/v2\/product_cat?post=18528"},{"taxonomy":"product_tag","embeddable":true,"href":"https:\/\/intimusdream.com\/index.php\/wp-json\/wp\/v2\/product_tag?post=18528"}],"curies":[{"name":"wp","href":"https:\/\/api.w.org\/{rel}","templated":true}]}}