{"id":18586,"date":"2025-07-15T20:07:54","date_gmt":"2025-07-15T20:07:54","guid":{"rendered":"https:\/\/intimusdream.com\/index.php\/produto\/subblime-951733-vestido-de-rede-com-listras-pretas-tamanho-unico\/"},"modified":"2026-01-09T15:21:35","modified_gmt":"2026-01-09T15:21:35","slug":"subblime-951733-vestido-de-rede-com-listras-pretas-tamanho-unico","status":"publish","type":"product","link":"https:\/\/intimusdream.com\/index.php\/produto\/subblime-951733-vestido-de-rede-com-listras-pretas-tamanho-unico\/","title":{"rendered":"SUBBLIME &#8211; 951733 VESTIDO DE REDE COM LISTRAS PRETAS TAMANHO \u00daNICO"},"content":{"rendered":"<p>Usamos o termo <strong>Sublime<\/strong> para nos referirmos \u00e0 beleza extrema, a algo que vai al\u00e9m da racionalidade do observador. \u00c9 por essa raz\u00e3o que ele \u00e9 usado em sentido figurado em pessoas e obras que se destacam das demais em termos de excel\u00eancia, superioridade, beleza e perfei\u00e7\u00e3o.<\/p>\n<p> Subblime \u00e9 uma marca de lingerie criada nos EUA para mulheres que querem se sentir extremamente sexy e irresist\u00edveis com materiais de alta qualidade e m\u00e1ximo conforto.<\/p>\n<\/p>\n<p> <u><strong>CARACTER\u00cdSTICAS<\/strong><\/u> :<\/p>\n<ul>\n<li> Estilo: Body arrast\u00e3o preto com design listrado.<\/li>\n<li> Design: A rede arrast\u00e3o com listras acrescenta um toque de sofistica\u00e7\u00e3o e um padr\u00e3o visual marcante, criando um efeito sensual e moderno.<\/li>\n<li> Material: 88% nylon e 12% elastano, proporcionando elasticidade e conforto.<\/li>\n<li> Tamanho: Tamanho \u00fanico, projetado para se adaptar a diferentes tipos de corpo.<\/li>\n<li> Caracter\u00edsticas: Listras arrast\u00e3o que destacam o design e proporcionam um visual ousado e elegante.<\/li>\n<li> Ideal para: Ocasi\u00f5es especiais e \u00edntimas, oferecendo um estilo sedutor e diferenciado. <\/li>\n<\/ul>\n<table border=\"1\" cellpadding=\"0\" cellspacing=\"0\" height=\"167\" width=\"917\">\n<tbody>\n<tr height=\"23\" style=\"border: 1px solid black;\">\n<td class=\"xl72\" colspan=\"8\" height=\"23\" style=\"text-align: center; border: 1px solid black;\" width=\"832\"> <b>GUIA DE TAMANHOS &#8211;<\/b> <b>QUEEN LINGERIE<\/b> <\/td>\n<\/tr>\n<tr height=\"23\" style=\"border: 1px solid black;\">\n<td class=\"xl73\" colspan=\"2\" height=\"23\" style=\"text-align: center; border: 1px solid black;\"> <strong>TAMANHO<\/strong><\/td>\n<td class=\"xl71\" style=\"text-align: center; border: 1px solid black;\" width=\"104\"> <strong>UE<\/strong><\/td>\n<td class=\"xl71\" style=\"text-align: center; border: 1px solid black;\" width=\"104\"> <strong>EUA<\/strong><\/td>\n<td class=\"xl71\" style=\"text-align: center; border: 1px solid black;\" width=\"104\"> <strong>Reino Unido\/AU\/NZ<\/strong><\/td>\n<td class=\"xl71\" style=\"text-align: center; border: 1px solid black;\" width=\"104\"> <strong>IT\u00c1LIA<\/strong><\/td>\n<td class=\"xl71\" style=\"text-align: center; border: 1px solid black;\" width=\"104\"> <strong>FRAN\u00c7A<\/strong><\/td>\n<td class=\"xl71\" style=\"text-align: center; border: 1px solid black;\" width=\"104\"> <strong>R\u00daSSIA<\/strong> <\/td>\n<\/tr>\n<tr>\n<td class=\"xl74\" colspan=\"2\" height=\"23\" style=\"text-align: center; border: 1px solid black;\" width=\"208\"> <strong>P\/M<\/strong><\/td>\n<td class=\"xl72\" style=\"text-align: center; border: 1px solid black;\" width=\"104\"> 34-38<\/td>\n<td class=\"xl72\" style=\"text-align: center; border: 1px solid black;\" width=\"104\"> 2-8<\/td>\n<td class=\"xl71\" style=\"text-align: center; border: 1px solid black;\" width=\"104\"> 6-10<\/td>\n<td class=\"xl71\" style=\"text-align: center; border: 1px solid black;\" width=\"104\"> 38-44<\/td>\n<td class=\"xl71\" style=\"text-align: center; border: 1px solid black;\" width=\"104\"> 36-38<\/td>\n<td class=\"xl71\" style=\"text-align: center; border: 1px solid black;\" width=\"104\"> 40-46 <\/td>\n<\/tr>\n<tr>\n<td class=\"xl74\" colspan=\"2\" height=\"23\" style=\"text-align: center; border: 1px solid black;\" width=\"208\"> <strong>Tamanho G\/GG<\/strong><\/td>\n<td class=\"xl72\" style=\"text-align: center; border: 1px solid black;\" width=\"104\"> 40-42<\/td>\n<td class=\"xl72\" style=\"text-align: center; border: 1px solid black;\" width=\"104\"> 10-12<\/td>\n<td class=\"xl71\" style=\"text-align: center; border: 1px solid black;\" width=\"104\"> 12-14<\/td>\n<td class=\"xl71\" style=\"text-align: center; border: 1px solid black;\" width=\"104\"> 46-48<\/td>\n<td class=\"xl71\" style=\"text-align: center; border: 1px solid black;\" width=\"104\"> 40-42<\/td>\n<td class=\"xl71\" style=\"text-align: center; border: 1px solid black;\" width=\"104\"> 48-50 <\/td>\n<\/tr>\n<tr height=\"23\" style=\"border: 1px solid black;\">\n<td class=\"xl74\" colspan=\"2\" height=\"23\" style=\"text-align: center; border: 1px solid black;\" width=\"208\"> <b>E\/G<\/b><\/td>\n<td class=\"xl72\" style=\"text-align: center; border: 1px solid black;\" width=\"104\"> 36-40<\/td>\n<td class=\"xl72\" style=\"text-align: center; border: 1px solid black;\" width=\"104\"> 4-8<\/td>\n<td class=\"xl71\" style=\"text-align: center; border: 1px solid black;\" width=\"104\"> 8-12 <\/td>\n<td class=\"xl71\" style=\"text-align: center; border: 1px solid black;\" width=\"104\"><\/td>\n<td class=\"xl71\" style=\"text-align: center; border: 1px solid black;\" width=\"104\"><\/td>\n<td class=\"xl71\" style=\"text-align: center; border: 1px solid black;\" width=\"104\"><\/td>\n<\/tr>\n<tr>\n<td class=\"xl74\" colspan=\"2\" height=\"23\" style=\"text-align: center; border: 1px solid black;\" width=\"208\"> <b>TAMANHO GRANDE<\/b><\/td>\n<td class=\"xl72\" style=\"text-align: center; border: 1px solid black;\" width=\"104\"> 40-46<\/td>\n<td class=\"xl72\" style=\"text-align: center; border: 1px solid black;\" width=\"104\"> 10-14<\/td>\n<td class=\"xl71\" style=\"text-align: center; border: 1px solid black;\" width=\"104\"> 14-18 <\/td>\n<td class=\"xl71\" style=\"text-align: center; border: 1px solid black;\" width=\"104\"><\/td>\n<td class=\"xl71\" style=\"text-align: center; border: 1px solid black;\" width=\"104\"><\/td>\n<td class=\"xl71\" style=\"text-align: center; border: 1px solid black;\" width=\"104\"><\/td>\n<\/tr>\n<\/tbody>\n<\/table>\n<p> Eleg\u00e2ncia e sedu\u00e7\u00e3o elevadas ao seu expoente m\u00e1ximo, simplesmente&#8230; Sublime!<\/p>\n","protected":false},"excerpt":{"rendered":"<p>https:\/\/store.dreamlove.es\/productos\/imagenes\/img_184691_f66a050432bd85e36ea3616190d4bb8e_1.jpg|https:\/\/store.dreamlove.es\/productos\/imagenes\/img_184688_3cfd4b6fd4890cec46dc3f43b8e0838e_1.jpg|https:\/\/store.dreamlove.es\/productos\/imagenes\/img_184685_96d32983afebf0602761fdeac7e6e26b_1.jpg|https:\/\/store.dreamlove.es\/productos\/imagenes\/img_184689_4be4b286fa05b1d7e1671a21a9bab7ea_1.jpg|https:\/\/store.dreamlove.es\/productos\/imagenes\/img_184692_9aa97728c6015c6a39f8d03ab87cb23c_1.jpg|https:\/\/store.dreamlove.es\/productos\/imagenes\/img_184684_83a8b7808e1c750ddc55389c41fe550b_1.jpg|https:\/\/store.dreamlove.es\/productos\/imagenes\/img_184686_a109ec012b8f2735ac9f1e73a30d74af_1.jpg|https:\/\/store.dreamlove.es\/productos\/imagenes\/img_184687_178377432eaf40bd51d27cd5bad24869_1.jpg|https:\/\/store.dreamlove.es\/productos\/imagenes\/img_184690_2cc83f2a65282da2c189d8abd250da81_1.jpg<\/p>\n","protected":false},"featured_media":18585,"comment_status":"open","ping_status":"closed","template":"","meta":{"site-sidebar-layout":"default","site-content-layout":"","ast-site-content-layout":"","site-content-style":"default","site-sidebar-style":"default","ast-global-header-display":"","ast-banner-title-visibility":"","ast-main-header-display":"","ast-hfb-above-header-display":"","ast-hfb-below-header-display":"","ast-hfb-mobile-header-display":"","site-post-title":"","ast-breadcrumbs-content":"","ast-featured-img":"","footer-sml-layout":"","theme-transparent-header-meta":"","adv-header-id-meta":"","stick-header-meta":"","header-above-stick-meta":"","header-main-stick-meta":"","header-below-stick-meta":"","astra-migrate-meta-layouts":"default","ast-page-background-enabled":"default","ast-page-background-meta":{"desktop":{"background-color":"var(--ast-global-color-5)","background-image":"","background-repeat":"repeat","background-position":"center center","background-size":"auto","background-attachment":"scroll","background-type":"","background-media":"","overlay-type":"","overlay-color":"","overlay-opacity":"","overlay-gradient":""},"tablet":{"background-color":"","background-image":"","background-repeat":"repeat","background-position":"center center","background-size":"auto","background-attachment":"scroll","background-type":"","background-media":"","overlay-type":"","overlay-color":"","overlay-opacity":"","overlay-gradient":""},"mobile":{"background-color":"","background-image":"","background-repeat":"repeat","background-position":"center center","background-size":"auto","background-attachment":"scroll","background-type":"","background-media":"","overlay-type":"","overlay-color":"","overlay-opacity":"","overlay-gradient":""}},"ast-content-background-meta":{"desktop":{"background-color":"var(--ast-global-color-4)","background-image":"","background-repeat":"repeat","background-position":"center center","background-size":"auto","background-attachment":"scroll","background-type":"","background-media":"","overlay-type":"","overlay-color":"","overlay-opacity":"","overlay-gradient":""},"tablet":{"background-color":"var(--ast-global-color-4)","background-image":"","background-repeat":"repeat","background-position":"center center","background-size":"auto","background-attachment":"scroll","background-type":"","background-media":"","overlay-type":"","overlay-color":"","overlay-opacity":"","overlay-gradient":""},"mobile":{"background-color":"var(--ast-global-color-4)","background-image":"","background-repeat":"repeat","background-position":"center center","background-size":"auto","background-attachment":"scroll","background-type":"","background-media":"","overlay-type":"","overlay-color":"","overlay-opacity":"","overlay-gradient":""}}},"product_brand":[162],"product_cat":[370,348],"product_tag":[],"class_list":{"0":"post-18586","1":"product","2":"type-product","3":"status-publish","4":"has-post-thumbnail","6":"product_brand-subblime-dresses","7":"product_cat-lingerie-feminina","8":"product_cat-moda-e-lingerie","9":"desktop-align-left","10":"tablet-align-left","11":"mobile-align-left","13":"first","14":"instock","15":"shipping-taxable","16":"purchasable","17":"product-type-simple"},"_links":{"self":[{"href":"https:\/\/intimusdream.com\/index.php\/wp-json\/wp\/v2\/product\/18586","targetHints":{"allow":["GET"]}}],"collection":[{"href":"https:\/\/intimusdream.com\/index.php\/wp-json\/wp\/v2\/product"}],"about":[{"href":"https:\/\/intimusdream.com\/index.php\/wp-json\/wp\/v2\/types\/product"}],"replies":[{"embeddable":true,"href":"https:\/\/intimusdream.com\/index.php\/wp-json\/wp\/v2\/comments?post=18586"}],"wp:featuredmedia":[{"embeddable":true,"href":"https:\/\/intimusdream.com\/index.php\/wp-json\/wp\/v2\/media\/18585"}],"wp:attachment":[{"href":"https:\/\/intimusdream.com\/index.php\/wp-json\/wp\/v2\/media?parent=18586"}],"wp:term":[{"taxonomy":"product_brand","embeddable":true,"href":"https:\/\/intimusdream.com\/index.php\/wp-json\/wp\/v2\/product_brand?post=18586"},{"taxonomy":"product_cat","embeddable":true,"href":"https:\/\/intimusdream.com\/index.php\/wp-json\/wp\/v2\/product_cat?post=18586"},{"taxonomy":"product_tag","embeddable":true,"href":"https:\/\/intimusdream.com\/index.php\/wp-json\/wp\/v2\/product_tag?post=18586"}],"curies":[{"name":"wp","href":"https:\/\/api.w.org\/{rel}","templated":true}]}}