{"id":18734,"date":"2025-07-15T20:08:49","date_gmt":"2025-07-15T20:08:49","guid":{"rendered":"https:\/\/intimusdream.com\/index.php\/produto\/subblime-952471-vestido-rosa-em-rede-tamanho-unico\/"},"modified":"2026-01-09T15:21:56","modified_gmt":"2026-01-09T15:21:56","slug":"subblime-952471-vestido-rosa-em-rede-tamanho-unico","status":"publish","type":"product","link":"https:\/\/intimusdream.com\/index.php\/produto\/subblime-952471-vestido-rosa-em-rede-tamanho-unico\/","title":{"rendered":"SUBBLIME &#8211; 952471 VESTIDO ROSA EM REDE TAMANHO \u00daNICO"},"content":{"rendered":"<p>Usamos o termo <strong>Sublime<\/strong> para nos referirmos \u00e0 beleza extrema, a algo que vai al\u00e9m da racionalidade do observador. Por esse motivo, ele \u00e9 usado em sentido figurado em pessoas e obras que se destacam das demais em termos de excel\u00eancia, superioridade, beleza e perfei\u00e7\u00e3o.<\/p>\n<p> Subblime \u00e9 uma marca de lingerie criada nos EUA para mulheres que querem se sentir extremamente sexy e irresist\u00edveis com materiais de alta qualidade e m\u00e1ximo conforto.<\/p>\n<\/p>\n<p> <u><strong>CARACTER\u00cdSTICAS<\/strong><\/u> :<\/p>\n<ul>\n<li> Cor: Rosa<\/li>\n<li> Design: Cobre os bra\u00e7os completamente at\u00e9 os pulsos, possui abertura na parte superior das costas, o que acrescenta um detalhe atraente, corte curto: chega logo abaixo dos quadris, semelhante a um vestido bem curto e corte justo: adapta-se ao corpo real\u00e7ando a silhueta<\/li>\n<li> Detalhes: padr\u00e3o de linhas verticais que percorrem o comprimento da pe\u00e7a, criando um efeito estilizado<\/li>\n<li> Versatilidade: Ideal para uso em ocasi\u00f5es especiais ou como lingerie<\/li>\n<li> Sem emendas: Oferece um acabamento suave e cont\u00ednuo, sem costuras aparentes<\/li>\n<li> Transparente: Devido ao material de malha, oferece um visual sedutor e revelador <\/li>\n<\/ul>\n<table border=\"1\" cellpadding=\"0\" cellspacing=\"0\" height=\"167\" width=\"917\">\n<tbody>\n<tr height=\"23\" style=\"border: 1px solid black;\">\n<td class=\"xl72\" colspan=\"8\" height=\"23\" style=\"text-align: center; border: 1px solid black;\" width=\"832\"> <b>GUIA DE TALLAS &#8211; RAINHA LINGERIE<\/b> <\/td>\n<\/tr>\n<tr height=\"23\" style=\"border: 1px solid black;\">\n<td class=\"xl73\" colspan=\"2\" height=\"23\" style=\"text-align: center; border: 1px solid black;\"> <strong>T\u00c1LAGA<\/strong><\/td>\n<td class=\"xl71\" style=\"text-align: center; border: 1px solid black;\" width=\"104\"> <strong>UE<\/strong><\/td>\n<td class=\"xl71\" style=\"text-align: center; border: 1px solid black;\" width=\"104\"> <strong>EUA<\/strong><\/td>\n<td class=\"xl71\" style=\"text-align: center; border: 1px solid black;\" width=\"104\"> <strong>Reino Unido\/AU\/NZ<\/strong><\/td>\n<td class=\"xl71\" style=\"text-align: center; border: 1px solid black;\" width=\"104\"> <strong>IT\u00c1LIA<\/strong><\/td>\n<td class=\"xl71\" style=\"text-align: center; border: 1px solid black;\" width=\"104\"> <strong>FRAN\u00c7A<\/strong><\/td>\n<td class=\"xl71\" style=\"text-align: center; border: 1px solid black;\" width=\"104\"> <strong>R\u00daSSIA<\/strong> <\/td>\n<\/tr>\n<tr>\n<td class=\"xl74\" colspan=\"2\" height=\"23\" style=\"text-align: center; border: 1px solid black;\" width=\"208\"> <strong>P\/M<\/strong><\/td>\n<td class=\"xl72\" style=\"text-align: center; border: 1px solid black;\" width=\"104\"> 34-38<\/td>\n<td class=\"xl72\" style=\"text-align: center; border: 1px solid black;\" width=\"104\"> 2-8<\/td>\n<td class=\"xl71\" style=\"text-align: center; border: 1px solid black;\" width=\"104\"> 6-10<\/td>\n<td class=\"xl71\" style=\"text-align: center; border: 1px solid black;\" width=\"104\"> 38-44<\/td>\n<td class=\"xl71\" style=\"text-align: center; border: 1px solid black;\" width=\"104\"> 36-38<\/td>\n<td class=\"xl71\" style=\"text-align: center; border: 1px solid black;\" width=\"104\"> 40-46 <\/td>\n<\/tr>\n<tr>\n<td class=\"xl74\" colspan=\"2\" height=\"23\" style=\"text-align: center; border: 1px solid black;\" width=\"208\"> <strong>Tamanho G\/GG<\/strong><\/td>\n<td class=\"xl72\" style=\"text-align: center; border: 1px solid black;\" width=\"104\"> 40-42<\/td>\n<td class=\"xl72\" style=\"text-align: center; border: 1px solid black;\" width=\"104\"> 10-12<\/td>\n<td class=\"xl71\" style=\"text-align: center; border: 1px solid black;\" width=\"104\"> 12-14<\/td>\n<td class=\"xl71\" style=\"text-align: center; border: 1px solid black;\" width=\"104\"> 46-48<\/td>\n<td class=\"xl71\" style=\"text-align: center; border: 1px solid black;\" width=\"104\"> 40-42<\/td>\n<td class=\"xl71\" style=\"text-align: center; border: 1px solid black;\" width=\"104\"> 48-50 <\/td>\n<\/tr>\n<tr height=\"23\" style=\"border: 1px solid black;\">\n<td class=\"xl74\" colspan=\"2\" height=\"23\" style=\"text-align: center; border: 1px solid black;\" width=\"208\"> <strong>E\/G<\/strong><\/td>\n<td class=\"xl72\" style=\"text-align: center; border: 1px solid black;\" width=\"104\"> 36-40<\/td>\n<td class=\"xl72\" style=\"text-align: center; border: 1px solid black;\" width=\"104\"> 4-8<\/td>\n<td class=\"xl71\" style=\"text-align: center; border: 1px solid black;\" width=\"104\"> 8-12 <\/td>\n<td class=\"xl71\" style=\"text-align: center; border: 1px solid black;\" width=\"104\"><\/td>\n<td class=\"xl71\" style=\"text-align: center; border: 1px solid black;\" width=\"104\"><\/td>\n<td class=\"xl71\" style=\"text-align: center; border: 1px solid black;\" width=\"104\"><\/td>\n<\/tr>\n<tr>\n<td class=\"xl74\" colspan=\"2\" height=\"23\" style=\"text-align: center; border: 1px solid black;\" width=\"208\"> <strong>TALA MAIS<\/strong><\/td>\n<td class=\"xl72\" style=\"text-align: center; border: 1px solid black;\" width=\"104\"> 40-46<\/td>\n<td class=\"xl72\" style=\"text-align: center; border: 1px solid black;\" width=\"104\"> 10-14<\/td>\n<td class=\"xl71\" style=\"text-align: center; border: 1px solid black;\" width=\"104\"> 14-18 <\/td>\n<td class=\"xl71\" style=\"text-align: center; border: 1px solid black;\" width=\"104\"><\/td>\n<td class=\"xl71\" style=\"text-align: center; border: 1px solid black;\" width=\"104\"><\/td>\n<td class=\"xl71\" style=\"text-align: center; border: 1px solid black;\" width=\"104\"><\/td>\n<\/tr>\n<\/tbody>\n<\/table>\n<p> Esta pe\u00e7a foi pensada para real\u00e7ar a silhueta com um toque de sensualidade e estilo<\/p>\n","protected":false},"excerpt":{"rendered":"<p>https:\/\/store.dreamlove.es\/productos\/imagenes\/img_185323_69aa2a8c02f5b1aee39fa1ee3a145cc3_1.jpg|https:\/\/store.dreamlove.es\/productos\/imagenes\/img_185322_4f448b2800161ba09bc170a51df6761c_1.jpg|https:\/\/store.dreamlove.es\/productos\/imagenes\/img_185321_4fd4700c4a31d4eea8ec124c59b020b8_1.jpg|https:\/\/store.dreamlove.es\/productos\/imagenes\/img_185319_f48cb57aa88f20448845482baf3eb5e7_1.jpg|https:\/\/store.dreamlove.es\/productos\/imagenes\/img_185320_c80c77b27642e3fe2f58f2bd06979588_1.jpg|https:\/\/store.dreamlove.es\/productos\/imagenes\/img_185325_7628063d6881777dbec7416e1283a66f_1.jpg|https:\/\/store.dreamlove.es\/productos\/imagenes\/img_185324_80c7f8e8a78c3e0f2e87240616837fd1_1.jpg<\/p>\n","protected":false},"featured_media":18733,"comment_status":"open","ping_status":"closed","template":"","meta":{"site-sidebar-layout":"default","site-content-layout":"","ast-site-content-layout":"","site-content-style":"default","site-sidebar-style":"default","ast-global-header-display":"","ast-banner-title-visibility":"","ast-main-header-display":"","ast-hfb-above-header-display":"","ast-hfb-below-header-display":"","ast-hfb-mobile-header-display":"","site-post-title":"","ast-breadcrumbs-content":"","ast-featured-img":"","footer-sml-layout":"","theme-transparent-header-meta":"","adv-header-id-meta":"","stick-header-meta":"","header-above-stick-meta":"","header-main-stick-meta":"","header-below-stick-meta":"","astra-migrate-meta-layouts":"default","ast-page-background-enabled":"default","ast-page-background-meta":{"desktop":{"background-color":"var(--ast-global-color-5)","background-image":"","background-repeat":"repeat","background-position":"center center","background-size":"auto","background-attachment":"scroll","background-type":"","background-media":"","overlay-type":"","overlay-color":"","overlay-opacity":"","overlay-gradient":""},"tablet":{"background-color":"","background-image":"","background-repeat":"repeat","background-position":"center center","background-size":"auto","background-attachment":"scroll","background-type":"","background-media":"","overlay-type":"","overlay-color":"","overlay-opacity":"","overlay-gradient":""},"mobile":{"background-color":"","background-image":"","background-repeat":"repeat","background-position":"center center","background-size":"auto","background-attachment":"scroll","background-type":"","background-media":"","overlay-type":"","overlay-color":"","overlay-opacity":"","overlay-gradient":""}},"ast-content-background-meta":{"desktop":{"background-color":"var(--ast-global-color-4)","background-image":"","background-repeat":"repeat","background-position":"center center","background-size":"auto","background-attachment":"scroll","background-type":"","background-media":"","overlay-type":"","overlay-color":"","overlay-opacity":"","overlay-gradient":""},"tablet":{"background-color":"var(--ast-global-color-4)","background-image":"","background-repeat":"repeat","background-position":"center center","background-size":"auto","background-attachment":"scroll","background-type":"","background-media":"","overlay-type":"","overlay-color":"","overlay-opacity":"","overlay-gradient":""},"mobile":{"background-color":"var(--ast-global-color-4)","background-image":"","background-repeat":"repeat","background-position":"center center","background-size":"auto","background-attachment":"scroll","background-type":"","background-media":"","overlay-type":"","overlay-color":"","overlay-opacity":"","overlay-gradient":""}}},"product_brand":[162],"product_cat":[370,348],"product_tag":[],"class_list":{"0":"post-18734","1":"product","2":"type-product","3":"status-publish","4":"has-post-thumbnail","6":"product_brand-subblime-dresses","7":"product_cat-lingerie-feminina","8":"product_cat-moda-e-lingerie","9":"desktop-align-left","10":"tablet-align-left","11":"mobile-align-left","13":"first","14":"instock","15":"shipping-taxable","16":"purchasable","17":"product-type-simple"},"_links":{"self":[{"href":"https:\/\/intimusdream.com\/index.php\/wp-json\/wp\/v2\/product\/18734","targetHints":{"allow":["GET"]}}],"collection":[{"href":"https:\/\/intimusdream.com\/index.php\/wp-json\/wp\/v2\/product"}],"about":[{"href":"https:\/\/intimusdream.com\/index.php\/wp-json\/wp\/v2\/types\/product"}],"replies":[{"embeddable":true,"href":"https:\/\/intimusdream.com\/index.php\/wp-json\/wp\/v2\/comments?post=18734"}],"wp:featuredmedia":[{"embeddable":true,"href":"https:\/\/intimusdream.com\/index.php\/wp-json\/wp\/v2\/media\/18733"}],"wp:attachment":[{"href":"https:\/\/intimusdream.com\/index.php\/wp-json\/wp\/v2\/media?parent=18734"}],"wp:term":[{"taxonomy":"product_brand","embeddable":true,"href":"https:\/\/intimusdream.com\/index.php\/wp-json\/wp\/v2\/product_brand?post=18734"},{"taxonomy":"product_cat","embeddable":true,"href":"https:\/\/intimusdream.com\/index.php\/wp-json\/wp\/v2\/product_cat?post=18734"},{"taxonomy":"product_tag","embeddable":true,"href":"https:\/\/intimusdream.com\/index.php\/wp-json\/wp\/v2\/product_tag?post=18734"}],"curies":[{"name":"wp","href":"https:\/\/api.w.org\/{rel}","templated":true}]}}