{"id":19378,"date":"2025-07-15T20:12:51","date_gmt":"2025-07-15T20:12:51","guid":{"rendered":"https:\/\/intimusdream.com\/index.php\/produto\/subblime-teddy-opaco-e-baixo-corte-manga-longa\/"},"modified":"2026-01-09T15:16:48","modified_gmt":"2026-01-09T15:16:48","slug":"subblime-teddy-opaco-e-baixo-corte-manga-longa","status":"publish","type":"product","link":"https:\/\/intimusdream.com\/index.php\/produto\/subblime-teddy-opaco-e-baixo-corte-manga-longa\/","title":{"rendered":"SUBBLIME &#8211; TEDDY OPACO E BAIXO CORTE MANGA LONGA"},"content":{"rendered":"<p>O termo Sublime \u00e9 usado para se referir a uma beleza extrema, a algo que vai al\u00e9m da racionalidade do espectador. \u00c9 por isso que \u00e9 usado em sentido figurado em pessoas e coisas que se destacam do conjunto em termos de excel\u00eancia, superioridade, beleza e perfei\u00e7\u00e3o.<\/p>\n<p>Subblime \u00e9 uma marca de lingerie criada nos EUA e criada para mulheres que querem se sentir extremamente sexy e irresist\u00edveis com materiais de alta qualidade e conforto<\/p>\n<ul>\n<li>Ursinho muito sensual<\/li>\n<li>Opaco<\/li>\n<li>Corte baixo<\/li>\n<li>Mangas compridas<\/li>\n<li>Cor preta<\/li>\n<li>Design exclusivo<\/li>\n<li>Apresenta\u00e7\u00e3o em bela caixa<\/li>\n<li>Tamanho: S \/ M<\/li>\n<\/ul>\n<p>Eleg\u00e2ncia e sedu\u00e7\u00e3o elevadas ao seu m\u00e1ximo expoente, simplesmente &#8230; Sublime!<\/p>\n<p>&nbsp;<\/p>\n<table border=\"1\" width=\"930\" cellspacing=\"0\" cellpadding=\"0\">\n<tbody>\n<tr style=\"border: 1px solid black;\">\n<td class=\"xl72\" style=\"text-align: center; border: 1px solid black;\" colspan=\"8\" width=\"832\" height=\"23\"><b>TABELA DE TAMANHOS &#8211;\u00a0<\/b><b style=\"text-align: center;\">SUBBLIME<\/b><\/td>\n<\/tr>\n<tr style=\"border: 1px solid black;\">\n<td class=\"xl73\" style=\"text-align: center; border: 1px solid black;\" colspan=\"2\" height=\"23\"><b>TAMANHOS<\/b><\/td>\n<td class=\"xl71\" style=\"text-align: center; border: 1px solid black;\" width=\"104\"><strong>EU<\/strong><\/td>\n<td class=\"xl71\" style=\"text-align: center; border: 1px solid black;\" width=\"104\"><strong>USA<\/strong><\/td>\n<td class=\"xl71\" style=\"text-align: center; border: 1px solid black;\" width=\"104\"><strong>UK\/AU\/NZ<\/strong><\/td>\n<td class=\"xl71\" style=\"text-align: center; border: 1px solid black;\" width=\"104\"><strong>ITALY<\/strong><\/td>\n<td class=\"xl71\" style=\"text-align: center; border: 1px solid black;\" width=\"104\"><strong>FRANCE<\/strong><\/td>\n<td class=\"xl71\" style=\"text-align: center; border: 1px solid black;\" width=\"104\"><strong>RUSSIA<\/strong><\/td>\n<\/tr>\n<tr>\n<td class=\"xl74\" style=\"text-align: center; border: 1px solid black;\" colspan=\"2\" width=\"208\" height=\"23\"><strong>S\/M<\/strong><\/td>\n<td class=\"xl72\" style=\"text-align: center; border: 1px solid black;\" width=\"104\">34-38<\/td>\n<td class=\"xl72\" style=\"text-align: center; border: 1px solid black;\" width=\"104\">2-8<\/td>\n<td class=\"xl71\" style=\"text-align: center; border: 1px solid black;\" width=\"104\">6-10<\/td>\n<td class=\"xl71\" style=\"text-align: center; border: 1px solid black;\" width=\"104\">38-44<\/td>\n<td class=\"xl71\" style=\"text-align: center; border: 1px solid black;\" width=\"104\">36-38<\/td>\n<td class=\"xl71\" style=\"text-align: center; border: 1px solid black;\" width=\"104\">40-46<\/td>\n<\/tr>\n<tr>\n<td class=\"xl74\" style=\"text-align: center; border: 1px solid black;\" colspan=\"2\" width=\"208\" height=\"23\"><strong>L\/XL<\/strong><\/td>\n<td class=\"xl72\" style=\"text-align: center; border: 1px solid black;\" width=\"104\">40-42<\/td>\n<td class=\"xl72\" style=\"text-align: center; border: 1px solid black;\" width=\"104\">10-12<\/td>\n<td class=\"xl71\" style=\"text-align: center; border: 1px solid black;\" width=\"104\">12-14<\/td>\n<td class=\"xl71\" style=\"text-align: center; border: 1px solid black;\" width=\"104\">46-48<\/td>\n<td class=\"xl71\" style=\"text-align: center; border: 1px solid black;\" width=\"104\">40-42<\/td>\n<td class=\"xl71\" style=\"text-align: center; border: 1px solid black;\" width=\"104\">48-50<\/td>\n<\/tr>\n<tr>\n<td class=\"xl74\" style=\"text-align: center; border: 1px solid black;\" colspan=\"2\" width=\"208\" height=\"23\"><b>TAMANHO GRANDE<\/b><\/td>\n<td class=\"xl72\" style=\"text-align: center; border: 1px solid black;\" width=\"104\">44<\/td>\n<td class=\"xl72\" style=\"text-align: center; border: 1px solid black;\" width=\"104\">14<\/td>\n<td class=\"xl71\" style=\"text-align: center; border: 1px solid black;\" width=\"104\">16<\/td>\n<td class=\"xl71\" style=\"text-align: center; border: 1px solid black;\" width=\"104\">50<\/td>\n<td class=\"xl71\" style=\"text-align: center; border: 1px solid black;\" width=\"104\">44<\/td>\n<td class=\"xl71\" style=\"text-align: center; border: 1px solid black;\" width=\"104\">52<\/td>\n<\/tr>\n<\/tbody>\n<\/table>\n<p>&nbsp;<\/p>\n<p>&nbsp;<\/p>\n<p>&nbsp;<\/p>\n","protected":false},"excerpt":{"rendered":"<p>https:\/\/store.dreamlove.es\/productos\/imagenes\/img_76436_3f00f6daa1828f63d5f012316a857717_1.jpg|https:\/\/store.dreamlove.es\/productos\/imagenes\/img_76438_467a1a8081b2320b22f18eb202a9a907_1.jpg|https:\/\/store.dreamlove.es\/productos\/imagenes\/img_76437_2c0949934c5abd780e1f8b9f8c6ffd06_1.jpg|https:\/\/store.dreamlove.es\/productos\/imagenes\/img_76439_b1f643a552c7ad0918ac449eef0ade02_1.png|https:\/\/store.dreamlove.es\/productos\/imagenes\/img_76440_d83d26cbdfc96b81fb74edcd1d9ab401_1.png<\/p>\n","protected":false},"featured_media":19377,"comment_status":"open","ping_status":"closed","template":"","meta":{"site-sidebar-layout":"default","site-content-layout":"","ast-site-content-layout":"default","site-content-style":"default","site-sidebar-style":"default","ast-global-header-display":"","ast-banner-title-visibility":"","ast-main-header-display":"","ast-hfb-above-header-display":"","ast-hfb-below-header-display":"","ast-hfb-mobile-header-display":"","site-post-title":"","ast-breadcrumbs-content":"","ast-featured-img":"","footer-sml-layout":"","theme-transparent-header-meta":"default","adv-header-id-meta":"","stick-header-meta":"","header-above-stick-meta":"","header-main-stick-meta":"","header-below-stick-meta":"","astra-migrate-meta-layouts":"set","ast-page-background-enabled":"default","ast-page-background-meta":{"desktop":{"background-color":"var(--ast-global-color-5)","background-image":"","background-repeat":"repeat","background-position":"center center","background-size":"auto","background-attachment":"scroll","background-type":"","background-media":"","overlay-type":"","overlay-color":"","overlay-opacity":"","overlay-gradient":""},"tablet":{"background-color":"","background-image":"","background-repeat":"repeat","background-position":"center center","background-size":"auto","background-attachment":"scroll","background-type":"","background-media":"","overlay-type":"","overlay-color":"","overlay-opacity":"","overlay-gradient":""},"mobile":{"background-color":"","background-image":"","background-repeat":"repeat","background-position":"center center","background-size":"auto","background-attachment":"scroll","background-type":"","background-media":"","overlay-type":"","overlay-color":"","overlay-opacity":"","overlay-gradient":""}},"ast-content-background-meta":{"desktop":{"background-color":"var(--ast-global-color-4)","background-image":"","background-repeat":"repeat","background-position":"center center","background-size":"auto","background-attachment":"scroll","background-type":"","background-media":"","overlay-type":"","overlay-color":"","overlay-opacity":"","overlay-gradient":""},"tablet":{"background-color":"var(--ast-global-color-4)","background-image":"","background-repeat":"repeat","background-position":"center center","background-size":"auto","background-attachment":"scroll","background-type":"","background-media":"","overlay-type":"","overlay-color":"","overlay-opacity":"","overlay-gradient":""},"mobile":{"background-color":"var(--ast-global-color-4)","background-image":"","background-repeat":"repeat","background-position":"center center","background-size":"auto","background-attachment":"scroll","background-type":"","background-media":"","overlay-type":"","overlay-color":"","overlay-opacity":"","overlay-gradient":""}}},"product_brand":[163],"product_cat":[370,348],"product_tag":[],"class_list":{"0":"post-19378","1":"product","2":"type-product","3":"status-publish","4":"has-post-thumbnail","6":"product_brand-subblime-bodies","7":"product_cat-lingerie-feminina","8":"product_cat-moda-e-lingerie","9":"desktop-align-left","10":"tablet-align-left","11":"mobile-align-left","13":"first","14":"outofstock","15":"shipping-taxable","16":"purchasable","17":"product-type-simple"},"_links":{"self":[{"href":"https:\/\/intimusdream.com\/index.php\/wp-json\/wp\/v2\/product\/19378","targetHints":{"allow":["GET"]}}],"collection":[{"href":"https:\/\/intimusdream.com\/index.php\/wp-json\/wp\/v2\/product"}],"about":[{"href":"https:\/\/intimusdream.com\/index.php\/wp-json\/wp\/v2\/types\/product"}],"replies":[{"embeddable":true,"href":"https:\/\/intimusdream.com\/index.php\/wp-json\/wp\/v2\/comments?post=19378"}],"wp:featuredmedia":[{"embeddable":true,"href":"https:\/\/intimusdream.com\/index.php\/wp-json\/wp\/v2\/media\/19377"}],"wp:attachment":[{"href":"https:\/\/intimusdream.com\/index.php\/wp-json\/wp\/v2\/media?parent=19378"}],"wp:term":[{"taxonomy":"product_brand","embeddable":true,"href":"https:\/\/intimusdream.com\/index.php\/wp-json\/wp\/v2\/product_brand?post=19378"},{"taxonomy":"product_cat","embeddable":true,"href":"https:\/\/intimusdream.com\/index.php\/wp-json\/wp\/v2\/product_cat?post=19378"},{"taxonomy":"product_tag","embeddable":true,"href":"https:\/\/intimusdream.com\/index.php\/wp-json\/wp\/v2\/product_tag?post=19378"}],"curies":[{"name":"wp","href":"https:\/\/api.w.org\/{rel}","templated":true}]}}